{"id":13060,"date":"2022-05-13T09:34:18","date_gmt":"2022-05-13T09:34:18","guid":{"rendered":"https:\/\/sarvar.conedevel.com\/?page_id=13060"},"modified":"2022-05-13T09:34:19","modified_gmt":"2022-05-13T09:34:19","slug":"zamek-nadasdy","status":"publish","type":"page","link":"https:\/\/sarvar.conedevel.com\/pl\/aktywnosc\/zamek-nadasdy\/","title":{"rendered":"Zamek N\u00e1dasdy"},"content":{"rendered":"\n<p>Podczas pobytu w S\u00e1rv\u00e1r koniecznie obejrzyj zamek Nadasdy (zewn\u0105trz i wewn\u0105trz)<\/p>\n\n\n\r\n<section id=\"information-block_608e9d613baee\" class=\"information-block\">\r\n    <span id=\"godziny-otwarcia-i-dostepnosc-muzeum-ferenca-nadasdy\" class=\"information-block__anchor\"><\/span>\r\n    <div class=\"information-block__inner\">\r\n        <h2 class=\"information-block__title\" id=\"title-information-block_608e9d613baee\" data-id=\"godziny-otwarcia-i-dostepnosc-muzeum-ferenca-nadasdy\">Godziny otwarcia i dost\u0119pno\u015b\u0107 Muzeum Ferenca Nadasdy<\/h2>\r\n\r\n        <div class=\"information-block__content\">\r\n            <p>Sierpie\u0144 &#8211; Czerwiec<\/p>\n<ul>\n<li>\u00a0Wtorek \u2013 niedziela: 09:00 \u2013 17:00<\/li>\n<li>Poniedzia\u0142ek: zamkni\u0119te<\/li>\n<\/ul>\n<p>Lipiec-Sierpie\u0144<\/p>\n<ul>\n<li>Wtorek \u2013 niedziela: 09:00 \u2013 17:00<\/li>\n<li>Poniedzia\u0142ek: zamkni\u0119te<\/li>\n<\/ul>\n<p>Dost\u0119pno\u015b\u0107:<\/p>\n<ul>\n<li>Adres: 9600 S\u00e1rv\u00e1r, V\u00e1rker\u00fclet 1. (Zamek Nadasdy)<\/li>\n<li>Telefon:\u00a006 95\/320-158<\/li>\n<li>E-mail:\u00a0info@nadasdymuzeum.hu<\/li>\n<li>Web:\u00a0<a href=\"http:\/\/www.nadasdymuzeum.hu\/\">www.nadasdymuzeum.hu<\/a><\/li>\n<\/ul>\n        <\/div>\r\n    <\/div>\r\n    <\/section>\r\n\n\n\n<h2 class=\"wp-block-heading\"><strong>N\u00e1dasdy \u2013 v\u00e1r<\/strong><\/h2>\n\n\n\n<p>Zamek nada\u0142 nazw\u0119 miejscowo\u015bci. Pierwsza wzmianka o zamku S\u00e1rv\u00e1r pojawi\u0142a si\u0119 w dokumencie z 1288 roku. Jego nazwa wskazuje, \u017ce pierwotnie m\u00f3g\u0142 by\u0107 to zamek ziemny otoczony bagnami.<\/p>\n\n\n\n<p>W okresie anarchii feudalnej &#8211; w latach 1288-1327 &#8211; by\u0142 w\u0142asno\u015bci\u0105 rodziny K\u0151szegi Zosta\u0142 odzyskany w 1327 r. przez s\u0119dziego dworskiego S\u00e1ndora K\u00f6cski dla kr\u00f3la Karola Roberta. Do 1390 r. twierdza pozostawa\u0142a w\u0142asno\u015bci\u0105 kr\u00f3la. W 1390 r. Zsigmond z Luksemburga podarowa\u0142 go J\u00e1nosowi Kanizsai, arcybiskupowi Esztergomu i jego rodze\u0144stwu, a rodzina posiada\u0142a go z niewielkimi przerwami do 1534 r.<\/p>\n\n\n\n<figure class=\"wp-block-gallery alignwide columns-2 is-cropped wp-block-gallery-1 is-layout-flex wp-block-gallery-is-layout-flex\"><ul class=\"blocks-gallery-grid\"><li class=\"blocks-gallery-item\"><figure><a href=\"http:\/\/sarvar.conedevel.com\/wp-content\/uploads\/2019\/11\/D\u00edszterem-S\u00e1rv\u00e1r-wellness-h\u00e9tv\u00e9ge-nyaral\u00e1s-682x1024.jpg\"><img loading=\"lazy\" decoding=\"async\" width=\"682\" height=\"1024\" src=\"http:\/\/sarvar.conedevel.com\/wp-content\/uploads\/2019\/11\/D\u00edszterem-S\u00e1rv\u00e1r-wellness-h\u00e9tv\u00e9ge-nyaral\u00e1s-682x1024.jpg\" alt=\"\" data-id=\"5427\" data-link=\"http:\/\/sarvar.conedevel.com\/aktivitas\/nadasdy-ferenc-muzeum\/diszterem-sarvar-wellness-hetvege-nyaralas\/\" class=\"wp-image-5427\" srcset=\"https:\/\/sarvar.conedevel.com\/wp-content\/uploads\/2019\/11\/D\u00edszterem-S\u00e1rv\u00e1r-wellness-h\u00e9tv\u00e9ge-nyaral\u00e1s-682x1024.jpg 682w, https:\/\/sarvar.conedevel.com\/wp-content\/uploads\/2019\/11\/D\u00edszterem-S\u00e1rv\u00e1r-wellness-h\u00e9tv\u00e9ge-nyaral\u00e1s-200x300.jpg 200w, https:\/\/sarvar.conedevel.com\/wp-content\/uploads\/2019\/11\/D\u00edszterem-S\u00e1rv\u00e1r-wellness-h\u00e9tv\u00e9ge-nyaral\u00e1s-768x1152.jpg 768w, https:\/\/sarvar.conedevel.com\/wp-content\/uploads\/2019\/11\/D\u00edszterem-S\u00e1rv\u00e1r-wellness-h\u00e9tv\u00e9ge-nyaral\u00e1s-1024x1536.jpg 1024w, https:\/\/sarvar.conedevel.com\/wp-content\/uploads\/2019\/11\/D\u00edszterem-S\u00e1rv\u00e1r-wellness-h\u00e9tv\u00e9ge-nyaral\u00e1s.jpg 1333w\" sizes=\"auto, (max-width: 682px) 100vw, 682px\" \/><\/a><\/figure><\/li><li class=\"blocks-gallery-item\"><figure><a href=\"http:\/\/sarvar.conedevel.com\/wp-content\/uploads\/2019\/11\/N\u00e1dasdy-Ferec-M\u00fazeum-S\u00e1rv\u00e1r-wellness-682x1024.jpg\"><img loading=\"lazy\" decoding=\"async\" width=\"682\" height=\"1024\" src=\"http:\/\/sarvar.conedevel.com\/wp-content\/uploads\/2019\/11\/N\u00e1dasdy-Ferec-M\u00fazeum-S\u00e1rv\u00e1r-wellness-682x1024.jpg\" alt=\"\" data-id=\"5423\" data-link=\"http:\/\/sarvar.conedevel.com\/aktivitas\/nadasdy-ferenc-muzeum\/nadasdy-ferec-muzeum-sarvar-wellness\/\" class=\"wp-image-5423\" srcset=\"https:\/\/sarvar.conedevel.com\/wp-content\/uploads\/2019\/11\/N\u00e1dasdy-Ferec-M\u00fazeum-S\u00e1rv\u00e1r-wellness-682x1024.jpg 682w, https:\/\/sarvar.conedevel.com\/wp-content\/uploads\/2019\/11\/N\u00e1dasdy-Ferec-M\u00fazeum-S\u00e1rv\u00e1r-wellness-200x300.jpg 200w, https:\/\/sarvar.conedevel.com\/wp-content\/uploads\/2019\/11\/N\u00e1dasdy-Ferec-M\u00fazeum-S\u00e1rv\u00e1r-wellness-768x1152.jpg 768w, https:\/\/sarvar.conedevel.com\/wp-content\/uploads\/2019\/11\/N\u00e1dasdy-Ferec-M\u00fazeum-S\u00e1rv\u00e1r-wellness-1024x1536.jpg 1024w, https:\/\/sarvar.conedevel.com\/wp-content\/uploads\/2019\/11\/N\u00e1dasdy-Ferec-M\u00fazeum-S\u00e1rv\u00e1r-wellness.jpg 1333w\" sizes=\"auto, (max-width: 682px) 100vw, 682px\" \/><\/a><\/figure><\/li><\/ul><\/figure>\n\n\n\n<p>Zamek N\u00e1dasdy, kt\u00f3ry z czasem sta\u0142 si\u0119 symbolem S\u00e1rv\u00e1r, jest prawie ca\u0142kowicie dost\u0119pny. Mo\u017cna poprosi\u0107 tak\u017ce o wycieczki z przewodnikiem po muzeum, dzi\u0119ki kt\u00f3rym zwiedzanie zamku stanie si\u0119 przyjemn\u0105 prawdziw\u0105 podr\u00f3\u017c\u0105 w czasie.<\/p>\n\n\n\n<p>W XIII-XV wieku na terenie zamku powsta\u0142o kilka budynk\u00f3w. W po\u0142udniowo-zachodnim naro\u017cniku obecnego budynku pa\u0142acowego pod koniec XIII wieku wybudowano trzykondygnacyjn\u0105 wie\u017c\u0119, do kt\u00f3rej przylega\u0142 kamienny mur zamkowy. Wie\u017ca zosta\u0142a p\u00f3\u017aniej rozbudowana o dwie trzykondygnacyjne cz\u0119\u015bci budynku i ozdobne pomieszczenia. Z tego okresu pochodzi r\u00f3wnie\u017c znaczna cz\u0119\u015b\u0107 skrzyd\u0142a p\u00f3\u0142nocnego &#8211; A &#8211; i skrzyd\u0142a zachodniego &#8211; B -, po\u0142\u0105czonymi niewielk\u0105 przysadzist\u0105 wie\u017c\u0105. Na dziedzi\u0144cu budynku gospodarczego odkopano pozosta\u0142o\u015bci \u015bredniowiecznego budynku. Jak podaj\u0105 \u017ar\u00f3d\u0142a pisane, na pocz\u0105tku XVI wieku zamek by\u0142 jeszcze w fazie powa\u017cnej budowy, o czym wspominaj\u0105 pozosta\u0142o\u015bci w formie budek z siedziskami, widoczne do dzi\u015b po obu stronach dolnej cz\u0119\u015bci wie\u017cy z bram\u0105.<\/p>\n\n\n\n<figure class=\"wp-block-image alignwide\"><img loading=\"lazy\" decoding=\"async\" width=\"1024\" height=\"682\" src=\"http:\/\/sarvar.conedevel.com\/wp-content\/uploads\/2019\/11\/Husz\u00e1rki\u00e1ll\u00edt\u00e1s-wellness-nyaral\u00e1s-1024x682.jpg\" alt=\"\" class=\"wp-image-5432\" srcset=\"https:\/\/sarvar.conedevel.com\/wp-content\/uploads\/2019\/11\/Husz\u00e1rki\u00e1ll\u00edt\u00e1s-wellness-nyaral\u00e1s-1024x682.jpg 1024w, https:\/\/sarvar.conedevel.com\/wp-content\/uploads\/2019\/11\/Husz\u00e1rki\u00e1ll\u00edt\u00e1s-wellness-nyaral\u00e1s-300x200.jpg 300w, https:\/\/sarvar.conedevel.com\/wp-content\/uploads\/2019\/11\/Husz\u00e1rki\u00e1ll\u00edt\u00e1s-wellness-nyaral\u00e1s-768x512.jpg 768w, https:\/\/sarvar.conedevel.com\/wp-content\/uploads\/2019\/11\/Husz\u00e1rki\u00e1ll\u00edt\u00e1s-wellness-nyaral\u00e1s-1536x1024.jpg 1536w, https:\/\/sarvar.conedevel.com\/wp-content\/uploads\/2019\/11\/Husz\u00e1rki\u00e1ll\u00edt\u00e1s-wellness-nyaral\u00e1s-1400x933.jpg 1400w, https:\/\/sarvar.conedevel.com\/wp-content\/uploads\/2019\/11\/Husz\u00e1rki\u00e1ll\u00edt\u00e1s-wellness-nyaral\u00e1s-700x465.jpg 700w, https:\/\/sarvar.conedevel.com\/wp-content\/uploads\/2019\/11\/Husz\u00e1rki\u00e1ll\u00edt\u00e1s-wellness-nyaral\u00e1s.jpg 2000w\" sizes=\"auto, (max-width: 1024px) 100vw, 1024px\" \/><\/figure>\n\n\n\n<p>Eksponaty w muzeum umo\u017cliwiaj\u0105 poznanie \u017cycia w XVI wieku, a jeden z najpopularniejszych festiwali w S\u00e1rv\u00e1r r\u00f3wnie\u017c pozwala przenie\u015b\u0107 si\u0119 do epoki tureckiej. Jest to Festiwal Historyczny N\u00e1dasdy, podczas kt\u00f3rego stra\u017cnicy tradycji w strojach wiernych epoce zapoznaj\u0105 zwiedzaj\u0105cych z \u017cyciem \u00f3wczesnego zamku.<\/p>\n\n\n\n<p>Dzi\u0119ki ma\u0142\u017ce\u0144stwu Tam\u00e1sa N\u00e1dasdy&#8217;ego z Orsoly\u0105 Kanizsai w 1534 r. rodzina N\u00e1dasdy odziedziczy\u0142a ogromny maj\u0105tek Kanizsai. Za czas\u00f3w Tam\u00e1sa N\u00e1dasdy&#8217;ego zamek zosta\u0142 odnowiony w duchu renesansu. Do po\u0142udniowo-zachodniego kompleksu budynk\u00f3w dobudowano trzykondygnacyjne skrzyd\u0142o (skrzyd\u0142o D). Dla budynku wyrze\u017abiono r\u00f3wnie\u017c renesansowe okna z kamiennymi obramowaniami, z kt\u00f3rych jedn\u0105 z pozosta\u0142o\u015bci mo\u017cna ujrze\u0107 nad wej\u015bciem do biblioteki. Skrzyd\u0142o wschodnie &#8211; B &#8211; zosta\u0142o uko\u0144czone w latach 1554-55, wraz z powi\u0119kszeniem \u015bredniowiecznej budowli. Po obu stronach wzniesiono cz\u0119\u015b\u0107 budynku wy\u0142aniaj\u0105c\u0105 si\u0119 z fasady, kt\u00f3rej drzwi w kamiennym obramowaniu do dzi\u015b s\u0142u\u017c\u0105, jako jedno z wej\u015b\u0107 do tego skrzyd\u0142a. Na parterze ci\u0105gn\u0119\u0142y si\u0119 renesansowe arkady z otwartym, sklepionym korytarzem. Na pi\u0119trze utworzono otwarty korytarz z drewnianym sufitem wspartym na drewnianych kolumnach. W 1560 r. wie\u017ca z bram\u0105 otrzyma\u0142a pi\u0119kne renesansowe wrota. Ze wzgl\u0119du na wzmo\u017cone ataki tureckie za panowania Tam\u00e1sa N\u00e1dasdy&#8217;ego fortyfikacje by\u0142y wzmacniane r\u00f3wnolegle z budow\u0105 pa\u0142acu, pocz\u0105wszy od 1551 r. S\u00e1rv\u00e1r stanowi\u0142 cz\u0119\u015b\u0107 czwartej linii obrony opartej na rzece Raba. Widoczny do dzi\u015b bastionowy pas bezpiecze\u0144stwa w stylu staro w\u0142oskim zosta\u0142 zbudowany przez Ferenca N\u00e1dasdy&#8217;ego i P\u00e1la N\u00e1dasdy&#8217;ego w latach 1588-1615.<\/p>\n\n\n\n<p>Ostatni, zakrojony na szerok\u0105 skal\u0119 etap budowy zamku wi\u0105\u017ce si\u0119 z nazwiskiem wybrednego w budownictwie s\u0119dziego dworskiego Ferenca N\u00e1dasdy. Prace rozpocz\u0119to prawdopodobnie w 1644 r. od rozbudowy skrzyd\u0142a p\u00f3\u0142nocnego &#8211; A, co mo\u017ce by\u0107 zwi\u0105zane z ma\u0142\u017ce\u0144stwem wielkiego pana z Ann\u0105 Juli\u0105 Eszterh\u00e1zy. Wie\u017c\u0119 z bram\u0105 po\u0142\u0105czono z budynkiem pa\u0142acowym poprzez wstawienie wypuk\u0142ego sklepionego wej\u015bcia, kt\u00f3ry s\u0142u\u017cy do dzi\u015b, a nad nim zbudowano ze sklepieniem w kszta\u0142cie pancerza \u017c\u00f3\u0142wia sal\u0119 ceremonialn\u0105, kt\u00f3ra jest jednym z najpi\u0119kniejszych wn\u0119trz w\u0119gierskiej sztuki barokowej. Freski na suficie zosta\u0142y namalowane przez Hansa Rudolfa Millera w 1653 roku Obrazy przedstawiaj\u0105 bitwy z Turkami w czasie wojny pi\u0119tnastoletniej (1591-1606). Tymi freskami s\u0119dzia dworski chcia\u0142 uczci\u0107 pami\u0119\u0107 swojego dziadka, Ferenca N\u00e1dasdy&#8217;ego, w duchu szlachetnej czci dla niego. Sztukateria w sali ceremonialnej zosta\u0142a wykonana przez Andre\u0119 Bertinallego. Trzypi\u0119trowy po\u0142udniowo-zachodni budynek (skrzyd\u0142o D) pa\u0142acu, pochodz\u0105cy z \u015bredniowiecza i zbudowany przez Tam\u00e1sa N\u00e1dasdy&#8217;ego, zosta\u0142 rozebrany do postaci dwukondygnacyjnego budynku. Zlikwidowano nisze na dziedzi\u0144cu W ten spos\u00f3b powsta\u0142a g\u0142\u00f3wna cz\u0119\u015b\u0107 zamku-pa\u0142acu z zamkni\u0119tym dziedzi\u0144cem i jednolit\u0105 fasad\u0105, kt\u00f3r\u0105 mo\u017cna podziwia\u0107 do dzi\u015b. Budow\u0119 kaplicy Naj\u015bwi\u0119tszej Marii Panny rozpocz\u0119to na styku skrzyd\u0142a wschodniego i po\u0142udniowego (skrzyd\u0142a B i C). Kolekcja sztuki rodziny N\u00e1dasdy, znaczna nawet w skali europejskiej, przechowywana jest r\u00f3wnie\u017c w Muzeum w zamku S\u00e1rv\u00e1r.<\/p>\n\n\n\n<p>Ferenc N\u00e1dasdy zosta\u0142 stracony w 1671 r. za udzia\u0142 w spisku Wessel\u00e9nyiego. W 1677 r. cesarz Leon I podarowa\u0142 ca\u0142kowicie spl\u0105drowany zamek Mikl\u00f3sowi Draskovichowi i jego \u017conie Krisztinie N\u00e1dasdy. Po raz ostatni odegra\u0142 on rol\u0119 w dzia\u0142aniach wojennych podczas wojny Rakoczego o niepodleg\u0142o\u015b\u0107. S\u00e1rv\u00e1r nigdy nie znalaz\u0142 si\u0119 na li\u015bcie zamk\u00f3w przeznaczonych do zniszczenia. Nawet p\u00f3\u017aniej mury i bastiony nie zosta\u0142y zburzone. Za czas\u00f3w rodziny Draskovich stan zamku znacznie si\u0119 pogorszy\u0142. Jego ratowanie przed zniszczeniem rozpocz\u0119\u0142o si\u0119 w po\u0142owie XVIII wieku. Freski w sali wie\u017cowej o tematyce mitologicznej zosta\u0142y namalowane prawdopodobnie za czas\u00f3w ziemianina genera\u0142a Gy\u00f6rgy Szluhy. W 1769 r. na zlecenie \u00c1d\u00e1ma Szily Istv\u00e1n Dorffmaister namalowa\u0142 w stylu barokowym freski ze Starego Testamentu na bocznych \u015bcianach sali bankietowej. Malowid\u0142a \u015bcienne w salach na pi\u0119trze skrzyd\u0142a p\u00f3\u0142nocnego A powsta\u0142y prawdopodobnie oko\u0142o 1770 roku.<\/p>\n\n\n\n<p>W 1803 r. zamek i posiad\u0142o\u015b\u0107 kupi\u0142a rodzina Habsburg\u00f3w &#8211; Estei. Z nazwiskiem arcyksi\u0119cia Ferdynanda Habsburga i jego syna Franciszka IV w\u0142adcy Modeny wi\u0105\u017ce si\u0119 odrestaurowanie budynk\u00f3w, zamurowanie renesansowych arkad, budowa ceglanego mostu, prowadz\u0105cego do zamku oraz zasypanie fosy ziemi\u0105 z mur\u00f3w zamkowych. Elewacja dziedzi\u0144ca budynku pa\u0142acu uzyska\u0142a jednolity wygl\u0105d. W 1813 r. na dziedzi\u0144cu umieszczono tablic\u0119 pami\u0105tkow\u0105, upami\u0119tniaj\u0105c\u0105 renowacj\u0119.<\/p>\n\n\n\n<p>W\u0142a\u015bcicielami zamku od 1875 r. byli Ludwik III, ostatni kr\u00f3l Bawarii i jego ma\u0142\u017conka, arcyksi\u0119\u017cna Estei Maria Teresa Dorottya. Zamek by\u0142 w\u00f3wczas centrum posiad\u0142o\u015bci o powierzchni 15 500 hold\u00f3w (1 hold= 0,5755 hektara), sk\u0142adaj\u0105cej si\u0119 z 18 gospodarstw, w kt\u00f3rych stosowano nowoczesn\u0105 gospodark\u0119 energetyczn\u0105 i gdzie znajdowa\u0142a si\u0119 s\u0142ynna stadnina koni. \u015awiadcz\u0105 o tym r\u00f3wnie\u017c zabudowania gospodarcze zamku. Ludwik III by\u0142 ostatnim kr\u00f3lem bawarskim, zmar\u0142 w zamku w 1921 roku. Bawarska rodzina ksi\u0105\u017c\u0119ca pozosta\u0142a w\u0142a\u015bcicielem zamku do 1945 r.<\/p>\n\n\n\n<p>W muzeum zwiedzaj\u0105cy go mog\u0105 pozna\u0107 r\u00f3wnie\u017c histori\u0119 husarzy N\u00e1dasdy. Jak sformu\u0142owano to na stronie nadasdymuzeum.hu: Muzeum N\u00e1dasdy Ferenc prezentuje na sta\u0142ej wystawie histori\u0119 husarii, typowo w\u0119gierskiej jednostki wojskowej, od pocz\u0105tku do ko\u0144ca II wojny \u015bwiatowej.<\/p>\n\n\n\n<p>Po II wojnie \u015bwiatowej zamek w N\u00e1dasdy przez kilka lat cierpia\u0142 niedostatek, ale po renowacji w latach 1960 -1970. sta\u0142 si\u0119 centrum \u017cycia kulturalnego miasta. Obecnie Muzeum Ferenca N\u00e1dasdy&#8217;ego znajduje si\u0119 obok Centrum Kultury i Biblioteki Zamku N\u00e1dasdy. W mie\u015bcie w\u0142a\u015bnie na zamku odbywaj\u0105 si\u0119 imprezy kulturalne. Rekonstrukcja staro w\u0142oskiego bastionu zosta\u0142a zrealizowana w latach 2005-2006.<\/p>\n\n\n\n<p>Zamek w N\u00e1dasdy jest otoczony pi\u0119knym pasem zieleni Parku Zamkowego, kt\u00f3ry powsta\u0142 w miejscu fosy. Za budow\u0119 parku w zachodniej cz\u0119\u015bci zabrali si\u0119 w\u0142adcy Modeny w latach 1810. We wschodniej i po\u0142udniowej cz\u0119\u015bci fosy s\u0119dzia miejski Vilmos E\u0151ry za\u0142o\u017cy\u0142 w 1931 r. park publiczny. Park Zamkowy jest chronionym obiektem przyrodniczym o znaczeniu lokalnym.<\/p>\n","protected":false},"excerpt":{"rendered":"<p>Podczas pobytu w S\u00e1rv\u00e1r koniecznie obejrzyj zamek Nadasdy (zewn\u0105trz i wewn\u0105trz) N\u00e1dasdy \u2013 v\u00e1r Zamek nada\u0142 nazw\u0119 miejscowo\u015bci. Pierwsza wzmianka o zamku S\u00e1rv\u00e1r pojawi\u0142a si\u0119 w dokumencie z 1288 roku. Jego nazwa wskazuje, \u017ce pierwotnie m\u00f3g\u0142 by\u0107 to zamek ziemny otoczony bagnami. W okresie anarchii feudalnej &#8211; w latach 1288-1327 &#8211; by\u0142 w\u0142asno\u015bci\u0105 rodziny K\u0151szegi [&hellip;]<\/p>\n","protected":false},"author":1,"featured_media":12147,"parent":12731,"menu_order":0,"comment_status":"closed","ping_status":"closed","template":"","meta":{"_acf_changed":false,"footnotes":""},"class_list":["post-13060","page","type-page","status-publish","has-post-thumbnail","hentry"],"acf":[],"yoast_head":"<!-- This site is optimized with the Yoast SEO plugin v25.4 - https:\/\/yoast.com\/wordpress\/plugins\/seo\/ -->\n<title>Zamek N\u00e1dasdy - S\u00e1rv\u00e1r<\/title>\n<meta name=\"robots\" content=\"noindex, follow, max-snippet:-1, max-image-preview:large, max-video-preview:-1\" \/>\n<meta property=\"og:locale\" content=\"pl_PL\" \/>\n<meta property=\"og:type\" content=\"article\" \/>\n<meta property=\"og:title\" content=\"Zamek N\u00e1dasdy - S\u00e1rv\u00e1r\" \/>\n<meta property=\"og:description\" content=\"Podczas pobytu w S\u00e1rv\u00e1r koniecznie obejrzyj zamek Nadasdy (zewn\u0105trz i wewn\u0105trz) N\u00e1dasdy \u2013 v\u00e1r Zamek nada\u0142 nazw\u0119 miejscowo\u015bci. Pierwsza wzmianka o zamku S\u00e1rv\u00e1r pojawi\u0142a si\u0119 w dokumencie z 1288 roku. Jego nazwa wskazuje, \u017ce pierwotnie m\u00f3g\u0142 by\u0107 to zamek ziemny otoczony bagnami. W okresie anarchii feudalnej &#8211; w latach 1288-1327 &#8211; by\u0142 w\u0142asno\u015bci\u0105 rodziny K\u0151szegi [&hellip;]\" \/>\n<meta property=\"og:url\" content=\"https:\/\/sarvar.conedevel.com\/pl\/aktywnosc\/zamek-nadasdy\/\" \/>\n<meta property=\"og:site_name\" content=\"S\u00e1rv\u00e1r\" \/>\n<meta property=\"article:publisher\" content=\"https:\/\/www.facebook.com\/tdmsarvar\" \/>\n<meta property=\"article:modified_time\" content=\"2022-05-13T09:34:19+00:00\" \/>\n<meta property=\"og:image\" content=\"https:\/\/sarvar.conedevel.com\/wp-content\/uploads\/2019\/11\/sarvar-muzeum-wellness.jpg\" \/>\n\t<meta property=\"og:image:width\" content=\"2000\" \/>\n\t<meta property=\"og:image:height\" content=\"1333\" \/>\n\t<meta property=\"og:image:type\" content=\"image\/jpeg\" \/>\n<meta name=\"twitter:card\" content=\"summary_large_image\" \/>\n<meta name=\"twitter:label1\" content=\"Szacowany czas czytania\" \/>\n\t<meta name=\"twitter:data1\" content=\"7 minut\" \/>\n<script type=\"application\/ld+json\" class=\"yoast-schema-graph\">{\"@context\":\"https:\/\/schema.org\",\"@graph\":[{\"@type\":\"WebPage\",\"@id\":\"https:\/\/sarvar.conedevel.com\/pl\/aktywnosc\/zamek-nadasdy\/\",\"url\":\"https:\/\/sarvar.conedevel.com\/pl\/aktywnosc\/zamek-nadasdy\/\",\"name\":\"Zamek N\u00e1dasdy - S\u00e1rv\u00e1r\",\"isPartOf\":{\"@id\":\"https:\/\/sarvar.conedevel.com\/#website\"},\"primaryImageOfPage\":{\"@id\":\"https:\/\/sarvar.conedevel.com\/pl\/aktywnosc\/zamek-nadasdy\/#primaryimage\"},\"image\":{\"@id\":\"https:\/\/sarvar.conedevel.com\/pl\/aktywnosc\/zamek-nadasdy\/#primaryimage\"},\"thumbnailUrl\":\"https:\/\/sarvar.conedevel.com\/wp-content\/uploads\/2019\/11\/sarvar-muzeum-wellness.jpg\",\"datePublished\":\"2022-05-13T09:34:18+00:00\",\"dateModified\":\"2022-05-13T09:34:19+00:00\",\"breadcrumb\":{\"@id\":\"https:\/\/sarvar.conedevel.com\/pl\/aktywnosc\/zamek-nadasdy\/#breadcrumb\"},\"inLanguage\":\"pl-PL\",\"potentialAction\":[{\"@type\":\"ReadAction\",\"target\":[\"https:\/\/sarvar.conedevel.com\/pl\/aktywnosc\/zamek-nadasdy\/\"]}]},{\"@type\":\"ImageObject\",\"inLanguage\":\"pl-PL\",\"@id\":\"https:\/\/sarvar.conedevel.com\/pl\/aktywnosc\/zamek-nadasdy\/#primaryimage\",\"url\":\"https:\/\/sarvar.conedevel.com\/wp-content\/uploads\/2019\/11\/sarvar-muzeum-wellness.jpg\",\"contentUrl\":\"https:\/\/sarvar.conedevel.com\/wp-content\/uploads\/2019\/11\/sarvar-muzeum-wellness.jpg\",\"width\":2000,\"height\":1333},{\"@type\":\"BreadcrumbList\",\"@id\":\"https:\/\/sarvar.conedevel.com\/pl\/aktywnosc\/zamek-nadasdy\/#breadcrumb\",\"itemListElement\":[{\"@type\":\"ListItem\",\"position\":1,\"name\":\"Kezd\u0151lap\",\"item\":\"https:\/\/sarvar.conedevel.com\/pl\/\"},{\"@type\":\"ListItem\",\"position\":2,\"name\":\"Aktywno\u015b\u0107\",\"item\":\"https:\/\/sarvar.conedevel.com\/pl\/aktywnosc\/\"},{\"@type\":\"ListItem\",\"position\":3,\"name\":\"Zamek N\u00e1dasdy\"}]},{\"@type\":\"WebSite\",\"@id\":\"https:\/\/sarvar.conedevel.com\/#website\",\"url\":\"https:\/\/sarvar.conedevel.com\/\",\"name\":\"S\u00e1rv\u00e1r\",\"description\":\"S\u00e1rv\u00e1ri sz\u00e1ll\u00e1shelyek, \u00e9ttermek, programok, l\u00e1tnival\u00f3k \u00e9s inform\u00e1ci\u00f3k - mind egy helyen S\u00e1rv\u00e1rr\u00f3l\",\"potentialAction\":[{\"@type\":\"SearchAction\",\"target\":{\"@type\":\"EntryPoint\",\"urlTemplate\":\"https:\/\/sarvar.conedevel.com\/?s={search_term_string}\"},\"query-input\":{\"@type\":\"PropertyValueSpecification\",\"valueRequired\":true,\"valueName\":\"search_term_string\"}}],\"inLanguage\":\"pl-PL\"}]}<\/script>\n<!-- \/ Yoast SEO plugin. -->","yoast_head_json":{"title":"Zamek N\u00e1dasdy - S\u00e1rv\u00e1r","robots":{"index":"noindex","follow":"follow","max-snippet":"max-snippet:-1","max-image-preview":"max-image-preview:large","max-video-preview":"max-video-preview:-1"},"og_locale":"pl_PL","og_type":"article","og_title":"Zamek N\u00e1dasdy - S\u00e1rv\u00e1r","og_description":"Podczas pobytu w S\u00e1rv\u00e1r koniecznie obejrzyj zamek Nadasdy (zewn\u0105trz i wewn\u0105trz) N\u00e1dasdy \u2013 v\u00e1r Zamek nada\u0142 nazw\u0119 miejscowo\u015bci. Pierwsza wzmianka o zamku S\u00e1rv\u00e1r pojawi\u0142a si\u0119 w dokumencie z 1288 roku. Jego nazwa wskazuje, \u017ce pierwotnie m\u00f3g\u0142 by\u0107 to zamek ziemny otoczony bagnami. W okresie anarchii feudalnej &#8211; w latach 1288-1327 &#8211; by\u0142 w\u0142asno\u015bci\u0105 rodziny K\u0151szegi [&hellip;]","og_url":"https:\/\/sarvar.conedevel.com\/pl\/aktywnosc\/zamek-nadasdy\/","og_site_name":"S\u00e1rv\u00e1r","article_publisher":"https:\/\/www.facebook.com\/tdmsarvar","article_modified_time":"2022-05-13T09:34:19+00:00","og_image":[{"width":2000,"height":1333,"url":"https:\/\/sarvar.conedevel.com\/wp-content\/uploads\/2019\/11\/sarvar-muzeum-wellness.jpg","type":"image\/jpeg"}],"twitter_card":"summary_large_image","twitter_misc":{"Szacowany czas czytania":"7 minut"},"schema":{"@context":"https:\/\/schema.org","@graph":[{"@type":"WebPage","@id":"https:\/\/sarvar.conedevel.com\/pl\/aktywnosc\/zamek-nadasdy\/","url":"https:\/\/sarvar.conedevel.com\/pl\/aktywnosc\/zamek-nadasdy\/","name":"Zamek N\u00e1dasdy - S\u00e1rv\u00e1r","isPartOf":{"@id":"https:\/\/sarvar.conedevel.com\/#website"},"primaryImageOfPage":{"@id":"https:\/\/sarvar.conedevel.com\/pl\/aktywnosc\/zamek-nadasdy\/#primaryimage"},"image":{"@id":"https:\/\/sarvar.conedevel.com\/pl\/aktywnosc\/zamek-nadasdy\/#primaryimage"},"thumbnailUrl":"https:\/\/sarvar.conedevel.com\/wp-content\/uploads\/2019\/11\/sarvar-muzeum-wellness.jpg","datePublished":"2022-05-13T09:34:18+00:00","dateModified":"2022-05-13T09:34:19+00:00","breadcrumb":{"@id":"https:\/\/sarvar.conedevel.com\/pl\/aktywnosc\/zamek-nadasdy\/#breadcrumb"},"inLanguage":"pl-PL","potentialAction":[{"@type":"ReadAction","target":["https:\/\/sarvar.conedevel.com\/pl\/aktywnosc\/zamek-nadasdy\/"]}]},{"@type":"ImageObject","inLanguage":"pl-PL","@id":"https:\/\/sarvar.conedevel.com\/pl\/aktywnosc\/zamek-nadasdy\/#primaryimage","url":"https:\/\/sarvar.conedevel.com\/wp-content\/uploads\/2019\/11\/sarvar-muzeum-wellness.jpg","contentUrl":"https:\/\/sarvar.conedevel.com\/wp-content\/uploads\/2019\/11\/sarvar-muzeum-wellness.jpg","width":2000,"height":1333},{"@type":"BreadcrumbList","@id":"https:\/\/sarvar.conedevel.com\/pl\/aktywnosc\/zamek-nadasdy\/#breadcrumb","itemListElement":[{"@type":"ListItem","position":1,"name":"Kezd\u0151lap","item":"https:\/\/sarvar.conedevel.com\/pl\/"},{"@type":"ListItem","position":2,"name":"Aktywno\u015b\u0107","item":"https:\/\/sarvar.conedevel.com\/pl\/aktywnosc\/"},{"@type":"ListItem","position":3,"name":"Zamek N\u00e1dasdy"}]},{"@type":"WebSite","@id":"https:\/\/sarvar.conedevel.com\/#website","url":"https:\/\/sarvar.conedevel.com\/","name":"S\u00e1rv\u00e1r","description":"S\u00e1rv\u00e1ri sz\u00e1ll\u00e1shelyek, \u00e9ttermek, programok, l\u00e1tnival\u00f3k \u00e9s inform\u00e1ci\u00f3k - mind egy helyen S\u00e1rv\u00e1rr\u00f3l","potentialAction":[{"@type":"SearchAction","target":{"@type":"EntryPoint","urlTemplate":"https:\/\/sarvar.conedevel.com\/?s={search_term_string}"},"query-input":{"@type":"PropertyValueSpecification","valueRequired":true,"valueName":"search_term_string"}}],"inLanguage":"pl-PL"}]}},"_links":{"self":[{"href":"https:\/\/sarvar.conedevel.com\/pl\/wp-json\/wp\/v2\/pages\/13060","targetHints":{"allow":["GET"]}}],"collection":[{"href":"https:\/\/sarvar.conedevel.com\/pl\/wp-json\/wp\/v2\/pages"}],"about":[{"href":"https:\/\/sarvar.conedevel.com\/pl\/wp-json\/wp\/v2\/types\/page"}],"author":[{"embeddable":true,"href":"https:\/\/sarvar.conedevel.com\/pl\/wp-json\/wp\/v2\/users\/1"}],"replies":[{"embeddable":true,"href":"https:\/\/sarvar.conedevel.com\/pl\/wp-json\/wp\/v2\/comments?post=13060"}],"version-history":[{"count":0,"href":"https:\/\/sarvar.conedevel.com\/pl\/wp-json\/wp\/v2\/pages\/13060\/revisions"}],"up":[{"embeddable":true,"href":"https:\/\/sarvar.conedevel.com\/pl\/wp-json\/wp\/v2\/pages\/12731"}],"wp:featuredmedia":[{"embeddable":true,"href":"https:\/\/sarvar.conedevel.com\/pl\/wp-json\/wp\/v2\/media\/12147"}],"wp:attachment":[{"href":"https:\/\/sarvar.conedevel.com\/pl\/wp-json\/wp\/v2\/media?parent=13060"}],"curies":[{"name":"wp","href":"https:\/\/api.w.org\/{rel}","templated":true}]}}