{"id":13055,"date":"2022-05-12T13:54:14","date_gmt":"2022-05-12T13:54:14","guid":{"rendered":"https:\/\/sarvar.conedevel.com\/?page_id=13055"},"modified":"2022-05-13T10:50:27","modified_gmt":"2022-05-13T10:50:27","slug":"szombathely","status":"publish","type":"page","link":"https:\/\/sarvar.conedevel.com\/pl\/aktywnosc\/okolicy\/szombathely\/","title":{"rendered":"Szombathely"},"content":{"rendered":"\n<h2 class=\"wp-block-heading\">Je\u015bli b\u0119dziesz w S\u00e1rv\u00e1r i zatrzymasz si\u0119 u nas na d\u0142u\u017cej, powiniene\u015b odwiedzi\u0107 tak\u017ce siedzib\u0119 wojew\u00f3dztwa- Vas! Szombathely jest oddalone od nas dos\u0142ownie o 26 km.<\/h2>\n\n\n\n<p>Najszybszym sposobem dotarcia do Szombathely jest skorzystanie z drogi szybkiego ruchu 86, kt\u00f3r\u0105 mo\u017cna dojecha\u0107 tam w ci\u0105gu kwadransa. Tu warto rozejrze\u0107 si\u0119 na g\u0142\u00f3wnym placu miasta, zwiedzi\u0107 trzeci co do wielko\u015bci ko\u015bci\u00f3\u0142 na W\u0119grzech, ruiny z okresu rzymskiego, jezioro do p\u0142ywania \u0142\u00f3dkami i arboretum w Kamon. Wymie\u0144my tylko najpopularniejsze punkty docelowe wycieczek. Oczywi\u015bcie warto si\u0119 dowiedzie\u0107, czy nie ma akurat jakich\u015b imprez w mie\u015bcie. Bo tutaj bardzo cz\u0119sto odbywaj\u0105 si\u0119 koncerty, s\u0105 organizowane wystawy. A latem z kolei kilkudniowe festiwale.&nbsp;<br><br>Przyjrzyjmy si\u0119 bli\u017cej mo\u017cliwo\u015bciom, jakie oferuje Szombathely! Zacznijmy ma\u0142ym historycznym wprowadzeniem.<br><br>Miasto Szombathely zosta\u0142o za\u0142o\u017cone 2000 lat temu przez Cesarza Klaudiusza, jako Sawaria i jest najstarszym miastem na W\u0119grzech. Miasto ma bogat\u0105 kultur\u0119 historyczn\u0105, si\u0119gaj\u0105c\u0105 czas\u00f3w rzymskich, znacz\u0105ce dziedzictwo religijne i posiada niezr\u00f3wnane walory przyrodnicze. Do najs\u0142ynniejszych zabytk\u00f3w nale\u017c\u0105 Rynek G\u0142\u00f3wny, katedra, Muzeum Archeologiczne i Sala Wystawowa Iseum Savariense, Ruiny z okresu rzymskiego oraz Arboretum w Kamon.<br><br><strong>Rynek G\u0142\u00f3wny:<\/strong>&nbsp;G\u0142\u00f3wny plac, kt\u00f3ry tworzy charakterystyczny kszta\u0142t miasta, zosta\u0142 wytyczony w podobnym kszta\u0142cie &#8211; tr\u00f3jk\u0105ta &#8211; ju\u017c w XIII wieku, ale wtedy jeszcze poza murami miejskimi. Rynek G\u0142\u00f3wny sta\u0142 si\u0119 intelektualnym i kulturalnym centrum Szombathely i ulubionym miejscem spotka\u0144.<br><br><strong>Katedra:<\/strong>&nbsp;Biskup J\u00e1nos Szily zbudowa\u0142 trzeci co do wielko\u015bci ko\u015bci\u00f3\u0142 na W\u0119grzech na miejscu zburzonego ko\u015bcio\u0142a zamkowego i pa\u0142acu, na pozosta\u0142o\u015bciach z czas\u00f3w rzymskich, kt\u00f3ry by\u0142 g\u0142\u00f3wnym dzie\u0142em Menyh\u00e9rta Hefele.<br><br><strong>Muzeum Archeologiczne i Sala Wystawowa Iseum Savariense:<\/strong>&nbsp;Jeden z najwa\u017cniejszych zabytk\u00f3w staro\u017cytnej architektury w Szombathely. Obecnie znajduje si\u0119 tu sta\u0142a wystawa po\u015bwi\u0119cona historii religii &#8222;Dom Isis w Sawarii&#8221; oraz miejsce corocznych plenerowych festiwali Iseum.<br><br><strong>Ruiny z okresu rzymskiego J\u00e1rd\u00e1nyi Paulovics Istv\u00e1na&nbsp;W Ogrodzie Ruin pokazana jest zwiedzaj\u0105cym najwi\u0119ksz\u0105 cz\u0119\u015b\u0107 pozosta\u0142o\u015bci staro\u017cytnej Savarii: <\/strong>pa\u0142ac cesarski, \u0142a\u017anie publiczne, komora celna, sanktuarium Merkuriusza, warsztaty, piece garncarskie, pozosta\u0142o\u015bci drogi rzymskiej, powierzchnie mozaikowe i zamek.<br><br><strong>Arboretum w Kamon:<\/strong>&nbsp;Arboretum Kamon o powierzchni 27 ha to najpi\u0119kniejszy zbi\u00f3r ogrod\u00f3w w Panonii. Opr\u00f3cz wiecznie zielonych drzew iglastych i sosen ulubie\u0144cami zwiedzaj\u0105cy s\u0105 tu tysi\u0105ce pi\u0119knie kwitn\u0105cych rododendron\u00f3w, bogata kolekcja magnolii i klon\u00f3w japo\u0144skich oraz 120-letnie olbrzymie, matuzalemowe drzewa. \u015acie\u017cka spacerowa o d\u0142ugo\u015bci 5 km, specjalnie zaprojektowany system oczek wodnych, \u0142awki i sto\u0142y zapewniaj\u0105 wygodny i przyjemny pobyt.<br>W ka\u017cdym sezonie miasto Szombathely oferuje specjalny program dla zwiedzaj\u0105cych.<br><br>J<strong>armark z Okazji Dnia \u015bw. Jerzego (kwiecie\u0144):<\/strong>&nbsp;Co roku na terenie Skansenu Vas odbywa si\u0119 jarmark z okazji Dnia \u015awi\u0119tego Jerzego.&nbsp;<br><br><strong>Droga Kwiat\u00f3w w Hereny (kwiecie\u0144):&nbsp;<\/strong>Ka\u017cdej wiosny w Hereny jeden koniec tygodnia po\u015bwi\u0119cony jest pi\u0119kno\u015bci kwiat\u00f3w, kiedy to na ulicach Hereny otwiera si\u0119 &#8222;Droga Kwiat\u00f3w&#8221;.<br><br><strong>Festiwal Smoczych \u0141odzi w Szombathely (czerwiec):<\/strong>&nbsp;Rok w rok Smocze \u0141odzie staj\u0105 do walki w zielonym sercu Szombathely, nad Jeziorem do p\u0142ywania \u0142\u00f3dkami. Zamiast j\u0119zyk\u00f3w p\u0142omieni, dziesi\u0105tki wiose\u0142 zderza si\u0119 ze sob\u0105 i wzburza zazwyczaj spokojn\u0105 tafl\u0119 jeziora. Jest to nic innego jak budowanie zespo\u0142u i rywalizacja w najlepszym wydaniu, sprawdzaj\u0105ce wytrzyma\u0142o\u015b\u0107, si\u0142\u0119 i harmoni\u0119 22 zdecydowanych na wszystko zawodnik\u00f3w w ka\u017cdej za\u0142odze (20 wio\u015blarzy, 1 b\u0119bniarz i 1 sternik). Wy\u015bcigi Smoczych \u0141odzi to ekscytuj\u0105ca i barwna atrakcja dla turyst\u00f3w, corocznie wi\u0119c w Szombathely panuje wtedy szale\u0144stwo na punkcie smok\u00f3w.<br><br><strong>Plenerowy Festiwal Iseum (lipiec, sierpie\u0144):<\/strong>&nbsp;W licz\u0105cym 2000 lat sanktuarium Isis od prawie 50 lat odbywaj\u0105 si\u0119 w Szombathely przedstawienia operowe na \u015bwie\u017cym powietrzu. W Iseum w Szombathely panuje wyj\u0105tkowa atmosfera, kt\u00f3ra stanowi doskona\u0142\u0105 baz\u0119 do wystawian<em>ia spektakli plenerowych o wyj\u0105tkowo wysokiej jako\u015bci.<\/em><br><br><strong>Historyczny Karnawa\u0142 Sawaria (sierpie\u0144):<\/strong>&nbsp;Bogata przesz\u0142o\u015b\u0107 historyczna zrodzi\u0142a pomys\u0142 przedstawienia najwa\u017cniejszych moment\u00f3w z kroniki miasta w kostiumach wiernych epoce i w scenografii z epoki. W ci\u0105gu kilku dni w karnawa\u0142owych obiektach w centrum miasta odbywa si\u0119 barwny program imprez.<br><br><strong>Dzie\u0144 \u015awi\u0119tego Marcina (listopad):&nbsp;<\/strong>W Szombathely coraz bardziej umacnia si\u0119 kult \u015bw. Marcina, w duchu kt\u00f3rego organizowane s\u0105 uroczysto\u015bci ko\u015bcielne, parady z lampionami, zabawy taneczne, koncerty, wystawy i przedstawienia oczekuj\u0105ce zainteresowanych. Restauracje w Szombathely kusz\u0105 smakoszy imprezami gastronomicznymi i typowymi daniami z g\u0119siny. Tydzie\u0144 \u015awi\u0119tego Marcina rozpoczyna si\u0119 w pierwszy weekend listopada Jarmarkiem \u015awi\u0119to Marci\u0144skim.<br><br><strong>Adwent (grudzie\u0144):<\/strong>&nbsp;Adwent w Szombathely oferuje bogaty 4-tygodniowy cykl wydarze\u0144 z r\u00f3\u017cnymi programami na Rynku G\u0142\u00f3wnym Mo\u017cna wzi\u0105\u0107 udzia\u0142 w zapalaniu \u015bwiec i w zwi\u0105zanych z tym rytua\u0142ach religijnych. Adwentowy Jarmark czeka na wszystkich, kt\u00f3rzy w nastrojowej atmosferze chc\u0105 kupi\u0107 \u015bwi\u0105teczne prezenty.<\/p>\n","protected":false},"excerpt":{"rendered":"<p>Je\u015bli b\u0119dziesz w S\u00e1rv\u00e1r i zatrzymasz si\u0119 u nas na d\u0142u\u017cej, powiniene\u015b odwiedzi\u0107 tak\u017ce siedzib\u0119 wojew\u00f3dztwa- Vas! Szombathely jest oddalone od nas dos\u0142ownie o 26 km. Najszybszym sposobem dotarcia do Szombathely jest skorzystanie z drogi szybkiego ruchu 86, kt\u00f3r\u0105 mo\u017cna dojecha\u0107 tam w ci\u0105gu kwadransa. Tu warto rozejrze\u0107 si\u0119 na g\u0142\u00f3wnym placu miasta, zwiedzi\u0107 trzeci [&hellip;]<\/p>\n","protected":false},"author":1,"featured_media":0,"parent":12744,"menu_order":0,"comment_status":"closed","ping_status":"closed","template":"","meta":{"_acf_changed":false,"footnotes":""},"class_list":["post-13055","page","type-page","status-publish","hentry"],"acf":[],"yoast_head":"<!-- This site is optimized with the Yoast SEO plugin v25.4 - https:\/\/yoast.com\/wordpress\/plugins\/seo\/ -->\n<title>Szombathely - S\u00e1rv\u00e1r<\/title>\n<meta name=\"robots\" content=\"noindex, follow, max-snippet:-1, max-image-preview:large, max-video-preview:-1\" \/>\n<meta property=\"og:locale\" content=\"pl_PL\" \/>\n<meta property=\"og:type\" content=\"article\" \/>\n<meta property=\"og:title\" content=\"Szombathely - S\u00e1rv\u00e1r\" \/>\n<meta property=\"og:description\" content=\"Je\u015bli b\u0119dziesz w S\u00e1rv\u00e1r i zatrzymasz si\u0119 u nas na d\u0142u\u017cej, powiniene\u015b odwiedzi\u0107 tak\u017ce siedzib\u0119 wojew\u00f3dztwa- Vas! Szombathely jest oddalone od nas dos\u0142ownie o 26 km. Najszybszym sposobem dotarcia do Szombathely jest skorzystanie z drogi szybkiego ruchu 86, kt\u00f3r\u0105 mo\u017cna dojecha\u0107 tam w ci\u0105gu kwadransa. Tu warto rozejrze\u0107 si\u0119 na g\u0142\u00f3wnym placu miasta, zwiedzi\u0107 trzeci [&hellip;]\" \/>\n<meta property=\"og:url\" content=\"https:\/\/sarvar.conedevel.com\/pl\/aktywnosc\/okolicy\/szombathely\/\" \/>\n<meta property=\"og:site_name\" content=\"S\u00e1rv\u00e1r\" \/>\n<meta property=\"article:publisher\" content=\"https:\/\/www.facebook.com\/tdmsarvar\" \/>\n<meta property=\"article:modified_time\" content=\"2022-05-13T10:50:27+00:00\" \/>\n<meta name=\"twitter:card\" content=\"summary_large_image\" \/>\n<meta name=\"twitter:label1\" content=\"Szacowany czas czytania\" \/>\n\t<meta name=\"twitter:data1\" content=\"4 minuty\" \/>\n<script type=\"application\/ld+json\" class=\"yoast-schema-graph\">{\"@context\":\"https:\/\/schema.org\",\"@graph\":[{\"@type\":\"WebPage\",\"@id\":\"https:\/\/sarvar.conedevel.com\/pl\/aktywnosc\/okolicy\/szombathely\/\",\"url\":\"https:\/\/sarvar.conedevel.com\/pl\/aktywnosc\/okolicy\/szombathely\/\",\"name\":\"Szombathely - S\u00e1rv\u00e1r\",\"isPartOf\":{\"@id\":\"https:\/\/sarvar.conedevel.com\/#website\"},\"datePublished\":\"2022-05-12T13:54:14+00:00\",\"dateModified\":\"2022-05-13T10:50:27+00:00\",\"breadcrumb\":{\"@id\":\"https:\/\/sarvar.conedevel.com\/pl\/aktywnosc\/okolicy\/szombathely\/#breadcrumb\"},\"inLanguage\":\"pl-PL\",\"potentialAction\":[{\"@type\":\"ReadAction\",\"target\":[\"https:\/\/sarvar.conedevel.com\/pl\/aktywnosc\/okolicy\/szombathely\/\"]}]},{\"@type\":\"BreadcrumbList\",\"@id\":\"https:\/\/sarvar.conedevel.com\/pl\/aktywnosc\/okolicy\/szombathely\/#breadcrumb\",\"itemListElement\":[{\"@type\":\"ListItem\",\"position\":1,\"name\":\"Kezd\u0151lap\",\"item\":\"https:\/\/sarvar.conedevel.com\/pl\/\"},{\"@type\":\"ListItem\",\"position\":2,\"name\":\"Aktywno\u015b\u0107\",\"item\":\"https:\/\/sarvar.conedevel.com\/pl\/aktywnosc\/\"},{\"@type\":\"ListItem\",\"position\":3,\"name\":\"Odkryj nie tylko S\u00e1rv\u00e1r, ale r\u00f3wnie\u017c jego okolice!\",\"item\":\"https:\/\/sarvar.conedevel.com\/pl\/aktywnosc\/okolicy\/\"},{\"@type\":\"ListItem\",\"position\":4,\"name\":\"Szombathely\"}]},{\"@type\":\"WebSite\",\"@id\":\"https:\/\/sarvar.conedevel.com\/#website\",\"url\":\"https:\/\/sarvar.conedevel.com\/\",\"name\":\"S\u00e1rv\u00e1r\",\"description\":\"S\u00e1rv\u00e1ri sz\u00e1ll\u00e1shelyek, \u00e9ttermek, programok, l\u00e1tnival\u00f3k \u00e9s inform\u00e1ci\u00f3k - mind egy helyen S\u00e1rv\u00e1rr\u00f3l\",\"potentialAction\":[{\"@type\":\"SearchAction\",\"target\":{\"@type\":\"EntryPoint\",\"urlTemplate\":\"https:\/\/sarvar.conedevel.com\/?s={search_term_string}\"},\"query-input\":{\"@type\":\"PropertyValueSpecification\",\"valueRequired\":true,\"valueName\":\"search_term_string\"}}],\"inLanguage\":\"pl-PL\"}]}<\/script>\n<!-- \/ Yoast SEO plugin. -->","yoast_head_json":{"title":"Szombathely - S\u00e1rv\u00e1r","robots":{"index":"noindex","follow":"follow","max-snippet":"max-snippet:-1","max-image-preview":"max-image-preview:large","max-video-preview":"max-video-preview:-1"},"og_locale":"pl_PL","og_type":"article","og_title":"Szombathely - S\u00e1rv\u00e1r","og_description":"Je\u015bli b\u0119dziesz w S\u00e1rv\u00e1r i zatrzymasz si\u0119 u nas na d\u0142u\u017cej, powiniene\u015b odwiedzi\u0107 tak\u017ce siedzib\u0119 wojew\u00f3dztwa- Vas! Szombathely jest oddalone od nas dos\u0142ownie o 26 km. Najszybszym sposobem dotarcia do Szombathely jest skorzystanie z drogi szybkiego ruchu 86, kt\u00f3r\u0105 mo\u017cna dojecha\u0107 tam w ci\u0105gu kwadransa. Tu warto rozejrze\u0107 si\u0119 na g\u0142\u00f3wnym placu miasta, zwiedzi\u0107 trzeci [&hellip;]","og_url":"https:\/\/sarvar.conedevel.com\/pl\/aktywnosc\/okolicy\/szombathely\/","og_site_name":"S\u00e1rv\u00e1r","article_publisher":"https:\/\/www.facebook.com\/tdmsarvar","article_modified_time":"2022-05-13T10:50:27+00:00","twitter_card":"summary_large_image","twitter_misc":{"Szacowany czas czytania":"4 minuty"},"schema":{"@context":"https:\/\/schema.org","@graph":[{"@type":"WebPage","@id":"https:\/\/sarvar.conedevel.com\/pl\/aktywnosc\/okolicy\/szombathely\/","url":"https:\/\/sarvar.conedevel.com\/pl\/aktywnosc\/okolicy\/szombathely\/","name":"Szombathely - S\u00e1rv\u00e1r","isPartOf":{"@id":"https:\/\/sarvar.conedevel.com\/#website"},"datePublished":"2022-05-12T13:54:14+00:00","dateModified":"2022-05-13T10:50:27+00:00","breadcrumb":{"@id":"https:\/\/sarvar.conedevel.com\/pl\/aktywnosc\/okolicy\/szombathely\/#breadcrumb"},"inLanguage":"pl-PL","potentialAction":[{"@type":"ReadAction","target":["https:\/\/sarvar.conedevel.com\/pl\/aktywnosc\/okolicy\/szombathely\/"]}]},{"@type":"BreadcrumbList","@id":"https:\/\/sarvar.conedevel.com\/pl\/aktywnosc\/okolicy\/szombathely\/#breadcrumb","itemListElement":[{"@type":"ListItem","position":1,"name":"Kezd\u0151lap","item":"https:\/\/sarvar.conedevel.com\/pl\/"},{"@type":"ListItem","position":2,"name":"Aktywno\u015b\u0107","item":"https:\/\/sarvar.conedevel.com\/pl\/aktywnosc\/"},{"@type":"ListItem","position":3,"name":"Odkryj nie tylko S\u00e1rv\u00e1r, ale r\u00f3wnie\u017c jego okolice!","item":"https:\/\/sarvar.conedevel.com\/pl\/aktywnosc\/okolicy\/"},{"@type":"ListItem","position":4,"name":"Szombathely"}]},{"@type":"WebSite","@id":"https:\/\/sarvar.conedevel.com\/#website","url":"https:\/\/sarvar.conedevel.com\/","name":"S\u00e1rv\u00e1r","description":"S\u00e1rv\u00e1ri sz\u00e1ll\u00e1shelyek, \u00e9ttermek, programok, l\u00e1tnival\u00f3k \u00e9s inform\u00e1ci\u00f3k - mind egy helyen S\u00e1rv\u00e1rr\u00f3l","potentialAction":[{"@type":"SearchAction","target":{"@type":"EntryPoint","urlTemplate":"https:\/\/sarvar.conedevel.com\/?s={search_term_string}"},"query-input":{"@type":"PropertyValueSpecification","valueRequired":true,"valueName":"search_term_string"}}],"inLanguage":"pl-PL"}]}},"_links":{"self":[{"href":"https:\/\/sarvar.conedevel.com\/pl\/wp-json\/wp\/v2\/pages\/13055","targetHints":{"allow":["GET"]}}],"collection":[{"href":"https:\/\/sarvar.conedevel.com\/pl\/wp-json\/wp\/v2\/pages"}],"about":[{"href":"https:\/\/sarvar.conedevel.com\/pl\/wp-json\/wp\/v2\/types\/page"}],"author":[{"embeddable":true,"href":"https:\/\/sarvar.conedevel.com\/pl\/wp-json\/wp\/v2\/users\/1"}],"replies":[{"embeddable":true,"href":"https:\/\/sarvar.conedevel.com\/pl\/wp-json\/wp\/v2\/comments?post=13055"}],"version-history":[{"count":0,"href":"https:\/\/sarvar.conedevel.com\/pl\/wp-json\/wp\/v2\/pages\/13055\/revisions"}],"up":[{"embeddable":true,"href":"https:\/\/sarvar.conedevel.com\/pl\/wp-json\/wp\/v2\/pages\/12744"}],"wp:attachment":[{"href":"https:\/\/sarvar.conedevel.com\/pl\/wp-json\/wp\/v2\/media?parent=13055"}],"curies":[{"name":"wp","href":"https:\/\/api.w.org\/{rel}","templated":true}]}}