{"id":13053,"date":"2022-05-12T13:49:27","date_gmt":"2022-05-12T13:49:27","guid":{"rendered":"https:\/\/sarvar.conedevel.com\/?page_id=13053"},"modified":"2022-05-13T10:53:14","modified_gmt":"2022-05-13T10:53:14","slug":"szeleste","status":"publish","type":"page","link":"https:\/\/sarvar.conedevel.com\/pl\/aktywnosc\/okolicy\/szeleste\/","title":{"rendered":"Szeleste"},"content":{"rendered":"\n<h2 class=\"wp-block-heading\">Odleg\u0142o\u015b\u0107 mi\u0119dzy Szeleste i S\u00e1rv\u00e1r wynosi 15 km. Je\u015bli jeste\u015bmy wielbicielami wyj\u0105tkowych ro\u015blin i zadbanych ogrod\u00f3w, warto pokona\u0107 t\u0119 odleg\u0142o\u015b\u0107.<\/h2>\n\n\n\n<p>Na dawnym dziedzi\u0144cu tutejszego pa\u0142acu Festetich znajduje si\u0119 arboretum o powierzchni 13 hektar\u00f3w. W Arboretum mo\u017cna podziwia\u0107 500 r\u00f3\u017cnorodnych gatunk\u00f3w ro\u015blin. Ale skoro ju\u017c tu jeste\u015bmy, przespacerujmy si\u0119 do pa\u0142acu Festetich, wybudowanego w 1855 roku. Je\u015bli jest to mo\u017cliwe, obejd\u017amy doko\u0142a ten budynek, kt\u00f3ry dzia\u0142a obecnie ju\u017c tylko, jako hotel.<\/p>\n\n\n\n<p>Co warto obejrze\u0107 o Szeleste:<\/p>\n\n\n\n<ul class=\"wp-block-list\"><li>Arboretum<\/li><li>Pa\u0142ac Festetich<\/li><\/ul>\n","protected":false},"excerpt":{"rendered":"<p>Odleg\u0142o\u015b\u0107 mi\u0119dzy Szeleste i S\u00e1rv\u00e1r wynosi 15 km. Je\u015bli jeste\u015bmy wielbicielami wyj\u0105tkowych ro\u015blin i zadbanych ogrod\u00f3w, warto pokona\u0107 t\u0119 odleg\u0142o\u015b\u0107. Na dawnym dziedzi\u0144cu tutejszego pa\u0142acu Festetich znajduje si\u0119 arboretum o powierzchni 13 hektar\u00f3w. W Arboretum mo\u017cna podziwia\u0107 500 r\u00f3\u017cnorodnych gatunk\u00f3w ro\u015blin. Ale skoro ju\u017c tu jeste\u015bmy, przespacerujmy si\u0119 do pa\u0142acu Festetich, wybudowanego w 1855 roku. [&hellip;]<\/p>\n","protected":false},"author":1,"featured_media":0,"parent":12744,"menu_order":0,"comment_status":"closed","ping_status":"closed","template":"","meta":{"_acf_changed":false,"footnotes":""},"class_list":["post-13053","page","type-page","status-publish","hentry"],"acf":[],"yoast_head":"<!-- This site is optimized with the Yoast SEO plugin v25.4 - https:\/\/yoast.com\/wordpress\/plugins\/seo\/ -->\n<title>Szeleste - S\u00e1rv\u00e1r<\/title>\n<meta name=\"robots\" content=\"noindex, follow, max-snippet:-1, max-image-preview:large, max-video-preview:-1\" \/>\n<meta property=\"og:locale\" content=\"pl_PL\" \/>\n<meta property=\"og:type\" content=\"article\" \/>\n<meta property=\"og:title\" content=\"Szeleste - S\u00e1rv\u00e1r\" \/>\n<meta property=\"og:description\" content=\"Odleg\u0142o\u015b\u0107 mi\u0119dzy Szeleste i S\u00e1rv\u00e1r wynosi 15 km. Je\u015bli jeste\u015bmy wielbicielami wyj\u0105tkowych ro\u015blin i zadbanych ogrod\u00f3w, warto pokona\u0107 t\u0119 odleg\u0142o\u015b\u0107. Na dawnym dziedzi\u0144cu tutejszego pa\u0142acu Festetich znajduje si\u0119 arboretum o powierzchni 13 hektar\u00f3w. W Arboretum mo\u017cna podziwia\u0107 500 r\u00f3\u017cnorodnych gatunk\u00f3w ro\u015blin. Ale skoro ju\u017c tu jeste\u015bmy, przespacerujmy si\u0119 do pa\u0142acu Festetich, wybudowanego w 1855 roku. [&hellip;]\" \/>\n<meta property=\"og:url\" content=\"https:\/\/sarvar.conedevel.com\/pl\/aktywnosc\/okolicy\/szeleste\/\" \/>\n<meta property=\"og:site_name\" content=\"S\u00e1rv\u00e1r\" \/>\n<meta property=\"article:publisher\" content=\"https:\/\/www.facebook.com\/tdmsarvar\" \/>\n<meta property=\"article:modified_time\" content=\"2022-05-13T10:53:14+00:00\" \/>\n<meta name=\"twitter:card\" content=\"summary_large_image\" \/>\n<meta name=\"twitter:label1\" content=\"Szacowany czas czytania\" \/>\n\t<meta name=\"twitter:data1\" content=\"1 minuta\" \/>\n<script type=\"application\/ld+json\" class=\"yoast-schema-graph\">{\"@context\":\"https:\/\/schema.org\",\"@graph\":[{\"@type\":\"WebPage\",\"@id\":\"https:\/\/sarvar.conedevel.com\/pl\/aktywnosc\/okolicy\/szeleste\/\",\"url\":\"https:\/\/sarvar.conedevel.com\/pl\/aktywnosc\/okolicy\/szeleste\/\",\"name\":\"Szeleste - S\u00e1rv\u00e1r\",\"isPartOf\":{\"@id\":\"https:\/\/sarvar.conedevel.com\/#website\"},\"datePublished\":\"2022-05-12T13:49:27+00:00\",\"dateModified\":\"2022-05-13T10:53:14+00:00\",\"breadcrumb\":{\"@id\":\"https:\/\/sarvar.conedevel.com\/pl\/aktywnosc\/okolicy\/szeleste\/#breadcrumb\"},\"inLanguage\":\"pl-PL\",\"potentialAction\":[{\"@type\":\"ReadAction\",\"target\":[\"https:\/\/sarvar.conedevel.com\/pl\/aktywnosc\/okolicy\/szeleste\/\"]}]},{\"@type\":\"BreadcrumbList\",\"@id\":\"https:\/\/sarvar.conedevel.com\/pl\/aktywnosc\/okolicy\/szeleste\/#breadcrumb\",\"itemListElement\":[{\"@type\":\"ListItem\",\"position\":1,\"name\":\"Kezd\u0151lap\",\"item\":\"https:\/\/sarvar.conedevel.com\/pl\/\"},{\"@type\":\"ListItem\",\"position\":2,\"name\":\"Aktywno\u015b\u0107\",\"item\":\"https:\/\/sarvar.conedevel.com\/pl\/aktywnosc\/\"},{\"@type\":\"ListItem\",\"position\":3,\"name\":\"Odkryj nie tylko S\u00e1rv\u00e1r, ale r\u00f3wnie\u017c jego okolice!\",\"item\":\"https:\/\/sarvar.conedevel.com\/pl\/aktywnosc\/okolicy\/\"},{\"@type\":\"ListItem\",\"position\":4,\"name\":\"Szeleste\"}]},{\"@type\":\"WebSite\",\"@id\":\"https:\/\/sarvar.conedevel.com\/#website\",\"url\":\"https:\/\/sarvar.conedevel.com\/\",\"name\":\"S\u00e1rv\u00e1r\",\"description\":\"S\u00e1rv\u00e1ri sz\u00e1ll\u00e1shelyek, \u00e9ttermek, programok, l\u00e1tnival\u00f3k \u00e9s inform\u00e1ci\u00f3k - mind egy helyen S\u00e1rv\u00e1rr\u00f3l\",\"potentialAction\":[{\"@type\":\"SearchAction\",\"target\":{\"@type\":\"EntryPoint\",\"urlTemplate\":\"https:\/\/sarvar.conedevel.com\/?s={search_term_string}\"},\"query-input\":{\"@type\":\"PropertyValueSpecification\",\"valueRequired\":true,\"valueName\":\"search_term_string\"}}],\"inLanguage\":\"pl-PL\"}]}<\/script>\n<!-- \/ Yoast SEO plugin. -->","yoast_head_json":{"title":"Szeleste - S\u00e1rv\u00e1r","robots":{"index":"noindex","follow":"follow","max-snippet":"max-snippet:-1","max-image-preview":"max-image-preview:large","max-video-preview":"max-video-preview:-1"},"og_locale":"pl_PL","og_type":"article","og_title":"Szeleste - S\u00e1rv\u00e1r","og_description":"Odleg\u0142o\u015b\u0107 mi\u0119dzy Szeleste i S\u00e1rv\u00e1r wynosi 15 km. Je\u015bli jeste\u015bmy wielbicielami wyj\u0105tkowych ro\u015blin i zadbanych ogrod\u00f3w, warto pokona\u0107 t\u0119 odleg\u0142o\u015b\u0107. Na dawnym dziedzi\u0144cu tutejszego pa\u0142acu Festetich znajduje si\u0119 arboretum o powierzchni 13 hektar\u00f3w. W Arboretum mo\u017cna podziwia\u0107 500 r\u00f3\u017cnorodnych gatunk\u00f3w ro\u015blin. Ale skoro ju\u017c tu jeste\u015bmy, przespacerujmy si\u0119 do pa\u0142acu Festetich, wybudowanego w 1855 roku. [&hellip;]","og_url":"https:\/\/sarvar.conedevel.com\/pl\/aktywnosc\/okolicy\/szeleste\/","og_site_name":"S\u00e1rv\u00e1r","article_publisher":"https:\/\/www.facebook.com\/tdmsarvar","article_modified_time":"2022-05-13T10:53:14+00:00","twitter_card":"summary_large_image","twitter_misc":{"Szacowany czas czytania":"1 minuta"},"schema":{"@context":"https:\/\/schema.org","@graph":[{"@type":"WebPage","@id":"https:\/\/sarvar.conedevel.com\/pl\/aktywnosc\/okolicy\/szeleste\/","url":"https:\/\/sarvar.conedevel.com\/pl\/aktywnosc\/okolicy\/szeleste\/","name":"Szeleste - S\u00e1rv\u00e1r","isPartOf":{"@id":"https:\/\/sarvar.conedevel.com\/#website"},"datePublished":"2022-05-12T13:49:27+00:00","dateModified":"2022-05-13T10:53:14+00:00","breadcrumb":{"@id":"https:\/\/sarvar.conedevel.com\/pl\/aktywnosc\/okolicy\/szeleste\/#breadcrumb"},"inLanguage":"pl-PL","potentialAction":[{"@type":"ReadAction","target":["https:\/\/sarvar.conedevel.com\/pl\/aktywnosc\/okolicy\/szeleste\/"]}]},{"@type":"BreadcrumbList","@id":"https:\/\/sarvar.conedevel.com\/pl\/aktywnosc\/okolicy\/szeleste\/#breadcrumb","itemListElement":[{"@type":"ListItem","position":1,"name":"Kezd\u0151lap","item":"https:\/\/sarvar.conedevel.com\/pl\/"},{"@type":"ListItem","position":2,"name":"Aktywno\u015b\u0107","item":"https:\/\/sarvar.conedevel.com\/pl\/aktywnosc\/"},{"@type":"ListItem","position":3,"name":"Odkryj nie tylko S\u00e1rv\u00e1r, ale r\u00f3wnie\u017c jego okolice!","item":"https:\/\/sarvar.conedevel.com\/pl\/aktywnosc\/okolicy\/"},{"@type":"ListItem","position":4,"name":"Szeleste"}]},{"@type":"WebSite","@id":"https:\/\/sarvar.conedevel.com\/#website","url":"https:\/\/sarvar.conedevel.com\/","name":"S\u00e1rv\u00e1r","description":"S\u00e1rv\u00e1ri sz\u00e1ll\u00e1shelyek, \u00e9ttermek, programok, l\u00e1tnival\u00f3k \u00e9s inform\u00e1ci\u00f3k - mind egy helyen S\u00e1rv\u00e1rr\u00f3l","potentialAction":[{"@type":"SearchAction","target":{"@type":"EntryPoint","urlTemplate":"https:\/\/sarvar.conedevel.com\/?s={search_term_string}"},"query-input":{"@type":"PropertyValueSpecification","valueRequired":true,"valueName":"search_term_string"}}],"inLanguage":"pl-PL"}]}},"_links":{"self":[{"href":"https:\/\/sarvar.conedevel.com\/pl\/wp-json\/wp\/v2\/pages\/13053","targetHints":{"allow":["GET"]}}],"collection":[{"href":"https:\/\/sarvar.conedevel.com\/pl\/wp-json\/wp\/v2\/pages"}],"about":[{"href":"https:\/\/sarvar.conedevel.com\/pl\/wp-json\/wp\/v2\/types\/page"}],"author":[{"embeddable":true,"href":"https:\/\/sarvar.conedevel.com\/pl\/wp-json\/wp\/v2\/users\/1"}],"replies":[{"embeddable":true,"href":"https:\/\/sarvar.conedevel.com\/pl\/wp-json\/wp\/v2\/comments?post=13053"}],"version-history":[{"count":0,"href":"https:\/\/sarvar.conedevel.com\/pl\/wp-json\/wp\/v2\/pages\/13053\/revisions"}],"up":[{"embeddable":true,"href":"https:\/\/sarvar.conedevel.com\/pl\/wp-json\/wp\/v2\/pages\/12744"}],"wp:attachment":[{"href":"https:\/\/sarvar.conedevel.com\/pl\/wp-json\/wp\/v2\/media?parent=13053"}],"curies":[{"name":"wp","href":"https:\/\/api.w.org\/{rel}","templated":true}]}}