{"id":13049,"date":"2022-05-12T13:43:54","date_gmt":"2022-05-12T13:43:54","guid":{"rendered":"https:\/\/sarvar.conedevel.com\/?page_id=13049"},"modified":"2022-05-13T10:53:27","modified_gmt":"2022-05-13T10:53:27","slug":"ostffyasszonyfa","status":"publish","type":"page","link":"https:\/\/sarvar.conedevel.com\/pl\/aktywnosc\/okolicy\/ostffyasszonyfa\/","title":{"rendered":"Ostffyasszonyfa"},"content":{"rendered":"\n<h2 class=\"wp-block-heading\">Ostffyasszonyfa znajduje si\u0119 niedaleko Celld\u00f6m\u00f6lk, tylko na 17,7 km od S\u00e1rv\u00e1r.<\/h2>\n\n\n\n<p>Je\u015bli wi\u0119c wybierasz si\u0119 na wycieczk\u0119 na wzg\u00f3rze S\u00e1g w Cell, powiniene\u015b wybra\u0107 si\u0119 tak\u017ce do Ostffyasszonyfa! Zw\u0142aszcza, je\u015bli lubisz nieco bardziej ekstremalne programy, to tym najbardziej. Znajduje si\u0119 tu tor Pannonia Ring, na kt\u00f3rym odbywaj\u0105 si\u0119 liczne wy\u015bcigi motorowe i gdzie mo\u017cna te\u017c poje\u017adzi\u0107 gokartami. Nie jest to jednak jedyna rzecz, kt\u00f3r\u0105 mo\u017cna zobaczy\u0107 w Ostffyasszonyfa. Znajduje si\u0119 tu pa\u0142ac w stylu klasycystycznym, dw\u00f3r przypominaj\u0105cy styl barokowy oraz izba pami\u0119ci S\u00e1ndora Pet\u0151fiego. Izba powsta\u0142a w tej miejscowo\u015bci, poniewa\u017c poeta sp\u0119dzi\u0142 tu kiedy\u015b ca\u0142e lato. Pami\u0119\u0107 o nim upami\u0119tnia r\u00f3wnie\u017c tablica na Mo\u015bcie Ragyog\u00f3 i na dawnym Domu Salkovics. Dla os\u00f3b zainteresowanych histori\u0105 ciekawostk\u0105 mo\u017ce by\u0107 fakt, \u017ce w czasie I wojny \u015bwiatowej w granicach miejscowo\u015bci znajdowa\u0142 si\u0119 jeden z najwi\u0119kszych oboz\u00f3w je\u0144c\u00f3w wojennych Monarchii Austro-W\u0119gierskiej.<br><br><strong>Atrakcje<\/strong><br><\/p>\n\n\n\n<ul class=\"wp-block-list\"><li>Odnowiony pa\u0142ac Ostffy, z XIII wieku, w stylu klasycystycznym.<\/li><li>przypominaj\u0105cy styl barokowy XIX-wieczny dw\u00f3r kuria Einstetter-We\u00f6res-Niczky.<\/li><li>Pok\u00f3j Pami\u0119ci S\u00e1ndora Pet\u0151fiego<\/li><li>Tablica pami\u0105tkowa na mo\u015bcie Ragyog\u00f3 i na dawnym Domu Salkovics, upami\u0119tniaj\u0105ca \u017cycie S\u00e1ndora Pet\u0151fiego<\/li><li>Sta\u0142a wystawa w Domu Kultury upami\u0119tniaj\u0105ca mieszka\u0144c\u00f3w jednego z najwi\u0119kszych oboz\u00f3w jenieckich Monarchii Austro-W\u0119gierskiej w czasie I wojny \u015bwiatowej<\/li><\/ul>\n","protected":false},"excerpt":{"rendered":"<p>Ostffyasszonyfa znajduje si\u0119 niedaleko Celld\u00f6m\u00f6lk, tylko na 17,7 km od S\u00e1rv\u00e1r. Je\u015bli wi\u0119c wybierasz si\u0119 na wycieczk\u0119 na wzg\u00f3rze S\u00e1g w Cell, powiniene\u015b wybra\u0107 si\u0119 tak\u017ce do Ostffyasszonyfa! Zw\u0142aszcza, je\u015bli lubisz nieco bardziej ekstremalne programy, to tym najbardziej. Znajduje si\u0119 tu tor Pannonia Ring, na kt\u00f3rym odbywaj\u0105 si\u0119 liczne wy\u015bcigi motorowe i gdzie mo\u017cna te\u017c [&hellip;]<\/p>\n","protected":false},"author":1,"featured_media":0,"parent":12744,"menu_order":0,"comment_status":"closed","ping_status":"closed","template":"","meta":{"_acf_changed":false,"footnotes":""},"class_list":["post-13049","page","type-page","status-publish","hentry"],"acf":[],"yoast_head":"<!-- This site is optimized with the Yoast SEO plugin v25.4 - https:\/\/yoast.com\/wordpress\/plugins\/seo\/ -->\n<title>Ostffyasszonyfa - S\u00e1rv\u00e1r<\/title>\n<meta name=\"robots\" content=\"noindex, follow, max-snippet:-1, max-image-preview:large, max-video-preview:-1\" \/>\n<meta property=\"og:locale\" content=\"pl_PL\" \/>\n<meta property=\"og:type\" content=\"article\" \/>\n<meta property=\"og:title\" content=\"Ostffyasszonyfa - S\u00e1rv\u00e1r\" \/>\n<meta property=\"og:description\" content=\"Ostffyasszonyfa znajduje si\u0119 niedaleko Celld\u00f6m\u00f6lk, tylko na 17,7 km od S\u00e1rv\u00e1r. Je\u015bli wi\u0119c wybierasz si\u0119 na wycieczk\u0119 na wzg\u00f3rze S\u00e1g w Cell, powiniene\u015b wybra\u0107 si\u0119 tak\u017ce do Ostffyasszonyfa! Zw\u0142aszcza, je\u015bli lubisz nieco bardziej ekstremalne programy, to tym najbardziej. Znajduje si\u0119 tu tor Pannonia Ring, na kt\u00f3rym odbywaj\u0105 si\u0119 liczne wy\u015bcigi motorowe i gdzie mo\u017cna te\u017c [&hellip;]\" \/>\n<meta property=\"og:url\" content=\"https:\/\/sarvar.conedevel.com\/pl\/aktywnosc\/okolicy\/ostffyasszonyfa\/\" \/>\n<meta property=\"og:site_name\" content=\"S\u00e1rv\u00e1r\" \/>\n<meta property=\"article:publisher\" content=\"https:\/\/www.facebook.com\/tdmsarvar\" \/>\n<meta property=\"article:modified_time\" content=\"2022-05-13T10:53:27+00:00\" \/>\n<meta name=\"twitter:card\" content=\"summary_large_image\" \/>\n<meta name=\"twitter:label1\" content=\"Szacowany czas czytania\" \/>\n\t<meta name=\"twitter:data1\" content=\"2 minuty\" \/>\n<script type=\"application\/ld+json\" class=\"yoast-schema-graph\">{\"@context\":\"https:\/\/schema.org\",\"@graph\":[{\"@type\":\"WebPage\",\"@id\":\"https:\/\/sarvar.conedevel.com\/pl\/aktywnosc\/okolicy\/ostffyasszonyfa\/\",\"url\":\"https:\/\/sarvar.conedevel.com\/pl\/aktywnosc\/okolicy\/ostffyasszonyfa\/\",\"name\":\"Ostffyasszonyfa - S\u00e1rv\u00e1r\",\"isPartOf\":{\"@id\":\"https:\/\/sarvar.conedevel.com\/#website\"},\"datePublished\":\"2022-05-12T13:43:54+00:00\",\"dateModified\":\"2022-05-13T10:53:27+00:00\",\"breadcrumb\":{\"@id\":\"https:\/\/sarvar.conedevel.com\/pl\/aktywnosc\/okolicy\/ostffyasszonyfa\/#breadcrumb\"},\"inLanguage\":\"pl-PL\",\"potentialAction\":[{\"@type\":\"ReadAction\",\"target\":[\"https:\/\/sarvar.conedevel.com\/pl\/aktywnosc\/okolicy\/ostffyasszonyfa\/\"]}]},{\"@type\":\"BreadcrumbList\",\"@id\":\"https:\/\/sarvar.conedevel.com\/pl\/aktywnosc\/okolicy\/ostffyasszonyfa\/#breadcrumb\",\"itemListElement\":[{\"@type\":\"ListItem\",\"position\":1,\"name\":\"Kezd\u0151lap\",\"item\":\"https:\/\/sarvar.conedevel.com\/pl\/\"},{\"@type\":\"ListItem\",\"position\":2,\"name\":\"Aktywno\u015b\u0107\",\"item\":\"https:\/\/sarvar.conedevel.com\/pl\/aktywnosc\/\"},{\"@type\":\"ListItem\",\"position\":3,\"name\":\"Odkryj nie tylko S\u00e1rv\u00e1r, ale r\u00f3wnie\u017c jego okolice!\",\"item\":\"https:\/\/sarvar.conedevel.com\/pl\/aktywnosc\/okolicy\/\"},{\"@type\":\"ListItem\",\"position\":4,\"name\":\"Ostffyasszonyfa\"}]},{\"@type\":\"WebSite\",\"@id\":\"https:\/\/sarvar.conedevel.com\/#website\",\"url\":\"https:\/\/sarvar.conedevel.com\/\",\"name\":\"S\u00e1rv\u00e1r\",\"description\":\"S\u00e1rv\u00e1ri sz\u00e1ll\u00e1shelyek, \u00e9ttermek, programok, l\u00e1tnival\u00f3k \u00e9s inform\u00e1ci\u00f3k - mind egy helyen S\u00e1rv\u00e1rr\u00f3l\",\"potentialAction\":[{\"@type\":\"SearchAction\",\"target\":{\"@type\":\"EntryPoint\",\"urlTemplate\":\"https:\/\/sarvar.conedevel.com\/?s={search_term_string}\"},\"query-input\":{\"@type\":\"PropertyValueSpecification\",\"valueRequired\":true,\"valueName\":\"search_term_string\"}}],\"inLanguage\":\"pl-PL\"}]}<\/script>\n<!-- \/ Yoast SEO plugin. -->","yoast_head_json":{"title":"Ostffyasszonyfa - S\u00e1rv\u00e1r","robots":{"index":"noindex","follow":"follow","max-snippet":"max-snippet:-1","max-image-preview":"max-image-preview:large","max-video-preview":"max-video-preview:-1"},"og_locale":"pl_PL","og_type":"article","og_title":"Ostffyasszonyfa - S\u00e1rv\u00e1r","og_description":"Ostffyasszonyfa znajduje si\u0119 niedaleko Celld\u00f6m\u00f6lk, tylko na 17,7 km od S\u00e1rv\u00e1r. Je\u015bli wi\u0119c wybierasz si\u0119 na wycieczk\u0119 na wzg\u00f3rze S\u00e1g w Cell, powiniene\u015b wybra\u0107 si\u0119 tak\u017ce do Ostffyasszonyfa! Zw\u0142aszcza, je\u015bli lubisz nieco bardziej ekstremalne programy, to tym najbardziej. Znajduje si\u0119 tu tor Pannonia Ring, na kt\u00f3rym odbywaj\u0105 si\u0119 liczne wy\u015bcigi motorowe i gdzie mo\u017cna te\u017c [&hellip;]","og_url":"https:\/\/sarvar.conedevel.com\/pl\/aktywnosc\/okolicy\/ostffyasszonyfa\/","og_site_name":"S\u00e1rv\u00e1r","article_publisher":"https:\/\/www.facebook.com\/tdmsarvar","article_modified_time":"2022-05-13T10:53:27+00:00","twitter_card":"summary_large_image","twitter_misc":{"Szacowany czas czytania":"2 minuty"},"schema":{"@context":"https:\/\/schema.org","@graph":[{"@type":"WebPage","@id":"https:\/\/sarvar.conedevel.com\/pl\/aktywnosc\/okolicy\/ostffyasszonyfa\/","url":"https:\/\/sarvar.conedevel.com\/pl\/aktywnosc\/okolicy\/ostffyasszonyfa\/","name":"Ostffyasszonyfa - S\u00e1rv\u00e1r","isPartOf":{"@id":"https:\/\/sarvar.conedevel.com\/#website"},"datePublished":"2022-05-12T13:43:54+00:00","dateModified":"2022-05-13T10:53:27+00:00","breadcrumb":{"@id":"https:\/\/sarvar.conedevel.com\/pl\/aktywnosc\/okolicy\/ostffyasszonyfa\/#breadcrumb"},"inLanguage":"pl-PL","potentialAction":[{"@type":"ReadAction","target":["https:\/\/sarvar.conedevel.com\/pl\/aktywnosc\/okolicy\/ostffyasszonyfa\/"]}]},{"@type":"BreadcrumbList","@id":"https:\/\/sarvar.conedevel.com\/pl\/aktywnosc\/okolicy\/ostffyasszonyfa\/#breadcrumb","itemListElement":[{"@type":"ListItem","position":1,"name":"Kezd\u0151lap","item":"https:\/\/sarvar.conedevel.com\/pl\/"},{"@type":"ListItem","position":2,"name":"Aktywno\u015b\u0107","item":"https:\/\/sarvar.conedevel.com\/pl\/aktywnosc\/"},{"@type":"ListItem","position":3,"name":"Odkryj nie tylko S\u00e1rv\u00e1r, ale r\u00f3wnie\u017c jego okolice!","item":"https:\/\/sarvar.conedevel.com\/pl\/aktywnosc\/okolicy\/"},{"@type":"ListItem","position":4,"name":"Ostffyasszonyfa"}]},{"@type":"WebSite","@id":"https:\/\/sarvar.conedevel.com\/#website","url":"https:\/\/sarvar.conedevel.com\/","name":"S\u00e1rv\u00e1r","description":"S\u00e1rv\u00e1ri sz\u00e1ll\u00e1shelyek, \u00e9ttermek, programok, l\u00e1tnival\u00f3k \u00e9s inform\u00e1ci\u00f3k - mind egy helyen S\u00e1rv\u00e1rr\u00f3l","potentialAction":[{"@type":"SearchAction","target":{"@type":"EntryPoint","urlTemplate":"https:\/\/sarvar.conedevel.com\/?s={search_term_string}"},"query-input":{"@type":"PropertyValueSpecification","valueRequired":true,"valueName":"search_term_string"}}],"inLanguage":"pl-PL"}]}},"_links":{"self":[{"href":"https:\/\/sarvar.conedevel.com\/pl\/wp-json\/wp\/v2\/pages\/13049","targetHints":{"allow":["GET"]}}],"collection":[{"href":"https:\/\/sarvar.conedevel.com\/pl\/wp-json\/wp\/v2\/pages"}],"about":[{"href":"https:\/\/sarvar.conedevel.com\/pl\/wp-json\/wp\/v2\/types\/page"}],"author":[{"embeddable":true,"href":"https:\/\/sarvar.conedevel.com\/pl\/wp-json\/wp\/v2\/users\/1"}],"replies":[{"embeddable":true,"href":"https:\/\/sarvar.conedevel.com\/pl\/wp-json\/wp\/v2\/comments?post=13049"}],"version-history":[{"count":0,"href":"https:\/\/sarvar.conedevel.com\/pl\/wp-json\/wp\/v2\/pages\/13049\/revisions"}],"up":[{"embeddable":true,"href":"https:\/\/sarvar.conedevel.com\/pl\/wp-json\/wp\/v2\/pages\/12744"}],"wp:attachment":[{"href":"https:\/\/sarvar.conedevel.com\/pl\/wp-json\/wp\/v2\/media?parent=13049"}],"curies":[{"name":"wp","href":"https:\/\/api.w.org\/{rel}","templated":true}]}}