{"id":13046,"date":"2022-05-12T13:25:26","date_gmt":"2022-05-12T13:25:26","guid":{"rendered":"https:\/\/sarvar.conedevel.com\/?page_id=13046"},"modified":"2022-05-13T10:52:21","modified_gmt":"2022-05-13T10:52:21","slug":"olbo","status":"publish","type":"page","link":"https:\/\/sarvar.conedevel.com\/pl\/aktywnosc\/okolicy\/olbo\/","title":{"rendered":"\u00d6lb\u0151"},"content":{"rendered":"\n<h2 class=\"wp-block-heading\">Miejscowo\u015b\u0107 \u00d6lb\u0151 jest oddalona od S\u00e1rv\u00e1r o zaledwie 10,8 km. Dzi\u0119ki temu jest to doskona\u0142e miejsce na wycieczk\u0119 rowerow\u0105. Zw\u0142aszcza, je\u015bli kochamy zio\u0142a i medycyn\u0119 alternatywn\u0105. W \u00d6lb\u0151 znajduje si\u0119 Dom Zi\u00f3\u0142 Leczniczych \u015bw. Miko\u0142aja&#8230;<\/h2>\n\n\n\n<p>Miejscowo\u015b\u0107 \u00d6lb\u0151 jest oddalona od S\u00e1rv\u00e1r o zaledwie 10,8 km. Dzi\u0119ki temu jest to doskona\u0142e miejsce na wycieczk\u0119 rowerow\u0105. Zw\u0142aszcza, je\u015bli kochamy zio\u0142a i medycyn\u0119 alternatywn\u0105. W \u00d6lb\u0151 znajduje si\u0119 Dom Zi\u00f3\u0142 Leczniczych \u015bw. Miko\u0142aja oraz Ogr\u00f3d Kneippa. Uprawia si\u0119 tu wiele r\u00f3\u017cnych zi\u00f3\u0142, kt\u00f3re s\u0105 tu te\u017c oczywi\u015bcie pakowane i sprzedawane. Wiele z tych produkt\u00f3w mo\u017cna naby\u0107 r\u00f3wnie\u017c u nas, w Biurze Tourinform. Je\u015bli wi\u0119c chcesz zabra\u0107 do domu jakie\u015b lokalne produkty wytwarzane w regionie, mo\u017cesz wybiera\u0107 spo\u015br\u00f3d herbat zio\u0142owych, syrop\u00f3w, miod\u00f3w i olejk\u00f3w. Ale to tylko u\u0142amek tego, co jest w ofercie. Zobacz pe\u0142n\u0105 list\u0119 produkt\u00f3w poni\u017cej. Powracaj\u0105c do \u00d6lb\u0151: je\u015bli rozejrza\u0142e\u015b si\u0119 ju\u017c w Domu Zi\u00f3\u0142 Leczniczych, przejd\u017a dalej po trasie spacerowej w Ogrodzie Kneippa. I dodatkowo zajrzyj do miejscowego jeziora w\u0119dkarskiego. S\u0105dzimy, \u017ce dobrze b\u0119dzie tu odpocz\u0105\u0107 przed powrotem do S\u00e1rv\u00e1r. Je\u015bli chcesz poje\u017adzi\u0107 na rowerze, w biurze Tourinform mo\u017cesz wypo\u017cyczy\u0107 rowery zwyk\u0142e i rowery elektryczne. Dzi\u0119ki nim mo\u017cna dotrze\u0107 nawet do Szeleste, granicz\u0105cego z \u00d6lb\u0151. Tutaj koniecznie odwied\u017a ogrody pa\u0142acu Festetich i tutejsze arboretum.<\/p>\n\n\n\n<p><strong>Co warto zobaczy\u0107::<\/strong><\/p>\n\n\n\n<ul class=\"wp-block-list\"><li><em>Dom Zi\u00f3\u0142 Leczniczych \u015bwi\u0119tego Miko\u0142aja i Ogr\u00f3d Kneipp<\/em><\/li><li><em>Jezioro w\u0119dkarskie w \u00d6lb\u0151<\/em><\/li><\/ul>\n\n\n\n<p><strong>Dom Zi\u00f3\u0142 Leczniczych \u015bwi\u0119tego Miko\u0142aja i Ogr\u00f3d Kneipp<\/strong><\/p>\n\n\n\n<figure><iframe loading=\"lazy\" width=\"610\" height=\"315\" src=\"https:\/\/www.youtube.com\/embed\/LdiRKkCxnro\" allowfullscreen=\"\"><\/iframe><\/figure>\n\n\n\n<p><br><\/p>\n","protected":false},"excerpt":{"rendered":"<p>Miejscowo\u015b\u0107 \u00d6lb\u0151 jest oddalona od S\u00e1rv\u00e1r o zaledwie 10,8 km. Dzi\u0119ki temu jest to doskona\u0142e miejsce na wycieczk\u0119 rowerow\u0105. Zw\u0142aszcza, je\u015bli kochamy zio\u0142a i medycyn\u0119 alternatywn\u0105. W \u00d6lb\u0151 znajduje si\u0119 Dom Zi\u00f3\u0142 Leczniczych \u015bw. Miko\u0142aja&#8230; Miejscowo\u015b\u0107 \u00d6lb\u0151 jest oddalona od S\u00e1rv\u00e1r o zaledwie 10,8 km. Dzi\u0119ki temu jest to doskona\u0142e miejsce na wycieczk\u0119 rowerow\u0105. Zw\u0142aszcza, [&hellip;]<\/p>\n","protected":false},"author":1,"featured_media":0,"parent":12744,"menu_order":0,"comment_status":"closed","ping_status":"closed","template":"","meta":{"_acf_changed":false,"footnotes":""},"class_list":["post-13046","page","type-page","status-publish","hentry"],"acf":[],"yoast_head":"<!-- This site is optimized with the Yoast SEO plugin v25.4 - https:\/\/yoast.com\/wordpress\/plugins\/seo\/ -->\n<title>\u00d6lb\u0151 - S\u00e1rv\u00e1r<\/title>\n<meta name=\"robots\" content=\"noindex, follow, max-snippet:-1, max-image-preview:large, max-video-preview:-1\" \/>\n<meta property=\"og:locale\" content=\"pl_PL\" \/>\n<meta property=\"og:type\" content=\"article\" \/>\n<meta property=\"og:title\" content=\"\u00d6lb\u0151 - S\u00e1rv\u00e1r\" \/>\n<meta property=\"og:description\" content=\"Miejscowo\u015b\u0107 \u00d6lb\u0151 jest oddalona od S\u00e1rv\u00e1r o zaledwie 10,8 km. Dzi\u0119ki temu jest to doskona\u0142e miejsce na wycieczk\u0119 rowerow\u0105. Zw\u0142aszcza, je\u015bli kochamy zio\u0142a i medycyn\u0119 alternatywn\u0105. W \u00d6lb\u0151 znajduje si\u0119 Dom Zi\u00f3\u0142 Leczniczych \u015bw. Miko\u0142aja&#8230; Miejscowo\u015b\u0107 \u00d6lb\u0151 jest oddalona od S\u00e1rv\u00e1r o zaledwie 10,8 km. Dzi\u0119ki temu jest to doskona\u0142e miejsce na wycieczk\u0119 rowerow\u0105. Zw\u0142aszcza, [&hellip;]\" \/>\n<meta property=\"og:url\" content=\"https:\/\/sarvar.conedevel.com\/pl\/aktywnosc\/okolicy\/olbo\/\" \/>\n<meta property=\"og:site_name\" content=\"S\u00e1rv\u00e1r\" \/>\n<meta property=\"article:publisher\" content=\"https:\/\/www.facebook.com\/tdmsarvar\" \/>\n<meta property=\"article:modified_time\" content=\"2022-05-13T10:52:21+00:00\" \/>\n<meta name=\"twitter:card\" content=\"summary_large_image\" \/>\n<meta name=\"twitter:label1\" content=\"Szacowany czas czytania\" \/>\n\t<meta name=\"twitter:data1\" content=\"2 minuty\" \/>\n<script type=\"application\/ld+json\" class=\"yoast-schema-graph\">{\"@context\":\"https:\/\/schema.org\",\"@graph\":[{\"@type\":\"WebPage\",\"@id\":\"https:\/\/sarvar.conedevel.com\/pl\/aktywnosc\/okolicy\/olbo\/\",\"url\":\"https:\/\/sarvar.conedevel.com\/pl\/aktywnosc\/okolicy\/olbo\/\",\"name\":\"\u00d6lb\u0151 - S\u00e1rv\u00e1r\",\"isPartOf\":{\"@id\":\"https:\/\/sarvar.conedevel.com\/#website\"},\"datePublished\":\"2022-05-12T13:25:26+00:00\",\"dateModified\":\"2022-05-13T10:52:21+00:00\",\"breadcrumb\":{\"@id\":\"https:\/\/sarvar.conedevel.com\/pl\/aktywnosc\/okolicy\/olbo\/#breadcrumb\"},\"inLanguage\":\"pl-PL\",\"potentialAction\":[{\"@type\":\"ReadAction\",\"target\":[\"https:\/\/sarvar.conedevel.com\/pl\/aktywnosc\/okolicy\/olbo\/\"]}]},{\"@type\":\"BreadcrumbList\",\"@id\":\"https:\/\/sarvar.conedevel.com\/pl\/aktywnosc\/okolicy\/olbo\/#breadcrumb\",\"itemListElement\":[{\"@type\":\"ListItem\",\"position\":1,\"name\":\"Kezd\u0151lap\",\"item\":\"https:\/\/sarvar.conedevel.com\/pl\/\"},{\"@type\":\"ListItem\",\"position\":2,\"name\":\"Aktywno\u015b\u0107\",\"item\":\"https:\/\/sarvar.conedevel.com\/pl\/aktywnosc\/\"},{\"@type\":\"ListItem\",\"position\":3,\"name\":\"Odkryj nie tylko S\u00e1rv\u00e1r, ale r\u00f3wnie\u017c jego okolice!\",\"item\":\"https:\/\/sarvar.conedevel.com\/pl\/aktywnosc\/okolicy\/\"},{\"@type\":\"ListItem\",\"position\":4,\"name\":\"\u00d6lb\u0151\"}]},{\"@type\":\"WebSite\",\"@id\":\"https:\/\/sarvar.conedevel.com\/#website\",\"url\":\"https:\/\/sarvar.conedevel.com\/\",\"name\":\"S\u00e1rv\u00e1r\",\"description\":\"S\u00e1rv\u00e1ri sz\u00e1ll\u00e1shelyek, \u00e9ttermek, programok, l\u00e1tnival\u00f3k \u00e9s inform\u00e1ci\u00f3k - mind egy helyen S\u00e1rv\u00e1rr\u00f3l\",\"potentialAction\":[{\"@type\":\"SearchAction\",\"target\":{\"@type\":\"EntryPoint\",\"urlTemplate\":\"https:\/\/sarvar.conedevel.com\/?s={search_term_string}\"},\"query-input\":{\"@type\":\"PropertyValueSpecification\",\"valueRequired\":true,\"valueName\":\"search_term_string\"}}],\"inLanguage\":\"pl-PL\"}]}<\/script>\n<!-- \/ Yoast SEO plugin. -->","yoast_head_json":{"title":"\u00d6lb\u0151 - S\u00e1rv\u00e1r","robots":{"index":"noindex","follow":"follow","max-snippet":"max-snippet:-1","max-image-preview":"max-image-preview:large","max-video-preview":"max-video-preview:-1"},"og_locale":"pl_PL","og_type":"article","og_title":"\u00d6lb\u0151 - S\u00e1rv\u00e1r","og_description":"Miejscowo\u015b\u0107 \u00d6lb\u0151 jest oddalona od S\u00e1rv\u00e1r o zaledwie 10,8 km. Dzi\u0119ki temu jest to doskona\u0142e miejsce na wycieczk\u0119 rowerow\u0105. Zw\u0142aszcza, je\u015bli kochamy zio\u0142a i medycyn\u0119 alternatywn\u0105. W \u00d6lb\u0151 znajduje si\u0119 Dom Zi\u00f3\u0142 Leczniczych \u015bw. Miko\u0142aja&#8230; Miejscowo\u015b\u0107 \u00d6lb\u0151 jest oddalona od S\u00e1rv\u00e1r o zaledwie 10,8 km. Dzi\u0119ki temu jest to doskona\u0142e miejsce na wycieczk\u0119 rowerow\u0105. Zw\u0142aszcza, [&hellip;]","og_url":"https:\/\/sarvar.conedevel.com\/pl\/aktywnosc\/okolicy\/olbo\/","og_site_name":"S\u00e1rv\u00e1r","article_publisher":"https:\/\/www.facebook.com\/tdmsarvar","article_modified_time":"2022-05-13T10:52:21+00:00","twitter_card":"summary_large_image","twitter_misc":{"Szacowany czas czytania":"2 minuty"},"schema":{"@context":"https:\/\/schema.org","@graph":[{"@type":"WebPage","@id":"https:\/\/sarvar.conedevel.com\/pl\/aktywnosc\/okolicy\/olbo\/","url":"https:\/\/sarvar.conedevel.com\/pl\/aktywnosc\/okolicy\/olbo\/","name":"\u00d6lb\u0151 - S\u00e1rv\u00e1r","isPartOf":{"@id":"https:\/\/sarvar.conedevel.com\/#website"},"datePublished":"2022-05-12T13:25:26+00:00","dateModified":"2022-05-13T10:52:21+00:00","breadcrumb":{"@id":"https:\/\/sarvar.conedevel.com\/pl\/aktywnosc\/okolicy\/olbo\/#breadcrumb"},"inLanguage":"pl-PL","potentialAction":[{"@type":"ReadAction","target":["https:\/\/sarvar.conedevel.com\/pl\/aktywnosc\/okolicy\/olbo\/"]}]},{"@type":"BreadcrumbList","@id":"https:\/\/sarvar.conedevel.com\/pl\/aktywnosc\/okolicy\/olbo\/#breadcrumb","itemListElement":[{"@type":"ListItem","position":1,"name":"Kezd\u0151lap","item":"https:\/\/sarvar.conedevel.com\/pl\/"},{"@type":"ListItem","position":2,"name":"Aktywno\u015b\u0107","item":"https:\/\/sarvar.conedevel.com\/pl\/aktywnosc\/"},{"@type":"ListItem","position":3,"name":"Odkryj nie tylko S\u00e1rv\u00e1r, ale r\u00f3wnie\u017c jego okolice!","item":"https:\/\/sarvar.conedevel.com\/pl\/aktywnosc\/okolicy\/"},{"@type":"ListItem","position":4,"name":"\u00d6lb\u0151"}]},{"@type":"WebSite","@id":"https:\/\/sarvar.conedevel.com\/#website","url":"https:\/\/sarvar.conedevel.com\/","name":"S\u00e1rv\u00e1r","description":"S\u00e1rv\u00e1ri sz\u00e1ll\u00e1shelyek, \u00e9ttermek, programok, l\u00e1tnival\u00f3k \u00e9s inform\u00e1ci\u00f3k - mind egy helyen S\u00e1rv\u00e1rr\u00f3l","potentialAction":[{"@type":"SearchAction","target":{"@type":"EntryPoint","urlTemplate":"https:\/\/sarvar.conedevel.com\/?s={search_term_string}"},"query-input":{"@type":"PropertyValueSpecification","valueRequired":true,"valueName":"search_term_string"}}],"inLanguage":"pl-PL"}]}},"_links":{"self":[{"href":"https:\/\/sarvar.conedevel.com\/pl\/wp-json\/wp\/v2\/pages\/13046","targetHints":{"allow":["GET"]}}],"collection":[{"href":"https:\/\/sarvar.conedevel.com\/pl\/wp-json\/wp\/v2\/pages"}],"about":[{"href":"https:\/\/sarvar.conedevel.com\/pl\/wp-json\/wp\/v2\/types\/page"}],"author":[{"embeddable":true,"href":"https:\/\/sarvar.conedevel.com\/pl\/wp-json\/wp\/v2\/users\/1"}],"replies":[{"embeddable":true,"href":"https:\/\/sarvar.conedevel.com\/pl\/wp-json\/wp\/v2\/comments?post=13046"}],"version-history":[{"count":0,"href":"https:\/\/sarvar.conedevel.com\/pl\/wp-json\/wp\/v2\/pages\/13046\/revisions"}],"up":[{"embeddable":true,"href":"https:\/\/sarvar.conedevel.com\/pl\/wp-json\/wp\/v2\/pages\/12744"}],"wp:attachment":[{"href":"https:\/\/sarvar.conedevel.com\/pl\/wp-json\/wp\/v2\/media?parent=13046"}],"curies":[{"name":"wp","href":"https:\/\/api.w.org\/{rel}","templated":true}]}}