{"id":12951,"date":"2022-05-03T13:51:21","date_gmt":"2022-05-03T13:51:21","guid":{"rendered":"https:\/\/sarvar.conedevel.com\/?page_id=12951"},"modified":"2022-05-03T13:51:41","modified_gmt":"2022-05-03T13:51:41","slug":"kald","status":"publish","type":"page","link":"https:\/\/sarvar.conedevel.com\/pl\/aktywnosc\/okolicy\/kald\/","title":{"rendered":"K\u00e1ld"},"content":{"rendered":"\n<h2 class=\"wp-block-heading\">Granica osady rozci\u0105ga si\u0119 w cz\u0119\u015bci Lasu Farkas, gdzie przebiega r\u00f3wnie\u017c trasa Krajowego Niebieskiego Szlaku.<\/h2>\n\n\n\n<p>Ale nie tylko \u201eniebiescy w\u0119drownicy\u201d przychodz\u0105 tutaj. Wielu z tych, kt\u00f3rzy przyje\u017cd\u017caj\u0105 do S\u00e1rv\u00e1r, r\u00f3wnie\u017c wk\u0142ada wygodne buty i wybiera si\u0119 na tutejszy du\u017cy spacer. Nawiasem m\u00f3wi\u0105c, K\u00e1ld jest tylko o 14,5 km oddalony od S\u00e1rv\u00e1r, wi\u0119c mo\u017cna do niego dojecha\u0107 te\u017c rowerem. Po w\u0119dr\u00f3wce rowerowej mo\u017cecie zregenerowa\u0107 zm\u0119czone mi\u0119\u015bnie w wodzie termalnej.&nbsp;<\/p>\n\n\n\n<p><em>Dlaczego wi\u0119c warto wybra\u0107 si\u0119 na wycieczk\u0119 do K\u00e1ld? Oto, co mo\u017cna tu obejrze\u0107<\/em><\/p>\n\n\n\n<ul class=\"wp-block-list\"><li><em>Las Farkas<\/em><\/li><li><em>Ko\u015bci\u00f3\u0142 \u015bw. Jana Chrzciciela<\/em><\/li><li><em>Pa\u0142ac K\u00e1ldy<\/em><\/li><li><em>Pa\u0142ac M\u00e1rothy<\/em><\/li><li><em>Szitamajor<\/em><\/li><\/ul>\n\n\n\n<p>W K\u00e1ld, w lesie Farkas, mo\u017cna znale\u017a\u0107 300-letnie d\u0119by wied\u017amy, buki Lajos o chronionej warto\u015bci przyrodniczej oraz drzewa \u015bwiadki, d\u0119by szypu\u0142kowe z gospodarstwa J\u00f3zsef-major, kt\u00f3re r\u00f3wnie\u017c podlegaj\u0105 ochronie. Zabytkami wsi s\u0105 p\u00f3\u017anobarokowy ko\u015bci\u00f3\u0142 katolicki (\u015bw. Jana Chrzciciela), kt\u00f3rego ciekawostk\u0105 s\u0105 obrazy w o\u0142tarzu bocznym wiede\u0144skiego malarza akademickiego Istv\u00e1na Dorfmeistera, zbudowane r\u00f3wnie\u017c w okresie p\u00f3\u017anego baroku pa\u0142ac K\u00e1ldy (apteka) i pa\u0142ac Mar\u00f3thy (restauracja Hubertus), a tak\u017ce zbudowana w stylu romantycznym stajnia stadniny koni z wybiegiem dla \u017arebak\u00f3w w Sitamajor.<\/p>\n\n\n\n<p>Je\u015bli nabra\u0142e\u015b ochoty do odkrycia tych atrakcji w pobli\u017cu S\u00e1rv\u00e1r, <a href=\"https:\/\/sarvar.conedevel.com\/aktivitas\/kerekparkolcsonzes\/\">mo\u017cesz wypo\u017cyczy\u0107 rowery albo u nas albo w biurze Tourinform<\/a>.<\/p>\n\n\n\n<p><br><\/p>\n","protected":false},"excerpt":{"rendered":"<p>Granica osady rozci\u0105ga si\u0119 w cz\u0119\u015bci Lasu Farkas, gdzie przebiega r\u00f3wnie\u017c trasa Krajowego Niebieskiego Szlaku. Ale nie tylko \u201eniebiescy w\u0119drownicy\u201d przychodz\u0105 tutaj. Wielu z tych, kt\u00f3rzy przyje\u017cd\u017caj\u0105 do S\u00e1rv\u00e1r, r\u00f3wnie\u017c wk\u0142ada wygodne buty i wybiera si\u0119 na tutejszy du\u017cy spacer. Nawiasem m\u00f3wi\u0105c, K\u00e1ld jest tylko o 14,5 km oddalony od S\u00e1rv\u00e1r, wi\u0119c mo\u017cna do niego [&hellip;]<\/p>\n","protected":false},"author":1,"featured_media":0,"parent":12744,"menu_order":0,"comment_status":"closed","ping_status":"closed","template":"","meta":{"_acf_changed":false,"footnotes":""},"class_list":["post-12951","page","type-page","status-publish","hentry"],"acf":[],"yoast_head":"<!-- This site is optimized with the Yoast SEO plugin v25.4 - https:\/\/yoast.com\/wordpress\/plugins\/seo\/ -->\n<title>K\u00e1ld - S\u00e1rv\u00e1r<\/title>\n<meta name=\"robots\" content=\"noindex, follow, max-snippet:-1, max-image-preview:large, max-video-preview:-1\" \/>\n<meta property=\"og:locale\" content=\"pl_PL\" \/>\n<meta property=\"og:type\" content=\"article\" \/>\n<meta property=\"og:title\" content=\"K\u00e1ld - S\u00e1rv\u00e1r\" \/>\n<meta property=\"og:description\" content=\"Granica osady rozci\u0105ga si\u0119 w cz\u0119\u015bci Lasu Farkas, gdzie przebiega r\u00f3wnie\u017c trasa Krajowego Niebieskiego Szlaku. Ale nie tylko \u201eniebiescy w\u0119drownicy\u201d przychodz\u0105 tutaj. Wielu z tych, kt\u00f3rzy przyje\u017cd\u017caj\u0105 do S\u00e1rv\u00e1r, r\u00f3wnie\u017c wk\u0142ada wygodne buty i wybiera si\u0119 na tutejszy du\u017cy spacer. Nawiasem m\u00f3wi\u0105c, K\u00e1ld jest tylko o 14,5 km oddalony od S\u00e1rv\u00e1r, wi\u0119c mo\u017cna do niego [&hellip;]\" \/>\n<meta property=\"og:url\" content=\"https:\/\/sarvar.conedevel.com\/pl\/aktywnosc\/okolicy\/kald\/\" \/>\n<meta property=\"og:site_name\" content=\"S\u00e1rv\u00e1r\" \/>\n<meta property=\"article:publisher\" content=\"https:\/\/www.facebook.com\/tdmsarvar\" \/>\n<meta property=\"article:modified_time\" content=\"2022-05-03T13:51:41+00:00\" \/>\n<meta name=\"twitter:card\" content=\"summary_large_image\" \/>\n<meta name=\"twitter:label1\" content=\"Szacowany czas czytania\" \/>\n\t<meta name=\"twitter:data1\" content=\"2 minuty\" \/>\n<script type=\"application\/ld+json\" class=\"yoast-schema-graph\">{\"@context\":\"https:\/\/schema.org\",\"@graph\":[{\"@type\":\"WebPage\",\"@id\":\"https:\/\/sarvar.conedevel.com\/pl\/aktywnosc\/okolicy\/kald\/\",\"url\":\"https:\/\/sarvar.conedevel.com\/pl\/aktywnosc\/okolicy\/kald\/\",\"name\":\"K\u00e1ld - S\u00e1rv\u00e1r\",\"isPartOf\":{\"@id\":\"https:\/\/sarvar.conedevel.com\/#website\"},\"datePublished\":\"2022-05-03T13:51:21+00:00\",\"dateModified\":\"2022-05-03T13:51:41+00:00\",\"breadcrumb\":{\"@id\":\"https:\/\/sarvar.conedevel.com\/pl\/aktywnosc\/okolicy\/kald\/#breadcrumb\"},\"inLanguage\":\"pl-PL\",\"potentialAction\":[{\"@type\":\"ReadAction\",\"target\":[\"https:\/\/sarvar.conedevel.com\/pl\/aktywnosc\/okolicy\/kald\/\"]}]},{\"@type\":\"BreadcrumbList\",\"@id\":\"https:\/\/sarvar.conedevel.com\/pl\/aktywnosc\/okolicy\/kald\/#breadcrumb\",\"itemListElement\":[{\"@type\":\"ListItem\",\"position\":1,\"name\":\"Kezd\u0151lap\",\"item\":\"https:\/\/sarvar.conedevel.com\/pl\/\"},{\"@type\":\"ListItem\",\"position\":2,\"name\":\"Aktywno\u015b\u0107\",\"item\":\"https:\/\/sarvar.conedevel.com\/pl\/aktywnosc\/\"},{\"@type\":\"ListItem\",\"position\":3,\"name\":\"Odkryj nie tylko S\u00e1rv\u00e1r, ale r\u00f3wnie\u017c jego okolice!\",\"item\":\"https:\/\/sarvar.conedevel.com\/pl\/aktywnosc\/okolicy\/\"},{\"@type\":\"ListItem\",\"position\":4,\"name\":\"K\u00e1ld\"}]},{\"@type\":\"WebSite\",\"@id\":\"https:\/\/sarvar.conedevel.com\/#website\",\"url\":\"https:\/\/sarvar.conedevel.com\/\",\"name\":\"S\u00e1rv\u00e1r\",\"description\":\"S\u00e1rv\u00e1ri sz\u00e1ll\u00e1shelyek, \u00e9ttermek, programok, l\u00e1tnival\u00f3k \u00e9s inform\u00e1ci\u00f3k - mind egy helyen S\u00e1rv\u00e1rr\u00f3l\",\"potentialAction\":[{\"@type\":\"SearchAction\",\"target\":{\"@type\":\"EntryPoint\",\"urlTemplate\":\"https:\/\/sarvar.conedevel.com\/?s={search_term_string}\"},\"query-input\":{\"@type\":\"PropertyValueSpecification\",\"valueRequired\":true,\"valueName\":\"search_term_string\"}}],\"inLanguage\":\"pl-PL\"}]}<\/script>\n<!-- \/ Yoast SEO plugin. -->","yoast_head_json":{"title":"K\u00e1ld - S\u00e1rv\u00e1r","robots":{"index":"noindex","follow":"follow","max-snippet":"max-snippet:-1","max-image-preview":"max-image-preview:large","max-video-preview":"max-video-preview:-1"},"og_locale":"pl_PL","og_type":"article","og_title":"K\u00e1ld - S\u00e1rv\u00e1r","og_description":"Granica osady rozci\u0105ga si\u0119 w cz\u0119\u015bci Lasu Farkas, gdzie przebiega r\u00f3wnie\u017c trasa Krajowego Niebieskiego Szlaku. Ale nie tylko \u201eniebiescy w\u0119drownicy\u201d przychodz\u0105 tutaj. Wielu z tych, kt\u00f3rzy przyje\u017cd\u017caj\u0105 do S\u00e1rv\u00e1r, r\u00f3wnie\u017c wk\u0142ada wygodne buty i wybiera si\u0119 na tutejszy du\u017cy spacer. Nawiasem m\u00f3wi\u0105c, K\u00e1ld jest tylko o 14,5 km oddalony od S\u00e1rv\u00e1r, wi\u0119c mo\u017cna do niego [&hellip;]","og_url":"https:\/\/sarvar.conedevel.com\/pl\/aktywnosc\/okolicy\/kald\/","og_site_name":"S\u00e1rv\u00e1r","article_publisher":"https:\/\/www.facebook.com\/tdmsarvar","article_modified_time":"2022-05-03T13:51:41+00:00","twitter_card":"summary_large_image","twitter_misc":{"Szacowany czas czytania":"2 minuty"},"schema":{"@context":"https:\/\/schema.org","@graph":[{"@type":"WebPage","@id":"https:\/\/sarvar.conedevel.com\/pl\/aktywnosc\/okolicy\/kald\/","url":"https:\/\/sarvar.conedevel.com\/pl\/aktywnosc\/okolicy\/kald\/","name":"K\u00e1ld - S\u00e1rv\u00e1r","isPartOf":{"@id":"https:\/\/sarvar.conedevel.com\/#website"},"datePublished":"2022-05-03T13:51:21+00:00","dateModified":"2022-05-03T13:51:41+00:00","breadcrumb":{"@id":"https:\/\/sarvar.conedevel.com\/pl\/aktywnosc\/okolicy\/kald\/#breadcrumb"},"inLanguage":"pl-PL","potentialAction":[{"@type":"ReadAction","target":["https:\/\/sarvar.conedevel.com\/pl\/aktywnosc\/okolicy\/kald\/"]}]},{"@type":"BreadcrumbList","@id":"https:\/\/sarvar.conedevel.com\/pl\/aktywnosc\/okolicy\/kald\/#breadcrumb","itemListElement":[{"@type":"ListItem","position":1,"name":"Kezd\u0151lap","item":"https:\/\/sarvar.conedevel.com\/pl\/"},{"@type":"ListItem","position":2,"name":"Aktywno\u015b\u0107","item":"https:\/\/sarvar.conedevel.com\/pl\/aktywnosc\/"},{"@type":"ListItem","position":3,"name":"Odkryj nie tylko S\u00e1rv\u00e1r, ale r\u00f3wnie\u017c jego okolice!","item":"https:\/\/sarvar.conedevel.com\/pl\/aktywnosc\/okolicy\/"},{"@type":"ListItem","position":4,"name":"K\u00e1ld"}]},{"@type":"WebSite","@id":"https:\/\/sarvar.conedevel.com\/#website","url":"https:\/\/sarvar.conedevel.com\/","name":"S\u00e1rv\u00e1r","description":"S\u00e1rv\u00e1ri sz\u00e1ll\u00e1shelyek, \u00e9ttermek, programok, l\u00e1tnival\u00f3k \u00e9s inform\u00e1ci\u00f3k - mind egy helyen S\u00e1rv\u00e1rr\u00f3l","potentialAction":[{"@type":"SearchAction","target":{"@type":"EntryPoint","urlTemplate":"https:\/\/sarvar.conedevel.com\/?s={search_term_string}"},"query-input":{"@type":"PropertyValueSpecification","valueRequired":true,"valueName":"search_term_string"}}],"inLanguage":"pl-PL"}]}},"_links":{"self":[{"href":"https:\/\/sarvar.conedevel.com\/pl\/wp-json\/wp\/v2\/pages\/12951","targetHints":{"allow":["GET"]}}],"collection":[{"href":"https:\/\/sarvar.conedevel.com\/pl\/wp-json\/wp\/v2\/pages"}],"about":[{"href":"https:\/\/sarvar.conedevel.com\/pl\/wp-json\/wp\/v2\/types\/page"}],"author":[{"embeddable":true,"href":"https:\/\/sarvar.conedevel.com\/pl\/wp-json\/wp\/v2\/users\/1"}],"replies":[{"embeddable":true,"href":"https:\/\/sarvar.conedevel.com\/pl\/wp-json\/wp\/v2\/comments?post=12951"}],"version-history":[{"count":0,"href":"https:\/\/sarvar.conedevel.com\/pl\/wp-json\/wp\/v2\/pages\/12951\/revisions"}],"up":[{"embeddable":true,"href":"https:\/\/sarvar.conedevel.com\/pl\/wp-json\/wp\/v2\/pages\/12744"}],"wp:attachment":[{"href":"https:\/\/sarvar.conedevel.com\/pl\/wp-json\/wp\/v2\/media?parent=12951"}],"curies":[{"name":"wp","href":"https:\/\/api.w.org\/{rel}","templated":true}]}}