{"id":12744,"date":"2022-04-04T11:15:04","date_gmt":"2022-04-04T11:15:04","guid":{"rendered":"https:\/\/sarvar.conedevel.com\/?page_id=12744"},"modified":"2022-05-13T10:53:07","modified_gmt":"2022-05-13T10:53:07","slug":"okolicy","status":"publish","type":"page","link":"https:\/\/sarvar.conedevel.com\/pl\/aktywnosc\/okolicy\/","title":{"rendered":"Odkryj nie tylko S\u00e1rv\u00e1r, ale r\u00f3wnie\u017c jego okolice!"},"content":{"rendered":"\n<div class=\"wp-block-media-text alignwide is-stacked-on-mobile\"><figure class=\"wp-block-media-text__media\"><img loading=\"lazy\" decoding=\"async\" width=\"900\" height=\"600\" src=\"https:\/\/sarvar.conedevel.com\/wp-content\/uploads\/2019\/11\/er_boraszat1_1-3-2.jpg\" alt=\"\" class=\"wp-image-5995 size-full\" srcset=\"https:\/\/sarvar.conedevel.com\/wp-content\/uploads\/2019\/11\/er_boraszat1_1-3-2.jpg 900w, https:\/\/sarvar.conedevel.com\/wp-content\/uploads\/2019\/11\/er_boraszat1_1-3-2-300x200.jpg 300w, https:\/\/sarvar.conedevel.com\/wp-content\/uploads\/2019\/11\/er_boraszat1_1-3-2-768x512.jpg 768w\" sizes=\"auto, (max-width: 900px) 100vw, 900px\" \/><\/figure><div class=\"wp-block-media-text__content\">\n<h2 class=\"wp-block-heading\" id=\"celldomolk\">Celld\u00f6m\u00f6lk<\/h2>\n\n\n\n<p><strong>Historia tego uroczego miasteczka jest \u015bci\u015ble zwi\u0105zana ze statu\u0105 z Celli, kt\u00f3ra jest skarbem rzymskokatolickiego ko\u015bcio\u0142a parafialnego pod wezwaniem Naj\u015bwi\u0119tszej Marii Panny, b\u0119d\u0105c\u0105 jednocze\u015bnie wa\u017cnym zabytkiem sakralnym w miasteczku Kiscell.<\/strong><\/p>\n\n\n\n<p>This magnificent building has a footprint of a Latin <em>Celld\u00f6m\u00f6lk jest oddalony zaledwie o 21 km od S\u00e1rv\u00e1r. Je\u015bli wi\u0119c wybierasz si\u0119 na d\u0142u\u017cszy pobyt w celu odnowy biologicznej lub na urlop, odwied\u017a r\u00f3wnie\u017c to miasto. A tak\u017ce obejrzyj jego okolice Bo nie tylko miasto, ale r\u00f3wnie\u017c g\u00f3ra S\u00e1g jest warta wycieczki.&nbsp;<\/em> <a href=\"https:\/\/sarvar.conedevel.com\/pl\/aktywnosc\/okolicy\/celldomolk\/?lang=en\">\u00bb\u00bb\u00bb<\/a><\/p>\n<\/div><\/div>\n\n\n\n<div class=\"wp-block-columns has-2-columns is-layout-flex wp-container-core-columns-is-layout-9d6595d7 wp-block-columns-is-layout-flex\">\n<div class=\"wp-block-column is-layout-flow wp-block-column-is-layout-flow\">\n<h2 class=\"wp-block-heading\" id=\"ikervar\"><strong>Ikerv\u00e1r<\/strong><\/h2>\n\n\n\n<p><strong>O bogatej przesz\u0142o\u015bci historycznej miejscowo\u015bci Ikerv\u00e1r, le\u017c\u0105cej w dolinie rzeki R\u00e1ba, \u015bwiadcz\u0105 rzymskie pozosta\u0142o\u015bci wyrob\u00f3w garncarskich i znaleziska z 140 grob\u00f3w cmentarza z okresu za\u0142o\u017cenia pa\u0144stwa w\u0119gierskiego.<\/strong><\/p>\n\n\n\n<p>Je\u015bli jecha\u0142e\u015b do S\u00e1rv\u00e1r z Szombathely drog\u0105 nr 86, na pewno widzia\u0142e\u015b w oddali turbiny wiatrowe. Znale\u017a\u0107 je mo\u017cna na granicy Ikerv\u00e1r. Ale w tej miejscowo\u015bci wykorzystywana jest nie tylko energia wiatrowa. Przep\u0142ywa tu rzeka Raba, wi\u0119c energia czerpana jest r\u00f3wnie\u017c z si\u0142y wody. &nbsp; <a href=\"https:\/\/sarvar.conedevel.com\/pl\/aktywnosc\/okolicy\/ikervar\/\">\u00bb\u00bb\u00bb<\/a><\/p>\n<\/div>\n\n\n\n<div class=\"wp-block-column is-layout-flow wp-block-column-is-layout-flow\">\n<h2 class=\"wp-block-heading\" id=\"kald\"><strong>K\u00e1ld<\/strong><\/h2>\n\n\n\n<p><strong>Granica osady rozci\u0105ga si\u0119 w cz\u0119\u015bci Lasu Farkas, gdzie przebiega r\u00f3wnie\u017c trasa Krajowego Niebieskiego Szlaku.<\/strong><\/p>\n\n\n\n<p>Some monuments of interest int he village are the late-baroque catholic church (St. John the Baptist), the sights of Ale nie tylko \u201eniebiescy w\u0119drownicy\u201d przychodz\u0105 tutaj. Wielu z tych, kt\u00f3rzy przyje\u017cd\u017caj\u0105 do S\u00e1rv\u00e1r, r\u00f3wnie\u017c wk\u0142ada wygodne buty i wybiera si\u0119 na tutejszy du\u017cy spacer. Nawiasem m\u00f3wi\u0105c, K\u00e1ld jest tylko o 14,5 km oddalony od S\u00e1rv\u00e1r, wi\u0119c mo\u017cna do niego dojecha\u0107 te\u017c rowerem. Po w\u0119dr\u00f3wce rowerowej mo\u017cecie zregenerowa\u0107 zm\u0119czone mi\u0119\u015bnie w wodzie termalnej.&nbsp;<br><a href=\"https:\/\/sarvar.conedevel.com\/pl\/aktywnosc\/okolicy\/kald\/\"> \u00bb\u00bb\u00bb<\/a><\/p>\n<\/div>\n<\/div>\n\n\n\n<div class=\"wp-block-media-text alignwide has-media-on-the-right is-stacked-on-mobile\"><figure class=\"wp-block-media-text__media\"><img loading=\"lazy\" decoding=\"async\" width=\"1024\" height=\"768\" src=\"http:\/\/sarvar.conedevel.com\/wp-content\/uploads\/2019\/11\/thumb_981_default_large-1024x768.jpeg\" alt=\"\" class=\"wp-image-6011 size-full\" srcset=\"https:\/\/sarvar.conedevel.com\/wp-content\/uploads\/2019\/11\/thumb_981_default_large-1024x768.jpeg 1024w, https:\/\/sarvar.conedevel.com\/wp-content\/uploads\/2019\/11\/thumb_981_default_large-300x225.jpeg 300w, https:\/\/sarvar.conedevel.com\/wp-content\/uploads\/2019\/11\/thumb_981_default_large-768x576.jpeg 768w, https:\/\/sarvar.conedevel.com\/wp-content\/uploads\/2019\/11\/thumb_981_default_large.jpeg 1280w\" sizes=\"auto, (max-width: 1024px) 100vw, 1024px\" \/><\/figure><div class=\"wp-block-media-text__content\">\n<h2 class=\"wp-block-heading\" id=\"koszeg\"><strong>K\u0151szeg<\/strong> <\/h2>\n\n\n\n<p><strong>W p\u00f3\u0142nocno-zachodniej cz\u0119\u015bci wojew\u00f3dztwa Vas mo\u017cemy znale\u017a\u0107 niezr\u00f3wnany skarb: 12-tysi\u0119czny K\u0151szeg jest jednym z najbardziej urokliwych ma\u0142ych miasteczek na W\u0119grzech. Chowa w sobie tysi\u0105ce skarb\u00f3w historycznych, kulturowych i przyrodniczych, wi\u0119c warto pozna\u0107 cenne zabytki miasta \u201ehonorowych kas\u201d.<\/strong><\/p>\n\n\n\n<p>Niestety, K\u0151szeg nie le\u017cy zbyt blisko S\u00e1rv\u00e1r. Przynajmniej jazda rowerem nie jest wskazana, ale mo\u017cna dojecha\u0107 tam samochodem w dobre p\u00f3\u0142 godziny. Odleg\u0142o\u015b\u0107 mi\u0119dzy S\u00e1rv\u00e1r a K\u0151szeg wynosi 41 km. Je\u015bli lubisz nastr\u00f3j ma\u0142ych miasteczek, zajrzyj koniecznie do K\u0151szeg.&nbsp; <a href=\"https:\/\/sarvar.conedevel.com\/pl\/aktywnosc\/okolicy\/koszeg\/\" target=\"_blank\" rel=\"noreferrer noopener\">\u00bb\u00bb\u00bb<\/a><\/p>\n<\/div><\/div>\n\n\n\n<div class=\"wp-block-columns has-2-columns is-layout-flex wp-container-core-columns-is-layout-9d6595d7 wp-block-columns-is-layout-flex\">\n<div class=\"wp-block-column is-layout-flow wp-block-column-is-layout-flow\">\n<h2 class=\"wp-block-heading\" id=\"csenye\"><strong>Cs\u00e9nye<\/strong> <\/h2>\n\n\n\n<p><strong>Dom parafialny w wiosce obok potoku Gy\u00f6ngy\u00f6s jest jednym z najstarszych w wojew\u00f3dztwie.<\/strong><\/p>\n\n\n\n<p>Ko\u015bci\u00f3\u0142 jest pod wezwaniem \u015awi\u0119tego Jana Nepomucena. Interesuj\u0105cym miejscem s\u0105 Stacje na ulicy De\u00e1k Ferenc, kt\u00f3re prowadz\u0105 do XIX-wiecznej kaplicy na ko\u0144cu ulicy. W dawnej niezale\u017cnej miejscowo\u015bci F\u0171zt\u00fc, kt\u00f3ra jest teraz cz\u0119\u015bci\u0105 osady, znajduje si\u0119 stajnia stadniny koni, zbudowana w 1906 r. w stylu neoempirowym, a jej zabytkowy budynek jest wa\u017cna pami\u0105tk\u0105 historii rolnictwa. <a href=\"https:\/\/sarvar.conedevel.com\/pl\/aktywnosc\/okolicy\/csenye\/\" target=\"_blank\" rel=\"noreferrer noopener\">\u00bb\u00bb\u00bb<\/a><\/p>\n<\/div>\n\n\n\n<div class=\"wp-block-column is-layout-flow wp-block-column-is-layout-flow\">\n<h2 class=\"wp-block-heading\" id=\"sitke\">Sitke<\/h2>\n\n\n\n<p><strong>Miejscowo\u015b\u0107 Sitke jest po\u0142o\u017cona na 8,2 km od miasta S\u00e1rv\u00e1r, na drodze do Celld\u00f6m\u00f6lk.<\/strong><\/p>\n\n\n\n<p><em>Nazwa tej miejscowo\u015bci mo\u017ce by\u0107 dla wielu znana. A zw\u0142aszcza wielbicielom muzyki rock. W 1986 r. kompozytor Fec\u00f3 Bal\u00e1zs zorganizowa\u0142 festiwal rockowy na rzecz renowacji miejscowej kaplicy, kt\u00f3ry od tamtej pory odbywa si\u0119 co roku na wzg\u00f3rzu na skraju wioski.<\/em>  <a href=\"https:\/\/sarvar.conedevel.com\/pl\/aktywnosc\/okolicy\/sitke\/\" target=\"_blank\" rel=\"noreferrer noopener\">\u00bb\u00bb\u00bb<\/a><\/p>\n<\/div>\n<\/div>\n\n\n\n<figure class=\"wp-block-image\"><img loading=\"lazy\" decoding=\"async\" width=\"1024\" height=\"572\" src=\"http:\/\/sarvar.conedevel.com\/wp-content\/uploads\/2019\/11\/bg_image1-2-1024x572.jpg\" alt=\"\" class=\"wp-image-5991\" srcset=\"https:\/\/sarvar.conedevel.com\/wp-content\/uploads\/2019\/11\/bg_image1-2-1024x572.jpg 1024w, https:\/\/sarvar.conedevel.com\/wp-content\/uploads\/2019\/11\/bg_image1-2-1400x782.jpg 1400w, https:\/\/sarvar.conedevel.com\/wp-content\/uploads\/2019\/11\/bg_image1-2-300x168.jpg 300w, https:\/\/sarvar.conedevel.com\/wp-content\/uploads\/2019\/11\/bg_image1-2-768x429.jpg 768w, https:\/\/sarvar.conedevel.com\/wp-content\/uploads\/2019\/11\/bg_image1-2.jpg 1920w\" sizes=\"auto, (max-width: 1024px) 100vw, 1024px\" \/><\/figure>\n\n\n\n<div class=\"wp-block-columns has-2-columns is-layout-flex wp-container-core-columns-is-layout-9d6595d7 wp-block-columns-is-layout-flex\">\n<div class=\"wp-block-column is-layout-flow wp-block-column-is-layout-flow\">\n<h2 class=\"wp-block-heading\" id=\"szombathely\"><strong>Szombathely<\/strong><\/h2>\n\n\n\n<p><strong>Je\u015bli b\u0119dziesz w S\u00e1rv\u00e1r i zatrzymasz si\u0119 u nas na d\u0142u\u017cej, powiniene\u015b odwiedzi\u0107 tak\u017ce siedzib\u0119 wojew\u00f3dztwa- Vas! Szombathely jest oddalone od nas dos\u0142ownie o 26 km.<\/strong><\/p>\n\n\n\n<p>Najszybszym sposobem dotarcia do Szombathely jest skorzystanie z drogi szybkiego ruchu 86, kt\u00f3r\u0105 mo\u017cna dojecha\u0107 tam w ci\u0105gu kwadransa. <a href=\"https:\/\/sarvar.conedevel.com\/pl\/aktywnosc\/okolicy\/szombathely\/\" target=\"_blank\" rel=\"noreferrer noopener\">\u00bb\u00bb<\/a><\/p>\n<\/div>\n\n\n\n<div class=\"wp-block-column is-layout-flow wp-block-column-is-layout-flow\">\n<h2 class=\"wp-block-heading\" id=\"szeleste\"><strong>Szeleste<\/strong><\/h2>\n\n\n\n<p><strong>Odleg\u0142o\u015b\u0107 mi\u0119dzy Szeleste i S\u00e1rv\u00e1r wynosi 15 km. Je\u015bli jeste\u015bmy wielbicielami wyj\u0105tkowych ro\u015blin i zadbanych ogrod\u00f3w, warto pokona\u0107 t\u0119 odleg\u0142o\u015b\u0107.<\/strong><\/p>\n\n\n\n<p>Na dawnym dziedzi\u0144cu tutejszego pa\u0142acu Festetich znajduje si\u0119 arboretum o powierzchni 13 hektar\u00f3w. W Arboretum mo\u017cna podziwia\u0107 500 r\u00f3\u017cnorodnych gatunk\u00f3w ro\u015blin. <a href=\"https:\/\/sarvar.conedevel.com\/pl\/aktywnosc\/okolicy\/szeleste\/\" target=\"_blank\" rel=\"noreferrer noopener\">\u00bb\u00bb\u00bb<\/a><\/p>\n<\/div>\n<\/div>\n\n\n\n<h2 class=\"wp-block-heading\"><strong>\u00d6lb\u0151<\/strong><\/h2>\n\n\n\n<p>Miejscowo\u015b\u0107 \u00d6lb\u0151 jest oddalona od S\u00e1rv\u00e1r o zaledwie 10,8 km. Dzi\u0119ki temu jest to doskona\u0142e miejsce na wycieczk\u0119 rowerow\u0105. Zw\u0142aszcza, je\u015bli kochamy zio\u0142a i medycyn\u0119 alternatywn\u0105. W \u00d6lb\u0151 znajduje si\u0119 Dom Zi\u00f3\u0142 Leczniczych \u015bw. Miko\u0142aja&#8230; <a href=\"https:\/\/sarvar.conedevel.com\/pl\/aktywnosc\/okolicy\/olbo\/\">\u00bb\u00bb\u00bb<\/a><\/p>\n\n\n\n<h2 class=\"wp-block-heading\" id=\"ostffyasszonyfa\"><strong>Ostffyasszonyfa<\/strong><\/h2>\n\n\n\n<p><strong>Ostffyasszonyfa znajduje si\u0119 niedaleko Celld\u00f6m\u00f6lk, tylko na 17,7 km od S\u00e1rv\u00e1r.<\/strong><\/p>\n\n\n\n<p>Je\u015bli wi\u0119c wybierasz si\u0119 na wycieczk\u0119 na wzg\u00f3rze S\u00e1g w Cell, powiniene\u015b wybra\u0107 si\u0119 tak\u017ce do Ostffyasszonyfa! Zw\u0142aszcza, je\u015bli lubisz nieco bardziej ekstremalne programy, to tym najbardziej. <a href=\"https:\/\/sarvar.conedevel.com\/pl\/aktywnosc\/okolicy\/ostffyasszonyfa\/\" target=\"_blank\" rel=\"noreferrer noopener\">\u00bb\u00bb\u00bb<\/a><\/p>\n","protected":false},"excerpt":{"rendered":"<p>Celld\u00f6m\u00f6lk Historia tego uroczego miasteczka jest \u015bci\u015ble zwi\u0105zana ze statu\u0105 z Celli, kt\u00f3ra jest skarbem rzymskokatolickiego ko\u015bcio\u0142a parafialnego pod wezwaniem Naj\u015bwi\u0119tszej Marii Panny, b\u0119d\u0105c\u0105 jednocze\u015bnie wa\u017cnym zabytkiem sakralnym w miasteczku Kiscell. This magnificent building has a footprint of a Latin Celld\u00f6m\u00f6lk jest oddalony zaledwie o 21 km od S\u00e1rv\u00e1r. Je\u015bli wi\u0119c wybierasz si\u0119 na d\u0142u\u017cszy [&hellip;]<\/p>\n","protected":false},"author":1,"featured_media":0,"parent":12731,"menu_order":0,"comment_status":"closed","ping_status":"closed","template":"","meta":{"_acf_changed":false,"footnotes":""},"class_list":["post-12744","page","type-page","status-publish","hentry"],"acf":[],"yoast_head":"<!-- This site is optimized with the Yoast SEO plugin v25.4 - https:\/\/yoast.com\/wordpress\/plugins\/seo\/ -->\n<title>Odkryj nie tylko S\u00e1rv\u00e1r, ale r\u00f3wnie\u017c jego okolice! - S\u00e1rv\u00e1r<\/title>\n<meta name=\"robots\" content=\"noindex, follow, max-snippet:-1, max-image-preview:large, max-video-preview:-1\" \/>\n<meta property=\"og:locale\" content=\"pl_PL\" \/>\n<meta property=\"og:type\" content=\"article\" \/>\n<meta property=\"og:title\" content=\"Odkryj nie tylko S\u00e1rv\u00e1r, ale r\u00f3wnie\u017c jego okolice! - S\u00e1rv\u00e1r\" \/>\n<meta property=\"og:description\" content=\"Celld\u00f6m\u00f6lk Historia tego uroczego miasteczka jest \u015bci\u015ble zwi\u0105zana ze statu\u0105 z Celli, kt\u00f3ra jest skarbem rzymskokatolickiego ko\u015bcio\u0142a parafialnego pod wezwaniem Naj\u015bwi\u0119tszej Marii Panny, b\u0119d\u0105c\u0105 jednocze\u015bnie wa\u017cnym zabytkiem sakralnym w miasteczku Kiscell. This magnificent building has a footprint of a Latin Celld\u00f6m\u00f6lk jest oddalony zaledwie o 21 km od S\u00e1rv\u00e1r. Je\u015bli wi\u0119c wybierasz si\u0119 na d\u0142u\u017cszy [&hellip;]\" \/>\n<meta property=\"og:url\" content=\"https:\/\/sarvar.conedevel.com\/pl\/aktywnosc\/okolicy\/\" \/>\n<meta property=\"og:site_name\" content=\"S\u00e1rv\u00e1r\" \/>\n<meta property=\"article:publisher\" content=\"https:\/\/www.facebook.com\/tdmsarvar\" \/>\n<meta property=\"article:modified_time\" content=\"2022-05-13T10:53:07+00:00\" \/>\n<meta property=\"og:image\" content=\"https:\/\/sarvar.conedevel.com\/wp-content\/uploads\/2019\/11\/er_boraszat1_1-3-2.jpg\" \/>\n<meta name=\"twitter:card\" content=\"summary_large_image\" \/>\n<meta name=\"twitter:label1\" content=\"Szacowany czas czytania\" \/>\n\t<meta name=\"twitter:data1\" content=\"4 minuty\" \/>\n<script type=\"application\/ld+json\" class=\"yoast-schema-graph\">{\"@context\":\"https:\/\/schema.org\",\"@graph\":[{\"@type\":\"WebPage\",\"@id\":\"https:\/\/sarvar.conedevel.com\/pl\/aktywnosc\/okolicy\/\",\"url\":\"https:\/\/sarvar.conedevel.com\/pl\/aktywnosc\/okolicy\/\",\"name\":\"Odkryj nie tylko S\u00e1rv\u00e1r, ale r\u00f3wnie\u017c jego okolice! - S\u00e1rv\u00e1r\",\"isPartOf\":{\"@id\":\"https:\/\/sarvar.conedevel.com\/#website\"},\"primaryImageOfPage\":{\"@id\":\"https:\/\/sarvar.conedevel.com\/pl\/aktywnosc\/okolicy\/#primaryimage\"},\"image\":{\"@id\":\"https:\/\/sarvar.conedevel.com\/pl\/aktywnosc\/okolicy\/#primaryimage\"},\"thumbnailUrl\":\"https:\/\/sarvar.conedevel.com\/wp-content\/uploads\/2019\/11\/er_boraszat1_1-3-2.jpg\",\"datePublished\":\"2022-04-04T11:15:04+00:00\",\"dateModified\":\"2022-05-13T10:53:07+00:00\",\"breadcrumb\":{\"@id\":\"https:\/\/sarvar.conedevel.com\/pl\/aktywnosc\/okolicy\/#breadcrumb\"},\"inLanguage\":\"pl-PL\",\"potentialAction\":[{\"@type\":\"ReadAction\",\"target\":[\"https:\/\/sarvar.conedevel.com\/pl\/aktywnosc\/okolicy\/\"]}]},{\"@type\":\"ImageObject\",\"inLanguage\":\"pl-PL\",\"@id\":\"https:\/\/sarvar.conedevel.com\/pl\/aktywnosc\/okolicy\/#primaryimage\",\"url\":\"https:\/\/sarvar.conedevel.com\/wp-content\/uploads\/2019\/11\/er_boraszat1_1-3-2.jpg\",\"contentUrl\":\"https:\/\/sarvar.conedevel.com\/wp-content\/uploads\/2019\/11\/er_boraszat1_1-3-2.jpg\"},{\"@type\":\"BreadcrumbList\",\"@id\":\"https:\/\/sarvar.conedevel.com\/pl\/aktywnosc\/okolicy\/#breadcrumb\",\"itemListElement\":[{\"@type\":\"ListItem\",\"position\":1,\"name\":\"Kezd\u0151lap\",\"item\":\"https:\/\/sarvar.conedevel.com\/pl\/\"},{\"@type\":\"ListItem\",\"position\":2,\"name\":\"Aktywno\u015b\u0107\",\"item\":\"https:\/\/sarvar.conedevel.com\/pl\/aktywnosc\/\"},{\"@type\":\"ListItem\",\"position\":3,\"name\":\"Odkryj nie tylko S\u00e1rv\u00e1r, ale r\u00f3wnie\u017c jego okolice!\"}]},{\"@type\":\"WebSite\",\"@id\":\"https:\/\/sarvar.conedevel.com\/#website\",\"url\":\"https:\/\/sarvar.conedevel.com\/\",\"name\":\"S\u00e1rv\u00e1r\",\"description\":\"S\u00e1rv\u00e1ri sz\u00e1ll\u00e1shelyek, \u00e9ttermek, programok, l\u00e1tnival\u00f3k \u00e9s inform\u00e1ci\u00f3k - mind egy helyen S\u00e1rv\u00e1rr\u00f3l\",\"potentialAction\":[{\"@type\":\"SearchAction\",\"target\":{\"@type\":\"EntryPoint\",\"urlTemplate\":\"https:\/\/sarvar.conedevel.com\/?s={search_term_string}\"},\"query-input\":{\"@type\":\"PropertyValueSpecification\",\"valueRequired\":true,\"valueName\":\"search_term_string\"}}],\"inLanguage\":\"pl-PL\"}]}<\/script>\n<!-- \/ Yoast SEO plugin. -->","yoast_head_json":{"title":"Odkryj nie tylko S\u00e1rv\u00e1r, ale r\u00f3wnie\u017c jego okolice! - S\u00e1rv\u00e1r","robots":{"index":"noindex","follow":"follow","max-snippet":"max-snippet:-1","max-image-preview":"max-image-preview:large","max-video-preview":"max-video-preview:-1"},"og_locale":"pl_PL","og_type":"article","og_title":"Odkryj nie tylko S\u00e1rv\u00e1r, ale r\u00f3wnie\u017c jego okolice! - S\u00e1rv\u00e1r","og_description":"Celld\u00f6m\u00f6lk Historia tego uroczego miasteczka jest \u015bci\u015ble zwi\u0105zana ze statu\u0105 z Celli, kt\u00f3ra jest skarbem rzymskokatolickiego ko\u015bcio\u0142a parafialnego pod wezwaniem Naj\u015bwi\u0119tszej Marii Panny, b\u0119d\u0105c\u0105 jednocze\u015bnie wa\u017cnym zabytkiem sakralnym w miasteczku Kiscell. This magnificent building has a footprint of a Latin Celld\u00f6m\u00f6lk jest oddalony zaledwie o 21 km od S\u00e1rv\u00e1r. Je\u015bli wi\u0119c wybierasz si\u0119 na d\u0142u\u017cszy [&hellip;]","og_url":"https:\/\/sarvar.conedevel.com\/pl\/aktywnosc\/okolicy\/","og_site_name":"S\u00e1rv\u00e1r","article_publisher":"https:\/\/www.facebook.com\/tdmsarvar","article_modified_time":"2022-05-13T10:53:07+00:00","og_image":[{"url":"https:\/\/sarvar.conedevel.com\/wp-content\/uploads\/2019\/11\/er_boraszat1_1-3-2.jpg","type":"","width":"","height":""}],"twitter_card":"summary_large_image","twitter_misc":{"Szacowany czas czytania":"4 minuty"},"schema":{"@context":"https:\/\/schema.org","@graph":[{"@type":"WebPage","@id":"https:\/\/sarvar.conedevel.com\/pl\/aktywnosc\/okolicy\/","url":"https:\/\/sarvar.conedevel.com\/pl\/aktywnosc\/okolicy\/","name":"Odkryj nie tylko S\u00e1rv\u00e1r, ale r\u00f3wnie\u017c jego okolice! - S\u00e1rv\u00e1r","isPartOf":{"@id":"https:\/\/sarvar.conedevel.com\/#website"},"primaryImageOfPage":{"@id":"https:\/\/sarvar.conedevel.com\/pl\/aktywnosc\/okolicy\/#primaryimage"},"image":{"@id":"https:\/\/sarvar.conedevel.com\/pl\/aktywnosc\/okolicy\/#primaryimage"},"thumbnailUrl":"https:\/\/sarvar.conedevel.com\/wp-content\/uploads\/2019\/11\/er_boraszat1_1-3-2.jpg","datePublished":"2022-04-04T11:15:04+00:00","dateModified":"2022-05-13T10:53:07+00:00","breadcrumb":{"@id":"https:\/\/sarvar.conedevel.com\/pl\/aktywnosc\/okolicy\/#breadcrumb"},"inLanguage":"pl-PL","potentialAction":[{"@type":"ReadAction","target":["https:\/\/sarvar.conedevel.com\/pl\/aktywnosc\/okolicy\/"]}]},{"@type":"ImageObject","inLanguage":"pl-PL","@id":"https:\/\/sarvar.conedevel.com\/pl\/aktywnosc\/okolicy\/#primaryimage","url":"https:\/\/sarvar.conedevel.com\/wp-content\/uploads\/2019\/11\/er_boraszat1_1-3-2.jpg","contentUrl":"https:\/\/sarvar.conedevel.com\/wp-content\/uploads\/2019\/11\/er_boraszat1_1-3-2.jpg"},{"@type":"BreadcrumbList","@id":"https:\/\/sarvar.conedevel.com\/pl\/aktywnosc\/okolicy\/#breadcrumb","itemListElement":[{"@type":"ListItem","position":1,"name":"Kezd\u0151lap","item":"https:\/\/sarvar.conedevel.com\/pl\/"},{"@type":"ListItem","position":2,"name":"Aktywno\u015b\u0107","item":"https:\/\/sarvar.conedevel.com\/pl\/aktywnosc\/"},{"@type":"ListItem","position":3,"name":"Odkryj nie tylko S\u00e1rv\u00e1r, ale r\u00f3wnie\u017c jego okolice!"}]},{"@type":"WebSite","@id":"https:\/\/sarvar.conedevel.com\/#website","url":"https:\/\/sarvar.conedevel.com\/","name":"S\u00e1rv\u00e1r","description":"S\u00e1rv\u00e1ri sz\u00e1ll\u00e1shelyek, \u00e9ttermek, programok, l\u00e1tnival\u00f3k \u00e9s inform\u00e1ci\u00f3k - mind egy helyen S\u00e1rv\u00e1rr\u00f3l","potentialAction":[{"@type":"SearchAction","target":{"@type":"EntryPoint","urlTemplate":"https:\/\/sarvar.conedevel.com\/?s={search_term_string}"},"query-input":{"@type":"PropertyValueSpecification","valueRequired":true,"valueName":"search_term_string"}}],"inLanguage":"pl-PL"}]}},"_links":{"self":[{"href":"https:\/\/sarvar.conedevel.com\/pl\/wp-json\/wp\/v2\/pages\/12744","targetHints":{"allow":["GET"]}}],"collection":[{"href":"https:\/\/sarvar.conedevel.com\/pl\/wp-json\/wp\/v2\/pages"}],"about":[{"href":"https:\/\/sarvar.conedevel.com\/pl\/wp-json\/wp\/v2\/types\/page"}],"author":[{"embeddable":true,"href":"https:\/\/sarvar.conedevel.com\/pl\/wp-json\/wp\/v2\/users\/1"}],"replies":[{"embeddable":true,"href":"https:\/\/sarvar.conedevel.com\/pl\/wp-json\/wp\/v2\/comments?post=12744"}],"version-history":[{"count":0,"href":"https:\/\/sarvar.conedevel.com\/pl\/wp-json\/wp\/v2\/pages\/12744\/revisions"}],"up":[{"embeddable":true,"href":"https:\/\/sarvar.conedevel.com\/pl\/wp-json\/wp\/v2\/pages\/12731"}],"wp:attachment":[{"href":"https:\/\/sarvar.conedevel.com\/pl\/wp-json\/wp\/v2\/media?parent=12744"}],"curies":[{"name":"wp","href":"https:\/\/api.w.org\/{rel}","templated":true}]}}