{"id":12731,"date":"2022-04-04T11:03:01","date_gmt":"2022-04-04T11:03:01","guid":{"rendered":"https:\/\/sarvar.conedevel.com\/?page_id=12731"},"modified":"2022-11-30T12:39:32","modified_gmt":"2022-11-30T12:39:32","slug":"aktywnosc","status":"publish","type":"page","link":"https:\/\/sarvar.conedevel.com\/pl\/aktywnosc\/","title":{"rendered":"Aktywno\u015b\u0107"},"content":{"rendered":"\n<h2 class=\"wp-block-heading\" id=\"aktivitas\">B\u0105d\u017a aktywny, baw si\u0119 dobrze!<\/h2>\n\n\n\n<p>Je\u015bli ca\u0142y dzie\u0144 tylko si\u0119 k\u0105piemy, od tego wellness nie b\u0119dzie pe\u0142nym do\u015bwiadczeniem. Aby si\u0119 zrelaksowa\u0107, potrzebne s\u0105 programy i atrakcje. Na szcz\u0119\u015bcie w S\u00e1rv\u00e1r jest wiele mo\u017cliwo\u015bci, by jak najpo\u017cyteczniej sp\u0119dzi\u0107 czas. Pomi\u0119dzy dwoma k\u0105pielami zaanga\u017cuj si\u0119 te\u017c w jaki\u015b aktywny program! Mamy ju\u017c dla Ciebie kilka pomys\u0142\u00f3w.<\/p>\n\n\n\n<div style=\"height:20px\" aria-hidden=\"true\" class=\"wp-block-spacer\"><\/div>\n\n\n\r\n<section id=\"tiles-block_5db84073c89b9\" class=\"row testimonial-content-section alignwide\">\r\n\t\t    \t\t    \t\t<div class=\"col-12 col-sm-6 col-md-6 col-lg-3\">\r\n\t    \t\t\t\t\t<a href=\"\" class=\"testimonial-item\" style=\"background-image: url(https:\/\/sarvar.conedevel.com\/wp-content\/uploads\/2022\/11\/web_MA2_3702-800x800.jpg);\">\r\n\t\t\t\t\t\t\t\t\t\t\t<h3 class=\"testimonial-item__title\">Muzeum Ferency N\u00e1dasdy<\/h3>\r\n\t\t\t\t\t\t\t\t\t<\/a>\r\n\t\t\t<\/div>\r\n\t    \t    \t\t    \t\t<div class=\"col-12 col-sm-6 col-md-6 col-lg-3\">\r\n\t    \t\t\t\t\t<a href=\"\" class=\"testimonial-item\" style=\"background-image: url(https:\/\/sarvar.conedevel.com\/wp-content\/uploads\/2022\/11\/web_MA2_1339-800x800.jpg);\">\r\n\t\t\t\t\t\t\t\t\t\t\t<h3 class=\"testimonial-item__title\">Zielone atrakcje<\/h3>\r\n\t\t\t\t\t\t\t\t\t<\/a>\r\n\t\t\t<\/div>\r\n\t    \t    \t\t    \t\t<div class=\"col-12 col-sm-6 col-md-6 col-lg-3\">\r\n\t    \t\t\t\t\t<a href=\"\" class=\"testimonial-item\" style=\"background-image: url(https:\/\/sarvar.conedevel.com\/wp-content\/uploads\/2022\/11\/web_MA2_3475-800x800.jpg);\">\r\n\t\t\t\t\t\t\t\t\t\t\t<h3 class=\"testimonial-item__title\">Park przyg\u00f3d<\/h3>\r\n\t\t\t\t\t\t\t\t\t<\/a>\r\n\t\t\t<\/div>\r\n\t    \t    \t\t    \t\t<div class=\"col-12 col-sm-6 col-md-6 col-lg-3\">\r\n\t    \t\t\t\t\t<a href=\"\" class=\"testimonial-item\" style=\"background-image: url(https:\/\/sarvar.conedevel.com\/wp-content\/uploads\/2022\/11\/web_MA2_1223-800x800.jpg);\">\r\n\t\t\t\t\t\t\t\t\t\t\t<h3 class=\"testimonial-item__title\">Sport<\/h3>\r\n\t\t\t\t\t\t\t\t\t<\/a>\r\n\t\t\t<\/div>\r\n\t    \t    \t\t    \t\t<div class=\"col-12 col-sm-6 col-md-6 col-lg-3\">\r\n\t    \t\t\t\t\t<a href=\"\" class=\"testimonial-item\" style=\"background-image: url(https:\/\/sarvar.conedevel.com\/wp-content\/uploads\/2022\/11\/web_MA2_0670-800x800.jpg);\">\r\n\t\t\t\t\t\t\t\t\t\t\t<h3 class=\"testimonial-item__title\">Mo\u017cliwo\u015b\u0107 jazdy konnej<\/h3>\r\n\t\t\t\t\t\t\t\t\t<\/a>\r\n\t\t\t<\/div>\r\n\t    \t    \t\t    \t\t<div class=\"col-12 col-sm-6 col-md-6 col-lg-3\">\r\n\t    \t\t\t\t\t<a href=\"\" class=\"testimonial-item\" style=\"background-image: url(https:\/\/sarvar.conedevel.com\/wp-content\/uploads\/2022\/11\/web_MA2_0447-800x800.jpg);\">\r\n\t\t\t\t\t\t\t\t\t\t\t<h3 class=\"testimonial-item__title\">Wypo\u017cyczalnia rower\u00f3w<\/h3>\r\n\t\t\t\t\t\t\t\t\t<\/a>\r\n\t\t\t<\/div>\r\n\t    \t    \t\t    \t\t<div class=\"col-12 col-sm-6 col-md-6 col-lg-3\">\r\n\t    \t\t\t\t\t<a href=\"\" class=\"testimonial-item\" style=\"background-image: url(https:\/\/sarvar.conedevel.com\/wp-content\/uploads\/2022\/11\/web_MA2_3307-800x800.jpg);\">\r\n\t\t\t\t\t\t\t\t\t\t\t<h3 class=\"testimonial-item__title\">Us\u0142ugi Wellness<\/h3>\r\n\t\t\t\t\t\t\t\t\t<\/a>\r\n\t\t\t<\/div>\r\n\t    \t    \t\t    \t\t<div class=\"col-12 col-sm-6 col-md-6 col-lg-3\">\r\n\t    \t\t\t\t\t<a href=\"\" class=\"testimonial-item\" style=\"background-image: url(https:\/\/sarvar.conedevel.com\/wp-content\/uploads\/2022\/11\/young-woman-relaxing-spa-salon-800x800.jpg);\">\r\n\t\t\t\t\t\t\t\t\t\t\t<h3 class=\"testimonial-item__title\">Us\u0142ugi upi\u0119kszaj\u0105ce<\/h3>\r\n\t\t\t\t\t\t\t\t\t<\/a>\r\n\t\t\t<\/div>\r\n\t    <\/section>\n\n\n<h2 class=\"wp-block-heading\" id=\"okos-elmenyek\"><em>\u201eM\u0105dre\u201d atrakcje<\/em><\/h2>\n\n\n\n<p>Relaxation is completed by real-life experiences. That\u2019s why we don\u2019t encourage you to keep Dopiero prze\u017cyte na w\u0142asnej sk\u00f3rze atrakcyjne do\u015bwiadczenia dope\u0142niaj\u0105 ten odpoczynek. Dlatego te\u017c nie zach\u0119camy do trzymania telefonu kom\u00f3rkowego przy sobie przez ca\u0142y czas pobytu w wellness. Z wyj\u0105tkiem sytuacji, gdy chcesz uwieczni\u0107 nim swoje prze\u017cycia w S\u00e1rv\u00e1r i u\u017cy\u0107 urz\u0105dze\u0144 cyfrowych, aby nada\u0107 dodatkowy wymiar swojemu relaksowi&#8230; Je\u015bli jeste\u015b otwarty na nowo\u015bci i chcesz odkrywa\u0107 miasto w zabawny spos\u00f3b, skorzystaj z naszej aplikacji&nbsp;Alternavigo lub zeskanuj telefonem kody QR na ka\u017cdym przystanku na szlakach tematycznych. Map\u0119 do tras mo\u017cesz zdoby\u0107&nbsp;<a href=\"https:\/\/sarvar.conedevel.com\/pl\/informaciok\/tourinform-es-tdm-iroda\/\">w biurze Tourinform<\/a><\/p>\n\n\n\n<figure class=\"wp-block-gallery alignwide columns-2 is-cropped wp-block-gallery-1 is-layout-flex wp-block-gallery-is-layout-flex\"><ul class=\"blocks-gallery-grid\"><li class=\"blocks-gallery-item\"><figure><img loading=\"lazy\" decoding=\"async\" width=\"682\" height=\"1024\" src=\"http:\/\/sarvar.conedevel.com\/wp-content\/uploads\/2019\/11\/wellness-S\u00e1rv\u00e1r-tematikus-tura-682x1024.jpg\" alt=\"\" data-id=\"6674\" data-full-url=\"http:\/\/sarvar.conedevel.com\/wp-content\/uploads\/2019\/11\/wellness-S\u00e1rv\u00e1r-tematikus-tura.jpg\" data-link=\"http:\/\/sarvar.conedevel.com\/aktivitas\/wellness-sarvar-tematikus-tura-2\/\" class=\"wp-image-6674\" srcset=\"https:\/\/sarvar.conedevel.com\/wp-content\/uploads\/2019\/11\/wellness-S\u00e1rv\u00e1r-tematikus-tura-682x1024.jpg 682w, https:\/\/sarvar.conedevel.com\/wp-content\/uploads\/2019\/11\/wellness-S\u00e1rv\u00e1r-tematikus-tura-200x300.jpg 200w, https:\/\/sarvar.conedevel.com\/wp-content\/uploads\/2019\/11\/wellness-S\u00e1rv\u00e1r-tematikus-tura-768x1152.jpg 768w, https:\/\/sarvar.conedevel.com\/wp-content\/uploads\/2019\/11\/wellness-S\u00e1rv\u00e1r-tematikus-tura-1024x1536.jpg 1024w, https:\/\/sarvar.conedevel.com\/wp-content\/uploads\/2019\/11\/wellness-S\u00e1rv\u00e1r-tematikus-tura.jpg 1333w\" sizes=\"auto, (max-width: 682px) 100vw, 682px\" \/><\/figure><\/li><li class=\"blocks-gallery-item\"><figure><img loading=\"lazy\" decoding=\"async\" width=\"682\" height=\"1024\" src=\"http:\/\/sarvar.conedevel.com\/wp-content\/uploads\/2019\/11\/S\u00e1rv\u00e1r-wellness-N\u00e1dasdy-v\u00e1r-682x1024.jpg\" alt=\"\" data-id=\"6678\" data-full-url=\"http:\/\/sarvar.conedevel.com\/wp-content\/uploads\/2019\/11\/S\u00e1rv\u00e1r-wellness-N\u00e1dasdy-v\u00e1r.jpg\" data-link=\"http:\/\/sarvar.conedevel.com\/aktivitas\/sarvar-wellness-nadasdy-var-2\/\" class=\"wp-image-6678\" srcset=\"https:\/\/sarvar.conedevel.com\/wp-content\/uploads\/2019\/11\/S\u00e1rv\u00e1r-wellness-N\u00e1dasdy-v\u00e1r-682x1024.jpg 682w, https:\/\/sarvar.conedevel.com\/wp-content\/uploads\/2019\/11\/S\u00e1rv\u00e1r-wellness-N\u00e1dasdy-v\u00e1r-200x300.jpg 200w, https:\/\/sarvar.conedevel.com\/wp-content\/uploads\/2019\/11\/S\u00e1rv\u00e1r-wellness-N\u00e1dasdy-v\u00e1r-768x1152.jpg 768w, https:\/\/sarvar.conedevel.com\/wp-content\/uploads\/2019\/11\/S\u00e1rv\u00e1r-wellness-N\u00e1dasdy-v\u00e1r-1024x1536.jpg 1024w, https:\/\/sarvar.conedevel.com\/wp-content\/uploads\/2019\/11\/S\u00e1rv\u00e1r-wellness-N\u00e1dasdy-v\u00e1r.jpg 1333w\" sizes=\"auto, (max-width: 682px) 100vw, 682px\" \/><\/figure><\/li><\/ul><\/figure>\n\n\n\n<h2 class=\"wp-block-heading\" id=\"kerekparberles\">CIUFCIA-SIHU<\/h2>\n\n\n\n<p>Zwiedzaj miasto, u\u017cywaj\u0105c, jako \u015brodka komunikacji <a href=\"https:\/\/sarvar.conedevel.com\/pl\/aktywnosc\/sihu\/\">Ciufci\u0119 w S\u00e1rv\u00e1r, kolejki do zwiedzania miasta<\/a>.<\/p>\n\n\n\n<h2 class=\"wp-block-heading\"><strong>Wypo\u017cyczanie rower\u00f3w<\/strong><\/h2>\n\n\n\n<p>Wynajmij rower elektryczny&nbsp;<a href=\"https:\/\/sarvar.conedevel.com\/pl\/informaciok\/tourinform-es-tdm-iroda\/\">w Biurze Tourinform<\/a> i objed\u017a nim wko\u0142o ca\u0142e miasto. Ewentualnie odkryj turystyczne obiekty w okolicy S\u00e1rv\u00e1r.<\/p>\n\n\n\n<div class=\"wp-block-button aligncenter\"><a class=\"wp-block-button__link has-green-background-color has-background\" href=\"https:\/\/sarvar.conedevel.com\/pl\/aktywnosc\/okolicy\/\">Atrakcje w okolicy<\/a><\/div>\n\n\n\n<p>Je\u015bli potrzebujesz pomocy w zaplanowaniu swojej trasy, klikaj\u0105c na poni\u017cszy przycisk, zobaczysz niekt\u00f3re trasy w\u0119dr\u00f3wek. Je\u015bli szukasz aktywnego wypoczynku, powiniene\u015b przejrze\u0107 oferty.<\/p>\n\n\n\n<hr class=\"wp-block-separator is-style-default\"\/>\n\n\n\n<div class=\"wp-block-button aligncenter\"><a class=\"wp-block-button__link\" href=\"http:\/\/sarvar.conedevel.com\/en\/aktivitas\/kerekparturak\/\">W\u0119dr\u00f3wki rowerowe<\/a><\/div>\n\n\n\n<p>A je\u015bli nie znalaz\u0142e\u015b tego, czego szuka\u0142e\u015b, lub je\u015bli masz pytanie dotycz\u0105ce kt\u00f3rej\u015b z atrakcji lub us\u0142ugi w S\u00e1rv\u00e1r lub jego okolicach,&nbsp;<a href=\"https:\/\/sarvar.conedevel.com\/pl\/informaciok\/tourinform-es-tdm-iroda\/\">napisz do nas lub zadzwo\u0144.<\/a><\/p>\n","protected":false},"excerpt":{"rendered":"<p>B\u0105d\u017a aktywny, baw si\u0119 dobrze! Je\u015bli ca\u0142y dzie\u0144 tylko si\u0119 k\u0105piemy, od tego wellness nie b\u0119dzie pe\u0142nym do\u015bwiadczeniem. Aby si\u0119 zrelaksowa\u0107, potrzebne s\u0105 programy i atrakcje. Na szcz\u0119\u015bcie w S\u00e1rv\u00e1r jest wiele mo\u017cliwo\u015bci, by jak najpo\u017cyteczniej sp\u0119dzi\u0107 czas. Pomi\u0119dzy dwoma k\u0105pielami zaanga\u017cuj si\u0119 te\u017c w jaki\u015b aktywny program! Mamy ju\u017c dla Ciebie kilka pomys\u0142\u00f3w. \u201eM\u0105dre\u201d [&hellip;]<\/p>\n","protected":false},"author":1,"featured_media":12123,"parent":0,"menu_order":0,"comment_status":"closed","ping_status":"closed","template":"","meta":{"_acf_changed":false,"footnotes":""},"class_list":["post-12731","page","type-page","status-publish","has-post-thumbnail","hentry"],"acf":[],"yoast_head":"<!-- This site is optimized with the Yoast SEO plugin v25.4 - https:\/\/yoast.com\/wordpress\/plugins\/seo\/ -->\n<title>Aktywno\u015b\u0107 - S\u00e1rv\u00e1r<\/title>\n<meta name=\"robots\" content=\"noindex, follow, max-snippet:-1, max-image-preview:large, max-video-preview:-1\" \/>\n<meta property=\"og:locale\" content=\"pl_PL\" \/>\n<meta property=\"og:type\" content=\"article\" \/>\n<meta property=\"og:title\" content=\"Aktywno\u015b\u0107 - S\u00e1rv\u00e1r\" \/>\n<meta property=\"og:description\" content=\"B\u0105d\u017a aktywny, baw si\u0119 dobrze! Je\u015bli ca\u0142y dzie\u0144 tylko si\u0119 k\u0105piemy, od tego wellness nie b\u0119dzie pe\u0142nym do\u015bwiadczeniem. Aby si\u0119 zrelaksowa\u0107, potrzebne s\u0105 programy i atrakcje. Na szcz\u0119\u015bcie w S\u00e1rv\u00e1r jest wiele mo\u017cliwo\u015bci, by jak najpo\u017cyteczniej sp\u0119dzi\u0107 czas. Pomi\u0119dzy dwoma k\u0105pielami zaanga\u017cuj si\u0119 te\u017c w jaki\u015b aktywny program! Mamy ju\u017c dla Ciebie kilka pomys\u0142\u00f3w. \u201eM\u0105dre\u201d [&hellip;]\" \/>\n<meta property=\"og:url\" content=\"https:\/\/sarvar.conedevel.com\/pl\/aktywnosc\/\" \/>\n<meta property=\"og:site_name\" content=\"S\u00e1rv\u00e1r\" \/>\n<meta property=\"article:publisher\" content=\"https:\/\/www.facebook.com\/tdmsarvar\" \/>\n<meta property=\"article:modified_time\" content=\"2022-11-30T12:39:32+00:00\" \/>\n<meta property=\"og:image\" content=\"https:\/\/sarvar.conedevel.com\/wp-content\/uploads\/2019\/10\/Ker\u00e9kp\u00e1r\u00f6lcs\u00f6nz\u00e9s-S\u00e1rv\u00e1r-wellness-1024x682.jpg\" \/>\n\t<meta property=\"og:image:width\" content=\"1024\" \/>\n\t<meta property=\"og:image:height\" content=\"682\" \/>\n\t<meta property=\"og:image:type\" content=\"image\/jpeg\" \/>\n<meta name=\"twitter:card\" content=\"summary_large_image\" \/>\n<meta name=\"twitter:label1\" content=\"Szacowany czas czytania\" \/>\n\t<meta name=\"twitter:data1\" content=\"2 minuty\" \/>\n<script type=\"application\/ld+json\" class=\"yoast-schema-graph\">{\"@context\":\"https:\/\/schema.org\",\"@graph\":[{\"@type\":\"WebPage\",\"@id\":\"https:\/\/sarvar.conedevel.com\/pl\/aktywnosc\/\",\"url\":\"https:\/\/sarvar.conedevel.com\/pl\/aktywnosc\/\",\"name\":\"Aktywno\u015b\u0107 - S\u00e1rv\u00e1r\",\"isPartOf\":{\"@id\":\"https:\/\/sarvar.conedevel.com\/#website\"},\"primaryImageOfPage\":{\"@id\":\"https:\/\/sarvar.conedevel.com\/pl\/aktywnosc\/#primaryimage\"},\"image\":{\"@id\":\"https:\/\/sarvar.conedevel.com\/pl\/aktywnosc\/#primaryimage\"},\"thumbnailUrl\":\"https:\/\/sarvar.conedevel.com\/wp-content\/uploads\/2019\/10\/Ker\u00e9kp\u00e1r\u00f6lcs\u00f6nz\u00e9s-S\u00e1rv\u00e1r-wellness.jpg\",\"datePublished\":\"2022-04-04T11:03:01+00:00\",\"dateModified\":\"2022-11-30T12:39:32+00:00\",\"breadcrumb\":{\"@id\":\"https:\/\/sarvar.conedevel.com\/pl\/aktywnosc\/#breadcrumb\"},\"inLanguage\":\"pl-PL\",\"potentialAction\":[{\"@type\":\"ReadAction\",\"target\":[\"https:\/\/sarvar.conedevel.com\/pl\/aktywnosc\/\"]}]},{\"@type\":\"ImageObject\",\"inLanguage\":\"pl-PL\",\"@id\":\"https:\/\/sarvar.conedevel.com\/pl\/aktywnosc\/#primaryimage\",\"url\":\"https:\/\/sarvar.conedevel.com\/wp-content\/uploads\/2019\/10\/Ker\u00e9kp\u00e1r\u00f6lcs\u00f6nz\u00e9s-S\u00e1rv\u00e1r-wellness.jpg\",\"contentUrl\":\"https:\/\/sarvar.conedevel.com\/wp-content\/uploads\/2019\/10\/Ker\u00e9kp\u00e1r\u00f6lcs\u00f6nz\u00e9s-S\u00e1rv\u00e1r-wellness.jpg\",\"width\":2000,\"height\":1333},{\"@type\":\"BreadcrumbList\",\"@id\":\"https:\/\/sarvar.conedevel.com\/pl\/aktywnosc\/#breadcrumb\",\"itemListElement\":[{\"@type\":\"ListItem\",\"position\":1,\"name\":\"Kezd\u0151lap\",\"item\":\"https:\/\/sarvar.conedevel.com\/pl\/\"},{\"@type\":\"ListItem\",\"position\":2,\"name\":\"Aktywno\u015b\u0107\"}]},{\"@type\":\"WebSite\",\"@id\":\"https:\/\/sarvar.conedevel.com\/#website\",\"url\":\"https:\/\/sarvar.conedevel.com\/\",\"name\":\"S\u00e1rv\u00e1r\",\"description\":\"S\u00e1rv\u00e1ri sz\u00e1ll\u00e1shelyek, \u00e9ttermek, programok, l\u00e1tnival\u00f3k \u00e9s inform\u00e1ci\u00f3k - mind egy helyen S\u00e1rv\u00e1rr\u00f3l\",\"potentialAction\":[{\"@type\":\"SearchAction\",\"target\":{\"@type\":\"EntryPoint\",\"urlTemplate\":\"https:\/\/sarvar.conedevel.com\/?s={search_term_string}\"},\"query-input\":{\"@type\":\"PropertyValueSpecification\",\"valueRequired\":true,\"valueName\":\"search_term_string\"}}],\"inLanguage\":\"pl-PL\"}]}<\/script>\n<!-- \/ Yoast SEO plugin. -->","yoast_head_json":{"title":"Aktywno\u015b\u0107 - S\u00e1rv\u00e1r","robots":{"index":"noindex","follow":"follow","max-snippet":"max-snippet:-1","max-image-preview":"max-image-preview:large","max-video-preview":"max-video-preview:-1"},"og_locale":"pl_PL","og_type":"article","og_title":"Aktywno\u015b\u0107 - S\u00e1rv\u00e1r","og_description":"B\u0105d\u017a aktywny, baw si\u0119 dobrze! Je\u015bli ca\u0142y dzie\u0144 tylko si\u0119 k\u0105piemy, od tego wellness nie b\u0119dzie pe\u0142nym do\u015bwiadczeniem. Aby si\u0119 zrelaksowa\u0107, potrzebne s\u0105 programy i atrakcje. Na szcz\u0119\u015bcie w S\u00e1rv\u00e1r jest wiele mo\u017cliwo\u015bci, by jak najpo\u017cyteczniej sp\u0119dzi\u0107 czas. Pomi\u0119dzy dwoma k\u0105pielami zaanga\u017cuj si\u0119 te\u017c w jaki\u015b aktywny program! Mamy ju\u017c dla Ciebie kilka pomys\u0142\u00f3w. \u201eM\u0105dre\u201d [&hellip;]","og_url":"https:\/\/sarvar.conedevel.com\/pl\/aktywnosc\/","og_site_name":"S\u00e1rv\u00e1r","article_publisher":"https:\/\/www.facebook.com\/tdmsarvar","article_modified_time":"2022-11-30T12:39:32+00:00","og_image":[{"width":1024,"height":682,"url":"https:\/\/sarvar.conedevel.com\/wp-content\/uploads\/2019\/10\/Ker\u00e9kp\u00e1r\u00f6lcs\u00f6nz\u00e9s-S\u00e1rv\u00e1r-wellness-1024x682.jpg","type":"image\/jpeg"}],"twitter_card":"summary_large_image","twitter_misc":{"Szacowany czas czytania":"2 minuty"},"schema":{"@context":"https:\/\/schema.org","@graph":[{"@type":"WebPage","@id":"https:\/\/sarvar.conedevel.com\/pl\/aktywnosc\/","url":"https:\/\/sarvar.conedevel.com\/pl\/aktywnosc\/","name":"Aktywno\u015b\u0107 - S\u00e1rv\u00e1r","isPartOf":{"@id":"https:\/\/sarvar.conedevel.com\/#website"},"primaryImageOfPage":{"@id":"https:\/\/sarvar.conedevel.com\/pl\/aktywnosc\/#primaryimage"},"image":{"@id":"https:\/\/sarvar.conedevel.com\/pl\/aktywnosc\/#primaryimage"},"thumbnailUrl":"https:\/\/sarvar.conedevel.com\/wp-content\/uploads\/2019\/10\/Ker\u00e9kp\u00e1r\u00f6lcs\u00f6nz\u00e9s-S\u00e1rv\u00e1r-wellness.jpg","datePublished":"2022-04-04T11:03:01+00:00","dateModified":"2022-11-30T12:39:32+00:00","breadcrumb":{"@id":"https:\/\/sarvar.conedevel.com\/pl\/aktywnosc\/#breadcrumb"},"inLanguage":"pl-PL","potentialAction":[{"@type":"ReadAction","target":["https:\/\/sarvar.conedevel.com\/pl\/aktywnosc\/"]}]},{"@type":"ImageObject","inLanguage":"pl-PL","@id":"https:\/\/sarvar.conedevel.com\/pl\/aktywnosc\/#primaryimage","url":"https:\/\/sarvar.conedevel.com\/wp-content\/uploads\/2019\/10\/Ker\u00e9kp\u00e1r\u00f6lcs\u00f6nz\u00e9s-S\u00e1rv\u00e1r-wellness.jpg","contentUrl":"https:\/\/sarvar.conedevel.com\/wp-content\/uploads\/2019\/10\/Ker\u00e9kp\u00e1r\u00f6lcs\u00f6nz\u00e9s-S\u00e1rv\u00e1r-wellness.jpg","width":2000,"height":1333},{"@type":"BreadcrumbList","@id":"https:\/\/sarvar.conedevel.com\/pl\/aktywnosc\/#breadcrumb","itemListElement":[{"@type":"ListItem","position":1,"name":"Kezd\u0151lap","item":"https:\/\/sarvar.conedevel.com\/pl\/"},{"@type":"ListItem","position":2,"name":"Aktywno\u015b\u0107"}]},{"@type":"WebSite","@id":"https:\/\/sarvar.conedevel.com\/#website","url":"https:\/\/sarvar.conedevel.com\/","name":"S\u00e1rv\u00e1r","description":"S\u00e1rv\u00e1ri sz\u00e1ll\u00e1shelyek, \u00e9ttermek, programok, l\u00e1tnival\u00f3k \u00e9s inform\u00e1ci\u00f3k - mind egy helyen S\u00e1rv\u00e1rr\u00f3l","potentialAction":[{"@type":"SearchAction","target":{"@type":"EntryPoint","urlTemplate":"https:\/\/sarvar.conedevel.com\/?s={search_term_string}"},"query-input":{"@type":"PropertyValueSpecification","valueRequired":true,"valueName":"search_term_string"}}],"inLanguage":"pl-PL"}]}},"_links":{"self":[{"href":"https:\/\/sarvar.conedevel.com\/pl\/wp-json\/wp\/v2\/pages\/12731","targetHints":{"allow":["GET"]}}],"collection":[{"href":"https:\/\/sarvar.conedevel.com\/pl\/wp-json\/wp\/v2\/pages"}],"about":[{"href":"https:\/\/sarvar.conedevel.com\/pl\/wp-json\/wp\/v2\/types\/page"}],"author":[{"embeddable":true,"href":"https:\/\/sarvar.conedevel.com\/pl\/wp-json\/wp\/v2\/users\/1"}],"replies":[{"embeddable":true,"href":"https:\/\/sarvar.conedevel.com\/pl\/wp-json\/wp\/v2\/comments?post=12731"}],"version-history":[{"count":0,"href":"https:\/\/sarvar.conedevel.com\/pl\/wp-json\/wp\/v2\/pages\/12731\/revisions"}],"wp:featuredmedia":[{"embeddable":true,"href":"https:\/\/sarvar.conedevel.com\/pl\/wp-json\/wp\/v2\/media\/12123"}],"wp:attachment":[{"href":"https:\/\/sarvar.conedevel.com\/pl\/wp-json\/wp\/v2\/media?parent=12731"}],"curies":[{"name":"wp","href":"https:\/\/api.w.org\/{rel}","templated":true}]}}