{"id":6229,"date":"2019-10-29T14:15:40","date_gmt":"2019-10-29T14:15:40","guid":{"rendered":"http:\/\/sarvar.conedevel.com\/aktivitas\/szepsegszalonok\/"},"modified":"2019-11-24T10:36:39","modified_gmt":"2019-11-24T10:36:39","slug":"szepsegszalonok","status":"publish","type":"page","link":"https:\/\/sarvar.conedevel.com\/en\/aktivitas\/szepsegszalonok\/","title":{"rendered":"Beauty Salons"},"content":{"rendered":"\n<h1 class=\"wp-block-heading\">Mirage-beatuy<\/h1>\n\n\n\n<p>It is very important to create an appropriate balance \u2013 both external and internal. However, after hard work both of them require rest and freedom.<\/p>\n\n\n\n<div class=\"wp-block-image\"><figure class=\"aligncenter\"><img loading=\"lazy\" decoding=\"async\" width=\"640\" height=\"426\" src=\"http:\/\/sarvar.conedevel.com\/wp-content\/uploads\/2019\/11\/sz\u00e9ps\u00e9g\u00e1pol\u00e1s-wellness-S\u00e1rv\u00e1r.jpg\" alt=\"\" class=\"wp-image-5624\" srcset=\"https:\/\/sarvar.conedevel.com\/wp-content\/uploads\/2019\/11\/sz\u00e9ps\u00e9g\u00e1pol\u00e1s-wellness-S\u00e1rv\u00e1r.jpg 640w, https:\/\/sarvar.conedevel.com\/wp-content\/uploads\/2019\/11\/sz\u00e9ps\u00e9g\u00e1pol\u00e1s-wellness-S\u00e1rv\u00e1r-300x200.jpg 300w\" sizes=\"auto, (max-width: 640px) 100vw, 640px\" \/><\/figure><\/div>\n\n\n\n<h2 class=\"wp-block-heading\"><strong>Services:<\/strong><\/h2>\n\n\n\n<p>Indigo &#8211; the Universal Quantum Biofeedback<br>Rejuvenescence system Eternale<br>Hairdressing salon (Schwarzkopf)<br>Manicure and pedicure<br>Massage<br>Cafe<br>Cosmetics<br>Solarium (Black Care)<\/p>\n\n\n\n<pre class=\"wp-block-preformatted\"><strong>Mirage Beauty<\/strong>\n\n9600 S\u00e1rv\u00e1r, Markusovszky u. 2.\nPhone: 06\/20 -623-66-77\nEmail:\u00a0<a href=\"mailto:miragebeautysarvar@gmail.com\">miragebeautysarvar@gmail.com<\/a>\nWeb: <a rel=\"noreferrer noopener\" target=\"_blank\" href=\"http:\/\/www.miragebeauty.hu\/en\/\">www.miragebeauty.hu\/en\/<\/a>\nBusiness hours: 8:00 \u2013 21:00<\/pre>\n\n\n\n<p><\/p>\n","protected":false},"excerpt":{"rendered":"<p>Mirage-beatuy It is very important to create an appropriate balance \u2013 both external and internal. However, after hard work both of them require rest and freedom. Services: Indigo &#8211; the Universal Quantum BiofeedbackRejuvenescence system EternaleHairdressing salon (Schwarzkopf)Manicure and pedicureMassageCafeCosmeticsSolarium (Black Care) Mirage Beauty 9600 S\u00e1rv\u00e1r, Markusovszky u. 2. Phone: 06\/20 -623-66-77 Email:\u00a0miragebeautysarvar@gmail.com Web: www.miragebeauty.hu\/en\/ Business [&hellip;]<\/p>\n","protected":false},"author":1,"featured_media":0,"parent":6150,"menu_order":0,"comment_status":"closed","ping_status":"closed","template":"","meta":{"_acf_changed":false,"footnotes":""},"class_list":["post-6229","page","type-page","status-publish","hentry"],"acf":[],"yoast_head":"<!-- This site is optimized with the Yoast SEO plugin v25.4 - https:\/\/yoast.com\/wordpress\/plugins\/seo\/ -->\n<title>Beauty Salons - S\u00e1rv\u00e1r<\/title>\n<meta name=\"robots\" content=\"noindex, follow, max-snippet:-1, max-image-preview:large, max-video-preview:-1\" \/>\n<meta property=\"og:locale\" content=\"en_US\" \/>\n<meta property=\"og:type\" content=\"article\" \/>\n<meta property=\"og:title\" content=\"Beauty Salons - S\u00e1rv\u00e1r\" \/>\n<meta property=\"og:description\" content=\"Mirage-beatuy It is very important to create an appropriate balance \u2013 both external and internal. However, after hard work both of them require rest and freedom. Services: Indigo &#8211; the Universal Quantum BiofeedbackRejuvenescence system EternaleHairdressing salon (Schwarzkopf)Manicure and pedicureMassageCafeCosmeticsSolarium (Black Care) Mirage Beauty 9600 S\u00e1rv\u00e1r, Markusovszky u. 2. Phone: 06\/20 -623-66-77 Email:\u00a0miragebeautysarvar@gmail.com Web: www.miragebeauty.hu\/en\/ Business [&hellip;]\" \/>\n<meta property=\"og:url\" content=\"https:\/\/sarvar.conedevel.com\/en\/aktivitas\/szepsegszalonok\/\" \/>\n<meta property=\"og:site_name\" content=\"S\u00e1rv\u00e1r\" \/>\n<meta property=\"article:publisher\" content=\"https:\/\/www.facebook.com\/tdmsarvar\" \/>\n<meta property=\"article:modified_time\" content=\"2019-11-24T10:36:39+00:00\" \/>\n<meta property=\"og:image\" content=\"http:\/\/sarvar.conedevel.com\/wp-content\/uploads\/2019\/11\/sz\u00e9ps\u00e9g\u00e1pol\u00e1s-wellness-S\u00e1rv\u00e1r.jpg\" \/>\n<meta name=\"twitter:card\" content=\"summary_large_image\" \/>\n<script type=\"application\/ld+json\" class=\"yoast-schema-graph\">{\"@context\":\"https:\/\/schema.org\",\"@graph\":[{\"@type\":\"WebPage\",\"@id\":\"https:\/\/sarvar.conedevel.com\/en\/aktivitas\/szepsegszalonok\/\",\"url\":\"https:\/\/sarvar.conedevel.com\/en\/aktivitas\/szepsegszalonok\/\",\"name\":\"Beauty Salons - S\u00e1rv\u00e1r\",\"isPartOf\":{\"@id\":\"https:\/\/sarvar.conedevel.com\/#website\"},\"datePublished\":\"2019-10-29T14:15:40+00:00\",\"dateModified\":\"2019-11-24T10:36:39+00:00\",\"breadcrumb\":{\"@id\":\"https:\/\/sarvar.conedevel.com\/en\/aktivitas\/szepsegszalonok\/#breadcrumb\"},\"inLanguage\":\"en-US\",\"potentialAction\":[{\"@type\":\"ReadAction\",\"target\":[\"https:\/\/sarvar.conedevel.com\/en\/aktivitas\/szepsegszalonok\/\"]}]},{\"@type\":\"BreadcrumbList\",\"@id\":\"https:\/\/sarvar.conedevel.com\/en\/aktivitas\/szepsegszalonok\/#breadcrumb\",\"itemListElement\":[{\"@type\":\"ListItem\",\"position\":1,\"name\":\"Home\",\"item\":\"https:\/\/sarvar.conedevel.com\/en\/\"},{\"@type\":\"ListItem\",\"position\":2,\"name\":\"Leisure\",\"item\":\"https:\/\/sarvar.conedevel.com\/en\/aktivitas\/\"},{\"@type\":\"ListItem\",\"position\":3,\"name\":\"Beauty Salons\"}]},{\"@type\":\"WebSite\",\"@id\":\"https:\/\/sarvar.conedevel.com\/#website\",\"url\":\"https:\/\/sarvar.conedevel.com\/\",\"name\":\"S\u00e1rv\u00e1r\",\"description\":\"S\u00e1rv\u00e1ri sz\u00e1ll\u00e1shelyek, \u00e9ttermek, programok, l\u00e1tnival\u00f3k \u00e9s inform\u00e1ci\u00f3k - mind egy helyen S\u00e1rv\u00e1rr\u00f3l\",\"potentialAction\":[{\"@type\":\"SearchAction\",\"target\":{\"@type\":\"EntryPoint\",\"urlTemplate\":\"https:\/\/sarvar.conedevel.com\/?s={search_term_string}\"},\"query-input\":{\"@type\":\"PropertyValueSpecification\",\"valueRequired\":true,\"valueName\":\"search_term_string\"}}],\"inLanguage\":\"en-US\"}]}<\/script>\n<!-- \/ Yoast SEO plugin. -->","yoast_head_json":{"title":"Beauty Salons - S\u00e1rv\u00e1r","robots":{"index":"noindex","follow":"follow","max-snippet":"max-snippet:-1","max-image-preview":"max-image-preview:large","max-video-preview":"max-video-preview:-1"},"og_locale":"en_US","og_type":"article","og_title":"Beauty Salons - S\u00e1rv\u00e1r","og_description":"Mirage-beatuy It is very important to create an appropriate balance \u2013 both external and internal. However, after hard work both of them require rest and freedom. Services: Indigo &#8211; the Universal Quantum BiofeedbackRejuvenescence system EternaleHairdressing salon (Schwarzkopf)Manicure and pedicureMassageCafeCosmeticsSolarium (Black Care) Mirage Beauty 9600 S\u00e1rv\u00e1r, Markusovszky u. 2. Phone: 06\/20 -623-66-77 Email:\u00a0miragebeautysarvar@gmail.com Web: www.miragebeauty.hu\/en\/ Business [&hellip;]","og_url":"https:\/\/sarvar.conedevel.com\/en\/aktivitas\/szepsegszalonok\/","og_site_name":"S\u00e1rv\u00e1r","article_publisher":"https:\/\/www.facebook.com\/tdmsarvar","article_modified_time":"2019-11-24T10:36:39+00:00","og_image":[{"url":"http:\/\/sarvar.conedevel.com\/wp-content\/uploads\/2019\/11\/sz\u00e9ps\u00e9g\u00e1pol\u00e1s-wellness-S\u00e1rv\u00e1r.jpg","type":"","width":"","height":""}],"twitter_card":"summary_large_image","schema":{"@context":"https:\/\/schema.org","@graph":[{"@type":"WebPage","@id":"https:\/\/sarvar.conedevel.com\/en\/aktivitas\/szepsegszalonok\/","url":"https:\/\/sarvar.conedevel.com\/en\/aktivitas\/szepsegszalonok\/","name":"Beauty Salons - S\u00e1rv\u00e1r","isPartOf":{"@id":"https:\/\/sarvar.conedevel.com\/#website"},"datePublished":"2019-10-29T14:15:40+00:00","dateModified":"2019-11-24T10:36:39+00:00","breadcrumb":{"@id":"https:\/\/sarvar.conedevel.com\/en\/aktivitas\/szepsegszalonok\/#breadcrumb"},"inLanguage":"en-US","potentialAction":[{"@type":"ReadAction","target":["https:\/\/sarvar.conedevel.com\/en\/aktivitas\/szepsegszalonok\/"]}]},{"@type":"BreadcrumbList","@id":"https:\/\/sarvar.conedevel.com\/en\/aktivitas\/szepsegszalonok\/#breadcrumb","itemListElement":[{"@type":"ListItem","position":1,"name":"Home","item":"https:\/\/sarvar.conedevel.com\/en\/"},{"@type":"ListItem","position":2,"name":"Leisure","item":"https:\/\/sarvar.conedevel.com\/en\/aktivitas\/"},{"@type":"ListItem","position":3,"name":"Beauty Salons"}]},{"@type":"WebSite","@id":"https:\/\/sarvar.conedevel.com\/#website","url":"https:\/\/sarvar.conedevel.com\/","name":"S\u00e1rv\u00e1r","description":"S\u00e1rv\u00e1ri sz\u00e1ll\u00e1shelyek, \u00e9ttermek, programok, l\u00e1tnival\u00f3k \u00e9s inform\u00e1ci\u00f3k - mind egy helyen S\u00e1rv\u00e1rr\u00f3l","potentialAction":[{"@type":"SearchAction","target":{"@type":"EntryPoint","urlTemplate":"https:\/\/sarvar.conedevel.com\/?s={search_term_string}"},"query-input":{"@type":"PropertyValueSpecification","valueRequired":true,"valueName":"search_term_string"}}],"inLanguage":"en-US"}]}},"_links":{"self":[{"href":"https:\/\/sarvar.conedevel.com\/en\/wp-json\/wp\/v2\/pages\/6229","targetHints":{"allow":["GET"]}}],"collection":[{"href":"https:\/\/sarvar.conedevel.com\/en\/wp-json\/wp\/v2\/pages"}],"about":[{"href":"https:\/\/sarvar.conedevel.com\/en\/wp-json\/wp\/v2\/types\/page"}],"author":[{"embeddable":true,"href":"https:\/\/sarvar.conedevel.com\/en\/wp-json\/wp\/v2\/users\/1"}],"replies":[{"embeddable":true,"href":"https:\/\/sarvar.conedevel.com\/en\/wp-json\/wp\/v2\/comments?post=6229"}],"version-history":[{"count":0,"href":"https:\/\/sarvar.conedevel.com\/en\/wp-json\/wp\/v2\/pages\/6229\/revisions"}],"up":[{"embeddable":true,"href":"https:\/\/sarvar.conedevel.com\/en\/wp-json\/wp\/v2\/pages\/6150"}],"wp:attachment":[{"href":"https:\/\/sarvar.conedevel.com\/en\/wp-json\/wp\/v2\/media?parent=6229"}],"curies":[{"name":"wp","href":"https:\/\/api.w.org\/{rel}","templated":true}]}}