{"id":6223,"date":"2019-10-29T14:14:43","date_gmt":"2019-10-29T14:14:43","guid":{"rendered":"http:\/\/sarvar.conedevel.com\/wellness-szolgaltatasok\/"},"modified":"2020-01-25T14:08:11","modified_gmt":"2020-01-25T14:08:11","slug":"wellness-szolgaltatasok","status":"publish","type":"page","link":"https:\/\/sarvar.conedevel.com\/en\/aktivitas\/wellness-szolgaltatasok\/","title":{"rendered":"Wellness services"},"content":{"rendered":"\n<h1 class=\"wp-block-heading\" id=\"Ensana\">Thermal S\u00e1rv\u00e1r\u00a0Health Spa Hotel<\/h1>\n\n\n\n<p>Wellness Treatments &#8211; Spa &amp; Wellness<\/p>\n\n\n\n<p><strong>Spa waterworld<\/strong><\/p>\n\n\n\n<p>\u2022 Thermal relaxation bath (ca. 104 m2, 30-34\u00b0 C) with Jacuzzi, massage showers, sofa and underwater jets<br>\u2022 Indoor thermal bath (12.5 x 8 m, 36\u00b0 C) and outdoor thermal bath (13.5 x 8 m, 28-32\u00b0 C)<br>\u2022 Sauna world with traditional Finnish sauna, infrared chamber, aromatherapy room, steam bath&nbsp;<br>\u2022 Relaxing area with Zsolnay relaxation benches, drinking fountain and direct exit to the botanical garden.<br>\u2022 Sun terrace, solarium<br>Wellness treatments and services<br>Our wellness treatments and services focus on relaxation, re-energising, beauty and fitness programmes, utilising the relaxing effects of the thermal waters<\/p>\n\n\n\n<p><strong>Relaxation<\/strong><\/p>\n\n\n\n<p>\u2022 Various relaxation massages<br>\u2022 Relaxing baths<br>\u2022 NEW! Relax salt cave: our salt chamber makes the salt therapy available, which has been known for thousands of years and yet forgotten. It heals numerous, with medicines hardly curable illnesses and provides the preservation of health&#8230;&nbsp;<\/p>\n\n\n\n<p><strong>Beauty&nbsp;<\/strong><\/p>\n\n\n\n<p>\u2022 Beauty parlour and hairdressing salon<br>\u2022 Pedicure, manicure<br>\u2022 Fasting cure<\/p>\n\n\n\n<p><strong>Recreation and sports facilities<\/strong><\/p>\n\n\n\n<p>\u2022 Daily group gymnastic programmes&nbsp;<br>\u2022 Jogging, Nordic walking, in the wonderful Royal Park<br>\u2022 Petanque, table tennis, backboard for basketball, badminton court, skittles, garden chess, bicycle rental<br>\u2022 Nearby riding school, carriage driving, hunting, angling and golf (25 km away) facilities, cycling and tennis are provided for<\/p>\n\n\n\n<h1 class=\"wp-block-heading\" id=\"Sarvarfurdo\">Spa and Wellness Centre S\u00e1rv\u00e1r<\/h1>\n\n\n\n<p>Wellness Treatments<\/p>\n\n\n\n<p><strong>Wellness massages:<\/strong><\/p>\n\n\n\n<p>Migraine massage&nbsp;<br>Manager massage&nbsp;<br>Flower-blossom massage&nbsp;<br>Vital Massage&nbsp;<br>Shake Up massage&nbsp;<br>Spa Relax massage&nbsp;<br>Honey Massage&nbsp;<br>Sport Massage&nbsp;<br>Mother-to-be massage&nbsp;<br>Children massage&nbsp;<br>Lava stone massage&nbsp;<\/p>\n\n\n\n<p><strong>Ayurveda treatments:<\/strong><\/p>\n\n\n\n<p>Sarvanga abhyanga&nbsp;<br>Shirodara&nbsp;<br>Padabhyanga&nbsp;<br>Prustaabhyanga&nbsp;<br>Shiroabhyanga&nbsp;<br>Synch massage&nbsp;<\/p>\n\n\n\n<p><strong>Thai massage:<\/strong><\/p>\n\n\n\n<p>Thai massage 30&#8242;&nbsp;<br>Thai massage 60&#8242;&nbsp;<br>Thai feetmassage<br>Thai oil massage&nbsp;<br>Thai herbal massage&nbsp;<\/p>\n\n\n\n<p><strong>Wellnes bath:<\/strong><\/p>\n\n\n\n<p>Hidroxeur&nbsp;<br>Vital-aromabath&nbsp;<br>Flower blossom aromabath&nbsp;<br>Energy-aromabath&nbsp;<br>Spa Relax aromabath&nbsp;<br>Herbal Tea Bath&nbsp;<br>Cleopatra Bath&nbsp;<br>Aromatic baths&nbsp;<br>Caesar bath&nbsp;<br>Tubbing for two&nbsp;<\/p>\n\n\n\n<p><strong>Wellness body packages:<\/strong><\/p>\n\n\n\n<p>Chocolate pack&nbsp;<br>Lulur pack&nbsp;<br>Olive oil pack&nbsp;<br>Warm-up aroma pack<br>Honey pack<br>Min feet pack<\/p>\n\n\n\n<h1 class=\"wp-block-heading\" id=\"Spirit\">Spirit Hotel Thermal Spa*****superior<\/h1>\n\n\n\n<p>Wellness Treatments<\/p>\n\n\n\n<p><strong>Satisfaction<\/strong><\/p>\n\n\n\n<p>Abhyanga &#8211; Ayurvedic massage&nbsp;<br>Aroma bath&nbsp;<br>Aromatic massage&nbsp;<br>Ayurvedic health check, definition of character&nbsp;<br>Bath for couples&nbsp;<br>Caracalla Sensation bath&nbsp;<br>Floating<br>Pharmos Natur Royal treatment&nbsp;<br>Spine massage in bed with jade stones<br>Thali&#8217;sens Asia&nbsp;<br>Thali&#8217;sens Polynesia<\/p>\n\n\n\n<p><strong>Relaxation<\/strong><\/p>\n\n\n\n<p>Padabhyanga &#8211; Ayurvedic foot massage&nbsp;<br>Shirodhara &#8211; dripping warm oil on the forehead&nbsp;<br>Thai herbal massage&nbsp;<br>Thai massage with oils&nbsp;<br>Thali&#8217;Sens Amazon&nbsp;<br>Thali&#8217;Sens Atlantic&nbsp;<br>Traditional Thai massage<\/p>\n\n\n\n<p><strong>Easing<\/strong><\/p>\n\n\n\n<p>Hamam&nbsp;<br>Pharmos Natur VEDA ME purifying massage&nbsp;<br>Razul&nbsp;<br>Thali&#8217;sens Orient&nbsp;<br>The Kneipp Therapy<\/p>\n","protected":false},"excerpt":{"rendered":"<p>Thermal S\u00e1rv\u00e1r\u00a0Health Spa Hotel Wellness Treatments &#8211; Spa &amp; Wellness Spa waterworld \u2022 Thermal relaxation bath (ca. 104 m2, 30-34\u00b0 C) with Jacuzzi, massage showers, sofa and underwater jets\u2022 Indoor thermal bath (12.5 x 8 m, 36\u00b0 C) and outdoor thermal bath (13.5 x 8 m, 28-32\u00b0 C)\u2022 Sauna world with traditional Finnish sauna, infrared [&hellip;]<\/p>\n","protected":false},"author":1,"featured_media":0,"parent":6150,"menu_order":0,"comment_status":"closed","ping_status":"closed","template":"","meta":{"_acf_changed":false,"footnotes":""},"class_list":["post-6223","page","type-page","status-publish","hentry"],"acf":[],"yoast_head":"<!-- This site is optimized with the Yoast SEO plugin v25.4 - https:\/\/yoast.com\/wordpress\/plugins\/seo\/ -->\n<title>Wellness services - S\u00e1rv\u00e1r<\/title>\n<meta name=\"robots\" content=\"noindex, follow, max-snippet:-1, max-image-preview:large, max-video-preview:-1\" \/>\n<meta property=\"og:locale\" content=\"en_US\" \/>\n<meta property=\"og:type\" content=\"article\" \/>\n<meta property=\"og:title\" content=\"Wellness services - S\u00e1rv\u00e1r\" \/>\n<meta property=\"og:description\" content=\"Thermal S\u00e1rv\u00e1r\u00a0Health Spa Hotel Wellness Treatments &#8211; Spa &amp; Wellness Spa waterworld \u2022 Thermal relaxation bath (ca. 104 m2, 30-34\u00b0 C) with Jacuzzi, massage showers, sofa and underwater jets\u2022 Indoor thermal bath (12.5 x 8 m, 36\u00b0 C) and outdoor thermal bath (13.5 x 8 m, 28-32\u00b0 C)\u2022 Sauna world with traditional Finnish sauna, infrared [&hellip;]\" \/>\n<meta property=\"og:url\" content=\"https:\/\/sarvar.conedevel.com\/en\/aktivitas\/wellness-szolgaltatasok\/\" \/>\n<meta property=\"og:site_name\" content=\"S\u00e1rv\u00e1r\" \/>\n<meta property=\"article:publisher\" content=\"https:\/\/www.facebook.com\/tdmsarvar\" \/>\n<meta property=\"article:modified_time\" content=\"2020-01-25T14:08:11+00:00\" \/>\n<meta name=\"twitter:card\" content=\"summary_large_image\" \/>\n<meta name=\"twitter:label1\" content=\"Est. reading time\" \/>\n\t<meta name=\"twitter:data1\" content=\"2 minutes\" \/>\n<script type=\"application\/ld+json\" class=\"yoast-schema-graph\">{\"@context\":\"https:\/\/schema.org\",\"@graph\":[{\"@type\":\"WebPage\",\"@id\":\"https:\/\/sarvar.conedevel.com\/en\/aktivitas\/wellness-szolgaltatasok\/\",\"url\":\"https:\/\/sarvar.conedevel.com\/en\/aktivitas\/wellness-szolgaltatasok\/\",\"name\":\"Wellness services - S\u00e1rv\u00e1r\",\"isPartOf\":{\"@id\":\"https:\/\/sarvar.conedevel.com\/#website\"},\"datePublished\":\"2019-10-29T14:14:43+00:00\",\"dateModified\":\"2020-01-25T14:08:11+00:00\",\"breadcrumb\":{\"@id\":\"https:\/\/sarvar.conedevel.com\/en\/aktivitas\/wellness-szolgaltatasok\/#breadcrumb\"},\"inLanguage\":\"en-US\",\"potentialAction\":[{\"@type\":\"ReadAction\",\"target\":[\"https:\/\/sarvar.conedevel.com\/en\/aktivitas\/wellness-szolgaltatasok\/\"]}]},{\"@type\":\"BreadcrumbList\",\"@id\":\"https:\/\/sarvar.conedevel.com\/en\/aktivitas\/wellness-szolgaltatasok\/#breadcrumb\",\"itemListElement\":[{\"@type\":\"ListItem\",\"position\":1,\"name\":\"Home\",\"item\":\"https:\/\/sarvar.conedevel.com\/en\/\"},{\"@type\":\"ListItem\",\"position\":2,\"name\":\"Leisure\",\"item\":\"https:\/\/sarvar.conedevel.com\/en\/aktivitas\/\"},{\"@type\":\"ListItem\",\"position\":3,\"name\":\"Wellness services\"}]},{\"@type\":\"WebSite\",\"@id\":\"https:\/\/sarvar.conedevel.com\/#website\",\"url\":\"https:\/\/sarvar.conedevel.com\/\",\"name\":\"S\u00e1rv\u00e1r\",\"description\":\"S\u00e1rv\u00e1ri sz\u00e1ll\u00e1shelyek, \u00e9ttermek, programok, l\u00e1tnival\u00f3k \u00e9s inform\u00e1ci\u00f3k - mind egy helyen S\u00e1rv\u00e1rr\u00f3l\",\"potentialAction\":[{\"@type\":\"SearchAction\",\"target\":{\"@type\":\"EntryPoint\",\"urlTemplate\":\"https:\/\/sarvar.conedevel.com\/?s={search_term_string}\"},\"query-input\":{\"@type\":\"PropertyValueSpecification\",\"valueRequired\":true,\"valueName\":\"search_term_string\"}}],\"inLanguage\":\"en-US\"}]}<\/script>\n<!-- \/ Yoast SEO plugin. -->","yoast_head_json":{"title":"Wellness services - S\u00e1rv\u00e1r","robots":{"index":"noindex","follow":"follow","max-snippet":"max-snippet:-1","max-image-preview":"max-image-preview:large","max-video-preview":"max-video-preview:-1"},"og_locale":"en_US","og_type":"article","og_title":"Wellness services - S\u00e1rv\u00e1r","og_description":"Thermal S\u00e1rv\u00e1r\u00a0Health Spa Hotel Wellness Treatments &#8211; Spa &amp; Wellness Spa waterworld \u2022 Thermal relaxation bath (ca. 104 m2, 30-34\u00b0 C) with Jacuzzi, massage showers, sofa and underwater jets\u2022 Indoor thermal bath (12.5 x 8 m, 36\u00b0 C) and outdoor thermal bath (13.5 x 8 m, 28-32\u00b0 C)\u2022 Sauna world with traditional Finnish sauna, infrared [&hellip;]","og_url":"https:\/\/sarvar.conedevel.com\/en\/aktivitas\/wellness-szolgaltatasok\/","og_site_name":"S\u00e1rv\u00e1r","article_publisher":"https:\/\/www.facebook.com\/tdmsarvar","article_modified_time":"2020-01-25T14:08:11+00:00","twitter_card":"summary_large_image","twitter_misc":{"Est. reading time":"2 minutes"},"schema":{"@context":"https:\/\/schema.org","@graph":[{"@type":"WebPage","@id":"https:\/\/sarvar.conedevel.com\/en\/aktivitas\/wellness-szolgaltatasok\/","url":"https:\/\/sarvar.conedevel.com\/en\/aktivitas\/wellness-szolgaltatasok\/","name":"Wellness services - S\u00e1rv\u00e1r","isPartOf":{"@id":"https:\/\/sarvar.conedevel.com\/#website"},"datePublished":"2019-10-29T14:14:43+00:00","dateModified":"2020-01-25T14:08:11+00:00","breadcrumb":{"@id":"https:\/\/sarvar.conedevel.com\/en\/aktivitas\/wellness-szolgaltatasok\/#breadcrumb"},"inLanguage":"en-US","potentialAction":[{"@type":"ReadAction","target":["https:\/\/sarvar.conedevel.com\/en\/aktivitas\/wellness-szolgaltatasok\/"]}]},{"@type":"BreadcrumbList","@id":"https:\/\/sarvar.conedevel.com\/en\/aktivitas\/wellness-szolgaltatasok\/#breadcrumb","itemListElement":[{"@type":"ListItem","position":1,"name":"Home","item":"https:\/\/sarvar.conedevel.com\/en\/"},{"@type":"ListItem","position":2,"name":"Leisure","item":"https:\/\/sarvar.conedevel.com\/en\/aktivitas\/"},{"@type":"ListItem","position":3,"name":"Wellness services"}]},{"@type":"WebSite","@id":"https:\/\/sarvar.conedevel.com\/#website","url":"https:\/\/sarvar.conedevel.com\/","name":"S\u00e1rv\u00e1r","description":"S\u00e1rv\u00e1ri sz\u00e1ll\u00e1shelyek, \u00e9ttermek, programok, l\u00e1tnival\u00f3k \u00e9s inform\u00e1ci\u00f3k - mind egy helyen S\u00e1rv\u00e1rr\u00f3l","potentialAction":[{"@type":"SearchAction","target":{"@type":"EntryPoint","urlTemplate":"https:\/\/sarvar.conedevel.com\/?s={search_term_string}"},"query-input":{"@type":"PropertyValueSpecification","valueRequired":true,"valueName":"search_term_string"}}],"inLanguage":"en-US"}]}},"_links":{"self":[{"href":"https:\/\/sarvar.conedevel.com\/en\/wp-json\/wp\/v2\/pages\/6223","targetHints":{"allow":["GET"]}}],"collection":[{"href":"https:\/\/sarvar.conedevel.com\/en\/wp-json\/wp\/v2\/pages"}],"about":[{"href":"https:\/\/sarvar.conedevel.com\/en\/wp-json\/wp\/v2\/types\/page"}],"author":[{"embeddable":true,"href":"https:\/\/sarvar.conedevel.com\/en\/wp-json\/wp\/v2\/users\/1"}],"replies":[{"embeddable":true,"href":"https:\/\/sarvar.conedevel.com\/en\/wp-json\/wp\/v2\/comments?post=6223"}],"version-history":[{"count":0,"href":"https:\/\/sarvar.conedevel.com\/en\/wp-json\/wp\/v2\/pages\/6223\/revisions"}],"up":[{"embeddable":true,"href":"https:\/\/sarvar.conedevel.com\/en\/wp-json\/wp\/v2\/pages\/6150"}],"wp:attachment":[{"href":"https:\/\/sarvar.conedevel.com\/en\/wp-json\/wp\/v2\/media?parent=6223"}],"curies":[{"name":"wp","href":"https:\/\/api.w.org\/{rel}","templated":true}]}}