{"id":6180,"date":"2019-10-29T14:11:04","date_gmt":"2019-10-29T14:11:04","guid":{"rendered":"http:\/\/sarvar.conedevel.com\/aktivitas\/tedd-probara-a-batorsagodat-a-sarvari-kalandparkban\/"},"modified":"2021-02-23T15:17:38","modified_gmt":"2021-02-23T15:17:38","slug":"tedd-probara-a-batorsagodat-a-sarvari-kalandparkban","status":"publish","type":"page","link":"https:\/\/sarvar.conedevel.com\/en\/aktivitas\/tedd-probara-a-batorsagodat-a-sarvari-kalandparkban\/","title":{"rendered":"Adventure park"},"content":{"rendered":"\n<h2 class=\"wp-block-heading\">Welcome to the adventure park in S\u00e1rv\u00e1r, in which thousands of experiences are guaranteed.<\/h2>\n\n\n\n<p>Put your braveness to the test; choose from our high rope courses with different difficulties. We would like to invite you for a real adventure, do not miss out!<\/p>\n\n\n\n<figure class=\"wp-block-gallery alignwide columns-2 is-cropped wp-block-gallery-1 is-layout-flex wp-block-gallery-is-layout-flex\"><ul class=\"blocks-gallery-grid\"><li class=\"blocks-gallery-item\"><figure><img loading=\"lazy\" decoding=\"async\" width=\"682\" height=\"1024\" src=\"http:\/\/sarvar.conedevel.com\/wp-content\/uploads\/2019\/11\/S\u00e1rv\u00e1r-kalandpark-wellness-nyaral\u00e1s-682x1024.jpg\" alt=\"\" data-id=\"5554\" data-link=\"http:\/\/sarvar.conedevel.com\/tedd-probara-a-batorsagodat-a-sarvari-kalandparkban\/sarvar-kalandpark-wellness-nyaralas\/\" class=\"wp-image-5554\" srcset=\"https:\/\/sarvar.conedevel.com\/wp-content\/uploads\/2019\/11\/S\u00e1rv\u00e1r-kalandpark-wellness-nyaral\u00e1s-682x1024.jpg 682w, https:\/\/sarvar.conedevel.com\/wp-content\/uploads\/2019\/11\/S\u00e1rv\u00e1r-kalandpark-wellness-nyaral\u00e1s-200x300.jpg 200w, https:\/\/sarvar.conedevel.com\/wp-content\/uploads\/2019\/11\/S\u00e1rv\u00e1r-kalandpark-wellness-nyaral\u00e1s-768x1152.jpg 768w, https:\/\/sarvar.conedevel.com\/wp-content\/uploads\/2019\/11\/S\u00e1rv\u00e1r-kalandpark-wellness-nyaral\u00e1s-1024x1536.jpg 1024w, https:\/\/sarvar.conedevel.com\/wp-content\/uploads\/2019\/11\/S\u00e1rv\u00e1r-kalandpark-wellness-nyaral\u00e1s.jpg 1333w\" sizes=\"auto, (max-width: 682px) 100vw, 682px\" \/><\/figure><\/li><li class=\"blocks-gallery-item\"><figure><img loading=\"lazy\" decoding=\"async\" width=\"682\" height=\"1024\" src=\"http:\/\/sarvar.conedevel.com\/wp-content\/uploads\/2019\/11\/kalandpark-s\u00e1rv\u00e1r-wellness-682x1024.jpg\" alt=\"\" data-id=\"5563\" data-link=\"http:\/\/sarvar.conedevel.com\/tedd-probara-a-batorsagodat-a-sarvari-kalandparkban\/kalandpark-sarvar-wellness\/\" class=\"wp-image-5563\" srcset=\"https:\/\/sarvar.conedevel.com\/wp-content\/uploads\/2019\/11\/kalandpark-s\u00e1rv\u00e1r-wellness-682x1024.jpg 682w, https:\/\/sarvar.conedevel.com\/wp-content\/uploads\/2019\/11\/kalandpark-s\u00e1rv\u00e1r-wellness-200x300.jpg 200w, https:\/\/sarvar.conedevel.com\/wp-content\/uploads\/2019\/11\/kalandpark-s\u00e1rv\u00e1r-wellness-768x1152.jpg 768w, https:\/\/sarvar.conedevel.com\/wp-content\/uploads\/2019\/11\/kalandpark-s\u00e1rv\u00e1r-wellness-1024x1536.jpg 1024w, https:\/\/sarvar.conedevel.com\/wp-content\/uploads\/2019\/11\/kalandpark-s\u00e1rv\u00e1r-wellness.jpg 1333w\" sizes=\"auto, (max-width: 682px) 100vw, 682px\" \/><\/figure><\/li><\/ul><\/figure>\n\n\n\n<p>In the proximate neighborhood of the Spa and Wellness Center in S\u00e1rv\u00e1r, an adventure park in the forest opened with high rope courses with 120 stations, a 10 m -high climbing wall, an archery field and a training garden. Sliding on ropes over the lake, stumbling-blocks between the trees in the height of 8 meters are challenging for even the bravest ones.<\/p>\n\n\n\n<figure class=\"wp-block-image alignwide\"><img loading=\"lazy\" decoding=\"async\" width=\"1024\" height=\"682\" src=\"http:\/\/sarvar.conedevel.com\/wp-content\/uploads\/2019\/11\/S\u00e1rv\u00e1r-kalandpark-k\u00f6t\u00e9lp\u00e1lya-wellness-program-1024x682.jpg\" alt=\"\" class=\"wp-image-5546\" srcset=\"https:\/\/sarvar.conedevel.com\/wp-content\/uploads\/2019\/11\/S\u00e1rv\u00e1r-kalandpark-k\u00f6t\u00e9lp\u00e1lya-wellness-program-1024x682.jpg 1024w, https:\/\/sarvar.conedevel.com\/wp-content\/uploads\/2019\/11\/S\u00e1rv\u00e1r-kalandpark-k\u00f6t\u00e9lp\u00e1lya-wellness-program-300x200.jpg 300w, https:\/\/sarvar.conedevel.com\/wp-content\/uploads\/2019\/11\/S\u00e1rv\u00e1r-kalandpark-k\u00f6t\u00e9lp\u00e1lya-wellness-program-768x512.jpg 768w, https:\/\/sarvar.conedevel.com\/wp-content\/uploads\/2019\/11\/S\u00e1rv\u00e1r-kalandpark-k\u00f6t\u00e9lp\u00e1lya-wellness-program-1536x1024.jpg 1536w, https:\/\/sarvar.conedevel.com\/wp-content\/uploads\/2019\/11\/S\u00e1rv\u00e1r-kalandpark-k\u00f6t\u00e9lp\u00e1lya-wellness-program-1400x933.jpg 1400w, https:\/\/sarvar.conedevel.com\/wp-content\/uploads\/2019\/11\/S\u00e1rv\u00e1r-kalandpark-k\u00f6t\u00e9lp\u00e1lya-wellness-program-700x465.jpg 700w, https:\/\/sarvar.conedevel.com\/wp-content\/uploads\/2019\/11\/S\u00e1rv\u00e1r-kalandpark-k\u00f6t\u00e9lp\u00e1lya-wellness-program.jpg 2000w\" sizes=\"auto, (max-width: 1024px) 100vw, 1024px\" \/><\/figure>\n\n\n\n<p>In the park, there are not only extreme courses, in the forest you can find two courses for small children (3-6 years) and 3 other ones for primary school students. The playground and the nature trail around the lake also provide an opportunity for children to entertain themselves. The rope courses for adults are different in difficulties, so everybody can find a suitable rope course for their own need of fun and experience.<\/p>\n","protected":false},"excerpt":{"rendered":"<p>Welcome to the adventure park in S\u00e1rv\u00e1r, in which thousands of experiences are guaranteed. Put your braveness to the test; choose from our high rope courses with different difficulties. We would like to invite you for a real adventure, do not miss out! In the proximate neighborhood of the Spa and Wellness Center in S\u00e1rv\u00e1r, [&hellip;]<\/p>\n","protected":false},"author":1,"featured_media":5552,"parent":6150,"menu_order":0,"comment_status":"closed","ping_status":"closed","template":"","meta":{"_acf_changed":false,"footnotes":""},"class_list":["post-6180","page","type-page","status-publish","has-post-thumbnail","hentry"],"acf":[],"yoast_head":"<!-- This site is optimized with the Yoast SEO plugin v25.4 - https:\/\/yoast.com\/wordpress\/plugins\/seo\/ -->\n<title>Adventure park - S\u00e1rv\u00e1r<\/title>\n<meta name=\"robots\" content=\"noindex, follow, max-snippet:-1, max-image-preview:large, max-video-preview:-1\" \/>\n<meta property=\"og:locale\" content=\"en_US\" \/>\n<meta property=\"og:type\" content=\"article\" \/>\n<meta property=\"og:title\" content=\"Adventure park - S\u00e1rv\u00e1r\" \/>\n<meta property=\"og:description\" content=\"Welcome to the adventure park in S\u00e1rv\u00e1r, in which thousands of experiences are guaranteed. Put your braveness to the test; choose from our high rope courses with different difficulties. We would like to invite you for a real adventure, do not miss out! In the proximate neighborhood of the Spa and Wellness Center in S\u00e1rv\u00e1r, [&hellip;]\" \/>\n<meta property=\"og:url\" content=\"https:\/\/sarvar.conedevel.com\/en\/aktivitas\/tedd-probara-a-batorsagodat-a-sarvari-kalandparkban\/\" \/>\n<meta property=\"og:site_name\" content=\"S\u00e1rv\u00e1r\" \/>\n<meta property=\"article:publisher\" content=\"https:\/\/www.facebook.com\/tdmsarvar\" \/>\n<meta property=\"article:modified_time\" content=\"2021-02-23T15:17:38+00:00\" \/>\n<meta property=\"og:image\" content=\"https:\/\/sarvar.conedevel.com\/wp-content\/uploads\/2019\/11\/S\u00e1rv\u00e1ri-kalandpark-wellness-pihen\u00e9s-1024x682.jpg\" \/>\n\t<meta property=\"og:image:width\" content=\"1024\" \/>\n\t<meta property=\"og:image:height\" content=\"682\" \/>\n\t<meta property=\"og:image:type\" content=\"image\/jpeg\" \/>\n<meta name=\"twitter:card\" content=\"summary_large_image\" \/>\n<meta name=\"twitter:label1\" content=\"Est. reading time\" \/>\n\t<meta name=\"twitter:data1\" content=\"2 minutes\" \/>\n<script type=\"application\/ld+json\" class=\"yoast-schema-graph\">{\"@context\":\"https:\/\/schema.org\",\"@graph\":[{\"@type\":\"WebPage\",\"@id\":\"https:\/\/sarvar.conedevel.com\/en\/aktivitas\/tedd-probara-a-batorsagodat-a-sarvari-kalandparkban\/\",\"url\":\"https:\/\/sarvar.conedevel.com\/en\/aktivitas\/tedd-probara-a-batorsagodat-a-sarvari-kalandparkban\/\",\"name\":\"Adventure park - S\u00e1rv\u00e1r\",\"isPartOf\":{\"@id\":\"https:\/\/sarvar.conedevel.com\/#website\"},\"primaryImageOfPage\":{\"@id\":\"https:\/\/sarvar.conedevel.com\/en\/aktivitas\/tedd-probara-a-batorsagodat-a-sarvari-kalandparkban\/#primaryimage\"},\"image\":{\"@id\":\"https:\/\/sarvar.conedevel.com\/en\/aktivitas\/tedd-probara-a-batorsagodat-a-sarvari-kalandparkban\/#primaryimage\"},\"thumbnailUrl\":\"https:\/\/sarvar.conedevel.com\/wp-content\/uploads\/2019\/11\/Sarvar-kalandpark-wellness-nyaralas.jpg\",\"datePublished\":\"2019-10-29T14:11:04+00:00\",\"dateModified\":\"2021-02-23T15:17:38+00:00\",\"breadcrumb\":{\"@id\":\"https:\/\/sarvar.conedevel.com\/en\/aktivitas\/tedd-probara-a-batorsagodat-a-sarvari-kalandparkban\/#breadcrumb\"},\"inLanguage\":\"en-US\",\"potentialAction\":[{\"@type\":\"ReadAction\",\"target\":[\"https:\/\/sarvar.conedevel.com\/en\/aktivitas\/tedd-probara-a-batorsagodat-a-sarvari-kalandparkban\/\"]}]},{\"@type\":\"ImageObject\",\"inLanguage\":\"en-US\",\"@id\":\"https:\/\/sarvar.conedevel.com\/en\/aktivitas\/tedd-probara-a-batorsagodat-a-sarvari-kalandparkban\/#primaryimage\",\"url\":\"https:\/\/sarvar.conedevel.com\/wp-content\/uploads\/2019\/11\/Sarvar-kalandpark-wellness-nyaralas.jpg\",\"contentUrl\":\"https:\/\/sarvar.conedevel.com\/wp-content\/uploads\/2019\/11\/Sarvar-kalandpark-wellness-nyaralas.jpg\",\"width\":2000,\"height\":1333},{\"@type\":\"BreadcrumbList\",\"@id\":\"https:\/\/sarvar.conedevel.com\/en\/aktivitas\/tedd-probara-a-batorsagodat-a-sarvari-kalandparkban\/#breadcrumb\",\"itemListElement\":[{\"@type\":\"ListItem\",\"position\":1,\"name\":\"Home\",\"item\":\"https:\/\/sarvar.conedevel.com\/en\/\"},{\"@type\":\"ListItem\",\"position\":2,\"name\":\"Leisure\",\"item\":\"https:\/\/sarvar.conedevel.com\/en\/aktivitas\/\"},{\"@type\":\"ListItem\",\"position\":3,\"name\":\"Adventure park\"}]},{\"@type\":\"WebSite\",\"@id\":\"https:\/\/sarvar.conedevel.com\/#website\",\"url\":\"https:\/\/sarvar.conedevel.com\/\",\"name\":\"S\u00e1rv\u00e1r\",\"description\":\"S\u00e1rv\u00e1ri sz\u00e1ll\u00e1shelyek, \u00e9ttermek, programok, l\u00e1tnival\u00f3k \u00e9s inform\u00e1ci\u00f3k - mind egy helyen S\u00e1rv\u00e1rr\u00f3l\",\"potentialAction\":[{\"@type\":\"SearchAction\",\"target\":{\"@type\":\"EntryPoint\",\"urlTemplate\":\"https:\/\/sarvar.conedevel.com\/?s={search_term_string}\"},\"query-input\":{\"@type\":\"PropertyValueSpecification\",\"valueRequired\":true,\"valueName\":\"search_term_string\"}}],\"inLanguage\":\"en-US\"}]}<\/script>\n<!-- \/ Yoast SEO plugin. -->","yoast_head_json":{"title":"Adventure park - S\u00e1rv\u00e1r","robots":{"index":"noindex","follow":"follow","max-snippet":"max-snippet:-1","max-image-preview":"max-image-preview:large","max-video-preview":"max-video-preview:-1"},"og_locale":"en_US","og_type":"article","og_title":"Adventure park - S\u00e1rv\u00e1r","og_description":"Welcome to the adventure park in S\u00e1rv\u00e1r, in which thousands of experiences are guaranteed. Put your braveness to the test; choose from our high rope courses with different difficulties. We would like to invite you for a real adventure, do not miss out! In the proximate neighborhood of the Spa and Wellness Center in S\u00e1rv\u00e1r, [&hellip;]","og_url":"https:\/\/sarvar.conedevel.com\/en\/aktivitas\/tedd-probara-a-batorsagodat-a-sarvari-kalandparkban\/","og_site_name":"S\u00e1rv\u00e1r","article_publisher":"https:\/\/www.facebook.com\/tdmsarvar","article_modified_time":"2021-02-23T15:17:38+00:00","og_image":[{"width":1024,"height":682,"url":"https:\/\/sarvar.conedevel.com\/wp-content\/uploads\/2019\/11\/S\u00e1rv\u00e1ri-kalandpark-wellness-pihen\u00e9s-1024x682.jpg","type":"image\/jpeg"}],"twitter_card":"summary_large_image","twitter_misc":{"Est. reading time":"2 minutes"},"schema":{"@context":"https:\/\/schema.org","@graph":[{"@type":"WebPage","@id":"https:\/\/sarvar.conedevel.com\/en\/aktivitas\/tedd-probara-a-batorsagodat-a-sarvari-kalandparkban\/","url":"https:\/\/sarvar.conedevel.com\/en\/aktivitas\/tedd-probara-a-batorsagodat-a-sarvari-kalandparkban\/","name":"Adventure park - S\u00e1rv\u00e1r","isPartOf":{"@id":"https:\/\/sarvar.conedevel.com\/#website"},"primaryImageOfPage":{"@id":"https:\/\/sarvar.conedevel.com\/en\/aktivitas\/tedd-probara-a-batorsagodat-a-sarvari-kalandparkban\/#primaryimage"},"image":{"@id":"https:\/\/sarvar.conedevel.com\/en\/aktivitas\/tedd-probara-a-batorsagodat-a-sarvari-kalandparkban\/#primaryimage"},"thumbnailUrl":"https:\/\/sarvar.conedevel.com\/wp-content\/uploads\/2019\/11\/Sarvar-kalandpark-wellness-nyaralas.jpg","datePublished":"2019-10-29T14:11:04+00:00","dateModified":"2021-02-23T15:17:38+00:00","breadcrumb":{"@id":"https:\/\/sarvar.conedevel.com\/en\/aktivitas\/tedd-probara-a-batorsagodat-a-sarvari-kalandparkban\/#breadcrumb"},"inLanguage":"en-US","potentialAction":[{"@type":"ReadAction","target":["https:\/\/sarvar.conedevel.com\/en\/aktivitas\/tedd-probara-a-batorsagodat-a-sarvari-kalandparkban\/"]}]},{"@type":"ImageObject","inLanguage":"en-US","@id":"https:\/\/sarvar.conedevel.com\/en\/aktivitas\/tedd-probara-a-batorsagodat-a-sarvari-kalandparkban\/#primaryimage","url":"https:\/\/sarvar.conedevel.com\/wp-content\/uploads\/2019\/11\/Sarvar-kalandpark-wellness-nyaralas.jpg","contentUrl":"https:\/\/sarvar.conedevel.com\/wp-content\/uploads\/2019\/11\/Sarvar-kalandpark-wellness-nyaralas.jpg","width":2000,"height":1333},{"@type":"BreadcrumbList","@id":"https:\/\/sarvar.conedevel.com\/en\/aktivitas\/tedd-probara-a-batorsagodat-a-sarvari-kalandparkban\/#breadcrumb","itemListElement":[{"@type":"ListItem","position":1,"name":"Home","item":"https:\/\/sarvar.conedevel.com\/en\/"},{"@type":"ListItem","position":2,"name":"Leisure","item":"https:\/\/sarvar.conedevel.com\/en\/aktivitas\/"},{"@type":"ListItem","position":3,"name":"Adventure park"}]},{"@type":"WebSite","@id":"https:\/\/sarvar.conedevel.com\/#website","url":"https:\/\/sarvar.conedevel.com\/","name":"S\u00e1rv\u00e1r","description":"S\u00e1rv\u00e1ri sz\u00e1ll\u00e1shelyek, \u00e9ttermek, programok, l\u00e1tnival\u00f3k \u00e9s inform\u00e1ci\u00f3k - mind egy helyen S\u00e1rv\u00e1rr\u00f3l","potentialAction":[{"@type":"SearchAction","target":{"@type":"EntryPoint","urlTemplate":"https:\/\/sarvar.conedevel.com\/?s={search_term_string}"},"query-input":{"@type":"PropertyValueSpecification","valueRequired":true,"valueName":"search_term_string"}}],"inLanguage":"en-US"}]}},"_links":{"self":[{"href":"https:\/\/sarvar.conedevel.com\/en\/wp-json\/wp\/v2\/pages\/6180","targetHints":{"allow":["GET"]}}],"collection":[{"href":"https:\/\/sarvar.conedevel.com\/en\/wp-json\/wp\/v2\/pages"}],"about":[{"href":"https:\/\/sarvar.conedevel.com\/en\/wp-json\/wp\/v2\/types\/page"}],"author":[{"embeddable":true,"href":"https:\/\/sarvar.conedevel.com\/en\/wp-json\/wp\/v2\/users\/1"}],"replies":[{"embeddable":true,"href":"https:\/\/sarvar.conedevel.com\/en\/wp-json\/wp\/v2\/comments?post=6180"}],"version-history":[{"count":0,"href":"https:\/\/sarvar.conedevel.com\/en\/wp-json\/wp\/v2\/pages\/6180\/revisions"}],"up":[{"embeddable":true,"href":"https:\/\/sarvar.conedevel.com\/en\/wp-json\/wp\/v2\/pages\/6150"}],"wp:featuredmedia":[{"embeddable":true,"href":"https:\/\/sarvar.conedevel.com\/en\/wp-json\/wp\/v2\/media\/5552"}],"wp:attachment":[{"href":"https:\/\/sarvar.conedevel.com\/en\/wp-json\/wp\/v2\/media?parent=6180"}],"curies":[{"name":"wp","href":"https:\/\/api.w.org\/{rel}","templated":true}]}}