{"id":6150,"date":"2019-10-28T14:03:28","date_gmt":"2019-10-28T14:03:28","guid":{"rendered":"http:\/\/sarvar.conedevel.com\/aktivitas\/"},"modified":"2022-11-30T12:35:11","modified_gmt":"2022-11-30T12:35:11","slug":"aktivitas","status":"publish","type":"page","link":"https:\/\/sarvar.conedevel.com\/en\/aktivitas\/","title":{"rendered":"Leisure"},"content":{"rendered":"\n<h2 class=\"wp-block-heading\" id=\"aktivitas\">Get active, get experiences!<\/h2>\n\n\n\n<p>Wellness will not be complete just by bathing all day. To relax, you need programs and experiences. Fortunately, there are plenty of opportunities to spend time in S\u00e1rv\u00e1r. Insert an active program between two baths! We have already gathered some ideas for you.<\/p>\n\n\n\n<div style=\"height:20px\" aria-hidden=\"true\" class=\"wp-block-spacer\"><\/div>\n\n\n\r\n<section id=\"tiles-block_5db84073c89b9\" class=\"row testimonial-content-section alignwide\">\r\n\t\t    \t\t    \t\t<div class=\"col-12 col-sm-6 col-md-6 col-lg-3\">\r\n\t    \t\t\t\t\t<a href=\"http:\/\/sarvar.conedevel.com\/en\/aktivitas\/nadasdy-ferenc-muzeum\/\" class=\"testimonial-item\" style=\"background-image: url(https:\/\/sarvar.conedevel.com\/wp-content\/uploads\/2022\/11\/web_MA2_3762-800x800.jpg);\">\r\n\t\t\t\t\t\t\t\t\t\t\t<h3 class=\"testimonial-item__title\">Ferenc N\u00e1dasdy Museum<\/h3>\r\n\t\t\t\t\t\t\t\t\t<\/a>\r\n\t\t\t<\/div>\r\n\t    \t    \t\t    \t\t<div class=\"col-12 col-sm-6 col-md-6 col-lg-3\">\r\n\t    \t\t\t\t\t<a href=\"http:\/\/sarvar.conedevel.com\/en\/aktivitas\/zold-elmenyek\/\" class=\"testimonial-item\" style=\"background-image: url(https:\/\/sarvar.conedevel.com\/wp-content\/uploads\/2022\/11\/web_MA2_1339-800x800.jpg);\">\r\n\t\t\t\t\t\t\t\t\t\t\t<h3 class=\"testimonial-item__title\">Green Experiences<\/h3>\r\n\t\t\t\t\t\t\t\t\t<\/a>\r\n\t\t\t<\/div>\r\n\t    \t    \t\t    \t\t<div class=\"col-12 col-sm-6 col-md-6 col-lg-3\">\r\n\t    \t\t\t\t\t<a href=\"http:\/\/sarvar.conedevel.com\/en\/aktivitas\/tedd-probara-a-batorsagodat-a-sarvari-kalandparkban\/\" class=\"testimonial-item\" style=\"background-image: url(https:\/\/sarvar.conedevel.com\/wp-content\/uploads\/2022\/11\/web_MA2_3475-800x800.jpg);\">\r\n\t\t\t\t\t\t\t\t\t\t\t<h3 class=\"testimonial-item__title\">Adventure park<\/h3>\r\n\t\t\t\t\t\t\t\t\t<\/a>\r\n\t\t\t<\/div>\r\n\t    \t    \t\t    \t\t<div class=\"col-12 col-sm-6 col-md-6 col-lg-3\">\r\n\t    \t\t\t\t\t<a href=\"http:\/\/sarvar.conedevel.com\/en\/aktivitas\/sport\/\" class=\"testimonial-item\" style=\"background-image: url(https:\/\/sarvar.conedevel.com\/wp-content\/uploads\/2022\/11\/web_MA2_1223-800x800.jpg);\">\r\n\t\t\t\t\t\t\t\t\t\t\t<h3 class=\"testimonial-item__title\">Sport<\/h3>\r\n\t\t\t\t\t\t\t\t\t<\/a>\r\n\t\t\t<\/div>\r\n\t    \t    \t\t    \t\t<div class=\"col-12 col-sm-6 col-md-6 col-lg-3\">\r\n\t    \t\t\t\t\t<a href=\"http:\/\/sarvar.conedevel.com\/en\/aktivitas\/lovas-lehetosegek\/\" class=\"testimonial-item\" style=\"background-image: url(https:\/\/sarvar.conedevel.com\/wp-content\/uploads\/2022\/11\/web_MA2_0670-800x800.jpg);\">\r\n\t\t\t\t\t\t\t\t\t\t\t<h3 class=\"testimonial-item__title\">Opportunities involving horses<\/h3>\r\n\t\t\t\t\t\t\t\t\t<\/a>\r\n\t\t\t<\/div>\r\n\t    \t    \t\t    \t\t<div class=\"col-12 col-sm-6 col-md-6 col-lg-3\">\r\n\t    \t\t\t\t\t<a href=\"http:\/\/sarvar.conedevel.com\/en\/aktivitas\/kerekparkolcsonzes\/\" class=\"testimonial-item\" style=\"background-image: url(https:\/\/sarvar.conedevel.com\/wp-content\/uploads\/2022\/11\/web_MA2_0447-800x800.jpg);\">\r\n\t\t\t\t\t\t\t\t\t\t\t<h3 class=\"testimonial-item__title\">Rent a bike<\/h3>\r\n\t\t\t\t\t\t\t\t\t<\/a>\r\n\t\t\t<\/div>\r\n\t    \t    \t\t    \t\t<div class=\"col-12 col-sm-6 col-md-6 col-lg-3\">\r\n\t    \t\t\t\t\t<a href=\"http:\/\/sarvar.conedevel.com\/en\/aktivitas\/wellness-szolgaltatasok\/\" class=\"testimonial-item\" style=\"background-image: url(https:\/\/sarvar.conedevel.com\/wp-content\/uploads\/2022\/11\/web_MA2_3307-800x800.jpg);\">\r\n\t\t\t\t\t\t\t\t\t\t\t<h3 class=\"testimonial-item__title\">Wellness services<\/h3>\r\n\t\t\t\t\t\t\t\t\t<\/a>\r\n\t\t\t<\/div>\r\n\t    \t    \t\t    \t\t<div class=\"col-12 col-sm-6 col-md-6 col-lg-3\">\r\n\t    \t\t\t\t\t<a href=\"https:\/\/sarvar.conedevel.com\/en\/aktivitas\/szepsegszalonok\/\" class=\"testimonial-item\" style=\"background-image: url(https:\/\/sarvar.conedevel.com\/wp-content\/uploads\/2022\/11\/young-woman-relaxing-spa-salon-800x800.jpg);\">\r\n\t\t\t\t\t\t\t\t\t\t\t<h3 class=\"testimonial-item__title\">Beauty salons<\/h3>\r\n\t\t\t\t\t\t\t\t\t<\/a>\r\n\t\t\t<\/div>\r\n\t    <\/section>\n\n\n<h2 class=\"wp-block-heading\" id=\"okos-elmenyek\">&#8220;Smart&#8221; experiences<\/h2>\n\n\n\n<p>Relaxation is completed by real-life experiences. That\u2019s why we don\u2019t encourage you to keep your cell phone with you at all times during wellness unless you are capturing S\u00e1rv\u00e1r with its help and using your device to complement your relaxation\u2026 If you are open to new things and want to explore the city playfully, use our Alternavigo app or read the QR codes with your phone at each station on themed hikes. You can also request a map for the routes at the <a href=\"http:\/\/sarvar.conedevel.com\/en\/infromations\/tourinform-iroda\/\">Tourinform Office<\/a>.<\/p>\n\n\n\n<figure class=\"wp-block-gallery alignwide columns-2 is-cropped wp-block-gallery-1 is-layout-flex wp-block-gallery-is-layout-flex\"><ul class=\"blocks-gallery-grid\"><li class=\"blocks-gallery-item\"><figure><img loading=\"lazy\" decoding=\"async\" width=\"682\" height=\"1024\" src=\"http:\/\/sarvar.conedevel.com\/wp-content\/uploads\/2019\/11\/wellness-S\u00e1rv\u00e1r-tematikus-tura-682x1024.jpg\" alt=\"\" data-id=\"6674\" data-full-url=\"http:\/\/sarvar.conedevel.com\/wp-content\/uploads\/2019\/11\/wellness-S\u00e1rv\u00e1r-tematikus-tura.jpg\" data-link=\"http:\/\/sarvar.conedevel.com\/aktivitas\/wellness-sarvar-tematikus-tura-2\/\" class=\"wp-image-6674\" srcset=\"https:\/\/sarvar.conedevel.com\/wp-content\/uploads\/2019\/11\/wellness-S\u00e1rv\u00e1r-tematikus-tura-682x1024.jpg 682w, https:\/\/sarvar.conedevel.com\/wp-content\/uploads\/2019\/11\/wellness-S\u00e1rv\u00e1r-tematikus-tura-200x300.jpg 200w, https:\/\/sarvar.conedevel.com\/wp-content\/uploads\/2019\/11\/wellness-S\u00e1rv\u00e1r-tematikus-tura-768x1152.jpg 768w, https:\/\/sarvar.conedevel.com\/wp-content\/uploads\/2019\/11\/wellness-S\u00e1rv\u00e1r-tematikus-tura-1024x1536.jpg 1024w, https:\/\/sarvar.conedevel.com\/wp-content\/uploads\/2019\/11\/wellness-S\u00e1rv\u00e1r-tematikus-tura.jpg 1333w\" sizes=\"auto, (max-width: 682px) 100vw, 682px\" \/><\/figure><\/li><li class=\"blocks-gallery-item\"><figure><img loading=\"lazy\" decoding=\"async\" width=\"682\" height=\"1024\" src=\"http:\/\/sarvar.conedevel.com\/wp-content\/uploads\/2019\/11\/S\u00e1rv\u00e1r-wellness-N\u00e1dasdy-v\u00e1r-682x1024.jpg\" alt=\"\" data-id=\"6678\" data-full-url=\"http:\/\/sarvar.conedevel.com\/wp-content\/uploads\/2019\/11\/S\u00e1rv\u00e1r-wellness-N\u00e1dasdy-v\u00e1r.jpg\" data-link=\"http:\/\/sarvar.conedevel.com\/aktivitas\/sarvar-wellness-nadasdy-var-2\/\" class=\"wp-image-6678\" srcset=\"https:\/\/sarvar.conedevel.com\/wp-content\/uploads\/2019\/11\/S\u00e1rv\u00e1r-wellness-N\u00e1dasdy-v\u00e1r-682x1024.jpg 682w, https:\/\/sarvar.conedevel.com\/wp-content\/uploads\/2019\/11\/S\u00e1rv\u00e1r-wellness-N\u00e1dasdy-v\u00e1r-200x300.jpg 200w, https:\/\/sarvar.conedevel.com\/wp-content\/uploads\/2019\/11\/S\u00e1rv\u00e1r-wellness-N\u00e1dasdy-v\u00e1r-768x1152.jpg 768w, https:\/\/sarvar.conedevel.com\/wp-content\/uploads\/2019\/11\/S\u00e1rv\u00e1r-wellness-N\u00e1dasdy-v\u00e1r-1024x1536.jpg 1024w, https:\/\/sarvar.conedevel.com\/wp-content\/uploads\/2019\/11\/S\u00e1rv\u00e1r-wellness-N\u00e1dasdy-v\u00e1r.jpg 1333w\" sizes=\"auto, (max-width: 682px) 100vw, 682px\" \/><\/figure><\/li><\/ul><\/figure>\n\n\n\n<h2 class=\"wp-block-heading\" id=\"kerekparberles\">Sihu and bike rental<\/h2>\n\n\n\n<p>Walk around the city, use <a href=\"http:\/\/sarvar.conedevel.com\/en\/aktivitas\/sihu-a-varosnezo-kisvonat\/\">Sihu<\/a>, the sightseeing train, as public transport in S\u00e1rv\u00e1r. Or rent a bike, an electric bike, an electric segway or an electric scooter at the Tourinform office and get around the city.<\/p>\n\n\n\n<div class=\"wp-block-button aligncenter\"><a class=\"wp-block-button__link has-green-background-color has-background\" href=\"http:\/\/sarvar.conedevel.com\/en\/aktivitas\/kornyek\/\">SIGHTS IN THE AREA<\/a><\/div>\n\n\n\n<p>If you need a little help planning your tour, you can view a few hiking trails by clicking the button below. If you\u2019re here for active recreation, you might want to browse through the offers.<\/p>\n\n\n\n<hr class=\"wp-block-separator is-style-default\"\/>\n\n\n\n<div class=\"wp-block-button aligncenter\"><a class=\"wp-block-button__link\" href=\"http:\/\/sarvar.conedevel.com\/en\/aktivitas\/kerekparturak\/\">Bicycle tours<\/a><\/div>\n\n\n\n<p>And if you did not find what you were looking for, if you have any questions about any of the sights and services in S\u00e1rv\u00e1r, <a href=\"http:\/\/sarvar.conedevel.com\/en\/infromations\/tourinform-iroda\/\">write to us or give us a call<\/a>.<\/p>\n","protected":false},"excerpt":{"rendered":"<p>Get active, get experiences! Wellness will not be complete just by bathing all day. To relax, you need programs and experiences. Fortunately, there are plenty of opportunities to spend time in S\u00e1rv\u00e1r. Insert an active program between two baths! We have already gathered some ideas for you. &#8220;Smart&#8221; experiences Relaxation is completed by real-life experiences. [&hellip;]<\/p>\n","protected":false},"author":1,"featured_media":5105,"parent":0,"menu_order":0,"comment_status":"closed","ping_status":"closed","template":"","meta":{"_acf_changed":false,"footnotes":""},"class_list":["post-6150","page","type-page","status-publish","has-post-thumbnail","hentry"],"acf":[],"yoast_head":"<!-- This site is optimized with the Yoast SEO plugin v25.4 - https:\/\/yoast.com\/wordpress\/plugins\/seo\/ -->\n<title>Leisure - S\u00e1rv\u00e1r<\/title>\n<meta name=\"robots\" content=\"noindex, follow, max-snippet:-1, max-image-preview:large, max-video-preview:-1\" \/>\n<meta property=\"og:locale\" content=\"en_US\" \/>\n<meta property=\"og:type\" content=\"article\" \/>\n<meta property=\"og:title\" content=\"Leisure - S\u00e1rv\u00e1r\" \/>\n<meta property=\"og:description\" content=\"Get active, get experiences! Wellness will not be complete just by bathing all day. To relax, you need programs and experiences. Fortunately, there are plenty of opportunities to spend time in S\u00e1rv\u00e1r. Insert an active program between two baths! We have already gathered some ideas for you. &#8220;Smart&#8221; experiences Relaxation is completed by real-life experiences. [&hellip;]\" \/>\n<meta property=\"og:url\" content=\"https:\/\/sarvar.conedevel.com\/en\/aktivitas\/\" \/>\n<meta property=\"og:site_name\" content=\"S\u00e1rv\u00e1r\" \/>\n<meta property=\"article:publisher\" content=\"https:\/\/www.facebook.com\/tdmsarvar\" \/>\n<meta property=\"article:modified_time\" content=\"2022-11-30T12:35:11+00:00\" \/>\n<meta property=\"og:image\" content=\"https:\/\/sarvar.conedevel.com\/wp-content\/uploads\/2019\/10\/Ker\u00e9kp\u00e1r\u00f6lcs\u00f6nz\u00e9s-S\u00e1rv\u00e1r-wellness-1024x682.jpg\" \/>\n\t<meta property=\"og:image:width\" content=\"1024\" \/>\n\t<meta property=\"og:image:height\" content=\"682\" \/>\n\t<meta property=\"og:image:type\" content=\"image\/jpeg\" \/>\n<meta name=\"twitter:card\" content=\"summary_large_image\" \/>\n<meta name=\"twitter:label1\" content=\"Est. reading time\" \/>\n\t<meta name=\"twitter:data1\" content=\"2 minutes\" \/>\n<script type=\"application\/ld+json\" class=\"yoast-schema-graph\">{\"@context\":\"https:\/\/schema.org\",\"@graph\":[{\"@type\":\"WebPage\",\"@id\":\"https:\/\/sarvar.conedevel.com\/en\/aktivitas\/\",\"url\":\"https:\/\/sarvar.conedevel.com\/en\/aktivitas\/\",\"name\":\"Leisure - S\u00e1rv\u00e1r\",\"isPartOf\":{\"@id\":\"https:\/\/sarvar.conedevel.com\/#website\"},\"primaryImageOfPage\":{\"@id\":\"https:\/\/sarvar.conedevel.com\/en\/aktivitas\/#primaryimage\"},\"image\":{\"@id\":\"https:\/\/sarvar.conedevel.com\/en\/aktivitas\/#primaryimage\"},\"thumbnailUrl\":\"https:\/\/sarvar.conedevel.com\/wp-content\/uploads\/2019\/10\/Ker\u00e9kp\u00e1r\u00f6lcs\u00f6nz\u00e9s-S\u00e1rv\u00e1r-wellness.jpg\",\"datePublished\":\"2019-10-28T14:03:28+00:00\",\"dateModified\":\"2022-11-30T12:35:11+00:00\",\"breadcrumb\":{\"@id\":\"https:\/\/sarvar.conedevel.com\/en\/aktivitas\/#breadcrumb\"},\"inLanguage\":\"en-US\",\"potentialAction\":[{\"@type\":\"ReadAction\",\"target\":[\"https:\/\/sarvar.conedevel.com\/en\/aktivitas\/\"]}]},{\"@type\":\"ImageObject\",\"inLanguage\":\"en-US\",\"@id\":\"https:\/\/sarvar.conedevel.com\/en\/aktivitas\/#primaryimage\",\"url\":\"https:\/\/sarvar.conedevel.com\/wp-content\/uploads\/2019\/10\/Ker\u00e9kp\u00e1r\u00f6lcs\u00f6nz\u00e9s-S\u00e1rv\u00e1r-wellness.jpg\",\"contentUrl\":\"https:\/\/sarvar.conedevel.com\/wp-content\/uploads\/2019\/10\/Ker\u00e9kp\u00e1r\u00f6lcs\u00f6nz\u00e9s-S\u00e1rv\u00e1r-wellness.jpg\",\"width\":2000,\"height\":1333},{\"@type\":\"BreadcrumbList\",\"@id\":\"https:\/\/sarvar.conedevel.com\/en\/aktivitas\/#breadcrumb\",\"itemListElement\":[{\"@type\":\"ListItem\",\"position\":1,\"name\":\"Home\",\"item\":\"https:\/\/sarvar.conedevel.com\/en\/\"},{\"@type\":\"ListItem\",\"position\":2,\"name\":\"Leisure\"}]},{\"@type\":\"WebSite\",\"@id\":\"https:\/\/sarvar.conedevel.com\/#website\",\"url\":\"https:\/\/sarvar.conedevel.com\/\",\"name\":\"S\u00e1rv\u00e1r\",\"description\":\"S\u00e1rv\u00e1ri sz\u00e1ll\u00e1shelyek, \u00e9ttermek, programok, l\u00e1tnival\u00f3k \u00e9s inform\u00e1ci\u00f3k - mind egy helyen S\u00e1rv\u00e1rr\u00f3l\",\"potentialAction\":[{\"@type\":\"SearchAction\",\"target\":{\"@type\":\"EntryPoint\",\"urlTemplate\":\"https:\/\/sarvar.conedevel.com\/?s={search_term_string}\"},\"query-input\":{\"@type\":\"PropertyValueSpecification\",\"valueRequired\":true,\"valueName\":\"search_term_string\"}}],\"inLanguage\":\"en-US\"}]}<\/script>\n<!-- \/ Yoast SEO plugin. -->","yoast_head_json":{"title":"Leisure - S\u00e1rv\u00e1r","robots":{"index":"noindex","follow":"follow","max-snippet":"max-snippet:-1","max-image-preview":"max-image-preview:large","max-video-preview":"max-video-preview:-1"},"og_locale":"en_US","og_type":"article","og_title":"Leisure - S\u00e1rv\u00e1r","og_description":"Get active, get experiences! Wellness will not be complete just by bathing all day. To relax, you need programs and experiences. Fortunately, there are plenty of opportunities to spend time in S\u00e1rv\u00e1r. Insert an active program between two baths! We have already gathered some ideas for you. &#8220;Smart&#8221; experiences Relaxation is completed by real-life experiences. [&hellip;]","og_url":"https:\/\/sarvar.conedevel.com\/en\/aktivitas\/","og_site_name":"S\u00e1rv\u00e1r","article_publisher":"https:\/\/www.facebook.com\/tdmsarvar","article_modified_time":"2022-11-30T12:35:11+00:00","og_image":[{"width":1024,"height":682,"url":"https:\/\/sarvar.conedevel.com\/wp-content\/uploads\/2019\/10\/Ker\u00e9kp\u00e1r\u00f6lcs\u00f6nz\u00e9s-S\u00e1rv\u00e1r-wellness-1024x682.jpg","type":"image\/jpeg"}],"twitter_card":"summary_large_image","twitter_misc":{"Est. reading time":"2 minutes"},"schema":{"@context":"https:\/\/schema.org","@graph":[{"@type":"WebPage","@id":"https:\/\/sarvar.conedevel.com\/en\/aktivitas\/","url":"https:\/\/sarvar.conedevel.com\/en\/aktivitas\/","name":"Leisure - S\u00e1rv\u00e1r","isPartOf":{"@id":"https:\/\/sarvar.conedevel.com\/#website"},"primaryImageOfPage":{"@id":"https:\/\/sarvar.conedevel.com\/en\/aktivitas\/#primaryimage"},"image":{"@id":"https:\/\/sarvar.conedevel.com\/en\/aktivitas\/#primaryimage"},"thumbnailUrl":"https:\/\/sarvar.conedevel.com\/wp-content\/uploads\/2019\/10\/Ker\u00e9kp\u00e1r\u00f6lcs\u00f6nz\u00e9s-S\u00e1rv\u00e1r-wellness.jpg","datePublished":"2019-10-28T14:03:28+00:00","dateModified":"2022-11-30T12:35:11+00:00","breadcrumb":{"@id":"https:\/\/sarvar.conedevel.com\/en\/aktivitas\/#breadcrumb"},"inLanguage":"en-US","potentialAction":[{"@type":"ReadAction","target":["https:\/\/sarvar.conedevel.com\/en\/aktivitas\/"]}]},{"@type":"ImageObject","inLanguage":"en-US","@id":"https:\/\/sarvar.conedevel.com\/en\/aktivitas\/#primaryimage","url":"https:\/\/sarvar.conedevel.com\/wp-content\/uploads\/2019\/10\/Ker\u00e9kp\u00e1r\u00f6lcs\u00f6nz\u00e9s-S\u00e1rv\u00e1r-wellness.jpg","contentUrl":"https:\/\/sarvar.conedevel.com\/wp-content\/uploads\/2019\/10\/Ker\u00e9kp\u00e1r\u00f6lcs\u00f6nz\u00e9s-S\u00e1rv\u00e1r-wellness.jpg","width":2000,"height":1333},{"@type":"BreadcrumbList","@id":"https:\/\/sarvar.conedevel.com\/en\/aktivitas\/#breadcrumb","itemListElement":[{"@type":"ListItem","position":1,"name":"Home","item":"https:\/\/sarvar.conedevel.com\/en\/"},{"@type":"ListItem","position":2,"name":"Leisure"}]},{"@type":"WebSite","@id":"https:\/\/sarvar.conedevel.com\/#website","url":"https:\/\/sarvar.conedevel.com\/","name":"S\u00e1rv\u00e1r","description":"S\u00e1rv\u00e1ri sz\u00e1ll\u00e1shelyek, \u00e9ttermek, programok, l\u00e1tnival\u00f3k \u00e9s inform\u00e1ci\u00f3k - mind egy helyen S\u00e1rv\u00e1rr\u00f3l","potentialAction":[{"@type":"SearchAction","target":{"@type":"EntryPoint","urlTemplate":"https:\/\/sarvar.conedevel.com\/?s={search_term_string}"},"query-input":{"@type":"PropertyValueSpecification","valueRequired":true,"valueName":"search_term_string"}}],"inLanguage":"en-US"}]}},"_links":{"self":[{"href":"https:\/\/sarvar.conedevel.com\/en\/wp-json\/wp\/v2\/pages\/6150","targetHints":{"allow":["GET"]}}],"collection":[{"href":"https:\/\/sarvar.conedevel.com\/en\/wp-json\/wp\/v2\/pages"}],"about":[{"href":"https:\/\/sarvar.conedevel.com\/en\/wp-json\/wp\/v2\/types\/page"}],"author":[{"embeddable":true,"href":"https:\/\/sarvar.conedevel.com\/en\/wp-json\/wp\/v2\/users\/1"}],"replies":[{"embeddable":true,"href":"https:\/\/sarvar.conedevel.com\/en\/wp-json\/wp\/v2\/comments?post=6150"}],"version-history":[{"count":0,"href":"https:\/\/sarvar.conedevel.com\/en\/wp-json\/wp\/v2\/pages\/6150\/revisions"}],"wp:featuredmedia":[{"embeddable":true,"href":"https:\/\/sarvar.conedevel.com\/en\/wp-json\/wp\/v2\/media\/5105"}],"wp:attachment":[{"href":"https:\/\/sarvar.conedevel.com\/en\/wp-json\/wp\/v2\/media?parent=6150"}],"curies":[{"name":"wp","href":"https:\/\/api.w.org\/{rel}","templated":true}]}}