{"id":10595,"date":"2019-10-30T17:14:41","date_gmt":"2019-10-30T17:14:41","guid":{"rendered":"https:\/\/sarvar.conedevel.com\/aktivitas\/kornyek\/olbo\/"},"modified":"2021-07-23T08:22:04","modified_gmt":"2021-07-23T08:22:04","slug":"olbo","status":"publish","type":"page","link":"https:\/\/sarvar.conedevel.com\/en\/aktivitas\/kornyek\/olbo\/","title":{"rendered":"\u00d6lb\u0151"},"content":{"rendered":"\n<h2 class=\"wp-block-heading\">\u00d6lb\u0151 is only 10.8 km from S\u00e1rv\u00e1r. So it can be an excellent destination for a bike tour. Especially if we love herbs and alternative medicine. The St. Nicholas Medicinal Herb House and Kneipp Garden is located in \u00d6lb\u0151\u2026<\/h2>\n\n\n\n<p>\u00d6lb\u0151 is only 10.8 km from S\u00e1rv\u00e1r. So it can be an excellent destination for a bike tour. Especially if we love herbs and alternative medicine. The St. Nicholas Medicinal Herb House and Kneipp Garden is located in \u00d6lb\u0151. There are plenty of herbs grown here, which are of course also packed and sold. Incidentally, many of these products can also be purchased from us at the Tourinform Office. So if you would like to take home a local product made in the area, you can also choose from herbal teas, syrups, honeys and oils. But this is only a fraction of the supply. You can see the full product list below. Returning to \u00d6lb\u0151: if you\u2019ve already looked around the herb house, take a walk or two along the Kneipp Garden walking route. Plus look at the local fishing lake. We think it will be good to rest here before you go back to S\u00e1rv\u00e1r. If you take a trip by bike, you can rent conventional and electric bikes at the Tourinform Office. With which you can even go to Szeleste, which borders \u00d6lb\u0151. Here, be sure to check out the Festetich Castle garden, the local arboretum.<\/p>\n\n\n\n<p><strong>Attractions:<\/strong><\/p>\n\n\n\n<ul class=\"wp-block-list\"><li>St. Nicholas Herbal House and Kneipp Garden<\/li><li>Bay fishing lake<\/li><\/ul>\n\n\n\n<p>St. Nicholas Herbal House and Kneipp Garden<\/p>\n\n\n\n<figure><iframe loading=\"lazy\" width=\"610\" height=\"315\" src=\"https:\/\/www.youtube.com\/embed\/LdiRKkCxnro\" allowfullscreen=\"\"><\/iframe><\/figure>\n\n\n\n<p><\/p>\n","protected":false},"excerpt":{"rendered":"<p>\u00d6lb\u0151 is only 10.8 km from S\u00e1rv\u00e1r. So it can be an excellent destination for a bike tour. Especially if we love herbs and alternative medicine. The St. Nicholas Medicinal Herb House and Kneipp Garden is located in \u00d6lb\u0151\u2026 \u00d6lb\u0151 is only 10.8 km from S\u00e1rv\u00e1r. So it can be an excellent destination for a [&hellip;]<\/p>\n","protected":false},"author":1,"featured_media":0,"parent":6248,"menu_order":0,"comment_status":"closed","ping_status":"closed","template":"","meta":{"_acf_changed":false,"footnotes":""},"class_list":["post-10595","page","type-page","status-publish","hentry"],"acf":[],"yoast_head":"<!-- This site is optimized with the Yoast SEO plugin v25.4 - https:\/\/yoast.com\/wordpress\/plugins\/seo\/ -->\n<title>\u00d6lb\u0151 - S\u00e1rv\u00e1r<\/title>\n<meta name=\"robots\" content=\"noindex, follow, max-snippet:-1, max-image-preview:large, max-video-preview:-1\" \/>\n<meta property=\"og:locale\" content=\"en_US\" \/>\n<meta property=\"og:type\" content=\"article\" \/>\n<meta property=\"og:title\" content=\"\u00d6lb\u0151 - S\u00e1rv\u00e1r\" \/>\n<meta property=\"og:description\" content=\"\u00d6lb\u0151 is only 10.8 km from S\u00e1rv\u00e1r. So it can be an excellent destination for a bike tour. Especially if we love herbs and alternative medicine. The St. Nicholas Medicinal Herb House and Kneipp Garden is located in \u00d6lb\u0151\u2026 \u00d6lb\u0151 is only 10.8 km from S\u00e1rv\u00e1r. So it can be an excellent destination for a [&hellip;]\" \/>\n<meta property=\"og:url\" content=\"https:\/\/sarvar.conedevel.com\/en\/aktivitas\/kornyek\/olbo\/\" \/>\n<meta property=\"og:site_name\" content=\"S\u00e1rv\u00e1r\" \/>\n<meta property=\"article:publisher\" content=\"https:\/\/www.facebook.com\/tdmsarvar\" \/>\n<meta property=\"article:modified_time\" content=\"2021-07-23T08:22:04+00:00\" \/>\n<meta name=\"twitter:card\" content=\"summary_large_image\" \/>\n<meta name=\"twitter:label1\" content=\"Est. reading time\" \/>\n\t<meta name=\"twitter:data1\" content=\"2 minutes\" \/>\n<script type=\"application\/ld+json\" class=\"yoast-schema-graph\">{\"@context\":\"https:\/\/schema.org\",\"@graph\":[{\"@type\":\"WebPage\",\"@id\":\"https:\/\/sarvar.conedevel.com\/en\/aktivitas\/kornyek\/olbo\/\",\"url\":\"https:\/\/sarvar.conedevel.com\/en\/aktivitas\/kornyek\/olbo\/\",\"name\":\"\u00d6lb\u0151 - S\u00e1rv\u00e1r\",\"isPartOf\":{\"@id\":\"https:\/\/sarvar.conedevel.com\/#website\"},\"datePublished\":\"2019-10-30T17:14:41+00:00\",\"dateModified\":\"2021-07-23T08:22:04+00:00\",\"breadcrumb\":{\"@id\":\"https:\/\/sarvar.conedevel.com\/en\/aktivitas\/kornyek\/olbo\/#breadcrumb\"},\"inLanguage\":\"en-US\",\"potentialAction\":[{\"@type\":\"ReadAction\",\"target\":[\"https:\/\/sarvar.conedevel.com\/en\/aktivitas\/kornyek\/olbo\/\"]}]},{\"@type\":\"BreadcrumbList\",\"@id\":\"https:\/\/sarvar.conedevel.com\/en\/aktivitas\/kornyek\/olbo\/#breadcrumb\",\"itemListElement\":[{\"@type\":\"ListItem\",\"position\":1,\"name\":\"Home\",\"item\":\"https:\/\/sarvar.conedevel.com\/en\/\"},{\"@type\":\"ListItem\",\"position\":2,\"name\":\"Leisure\",\"item\":\"https:\/\/sarvar.conedevel.com\/en\/aktivitas\/\"},{\"@type\":\"ListItem\",\"position\":3,\"name\":\"The area\",\"item\":\"https:\/\/sarvar.conedevel.com\/en\/aktivitas\/kornyek\/\"},{\"@type\":\"ListItem\",\"position\":4,\"name\":\"\u00d6lb\u0151\"}]},{\"@type\":\"WebSite\",\"@id\":\"https:\/\/sarvar.conedevel.com\/#website\",\"url\":\"https:\/\/sarvar.conedevel.com\/\",\"name\":\"S\u00e1rv\u00e1r\",\"description\":\"S\u00e1rv\u00e1ri sz\u00e1ll\u00e1shelyek, \u00e9ttermek, programok, l\u00e1tnival\u00f3k \u00e9s inform\u00e1ci\u00f3k - mind egy helyen S\u00e1rv\u00e1rr\u00f3l\",\"potentialAction\":[{\"@type\":\"SearchAction\",\"target\":{\"@type\":\"EntryPoint\",\"urlTemplate\":\"https:\/\/sarvar.conedevel.com\/?s={search_term_string}\"},\"query-input\":{\"@type\":\"PropertyValueSpecification\",\"valueRequired\":true,\"valueName\":\"search_term_string\"}}],\"inLanguage\":\"en-US\"}]}<\/script>\n<!-- \/ Yoast SEO plugin. -->","yoast_head_json":{"title":"\u00d6lb\u0151 - S\u00e1rv\u00e1r","robots":{"index":"noindex","follow":"follow","max-snippet":"max-snippet:-1","max-image-preview":"max-image-preview:large","max-video-preview":"max-video-preview:-1"},"og_locale":"en_US","og_type":"article","og_title":"\u00d6lb\u0151 - S\u00e1rv\u00e1r","og_description":"\u00d6lb\u0151 is only 10.8 km from S\u00e1rv\u00e1r. So it can be an excellent destination for a bike tour. Especially if we love herbs and alternative medicine. The St. Nicholas Medicinal Herb House and Kneipp Garden is located in \u00d6lb\u0151\u2026 \u00d6lb\u0151 is only 10.8 km from S\u00e1rv\u00e1r. So it can be an excellent destination for a [&hellip;]","og_url":"https:\/\/sarvar.conedevel.com\/en\/aktivitas\/kornyek\/olbo\/","og_site_name":"S\u00e1rv\u00e1r","article_publisher":"https:\/\/www.facebook.com\/tdmsarvar","article_modified_time":"2021-07-23T08:22:04+00:00","twitter_card":"summary_large_image","twitter_misc":{"Est. reading time":"2 minutes"},"schema":{"@context":"https:\/\/schema.org","@graph":[{"@type":"WebPage","@id":"https:\/\/sarvar.conedevel.com\/en\/aktivitas\/kornyek\/olbo\/","url":"https:\/\/sarvar.conedevel.com\/en\/aktivitas\/kornyek\/olbo\/","name":"\u00d6lb\u0151 - S\u00e1rv\u00e1r","isPartOf":{"@id":"https:\/\/sarvar.conedevel.com\/#website"},"datePublished":"2019-10-30T17:14:41+00:00","dateModified":"2021-07-23T08:22:04+00:00","breadcrumb":{"@id":"https:\/\/sarvar.conedevel.com\/en\/aktivitas\/kornyek\/olbo\/#breadcrumb"},"inLanguage":"en-US","potentialAction":[{"@type":"ReadAction","target":["https:\/\/sarvar.conedevel.com\/en\/aktivitas\/kornyek\/olbo\/"]}]},{"@type":"BreadcrumbList","@id":"https:\/\/sarvar.conedevel.com\/en\/aktivitas\/kornyek\/olbo\/#breadcrumb","itemListElement":[{"@type":"ListItem","position":1,"name":"Home","item":"https:\/\/sarvar.conedevel.com\/en\/"},{"@type":"ListItem","position":2,"name":"Leisure","item":"https:\/\/sarvar.conedevel.com\/en\/aktivitas\/"},{"@type":"ListItem","position":3,"name":"The area","item":"https:\/\/sarvar.conedevel.com\/en\/aktivitas\/kornyek\/"},{"@type":"ListItem","position":4,"name":"\u00d6lb\u0151"}]},{"@type":"WebSite","@id":"https:\/\/sarvar.conedevel.com\/#website","url":"https:\/\/sarvar.conedevel.com\/","name":"S\u00e1rv\u00e1r","description":"S\u00e1rv\u00e1ri sz\u00e1ll\u00e1shelyek, \u00e9ttermek, programok, l\u00e1tnival\u00f3k \u00e9s inform\u00e1ci\u00f3k - mind egy helyen S\u00e1rv\u00e1rr\u00f3l","potentialAction":[{"@type":"SearchAction","target":{"@type":"EntryPoint","urlTemplate":"https:\/\/sarvar.conedevel.com\/?s={search_term_string}"},"query-input":{"@type":"PropertyValueSpecification","valueRequired":true,"valueName":"search_term_string"}}],"inLanguage":"en-US"}]}},"_links":{"self":[{"href":"https:\/\/sarvar.conedevel.com\/en\/wp-json\/wp\/v2\/pages\/10595","targetHints":{"allow":["GET"]}}],"collection":[{"href":"https:\/\/sarvar.conedevel.com\/en\/wp-json\/wp\/v2\/pages"}],"about":[{"href":"https:\/\/sarvar.conedevel.com\/en\/wp-json\/wp\/v2\/types\/page"}],"author":[{"embeddable":true,"href":"https:\/\/sarvar.conedevel.com\/en\/wp-json\/wp\/v2\/users\/1"}],"replies":[{"embeddable":true,"href":"https:\/\/sarvar.conedevel.com\/en\/wp-json\/wp\/v2\/comments?post=10595"}],"version-history":[{"count":0,"href":"https:\/\/sarvar.conedevel.com\/en\/wp-json\/wp\/v2\/pages\/10595\/revisions"}],"up":[{"embeddable":true,"href":"https:\/\/sarvar.conedevel.com\/en\/wp-json\/wp\/v2\/pages\/6248"}],"wp:attachment":[{"href":"https:\/\/sarvar.conedevel.com\/en\/wp-json\/wp\/v2\/media?parent=10595"}],"curies":[{"name":"wp","href":"https:\/\/api.w.org\/{rel}","templated":true}]}}