{"id":6403,"date":"2019-11-24T15:44:56","date_gmt":"2019-11-24T15:44:56","guid":{"rendered":"http:\/\/sarvar.conedevel.com\/aktivitas\/kerekparturak\/"},"modified":"2019-11-24T15:58:14","modified_gmt":"2019-11-24T15:58:14","slug":"kerekparturak","status":"publish","type":"page","link":"https:\/\/sarvar.conedevel.com\/de\/aktivitas\/kerekparturak\/","title":{"rendered":"Fahrradtouren"},"content":{"rendered":"\n<h2 class=\"wp-block-heading\">S\u00e1rv\u00e1ri \u00e9s k\u00f6rny\u00e9kbeli ker\u00e9kp\u00e1ros \u00fatvonalak<\/h2>\n\n\n\n<iframe loading=\"lazy\" style=\"display: block;\" src=\"https:\/\/www.bikemap.net\/en\/r\/3108285\/widget\/?width=425&amp;height=400&amp;unit=metric\" width=\"425\" height=\"400\" border=\"0\" frameborder=\"0\" marginheight=\"0\" marginwidth=\"0\" scrolling=\"no\"> <\/iframe>\n<div style=\"margin-top: 10px; height: 16px; color: #889EAC; font-family: sans-serif; font-size: 11px;\"><a href=\"https:\/\/www.bikemap.net\/en\/r\/3108285\/\" style=\"color:#22A9FF; text-decoration:underline;\" target=\"_blank\" rel=\"noopener noreferrer\">Cycle Route 3108285<\/a> &#8211; via <a href=\"https:\/\/www.bikemap.net\" style=\"color:#22A9FF; text-decoration:underline;\" target=\"_blank\" rel=\"noopener noreferrer\">Bikemap.net<br type=\"_moz\">\n<\/a><\/div>\n\n<iframe loading=\"lazy\" style=\"display: block;\" src=\"https:\/\/www.bikemap.net\/en\/r\/3105301\/widget\/?width=425&amp;height=400&amp;unit=metric\" width=\"425\" height=\"400\" border=\"0\" frameborder=\"0\" marginheight=\"0\" marginwidth=\"0\" scrolling=\"no\"> <\/iframe>\n<div style=\"margin-top: 10px; height: 16px; color: #889EAC; font-family: sans-serif; font-size: 11px;\"><a href=\"https:\/\/www.bikemap.net\/en\/r\/3105301\/\" style=\"color:#22A9FF; text-decoration:underline;\" target=\"_blank\" rel=\"noopener noreferrer\">Cycle Route 3105301<\/a> &#8211; via <a href=\"https:\/\/www.bikemap.net\" style=\"color:#22A9FF; text-decoration:underline;\" target=\"_blank\" rel=\"noopener noreferrer\">Bikemap.net<\/a><\/div>\n\n<iframe loading=\"lazy\" style=\"display: block;\" src=\"https:\/\/www.bikemap.net\/en\/r\/3106224\/widget\/?width=425&amp;height=400&amp;unit=metric\" width=\"425\" height=\"400\" border=\"0\" frameborder=\"0\" marginheight=\"0\" marginwidth=\"0\" scrolling=\"no\"> <\/iframe>\n<div style=\"margin-top: 10px; height: 16px; color: #889EAC; font-family: sans-serif; font-size: 11px;\"><a href=\"https:\/\/www.bikemap.net\/en\/r\/3106224\/\" style=\"color:#22A9FF; text-decoration:underline;\" target=\"_blank\" rel=\"noopener noreferrer\">Cycle Route 3106224<\/a> &#8211; via <a href=\"https:\/\/www.bikemap.net\" style=\"color:#22A9FF; text-decoration:underline;\" target=\"_blank\" rel=\"noopener noreferrer\">Bikemap.net<\/a><\/div>\n\n<iframe loading=\"lazy\" style=\"display: block;\" src=\"https:\/\/www.bikemap.net\/en\/r\/3106160\/widget\/?width=425&amp;height=400&amp;unit=metric\" width=\"425\" height=\"400\" border=\"0\" frameborder=\"0\" marginheight=\"0\" marginwidth=\"0\" scrolling=\"no\"> <\/iframe>\n<div style=\"margin-top: 10px; height: 16px; color: #889EAC; font-family: sans-serif; font-size: 11px;\"><a href=\"https:\/\/www.bikemap.net\/en\/r\/3106160\/\" style=\"color:#22A9FF; text-decoration:underline;\" target=\"_blank\" rel=\"noopener noreferrer\">Cycle Route 3106160<\/a> &#8211; via <a href=\"https:\/\/www.bikemap.net\" style=\"color:#22A9FF; text-decoration:underline;\" target=\"_blank\" rel=\"noopener noreferrer\">Bikemap.net<\/a><\/div>\n\n<iframe loading=\"lazy\" style=\"display: block;\" src=\"https:\/\/www.bikemap.net\/en\/r\/1013290\/widget\/?width=425&amp;height=400&amp;unit=metric\" width=\"425\" height=\"400\" border=\"0\" frameborder=\"0\" marginheight=\"0\" marginwidth=\"0\" scrolling=\"no\"> <\/iframe>\n<div style=\"margin-top: 10px; height: 16px; color: #889EAC; font-family: sans-serif; font-size: 11px;\"><a href=\"https:\/\/www.bikemap.net\/en\/r\/1013290\/\" style=\"color:#22A9FF; text-decoration:underline;\" target=\"_blank\" rel=\"noopener noreferrer\">Cycle Route 1013290<\/a> &#8211; via <a href=\"https:\/\/www.bikemap.net\" style=\"color:#22A9FF; text-decoration:underline;\" target=\"_blank\" rel=\"noopener noreferrer\">Bikemap.net<\/a><\/div>\n","protected":false},"excerpt":{"rendered":"<p>S\u00e1rv\u00e1ri \u00e9s k\u00f6rny\u00e9kbeli ker\u00e9kp\u00e1ros \u00fatvonalak<\/p>\n","protected":false},"author":1,"featured_media":4965,"parent":6151,"menu_order":0,"comment_status":"closed","ping_status":"closed","template":"","meta":{"_acf_changed":false,"footnotes":""},"class_list":["post-6403","page","type-page","status-publish","has-post-thumbnail","hentry"],"acf":[],"yoast_head":"<!-- This site is optimized with the Yoast SEO plugin v25.4 - https:\/\/yoast.com\/wordpress\/plugins\/seo\/ -->\n<title>Fahrradtouren - S\u00e1rv\u00e1r<\/title>\n<meta name=\"robots\" content=\"noindex, follow, max-snippet:-1, max-image-preview:large, max-video-preview:-1\" \/>\n<meta property=\"og:locale\" content=\"de_DE\" \/>\n<meta property=\"og:type\" content=\"article\" \/>\n<meta property=\"og:title\" content=\"Fahrradtouren - S\u00e1rv\u00e1r\" \/>\n<meta property=\"og:description\" content=\"S\u00e1rv\u00e1ri \u00e9s k\u00f6rny\u00e9kbeli ker\u00e9kp\u00e1ros \u00fatvonalak\" \/>\n<meta property=\"og:url\" content=\"https:\/\/sarvar.conedevel.com\/de\/aktivitas\/kerekparturak\/\" \/>\n<meta property=\"og:site_name\" content=\"S\u00e1rv\u00e1r\" \/>\n<meta property=\"article:publisher\" content=\"https:\/\/www.facebook.com\/tdmsarvar\" \/>\n<meta property=\"article:modified_time\" content=\"2019-11-24T15:58:14+00:00\" \/>\n<meta property=\"og:image\" content=\"https:\/\/sarvar.conedevel.com\/wp-content\/uploads\/2019\/10\/akt\u00edv-wellness-h\u00e9tv\u00e9ge-1024x683.jpg\" \/>\n\t<meta property=\"og:image:width\" content=\"1024\" \/>\n\t<meta property=\"og:image:height\" content=\"683\" \/>\n\t<meta property=\"og:image:type\" content=\"image\/jpeg\" \/>\n<meta name=\"twitter:card\" content=\"summary_large_image\" \/>\n<script type=\"application\/ld+json\" class=\"yoast-schema-graph\">{\"@context\":\"https:\/\/schema.org\",\"@graph\":[{\"@type\":\"WebPage\",\"@id\":\"https:\/\/sarvar.conedevel.com\/de\/aktivitas\/kerekparturak\/\",\"url\":\"https:\/\/sarvar.conedevel.com\/de\/aktivitas\/kerekparturak\/\",\"name\":\"Fahrradtouren - S\u00e1rv\u00e1r\",\"isPartOf\":{\"@id\":\"https:\/\/sarvar.conedevel.com\/#website\"},\"primaryImageOfPage\":{\"@id\":\"https:\/\/sarvar.conedevel.com\/de\/aktivitas\/kerekparturak\/#primaryimage\"},\"image\":{\"@id\":\"https:\/\/sarvar.conedevel.com\/de\/aktivitas\/kerekparturak\/#primaryimage\"},\"thumbnailUrl\":\"https:\/\/sarvar.conedevel.com\/wp-content\/uploads\/2019\/10\/akt\u00edv-wellness-h\u00e9tv\u00e9ge.jpg\",\"datePublished\":\"2019-11-24T15:44:56+00:00\",\"dateModified\":\"2019-11-24T15:58:14+00:00\",\"breadcrumb\":{\"@id\":\"https:\/\/sarvar.conedevel.com\/de\/aktivitas\/kerekparturak\/#breadcrumb\"},\"inLanguage\":\"de\",\"potentialAction\":[{\"@type\":\"ReadAction\",\"target\":[\"https:\/\/sarvar.conedevel.com\/de\/aktivitas\/kerekparturak\/\"]}]},{\"@type\":\"ImageObject\",\"inLanguage\":\"de\",\"@id\":\"https:\/\/sarvar.conedevel.com\/de\/aktivitas\/kerekparturak\/#primaryimage\",\"url\":\"https:\/\/sarvar.conedevel.com\/wp-content\/uploads\/2019\/10\/akt\u00edv-wellness-h\u00e9tv\u00e9ge.jpg\",\"contentUrl\":\"https:\/\/sarvar.conedevel.com\/wp-content\/uploads\/2019\/10\/akt\u00edv-wellness-h\u00e9tv\u00e9ge.jpg\",\"width\":2500,\"height\":1667,\"caption\":\"Ker\u00e9kp\u00e1r foglal\u00e1s S\u00e1rv\u00e1ron\"},{\"@type\":\"BreadcrumbList\",\"@id\":\"https:\/\/sarvar.conedevel.com\/de\/aktivitas\/kerekparturak\/#breadcrumb\",\"itemListElement\":[{\"@type\":\"ListItem\",\"position\":1,\"name\":\"Kezd\u0151lap\",\"item\":\"https:\/\/sarvar.conedevel.com\/de\/\"},{\"@type\":\"ListItem\",\"position\":2,\"name\":\"FREIZEIT\",\"item\":\"https:\/\/sarvar.conedevel.com\/de\/aktivitas\/\"},{\"@type\":\"ListItem\",\"position\":3,\"name\":\"Fahrradtouren\"}]},{\"@type\":\"WebSite\",\"@id\":\"https:\/\/sarvar.conedevel.com\/#website\",\"url\":\"https:\/\/sarvar.conedevel.com\/\",\"name\":\"S\u00e1rv\u00e1r\",\"description\":\"S\u00e1rv\u00e1ri sz\u00e1ll\u00e1shelyek, \u00e9ttermek, programok, l\u00e1tnival\u00f3k \u00e9s inform\u00e1ci\u00f3k - mind egy helyen S\u00e1rv\u00e1rr\u00f3l\",\"potentialAction\":[{\"@type\":\"SearchAction\",\"target\":{\"@type\":\"EntryPoint\",\"urlTemplate\":\"https:\/\/sarvar.conedevel.com\/?s={search_term_string}\"},\"query-input\":{\"@type\":\"PropertyValueSpecification\",\"valueRequired\":true,\"valueName\":\"search_term_string\"}}],\"inLanguage\":\"de\"}]}<\/script>\n<!-- \/ Yoast SEO plugin. -->","yoast_head_json":{"title":"Fahrradtouren - S\u00e1rv\u00e1r","robots":{"index":"noindex","follow":"follow","max-snippet":"max-snippet:-1","max-image-preview":"max-image-preview:large","max-video-preview":"max-video-preview:-1"},"og_locale":"de_DE","og_type":"article","og_title":"Fahrradtouren - S\u00e1rv\u00e1r","og_description":"S\u00e1rv\u00e1ri \u00e9s k\u00f6rny\u00e9kbeli ker\u00e9kp\u00e1ros \u00fatvonalak","og_url":"https:\/\/sarvar.conedevel.com\/de\/aktivitas\/kerekparturak\/","og_site_name":"S\u00e1rv\u00e1r","article_publisher":"https:\/\/www.facebook.com\/tdmsarvar","article_modified_time":"2019-11-24T15:58:14+00:00","og_image":[{"width":1024,"height":683,"url":"https:\/\/sarvar.conedevel.com\/wp-content\/uploads\/2019\/10\/akt\u00edv-wellness-h\u00e9tv\u00e9ge-1024x683.jpg","type":"image\/jpeg"}],"twitter_card":"summary_large_image","schema":{"@context":"https:\/\/schema.org","@graph":[{"@type":"WebPage","@id":"https:\/\/sarvar.conedevel.com\/de\/aktivitas\/kerekparturak\/","url":"https:\/\/sarvar.conedevel.com\/de\/aktivitas\/kerekparturak\/","name":"Fahrradtouren - S\u00e1rv\u00e1r","isPartOf":{"@id":"https:\/\/sarvar.conedevel.com\/#website"},"primaryImageOfPage":{"@id":"https:\/\/sarvar.conedevel.com\/de\/aktivitas\/kerekparturak\/#primaryimage"},"image":{"@id":"https:\/\/sarvar.conedevel.com\/de\/aktivitas\/kerekparturak\/#primaryimage"},"thumbnailUrl":"https:\/\/sarvar.conedevel.com\/wp-content\/uploads\/2019\/10\/akt\u00edv-wellness-h\u00e9tv\u00e9ge.jpg","datePublished":"2019-11-24T15:44:56+00:00","dateModified":"2019-11-24T15:58:14+00:00","breadcrumb":{"@id":"https:\/\/sarvar.conedevel.com\/de\/aktivitas\/kerekparturak\/#breadcrumb"},"inLanguage":"de","potentialAction":[{"@type":"ReadAction","target":["https:\/\/sarvar.conedevel.com\/de\/aktivitas\/kerekparturak\/"]}]},{"@type":"ImageObject","inLanguage":"de","@id":"https:\/\/sarvar.conedevel.com\/de\/aktivitas\/kerekparturak\/#primaryimage","url":"https:\/\/sarvar.conedevel.com\/wp-content\/uploads\/2019\/10\/akt\u00edv-wellness-h\u00e9tv\u00e9ge.jpg","contentUrl":"https:\/\/sarvar.conedevel.com\/wp-content\/uploads\/2019\/10\/akt\u00edv-wellness-h\u00e9tv\u00e9ge.jpg","width":2500,"height":1667,"caption":"Ker\u00e9kp\u00e1r foglal\u00e1s S\u00e1rv\u00e1ron"},{"@type":"BreadcrumbList","@id":"https:\/\/sarvar.conedevel.com\/de\/aktivitas\/kerekparturak\/#breadcrumb","itemListElement":[{"@type":"ListItem","position":1,"name":"Kezd\u0151lap","item":"https:\/\/sarvar.conedevel.com\/de\/"},{"@type":"ListItem","position":2,"name":"FREIZEIT","item":"https:\/\/sarvar.conedevel.com\/de\/aktivitas\/"},{"@type":"ListItem","position":3,"name":"Fahrradtouren"}]},{"@type":"WebSite","@id":"https:\/\/sarvar.conedevel.com\/#website","url":"https:\/\/sarvar.conedevel.com\/","name":"S\u00e1rv\u00e1r","description":"S\u00e1rv\u00e1ri sz\u00e1ll\u00e1shelyek, \u00e9ttermek, programok, l\u00e1tnival\u00f3k \u00e9s inform\u00e1ci\u00f3k - mind egy helyen S\u00e1rv\u00e1rr\u00f3l","potentialAction":[{"@type":"SearchAction","target":{"@type":"EntryPoint","urlTemplate":"https:\/\/sarvar.conedevel.com\/?s={search_term_string}"},"query-input":{"@type":"PropertyValueSpecification","valueRequired":true,"valueName":"search_term_string"}}],"inLanguage":"de"}]}},"_links":{"self":[{"href":"https:\/\/sarvar.conedevel.com\/de\/wp-json\/wp\/v2\/pages\/6403","targetHints":{"allow":["GET"]}}],"collection":[{"href":"https:\/\/sarvar.conedevel.com\/de\/wp-json\/wp\/v2\/pages"}],"about":[{"href":"https:\/\/sarvar.conedevel.com\/de\/wp-json\/wp\/v2\/types\/page"}],"author":[{"embeddable":true,"href":"https:\/\/sarvar.conedevel.com\/de\/wp-json\/wp\/v2\/users\/1"}],"replies":[{"embeddable":true,"href":"https:\/\/sarvar.conedevel.com\/de\/wp-json\/wp\/v2\/comments?post=6403"}],"version-history":[{"count":0,"href":"https:\/\/sarvar.conedevel.com\/de\/wp-json\/wp\/v2\/pages\/6403\/revisions"}],"up":[{"embeddable":true,"href":"https:\/\/sarvar.conedevel.com\/de\/wp-json\/wp\/v2\/pages\/6151"}],"wp:featuredmedia":[{"embeddable":true,"href":"https:\/\/sarvar.conedevel.com\/de\/wp-json\/wp\/v2\/media\/4965"}],"wp:attachment":[{"href":"https:\/\/sarvar.conedevel.com\/de\/wp-json\/wp\/v2\/media?parent=6403"}],"curies":[{"name":"wp","href":"https:\/\/api.w.org\/{rel}","templated":true}]}}