{"id":6305,"date":"2019-10-30T17:11:17","date_gmt":"2019-10-30T17:11:17","guid":{"rendered":"http:\/\/sarvar.conedevel.com\/aktivitas\/szeleste\/"},"modified":"2019-11-24T14:37:33","modified_gmt":"2019-11-24T14:37:33","slug":"szeleste","status":"publish","type":"page","link":"https:\/\/sarvar.conedevel.com\/de\/aktivitas\/kornyek\/szeleste\/","title":{"rendered":"Szeleste"},"content":{"rendered":"\n<h2 class=\"wp-block-heading\">Das Wahrzeichen der Gemeinde ist das von Graf Andor Festetich gegr\u00fcndete das ganze Jahr \u00fcber ge\u00f6ffnete Arboretum.<\/h2>\n\n\n\n<p>In dem landesweit geschutzten Park befinden sich mehr als 500 Arten von besonderen Pflanzen. Umringt vom 13 Hektar grossen Arboretum steht das 150 jahre alte Schloss Festetich. Sein Bau wurde 1855 begonnen, die Arbeit wurde schliesslich von Graf Andor Festetich beendet. Derzeit beherbergt es ein Hotel.<\/p>\n","protected":false},"excerpt":{"rendered":"<p>Das Wahrzeichen der Gemeinde ist das von Graf Andor Festetich gegr\u00fcndete das ganze Jahr \u00fcber ge\u00f6ffnete Arboretum. In dem landesweit geschutzten Park befinden sich mehr als 500 Arten von besonderen Pflanzen. Umringt vom 13 Hektar grossen Arboretum steht das 150 jahre alte Schloss Festetich. Sein Bau wurde 1855 begonnen, die Arbeit wurde schliesslich von Graf [&hellip;]<\/p>\n","protected":false},"author":1,"featured_media":0,"parent":6249,"menu_order":0,"comment_status":"closed","ping_status":"closed","template":"","meta":{"_acf_changed":false,"footnotes":""},"class_list":["post-6305","page","type-page","status-publish","hentry"],"acf":[],"yoast_head":"<!-- This site is optimized with the Yoast SEO plugin v25.4 - https:\/\/yoast.com\/wordpress\/plugins\/seo\/ -->\n<title>Szeleste - S\u00e1rv\u00e1r<\/title>\n<meta name=\"robots\" content=\"noindex, follow, max-snippet:-1, max-image-preview:large, max-video-preview:-1\" \/>\n<meta property=\"og:locale\" content=\"de_DE\" \/>\n<meta property=\"og:type\" content=\"article\" \/>\n<meta property=\"og:title\" content=\"Szeleste - S\u00e1rv\u00e1r\" \/>\n<meta property=\"og:description\" content=\"Das Wahrzeichen der Gemeinde ist das von Graf Andor Festetich gegr\u00fcndete das ganze Jahr \u00fcber ge\u00f6ffnete Arboretum. In dem landesweit geschutzten Park befinden sich mehr als 500 Arten von besonderen Pflanzen. Umringt vom 13 Hektar grossen Arboretum steht das 150 jahre alte Schloss Festetich. Sein Bau wurde 1855 begonnen, die Arbeit wurde schliesslich von Graf [&hellip;]\" \/>\n<meta property=\"og:url\" content=\"https:\/\/sarvar.conedevel.com\/de\/aktivitas\/kornyek\/szeleste\/\" \/>\n<meta property=\"og:site_name\" content=\"S\u00e1rv\u00e1r\" \/>\n<meta property=\"article:publisher\" content=\"https:\/\/www.facebook.com\/tdmsarvar\" \/>\n<meta property=\"article:modified_time\" content=\"2019-11-24T14:37:33+00:00\" \/>\n<meta name=\"twitter:card\" content=\"summary_large_image\" \/>\n<script type=\"application\/ld+json\" class=\"yoast-schema-graph\">{\"@context\":\"https:\/\/schema.org\",\"@graph\":[{\"@type\":\"WebPage\",\"@id\":\"https:\/\/sarvar.conedevel.com\/de\/aktivitas\/kornyek\/szeleste\/\",\"url\":\"https:\/\/sarvar.conedevel.com\/de\/aktivitas\/kornyek\/szeleste\/\",\"name\":\"Szeleste - S\u00e1rv\u00e1r\",\"isPartOf\":{\"@id\":\"https:\/\/sarvar.conedevel.com\/#website\"},\"datePublished\":\"2019-10-30T17:11:17+00:00\",\"dateModified\":\"2019-11-24T14:37:33+00:00\",\"breadcrumb\":{\"@id\":\"https:\/\/sarvar.conedevel.com\/de\/aktivitas\/kornyek\/szeleste\/#breadcrumb\"},\"inLanguage\":\"de\",\"potentialAction\":[{\"@type\":\"ReadAction\",\"target\":[\"https:\/\/sarvar.conedevel.com\/de\/aktivitas\/kornyek\/szeleste\/\"]}]},{\"@type\":\"BreadcrumbList\",\"@id\":\"https:\/\/sarvar.conedevel.com\/de\/aktivitas\/kornyek\/szeleste\/#breadcrumb\",\"itemListElement\":[{\"@type\":\"ListItem\",\"position\":1,\"name\":\"Kezd\u0151lap\",\"item\":\"https:\/\/sarvar.conedevel.com\/de\/\"},{\"@type\":\"ListItem\",\"position\":2,\"name\":\"FREIZEIT\",\"item\":\"https:\/\/sarvar.conedevel.com\/de\/aktivitas\/\"},{\"@type\":\"ListItem\",\"position\":3,\"name\":\"Das Gebiet\",\"item\":\"https:\/\/sarvar.conedevel.com\/de\/aktivitas\/kornyek\/\"},{\"@type\":\"ListItem\",\"position\":4,\"name\":\"Szeleste\"}]},{\"@type\":\"WebSite\",\"@id\":\"https:\/\/sarvar.conedevel.com\/#website\",\"url\":\"https:\/\/sarvar.conedevel.com\/\",\"name\":\"S\u00e1rv\u00e1r\",\"description\":\"S\u00e1rv\u00e1ri sz\u00e1ll\u00e1shelyek, \u00e9ttermek, programok, l\u00e1tnival\u00f3k \u00e9s inform\u00e1ci\u00f3k - mind egy helyen S\u00e1rv\u00e1rr\u00f3l\",\"potentialAction\":[{\"@type\":\"SearchAction\",\"target\":{\"@type\":\"EntryPoint\",\"urlTemplate\":\"https:\/\/sarvar.conedevel.com\/?s={search_term_string}\"},\"query-input\":{\"@type\":\"PropertyValueSpecification\",\"valueRequired\":true,\"valueName\":\"search_term_string\"}}],\"inLanguage\":\"de\"}]}<\/script>\n<!-- \/ Yoast SEO plugin. -->","yoast_head_json":{"title":"Szeleste - S\u00e1rv\u00e1r","robots":{"index":"noindex","follow":"follow","max-snippet":"max-snippet:-1","max-image-preview":"max-image-preview:large","max-video-preview":"max-video-preview:-1"},"og_locale":"de_DE","og_type":"article","og_title":"Szeleste - S\u00e1rv\u00e1r","og_description":"Das Wahrzeichen der Gemeinde ist das von Graf Andor Festetich gegr\u00fcndete das ganze Jahr \u00fcber ge\u00f6ffnete Arboretum. In dem landesweit geschutzten Park befinden sich mehr als 500 Arten von besonderen Pflanzen. Umringt vom 13 Hektar grossen Arboretum steht das 150 jahre alte Schloss Festetich. Sein Bau wurde 1855 begonnen, die Arbeit wurde schliesslich von Graf [&hellip;]","og_url":"https:\/\/sarvar.conedevel.com\/de\/aktivitas\/kornyek\/szeleste\/","og_site_name":"S\u00e1rv\u00e1r","article_publisher":"https:\/\/www.facebook.com\/tdmsarvar","article_modified_time":"2019-11-24T14:37:33+00:00","twitter_card":"summary_large_image","schema":{"@context":"https:\/\/schema.org","@graph":[{"@type":"WebPage","@id":"https:\/\/sarvar.conedevel.com\/de\/aktivitas\/kornyek\/szeleste\/","url":"https:\/\/sarvar.conedevel.com\/de\/aktivitas\/kornyek\/szeleste\/","name":"Szeleste - S\u00e1rv\u00e1r","isPartOf":{"@id":"https:\/\/sarvar.conedevel.com\/#website"},"datePublished":"2019-10-30T17:11:17+00:00","dateModified":"2019-11-24T14:37:33+00:00","breadcrumb":{"@id":"https:\/\/sarvar.conedevel.com\/de\/aktivitas\/kornyek\/szeleste\/#breadcrumb"},"inLanguage":"de","potentialAction":[{"@type":"ReadAction","target":["https:\/\/sarvar.conedevel.com\/de\/aktivitas\/kornyek\/szeleste\/"]}]},{"@type":"BreadcrumbList","@id":"https:\/\/sarvar.conedevel.com\/de\/aktivitas\/kornyek\/szeleste\/#breadcrumb","itemListElement":[{"@type":"ListItem","position":1,"name":"Kezd\u0151lap","item":"https:\/\/sarvar.conedevel.com\/de\/"},{"@type":"ListItem","position":2,"name":"FREIZEIT","item":"https:\/\/sarvar.conedevel.com\/de\/aktivitas\/"},{"@type":"ListItem","position":3,"name":"Das Gebiet","item":"https:\/\/sarvar.conedevel.com\/de\/aktivitas\/kornyek\/"},{"@type":"ListItem","position":4,"name":"Szeleste"}]},{"@type":"WebSite","@id":"https:\/\/sarvar.conedevel.com\/#website","url":"https:\/\/sarvar.conedevel.com\/","name":"S\u00e1rv\u00e1r","description":"S\u00e1rv\u00e1ri sz\u00e1ll\u00e1shelyek, \u00e9ttermek, programok, l\u00e1tnival\u00f3k \u00e9s inform\u00e1ci\u00f3k - mind egy helyen S\u00e1rv\u00e1rr\u00f3l","potentialAction":[{"@type":"SearchAction","target":{"@type":"EntryPoint","urlTemplate":"https:\/\/sarvar.conedevel.com\/?s={search_term_string}"},"query-input":{"@type":"PropertyValueSpecification","valueRequired":true,"valueName":"search_term_string"}}],"inLanguage":"de"}]}},"_links":{"self":[{"href":"https:\/\/sarvar.conedevel.com\/de\/wp-json\/wp\/v2\/pages\/6305","targetHints":{"allow":["GET"]}}],"collection":[{"href":"https:\/\/sarvar.conedevel.com\/de\/wp-json\/wp\/v2\/pages"}],"about":[{"href":"https:\/\/sarvar.conedevel.com\/de\/wp-json\/wp\/v2\/types\/page"}],"author":[{"embeddable":true,"href":"https:\/\/sarvar.conedevel.com\/de\/wp-json\/wp\/v2\/users\/1"}],"replies":[{"embeddable":true,"href":"https:\/\/sarvar.conedevel.com\/de\/wp-json\/wp\/v2\/comments?post=6305"}],"version-history":[{"count":0,"href":"https:\/\/sarvar.conedevel.com\/de\/wp-json\/wp\/v2\/pages\/6305\/revisions"}],"up":[{"embeddable":true,"href":"https:\/\/sarvar.conedevel.com\/de\/wp-json\/wp\/v2\/pages\/6249"}],"wp:attachment":[{"href":"https:\/\/sarvar.conedevel.com\/de\/wp-json\/wp\/v2\/media?parent=6305"}],"curies":[{"name":"wp","href":"https:\/\/api.w.org\/{rel}","templated":true}]}}