{"id":6299,"date":"2019-10-30T17:10:31","date_gmt":"2019-10-30T17:10:31","guid":{"rendered":"http:\/\/sarvar.conedevel.com\/aktivitas\/sitke\/"},"modified":"2019-11-24T12:53:52","modified_gmt":"2019-11-24T12:53:52","slug":"sitke","status":"publish","type":"page","link":"https:\/\/sarvar.conedevel.com\/de\/aktivitas\/kornyek\/sitke\/","title":{"rendered":"Sitke"},"content":{"rendered":"\n<h2 class=\"wp-block-heading\">8 km von S\u00e1rv\u00e1r entfernt befindet sich die Gemeinde Sitke, deren Umgebung seit 4.5 Millionen Jahren von vulkanischer Aktivit\u00e4t gekennzeichnet ist.<\/h2>\n\n\n\n<p>So ist der 230m hohe Hercseg-Berg, ein Zeugenberg, entstanden. Auf vulkanischem Ger\u00f6ll wird seit den R\u00f6merzeiten Weinbau betrieben.<\/p>\n\n\n\n<p>Einigen Dokumenten nach entstand die Gemeinde an Stelle der r\u00f6mischen Stadt Bassiana, dies untermauern auch die heute noch zu sehenden Spuren des ehemaligen Amphitheaters am \u00f6stlichen Rand von Sitke. Einigen Vermutungen nach speiste das Bach B\u00f6l\u00f6nt ein r\u00f6misches Bad, die Heilwirkung seines schwefelhaltigen Wassers ist seit langem bekannt. Das im Stil der Barocke und der Romantik erbaute Schloss fungiert seit 1982 als Hotel.\u00a0<\/p>\n\n\n\n<p>Kapelle von Sitke \u2013 Auf dem H\u00fcgel, dem K\u00f6ves, am Rande der Gemeinde lie\u00dfen S\u00e1ndor Fels\u0151b\u00fcki Nagy (I), und seine Gattin, Ter\u00e9z Weidgang, die Kalvarienkapelle aus Privateifer aufbauen. Ein Jahr sp\u00e4ter, am 14. Februar 1872., wurde sie geweiht. Die neogotische kleine Kapelle wurde mit einer hohen Bastei gebaut, sie ist mit einem Vorraum umgeben und hat auch zwei stumpfe T\u00fcrme aus Sandstein. Der Vorraum ist mit einem Steinzaun umgeben und hat vier Tore mit Eisengittern. Der Turm wurde fr\u00fcher von einem Blitz getroffen, die Einrichtungsgegenst\u00e4nde wurden weggetragen und die in der Wand versteckten Originalpl\u00e4ne und zeitgen\u00f6ssische M\u00fcnzen sind verschwunden.&nbsp;<\/p>\n\n\n\n<p>Zur Renovierung der Kapelle kam es im Jahre 1986 als Fec\u00f3 Bal\u00e1zs, der Musiker aus Budapest, den Kulturverein f\u00fcr die Kapelle in Sitke gr\u00fcndete und auch den Vorsitz \u00fcbernahm. Der K\u00fcnstler organisierte Konzerte aus deren Einnahmen die Rekonstruktion get\u00e4tigt werden konnte. Die vollkommene Rekonstruktion wurde 1991 beendet.\u00a0<\/p>\n\n\n\n<p>Das Freilichtkonzert f\u00fcr die Renovierung der Kapelle ist ein beliebtes Programm am Sommerende.<\/p>\n","protected":false},"excerpt":{"rendered":"<p>8 km von S\u00e1rv\u00e1r entfernt befindet sich die Gemeinde Sitke, deren Umgebung seit 4.5 Millionen Jahren von vulkanischer Aktivit\u00e4t gekennzeichnet ist. So ist der 230m hohe Hercseg-Berg, ein Zeugenberg, entstanden. Auf vulkanischem Ger\u00f6ll wird seit den R\u00f6merzeiten Weinbau betrieben. Einigen Dokumenten nach entstand die Gemeinde an Stelle der r\u00f6mischen Stadt Bassiana, dies untermauern auch die [&hellip;]<\/p>\n","protected":false},"author":1,"featured_media":0,"parent":6249,"menu_order":0,"comment_status":"closed","ping_status":"closed","template":"","meta":{"_acf_changed":false,"footnotes":""},"class_list":["post-6299","page","type-page","status-publish","hentry"],"acf":[],"yoast_head":"<!-- This site is optimized with the Yoast SEO plugin v25.4 - https:\/\/yoast.com\/wordpress\/plugins\/seo\/ -->\n<title>Sitke - S\u00e1rv\u00e1r<\/title>\n<meta name=\"robots\" content=\"noindex, follow, max-snippet:-1, max-image-preview:large, max-video-preview:-1\" \/>\n<meta property=\"og:locale\" content=\"de_DE\" \/>\n<meta property=\"og:type\" content=\"article\" \/>\n<meta property=\"og:title\" content=\"Sitke - S\u00e1rv\u00e1r\" \/>\n<meta property=\"og:description\" content=\"8 km von S\u00e1rv\u00e1r entfernt befindet sich die Gemeinde Sitke, deren Umgebung seit 4.5 Millionen Jahren von vulkanischer Aktivit\u00e4t gekennzeichnet ist. So ist der 230m hohe Hercseg-Berg, ein Zeugenberg, entstanden. Auf vulkanischem Ger\u00f6ll wird seit den R\u00f6merzeiten Weinbau betrieben. Einigen Dokumenten nach entstand die Gemeinde an Stelle der r\u00f6mischen Stadt Bassiana, dies untermauern auch die [&hellip;]\" \/>\n<meta property=\"og:url\" content=\"https:\/\/sarvar.conedevel.com\/de\/aktivitas\/kornyek\/sitke\/\" \/>\n<meta property=\"og:site_name\" content=\"S\u00e1rv\u00e1r\" \/>\n<meta property=\"article:publisher\" content=\"https:\/\/www.facebook.com\/tdmsarvar\" \/>\n<meta property=\"article:modified_time\" content=\"2019-11-24T12:53:52+00:00\" \/>\n<meta name=\"twitter:card\" content=\"summary_large_image\" \/>\n<meta name=\"twitter:label1\" content=\"Gesch\u00e4tzte Lesezeit\" \/>\n\t<meta name=\"twitter:data1\" content=\"1\u00a0Minute\" \/>\n<script type=\"application\/ld+json\" class=\"yoast-schema-graph\">{\"@context\":\"https:\/\/schema.org\",\"@graph\":[{\"@type\":\"WebPage\",\"@id\":\"https:\/\/sarvar.conedevel.com\/de\/aktivitas\/kornyek\/sitke\/\",\"url\":\"https:\/\/sarvar.conedevel.com\/de\/aktivitas\/kornyek\/sitke\/\",\"name\":\"Sitke - S\u00e1rv\u00e1r\",\"isPartOf\":{\"@id\":\"https:\/\/sarvar.conedevel.com\/#website\"},\"datePublished\":\"2019-10-30T17:10:31+00:00\",\"dateModified\":\"2019-11-24T12:53:52+00:00\",\"breadcrumb\":{\"@id\":\"https:\/\/sarvar.conedevel.com\/de\/aktivitas\/kornyek\/sitke\/#breadcrumb\"},\"inLanguage\":\"de\",\"potentialAction\":[{\"@type\":\"ReadAction\",\"target\":[\"https:\/\/sarvar.conedevel.com\/de\/aktivitas\/kornyek\/sitke\/\"]}]},{\"@type\":\"BreadcrumbList\",\"@id\":\"https:\/\/sarvar.conedevel.com\/de\/aktivitas\/kornyek\/sitke\/#breadcrumb\",\"itemListElement\":[{\"@type\":\"ListItem\",\"position\":1,\"name\":\"Kezd\u0151lap\",\"item\":\"https:\/\/sarvar.conedevel.com\/de\/\"},{\"@type\":\"ListItem\",\"position\":2,\"name\":\"FREIZEIT\",\"item\":\"https:\/\/sarvar.conedevel.com\/de\/aktivitas\/\"},{\"@type\":\"ListItem\",\"position\":3,\"name\":\"Das Gebiet\",\"item\":\"https:\/\/sarvar.conedevel.com\/de\/aktivitas\/kornyek\/\"},{\"@type\":\"ListItem\",\"position\":4,\"name\":\"Sitke\"}]},{\"@type\":\"WebSite\",\"@id\":\"https:\/\/sarvar.conedevel.com\/#website\",\"url\":\"https:\/\/sarvar.conedevel.com\/\",\"name\":\"S\u00e1rv\u00e1r\",\"description\":\"S\u00e1rv\u00e1ri sz\u00e1ll\u00e1shelyek, \u00e9ttermek, programok, l\u00e1tnival\u00f3k \u00e9s inform\u00e1ci\u00f3k - mind egy helyen S\u00e1rv\u00e1rr\u00f3l\",\"potentialAction\":[{\"@type\":\"SearchAction\",\"target\":{\"@type\":\"EntryPoint\",\"urlTemplate\":\"https:\/\/sarvar.conedevel.com\/?s={search_term_string}\"},\"query-input\":{\"@type\":\"PropertyValueSpecification\",\"valueRequired\":true,\"valueName\":\"search_term_string\"}}],\"inLanguage\":\"de\"}]}<\/script>\n<!-- \/ Yoast SEO plugin. -->","yoast_head_json":{"title":"Sitke - S\u00e1rv\u00e1r","robots":{"index":"noindex","follow":"follow","max-snippet":"max-snippet:-1","max-image-preview":"max-image-preview:large","max-video-preview":"max-video-preview:-1"},"og_locale":"de_DE","og_type":"article","og_title":"Sitke - S\u00e1rv\u00e1r","og_description":"8 km von S\u00e1rv\u00e1r entfernt befindet sich die Gemeinde Sitke, deren Umgebung seit 4.5 Millionen Jahren von vulkanischer Aktivit\u00e4t gekennzeichnet ist. So ist der 230m hohe Hercseg-Berg, ein Zeugenberg, entstanden. Auf vulkanischem Ger\u00f6ll wird seit den R\u00f6merzeiten Weinbau betrieben. Einigen Dokumenten nach entstand die Gemeinde an Stelle der r\u00f6mischen Stadt Bassiana, dies untermauern auch die [&hellip;]","og_url":"https:\/\/sarvar.conedevel.com\/de\/aktivitas\/kornyek\/sitke\/","og_site_name":"S\u00e1rv\u00e1r","article_publisher":"https:\/\/www.facebook.com\/tdmsarvar","article_modified_time":"2019-11-24T12:53:52+00:00","twitter_card":"summary_large_image","twitter_misc":{"Gesch\u00e4tzte Lesezeit":"1\u00a0Minute"},"schema":{"@context":"https:\/\/schema.org","@graph":[{"@type":"WebPage","@id":"https:\/\/sarvar.conedevel.com\/de\/aktivitas\/kornyek\/sitke\/","url":"https:\/\/sarvar.conedevel.com\/de\/aktivitas\/kornyek\/sitke\/","name":"Sitke - S\u00e1rv\u00e1r","isPartOf":{"@id":"https:\/\/sarvar.conedevel.com\/#website"},"datePublished":"2019-10-30T17:10:31+00:00","dateModified":"2019-11-24T12:53:52+00:00","breadcrumb":{"@id":"https:\/\/sarvar.conedevel.com\/de\/aktivitas\/kornyek\/sitke\/#breadcrumb"},"inLanguage":"de","potentialAction":[{"@type":"ReadAction","target":["https:\/\/sarvar.conedevel.com\/de\/aktivitas\/kornyek\/sitke\/"]}]},{"@type":"BreadcrumbList","@id":"https:\/\/sarvar.conedevel.com\/de\/aktivitas\/kornyek\/sitke\/#breadcrumb","itemListElement":[{"@type":"ListItem","position":1,"name":"Kezd\u0151lap","item":"https:\/\/sarvar.conedevel.com\/de\/"},{"@type":"ListItem","position":2,"name":"FREIZEIT","item":"https:\/\/sarvar.conedevel.com\/de\/aktivitas\/"},{"@type":"ListItem","position":3,"name":"Das Gebiet","item":"https:\/\/sarvar.conedevel.com\/de\/aktivitas\/kornyek\/"},{"@type":"ListItem","position":4,"name":"Sitke"}]},{"@type":"WebSite","@id":"https:\/\/sarvar.conedevel.com\/#website","url":"https:\/\/sarvar.conedevel.com\/","name":"S\u00e1rv\u00e1r","description":"S\u00e1rv\u00e1ri sz\u00e1ll\u00e1shelyek, \u00e9ttermek, programok, l\u00e1tnival\u00f3k \u00e9s inform\u00e1ci\u00f3k - mind egy helyen S\u00e1rv\u00e1rr\u00f3l","potentialAction":[{"@type":"SearchAction","target":{"@type":"EntryPoint","urlTemplate":"https:\/\/sarvar.conedevel.com\/?s={search_term_string}"},"query-input":{"@type":"PropertyValueSpecification","valueRequired":true,"valueName":"search_term_string"}}],"inLanguage":"de"}]}},"_links":{"self":[{"href":"https:\/\/sarvar.conedevel.com\/de\/wp-json\/wp\/v2\/pages\/6299","targetHints":{"allow":["GET"]}}],"collection":[{"href":"https:\/\/sarvar.conedevel.com\/de\/wp-json\/wp\/v2\/pages"}],"about":[{"href":"https:\/\/sarvar.conedevel.com\/de\/wp-json\/wp\/v2\/types\/page"}],"author":[{"embeddable":true,"href":"https:\/\/sarvar.conedevel.com\/de\/wp-json\/wp\/v2\/users\/1"}],"replies":[{"embeddable":true,"href":"https:\/\/sarvar.conedevel.com\/de\/wp-json\/wp\/v2\/comments?post=6299"}],"version-history":[{"count":0,"href":"https:\/\/sarvar.conedevel.com\/de\/wp-json\/wp\/v2\/pages\/6299\/revisions"}],"up":[{"embeddable":true,"href":"https:\/\/sarvar.conedevel.com\/de\/wp-json\/wp\/v2\/pages\/6249"}],"wp:attachment":[{"href":"https:\/\/sarvar.conedevel.com\/de\/wp-json\/wp\/v2\/media?parent=6299"}],"curies":[{"name":"wp","href":"https:\/\/api.w.org\/{rel}","templated":true}]}}