{"id":6249,"date":"2019-11-16T16:21:38","date_gmt":"2019-11-16T16:21:38","guid":{"rendered":"http:\/\/sarvar.conedevel.com\/aktivitas\/kornyek\/"},"modified":"2021-07-23T08:16:58","modified_gmt":"2021-07-23T08:16:58","slug":"kornyek","status":"publish","type":"page","link":"https:\/\/sarvar.conedevel.com\/de\/aktivitas\/kornyek\/","title":{"rendered":"Das Gebiet"},"content":{"rendered":"\n<div class=\"wp-block-media-text alignwide is-stacked-on-mobile\"><figure class=\"wp-block-media-text__media\"><img loading=\"lazy\" decoding=\"async\" width=\"900\" height=\"600\" src=\"https:\/\/sarvar.conedevel.com\/wp-content\/uploads\/2019\/11\/er_boraszat1_1-3-2.jpg\" alt=\"\" class=\"wp-image-5995 size-full\" srcset=\"https:\/\/sarvar.conedevel.com\/wp-content\/uploads\/2019\/11\/er_boraszat1_1-3-2.jpg 900w, https:\/\/sarvar.conedevel.com\/wp-content\/uploads\/2019\/11\/er_boraszat1_1-3-2-300x200.jpg 300w, https:\/\/sarvar.conedevel.com\/wp-content\/uploads\/2019\/11\/er_boraszat1_1-3-2-768x512.jpg 768w\" sizes=\"auto, (max-width: 900px) 100vw, 900px\" \/><\/figure><div class=\"wp-block-media-text__content\">\n<h2 class=\"wp-block-heading\" id=\"celldomolk\"><strong>Celld\u00f6m\u00f6lk<\/strong><\/h2>\n\n\n\n<p><strong>Die Geschichte der stimmungsvollen Kleinstadt ist eng mit der Votivstatue aus dem Stadtteil Cell, dem Schatz der r\u00f6misch-katholischen Pfarrkirche zur Heiligen Jungfrau, verbunden. Die Kirche, die eines der bemerkenswertesten sakralen Denkm\u00e4ler der Stadt ist, wurde Mitte des 18. Jahrhunderts im zeitgen\u00f6ssischen Barock-Stil unter der Leitung des Abtes, Od\u00f3 Koptik, erbaut.<\/strong><\/p>\n\n\n\n<p>Das monumentale Geb\u00e4ude mit dem Grundriss eines lateinischen Kreuzes ist 50m lang und 11m breit&#8230;. <a href=\"http:\/\/sarvar.conedevel.com\/aktivitas\/kornyek\/celldomolk\/?lang=de\">\u00bb\u00bb\u00bb<\/a><\/p>\n<\/div><\/div>\n\n\n\n<div class=\"wp-block-columns has-2-columns is-layout-flex wp-container-core-columns-is-layout-9d6595d7 wp-block-columns-is-layout-flex\">\n<div class=\"wp-block-column is-layout-flow wp-block-column-is-layout-flow\">\n<h2 class=\"wp-block-heading\" id=\"ikervar\"><strong>Ikerv\u00e1r<\/strong><\/h2>\n\n\n\n<p><strong>Die Stadt im R\u00e1ba-Tal hat eine reiche Historie, hiervon zeugen r\u00f6mische Gef\u00e4\u00dfst\u00fccke und die Funde aus 140 Gr\u00e4bern aus der Zeit der Landnahme.<\/strong><\/p>\n\n\n\n<p>Die Gemeinde Ikerv\u00e1r ist eine der \u00e4ltesten Gemeinden des Komitates Vas und gleichzeitig auch das \u201eFamiliennest der Batthy\u00e1nys\u201c, hier lebte Lajos Batthy\u00e1ny, der erste amtierende ungarische Ministerpr\u00e4sident&#8230; <a href=\"http:\/\/sarvar.conedevel.com\/aktivitas\/kornyek\/ikervar\/?lang=de\">\u00bb\u00bb\u00bb<\/a><\/p>\n<\/div>\n\n\n\n<div class=\"wp-block-column is-layout-flow wp-block-column-is-layout-flow\">\n<h2 class=\"wp-block-heading\" id=\"kald\"><strong>K\u00e1ld<\/strong><\/h2>\n\n\n\n<p><strong>Am Ortsrand beginnt ein Teil des \u201eWolfs-Waldes\u201d, durch den auch die blaue Wanderroute des Landes verl\u00e4uft.<\/strong><\/p>\n\n\n\n<p>Man findet hier 300 Jahre alte \u201eHexenb\u00e4ume\u201d, die unter Naturschutz stehenden Lajos-Buchen und die ebenfalls gesch\u00fctzten Josef-Meierei-Stieleichen&#8230; <a href=\"http:\/\/sarvar.conedevel.com\/aktivitas\/kornyek\/kald\/?lang=de\">\u00bb\u00bb\u00bb<\/a><\/p>\n<\/div>\n<\/div>\n\n\n\n<div class=\"wp-block-media-text alignwide has-media-on-the-right is-stacked-on-mobile\"><figure class=\"wp-block-media-text__media\"><img loading=\"lazy\" decoding=\"async\" width=\"1024\" height=\"768\" src=\"http:\/\/sarvar.conedevel.com\/wp-content\/uploads\/2019\/11\/thumb_981_default_large-1024x768.jpeg\" alt=\"\" class=\"wp-image-6011 size-full\" srcset=\"https:\/\/sarvar.conedevel.com\/wp-content\/uploads\/2019\/11\/thumb_981_default_large-1024x768.jpeg 1024w, https:\/\/sarvar.conedevel.com\/wp-content\/uploads\/2019\/11\/thumb_981_default_large-300x225.jpeg 300w, https:\/\/sarvar.conedevel.com\/wp-content\/uploads\/2019\/11\/thumb_981_default_large-768x576.jpeg 768w, https:\/\/sarvar.conedevel.com\/wp-content\/uploads\/2019\/11\/thumb_981_default_large.jpeg 1280w\" sizes=\"auto, (max-width: 1024px) 100vw, 1024px\" \/><\/figure><div class=\"wp-block-media-text__content\">\n<h2 class=\"wp-block-heading\" id=\"koszeg\"><strong>K\u0151szeg<\/strong> <\/h2>\n\n\n\n<p><strong>K\u0151szeg ist einer der charmantesten Kleinst\u00e4dte im nordwestlichen Zipfel Ungarns. Tausende historische, kulturelle und nat\u00fcrliche Sch\u00e4tze liegen hier verborgen, und es lohnt sich, die wertvollen Sehensw\u00fcrdigkeiten der Siedlung der \u201eEhrenkassen\u201d zu entdecken.<\/strong><\/p>\n\n\n\n<p>Hier l\u00e4uten die Glocken auch um 11 Uhr, um den Helden der t\u00fcrkischen Belagerung von 1532, Mikl\u00f3s Jurisics und den K\u0151szeger Burgverteidigern zu gedenken&#8230; <a href=\"http:\/\/sarvar.conedevel.com\/aktivitas\/kornyek\/koszeg\/?lang=de\">\u00bb\u00bb\u00bb<\/a><\/p>\n<\/div><\/div>\n\n\n\n<div class=\"wp-block-columns has-2-columns is-layout-flex wp-container-core-columns-is-layout-9d6595d7 wp-block-columns-is-layout-flex\">\n<div class=\"wp-block-column is-layout-flow wp-block-column-is-layout-flow\">\n<h2 class=\"wp-block-heading\" id=\"csenye\"><strong>Cs\u00e9nye<\/strong> <\/h2>\n\n\n\n<p><strong>Die Pfarrei der Gemeinde, die sich neben Gy\u00f6ngy\u00f6s befindet, ist eine der \u00e4ltesten im Bezirk.<\/strong><\/p>\n\n\n\n<p>Die Kirche ist nach dem Nepumuker Heiligen J\u00e1nos benannt. Die Sehensw\u00fcrdigkeiten der Gemeinde bilden die sich in der De\u00e1k Ferenc-Star\u00dfe befindlichen Stationen, die zur Kapelle aus dem 19. Jahrhundert am Ende der Stra\u00dfe f\u00fchren&#8230; <a href=\"http:\/\/sarvar.conedevel.com\/aktivitas\/kornyek\/csenye\/?lang=de\">\u00bb\u00bb\u00bb<\/a><\/p>\n<\/div>\n\n\n\n<div class=\"wp-block-column is-layout-flow wp-block-column-is-layout-flow\">\n<h2 class=\"wp-block-heading\" id=\"sitke\">Sitke<\/h2>\n\n\n\n<p><strong>8 km von S\u00e1rv\u00e1r entfernt befindet sich die Gemeinde Sitke, deren Umgebung seit 4.5 Millionen Jahren von vulkanischer Aktivit\u00e4t gekennzeichnet ist.<\/strong><\/p>\n\n\n\n<p>So ist der 230m hohe Hercseg-Berg, ein Zeugenberg, entstanden. Auf vulkanischem Ger\u00f6ll wird seit den R\u00f6merzeiten Weinbau betrieben&#8230; <a href=\"http:\/\/sarvar.conedevel.com\/aktivitas\/kornyek\/sitke\/?lang=de\">\u00bb\u00bb\u00bb<\/a><\/p>\n<\/div>\n<\/div>\n\n\n\n<div class=\"wp-block-media-text alignwide is-stacked-on-mobile\"><figure class=\"wp-block-media-text__media\"><img loading=\"lazy\" decoding=\"async\" width=\"1024\" height=\"572\" src=\"http:\/\/sarvar.conedevel.com\/wp-content\/uploads\/2019\/11\/bg_image1-2-1024x572.jpg\" alt=\"\" class=\"wp-image-5991 size-full\" srcset=\"https:\/\/sarvar.conedevel.com\/wp-content\/uploads\/2019\/11\/bg_image1-2-1024x572.jpg 1024w, https:\/\/sarvar.conedevel.com\/wp-content\/uploads\/2019\/11\/bg_image1-2-1400x782.jpg 1400w, https:\/\/sarvar.conedevel.com\/wp-content\/uploads\/2019\/11\/bg_image1-2-300x168.jpg 300w, https:\/\/sarvar.conedevel.com\/wp-content\/uploads\/2019\/11\/bg_image1-2-768x429.jpg 768w, https:\/\/sarvar.conedevel.com\/wp-content\/uploads\/2019\/11\/bg_image1-2.jpg 1920w\" sizes=\"auto, (max-width: 1024px) 100vw, 1024px\" \/><\/figure><div class=\"wp-block-media-text__content\">\n<h2 class=\"wp-block-heading\" id=\"orseg\"><strong>\u0150rs\u00e9g<\/strong><\/h2>\n\n\n\n<p>Fr\u00fchling im Komitat Vas, in der \u0150rs\u00e9g&#8230;<a href=\"http:\/\/sarvar.conedevel.com\/aktivitas\/kornyek\/orseg\/?lang=de\">\u00bb\u00bb\u00bb<\/a><\/p>\n<\/div><\/div>\n\n\n\n<div class=\"wp-block-columns has-2-columns is-layout-flex wp-container-core-columns-is-layout-9d6595d7 wp-block-columns-is-layout-flex\">\n<div class=\"wp-block-column is-layout-flow wp-block-column-is-layout-flow\">\n<h2 class=\"wp-block-heading\" id=\"szombathely\"><strong>Szombathely<\/strong><\/h2>\n\n\n\n<p><strong>Kaiser Claudius hat den Stadt Szombathely als Savaria vor 2000 Jahre gegr\u00fcndet, so es ist am \u00e4ltesten Stadt von Ungarn. Der Stadt verf\u00fcght \u00fcber dem reichen r\u00f6mischen historischen Kultur, dem religi\u00f6se Erbe und den einzigartigen nat\u00fcrlichen Sehenswerten.<\/strong><\/p>\n\n\n\n<p>Die ber\u00fchmte Sehensw\u00fcrdigkeiten sind die Folgende: Hauptplatz, Dom, Iseum Savariense Arch\u00e4ologische Werkstatt und Sammlung, der Ruinengarten Istv\u00e1n J\u00e1rd\u00e1nyi Paulovics, Arboretum von K\u00e1mon des Forstwissenschaftlichen Instituts&#8230; <a href=\"http:\/\/sarvar.conedevel.com\/aktivitas\/kornyek\/szombathely\/?lang=de\">\u00bb\u00bb\u00bb<\/a><\/p>\n<\/div>\n\n\n\n<div class=\"wp-block-column is-layout-flow wp-block-column-is-layout-flow\">\n<h2 class=\"wp-block-heading\" id=\"szeleste\"><strong>Szeleste<\/strong><\/h2>\n\n\n\n<p><strong>Das Wahrzeichen der Gemeinde ist das von Graf Andor Festetich gegr\u00fcndete das ganze Jahr \u00fcber ge\u00f6ffnete Arboretum.<\/strong><\/p>\n\n\n\n<p>In dem landesweit geschutzten Park befinden sich mehr als 500 Arten von besonderen Pflanzen. Umringt vom 13 Hektar grossen Arboretum steht das 150 jahre alte Schloss Festetich. Sein Bau wurde 1855 begonnen, die Arbeit wurde schliesslich von Graf Andor Festetich beendet. Derzeit beherbergt es ein Hotel&#8230;. <a href=\"http:\/\/sarvar.conedevel.com\/aktivitas\/kornyek\/szeleste\/?lang=de\">\u00bb\u00bb\u00bb<\/a><\/p>\n<\/div>\n<\/div>\n\n\n\n<h2 class=\"wp-block-heading\" id=\"olbo\"><strong>\u00d6lb\u0151<\/strong><\/h2>\n\n\n\n<p>\u00d6lb\u0151 liegt nur 10,8 km von S\u00e1rv\u00e1r entfernt. Somit kann es ein ausgezeichnetes Ziel f\u00fcr eine Radtour sein. Besonders wenn wir Kr\u00e4uter und alternative Medizin lieben. Das St. Heilkr\u00e4uterhaus St. Nikolaus und der Kneippgarten befindet sich in \u00d6lb\u0151\u2026 <a href=\"https:\/\/sarvar.conedevel.com\/de\/aktivitas\/kornyek\/olbo\/\">\u00bb\u00bb\u00bb<\/a><\/p>\n\n\n\n<h2 class=\"wp-block-heading\" id=\"ostffyasszonyfa\"><strong>Ostffyasszonyfa<\/strong><\/h2>\n\n\n\n<p><strong>Das Dorf mit Geschichte wird von zahlreichen Schl\u00f6ssern versch\u00f6nert, von denen sich zwei auszeichnen.<\/strong><\/p>\n\n\n\n<p>Eines ist das: im XVIII. Jahrhundert gebaute, renovierte Ostffy-Schloss im klassischen Stil als Kennzeichen der Gemeinde. Das andere: eines der Schmuckst\u00fccke der Siedlung ist das als Barockpalais geltende We\u00f6res-Niczky-Palais aus dem XIX.&nbsp;&#8230; <a href=\"http:\/\/sarvar.conedevel.com\/aktivitas\/kornyek\/ostffyasszonyfa\/?lang=de\">\u00bb\u00bb\u00bb<\/a><\/p>\n","protected":false},"excerpt":{"rendered":"<p>Celld\u00f6m\u00f6lk Die Geschichte der stimmungsvollen Kleinstadt ist eng mit der Votivstatue aus dem Stadtteil Cell, dem Schatz der r\u00f6misch-katholischen Pfarrkirche zur Heiligen Jungfrau, verbunden. Die Kirche, die eines der bemerkenswertesten sakralen Denkm\u00e4ler der Stadt ist, wurde Mitte des 18. Jahrhunderts im zeitgen\u00f6ssischen Barock-Stil unter der Leitung des Abtes, Od\u00f3 Koptik, erbaut. Das monumentale Geb\u00e4ude mit [&hellip;]<\/p>\n","protected":false},"author":1,"featured_media":0,"parent":6151,"menu_order":0,"comment_status":"closed","ping_status":"closed","template":"","meta":{"_acf_changed":false,"footnotes":""},"class_list":["post-6249","page","type-page","status-publish","hentry"],"acf":[],"yoast_head":"<!-- This site is optimized with the Yoast SEO plugin v25.4 - https:\/\/yoast.com\/wordpress\/plugins\/seo\/ -->\n<title>Das Gebiet - S\u00e1rv\u00e1r<\/title>\n<meta name=\"robots\" content=\"noindex, follow, max-snippet:-1, max-image-preview:large, max-video-preview:-1\" \/>\n<meta property=\"og:locale\" content=\"de_DE\" \/>\n<meta property=\"og:type\" content=\"article\" \/>\n<meta property=\"og:title\" content=\"Das Gebiet - S\u00e1rv\u00e1r\" \/>\n<meta property=\"og:description\" content=\"Celld\u00f6m\u00f6lk Die Geschichte der stimmungsvollen Kleinstadt ist eng mit der Votivstatue aus dem Stadtteil Cell, dem Schatz der r\u00f6misch-katholischen Pfarrkirche zur Heiligen Jungfrau, verbunden. Die Kirche, die eines der bemerkenswertesten sakralen Denkm\u00e4ler der Stadt ist, wurde Mitte des 18. Jahrhunderts im zeitgen\u00f6ssischen Barock-Stil unter der Leitung des Abtes, Od\u00f3 Koptik, erbaut. Das monumentale Geb\u00e4ude mit [&hellip;]\" \/>\n<meta property=\"og:url\" content=\"https:\/\/sarvar.conedevel.com\/de\/aktivitas\/kornyek\/\" \/>\n<meta property=\"og:site_name\" content=\"S\u00e1rv\u00e1r\" \/>\n<meta property=\"article:publisher\" content=\"https:\/\/www.facebook.com\/tdmsarvar\" \/>\n<meta property=\"article:modified_time\" content=\"2021-07-23T08:16:58+00:00\" \/>\n<meta property=\"og:image\" content=\"https:\/\/sarvar.conedevel.com\/wp-content\/uploads\/2019\/11\/er_boraszat1_1-3-2.jpg\" \/>\n<meta name=\"twitter:card\" content=\"summary_large_image\" \/>\n<meta name=\"twitter:label1\" content=\"Gesch\u00e4tzte Lesezeit\" \/>\n\t<meta name=\"twitter:data1\" content=\"3\u00a0Minuten\" \/>\n<script type=\"application\/ld+json\" class=\"yoast-schema-graph\">{\"@context\":\"https:\/\/schema.org\",\"@graph\":[{\"@type\":\"WebPage\",\"@id\":\"https:\/\/sarvar.conedevel.com\/de\/aktivitas\/kornyek\/\",\"url\":\"https:\/\/sarvar.conedevel.com\/de\/aktivitas\/kornyek\/\",\"name\":\"Das Gebiet - S\u00e1rv\u00e1r\",\"isPartOf\":{\"@id\":\"https:\/\/sarvar.conedevel.com\/#website\"},\"primaryImageOfPage\":{\"@id\":\"https:\/\/sarvar.conedevel.com\/de\/aktivitas\/kornyek\/#primaryimage\"},\"image\":{\"@id\":\"https:\/\/sarvar.conedevel.com\/de\/aktivitas\/kornyek\/#primaryimage\"},\"thumbnailUrl\":\"https:\/\/sarvar.conedevel.com\/wp-content\/uploads\/2019\/11\/er_boraszat1_1-3-2.jpg\",\"datePublished\":\"2019-11-16T16:21:38+00:00\",\"dateModified\":\"2021-07-23T08:16:58+00:00\",\"breadcrumb\":{\"@id\":\"https:\/\/sarvar.conedevel.com\/de\/aktivitas\/kornyek\/#breadcrumb\"},\"inLanguage\":\"de\",\"potentialAction\":[{\"@type\":\"ReadAction\",\"target\":[\"https:\/\/sarvar.conedevel.com\/de\/aktivitas\/kornyek\/\"]}]},{\"@type\":\"ImageObject\",\"inLanguage\":\"de\",\"@id\":\"https:\/\/sarvar.conedevel.com\/de\/aktivitas\/kornyek\/#primaryimage\",\"url\":\"https:\/\/sarvar.conedevel.com\/wp-content\/uploads\/2019\/11\/er_boraszat1_1-3-2.jpg\",\"contentUrl\":\"https:\/\/sarvar.conedevel.com\/wp-content\/uploads\/2019\/11\/er_boraszat1_1-3-2.jpg\"},{\"@type\":\"BreadcrumbList\",\"@id\":\"https:\/\/sarvar.conedevel.com\/de\/aktivitas\/kornyek\/#breadcrumb\",\"itemListElement\":[{\"@type\":\"ListItem\",\"position\":1,\"name\":\"Kezd\u0151lap\",\"item\":\"https:\/\/sarvar.conedevel.com\/de\/\"},{\"@type\":\"ListItem\",\"position\":2,\"name\":\"FREIZEIT\",\"item\":\"https:\/\/sarvar.conedevel.com\/de\/aktivitas\/\"},{\"@type\":\"ListItem\",\"position\":3,\"name\":\"Das Gebiet\"}]},{\"@type\":\"WebSite\",\"@id\":\"https:\/\/sarvar.conedevel.com\/#website\",\"url\":\"https:\/\/sarvar.conedevel.com\/\",\"name\":\"S\u00e1rv\u00e1r\",\"description\":\"S\u00e1rv\u00e1ri sz\u00e1ll\u00e1shelyek, \u00e9ttermek, programok, l\u00e1tnival\u00f3k \u00e9s inform\u00e1ci\u00f3k - mind egy helyen S\u00e1rv\u00e1rr\u00f3l\",\"potentialAction\":[{\"@type\":\"SearchAction\",\"target\":{\"@type\":\"EntryPoint\",\"urlTemplate\":\"https:\/\/sarvar.conedevel.com\/?s={search_term_string}\"},\"query-input\":{\"@type\":\"PropertyValueSpecification\",\"valueRequired\":true,\"valueName\":\"search_term_string\"}}],\"inLanguage\":\"de\"}]}<\/script>\n<!-- \/ Yoast SEO plugin. -->","yoast_head_json":{"title":"Das Gebiet - S\u00e1rv\u00e1r","robots":{"index":"noindex","follow":"follow","max-snippet":"max-snippet:-1","max-image-preview":"max-image-preview:large","max-video-preview":"max-video-preview:-1"},"og_locale":"de_DE","og_type":"article","og_title":"Das Gebiet - S\u00e1rv\u00e1r","og_description":"Celld\u00f6m\u00f6lk Die Geschichte der stimmungsvollen Kleinstadt ist eng mit der Votivstatue aus dem Stadtteil Cell, dem Schatz der r\u00f6misch-katholischen Pfarrkirche zur Heiligen Jungfrau, verbunden. Die Kirche, die eines der bemerkenswertesten sakralen Denkm\u00e4ler der Stadt ist, wurde Mitte des 18. Jahrhunderts im zeitgen\u00f6ssischen Barock-Stil unter der Leitung des Abtes, Od\u00f3 Koptik, erbaut. Das monumentale Geb\u00e4ude mit [&hellip;]","og_url":"https:\/\/sarvar.conedevel.com\/de\/aktivitas\/kornyek\/","og_site_name":"S\u00e1rv\u00e1r","article_publisher":"https:\/\/www.facebook.com\/tdmsarvar","article_modified_time":"2021-07-23T08:16:58+00:00","og_image":[{"url":"https:\/\/sarvar.conedevel.com\/wp-content\/uploads\/2019\/11\/er_boraszat1_1-3-2.jpg","type":"","width":"","height":""}],"twitter_card":"summary_large_image","twitter_misc":{"Gesch\u00e4tzte Lesezeit":"3\u00a0Minuten"},"schema":{"@context":"https:\/\/schema.org","@graph":[{"@type":"WebPage","@id":"https:\/\/sarvar.conedevel.com\/de\/aktivitas\/kornyek\/","url":"https:\/\/sarvar.conedevel.com\/de\/aktivitas\/kornyek\/","name":"Das Gebiet - S\u00e1rv\u00e1r","isPartOf":{"@id":"https:\/\/sarvar.conedevel.com\/#website"},"primaryImageOfPage":{"@id":"https:\/\/sarvar.conedevel.com\/de\/aktivitas\/kornyek\/#primaryimage"},"image":{"@id":"https:\/\/sarvar.conedevel.com\/de\/aktivitas\/kornyek\/#primaryimage"},"thumbnailUrl":"https:\/\/sarvar.conedevel.com\/wp-content\/uploads\/2019\/11\/er_boraszat1_1-3-2.jpg","datePublished":"2019-11-16T16:21:38+00:00","dateModified":"2021-07-23T08:16:58+00:00","breadcrumb":{"@id":"https:\/\/sarvar.conedevel.com\/de\/aktivitas\/kornyek\/#breadcrumb"},"inLanguage":"de","potentialAction":[{"@type":"ReadAction","target":["https:\/\/sarvar.conedevel.com\/de\/aktivitas\/kornyek\/"]}]},{"@type":"ImageObject","inLanguage":"de","@id":"https:\/\/sarvar.conedevel.com\/de\/aktivitas\/kornyek\/#primaryimage","url":"https:\/\/sarvar.conedevel.com\/wp-content\/uploads\/2019\/11\/er_boraszat1_1-3-2.jpg","contentUrl":"https:\/\/sarvar.conedevel.com\/wp-content\/uploads\/2019\/11\/er_boraszat1_1-3-2.jpg"},{"@type":"BreadcrumbList","@id":"https:\/\/sarvar.conedevel.com\/de\/aktivitas\/kornyek\/#breadcrumb","itemListElement":[{"@type":"ListItem","position":1,"name":"Kezd\u0151lap","item":"https:\/\/sarvar.conedevel.com\/de\/"},{"@type":"ListItem","position":2,"name":"FREIZEIT","item":"https:\/\/sarvar.conedevel.com\/de\/aktivitas\/"},{"@type":"ListItem","position":3,"name":"Das Gebiet"}]},{"@type":"WebSite","@id":"https:\/\/sarvar.conedevel.com\/#website","url":"https:\/\/sarvar.conedevel.com\/","name":"S\u00e1rv\u00e1r","description":"S\u00e1rv\u00e1ri sz\u00e1ll\u00e1shelyek, \u00e9ttermek, programok, l\u00e1tnival\u00f3k \u00e9s inform\u00e1ci\u00f3k - mind egy helyen S\u00e1rv\u00e1rr\u00f3l","potentialAction":[{"@type":"SearchAction","target":{"@type":"EntryPoint","urlTemplate":"https:\/\/sarvar.conedevel.com\/?s={search_term_string}"},"query-input":{"@type":"PropertyValueSpecification","valueRequired":true,"valueName":"search_term_string"}}],"inLanguage":"de"}]}},"_links":{"self":[{"href":"https:\/\/sarvar.conedevel.com\/de\/wp-json\/wp\/v2\/pages\/6249","targetHints":{"allow":["GET"]}}],"collection":[{"href":"https:\/\/sarvar.conedevel.com\/de\/wp-json\/wp\/v2\/pages"}],"about":[{"href":"https:\/\/sarvar.conedevel.com\/de\/wp-json\/wp\/v2\/types\/page"}],"author":[{"embeddable":true,"href":"https:\/\/sarvar.conedevel.com\/de\/wp-json\/wp\/v2\/users\/1"}],"replies":[{"embeddable":true,"href":"https:\/\/sarvar.conedevel.com\/de\/wp-json\/wp\/v2\/comments?post=6249"}],"version-history":[{"count":0,"href":"https:\/\/sarvar.conedevel.com\/de\/wp-json\/wp\/v2\/pages\/6249\/revisions"}],"up":[{"embeddable":true,"href":"https:\/\/sarvar.conedevel.com\/de\/wp-json\/wp\/v2\/pages\/6151"}],"wp:attachment":[{"href":"https:\/\/sarvar.conedevel.com\/de\/wp-json\/wp\/v2\/media?parent=6249"}],"curies":[{"name":"wp","href":"https:\/\/api.w.org\/{rel}","templated":true}]}}