{"id":6230,"date":"2019-10-29T14:15:40","date_gmt":"2019-10-29T14:15:40","guid":{"rendered":"http:\/\/sarvar.conedevel.com\/aktivitas\/szepsegszalonok\/"},"modified":"2021-02-24T11:12:59","modified_gmt":"2021-02-24T11:12:59","slug":"szepsegszalonok","status":"publish","type":"page","link":"https:\/\/sarvar.conedevel.com\/de\/aktivitas\/szepsegszalonok\/","title":{"rendered":"Kosmetikstudios"},"content":{"rendered":"\n<h1 class=\"wp-block-heading\">Mirage-beauty<\/h1>\n\n\n\n<p>Das Schaffen des entsprechenden Gleichgewichts ist sehr wichtig. Jedoch ben\u00f6tigt sowohl das Aussere, als auch das Innere die Entspannung und die Freiheit nach der harten Arbeit.<\/p>\n\n\n\n<div class=\"wp-block-image\"><figure class=\"aligncenter\"><img loading=\"lazy\" decoding=\"async\" width=\"640\" height=\"426\" src=\"http:\/\/sarvar.conedevel.com\/wp-content\/uploads\/2019\/11\/sz\u00e9ps\u00e9g\u00e1pol\u00e1s-wellness-S\u00e1rv\u00e1r.jpg\" alt=\"\" class=\"wp-image-5624\" srcset=\"https:\/\/sarvar.conedevel.com\/wp-content\/uploads\/2019\/11\/sz\u00e9ps\u00e9g\u00e1pol\u00e1s-wellness-S\u00e1rv\u00e1r.jpg 640w, https:\/\/sarvar.conedevel.com\/wp-content\/uploads\/2019\/11\/sz\u00e9ps\u00e9g\u00e1pol\u00e1s-wellness-S\u00e1rv\u00e1r-300x200.jpg 300w\" sizes=\"auto, (max-width: 640px) 100vw, 640px\" \/><\/figure><\/div>\n\n\n\n<h2 class=\"wp-block-heading\"><strong>Dienstleistungen:<\/strong><\/h2>\n\n\n\n<p>Indigo Univerz\u00e1lis Quantum Biofeedback<br>Eternale Revitalisierungssystem<br>Haarpflege (Schwarzkopf)<br>Hand und fusspflege<br>Massage<br>Caffee<br>Kosmetik<br>Solarium (Black Care)<\/p>\n\n\n\n<pre class=\"wp-block-preformatted\"><strong>Mirage Beauty<\/strong>\n\n9600 S\u00e1rv\u00e1r, Markusovszky Str. 2.\nTel.: 06\/20 -623-66-77\nEmail:&nbsp;<a href=\"mailto:miragebeautysarvar@gmail.com\">miragebeautysarvar@gmail.com\n<\/a>Web: <a href=\"http:\/\/www.miragebeauty.hu\/de\/\">www.miragebeauty.hu\/de\/<\/a>\n\u00d6ffnungszeit: 8:00 \u2013 21:00<\/pre>\n","protected":false},"excerpt":{"rendered":"<p>Mirage-beauty Das Schaffen des entsprechenden Gleichgewichts ist sehr wichtig. Jedoch ben\u00f6tigt sowohl das Aussere, als auch das Innere die Entspannung und die Freiheit nach der harten Arbeit. Dienstleistungen: Indigo Univerz\u00e1lis Quantum BiofeedbackEternale RevitalisierungssystemHaarpflege (Schwarzkopf)Hand und fusspflegeMassageCaffeeKosmetikSolarium (Black Care) Mirage Beauty 9600 S\u00e1rv\u00e1r, Markusovszky Str. 2. Tel.: 06\/20 -623-66-77 Email:&nbsp;miragebeautysarvar@gmail.com Web: www.miragebeauty.hu\/de\/ \u00d6ffnungszeit: 8:00 \u2013 21:00<\/p>\n","protected":false},"author":1,"featured_media":0,"parent":6151,"menu_order":0,"comment_status":"closed","ping_status":"closed","template":"","meta":{"_acf_changed":false,"footnotes":""},"class_list":["post-6230","page","type-page","status-publish","hentry"],"acf":[],"yoast_head":"<!-- This site is optimized with the Yoast SEO plugin v25.4 - https:\/\/yoast.com\/wordpress\/plugins\/seo\/ -->\n<title>Kosmetikstudios - S\u00e1rv\u00e1r<\/title>\n<meta name=\"robots\" content=\"noindex, follow, max-snippet:-1, max-image-preview:large, max-video-preview:-1\" \/>\n<meta property=\"og:locale\" content=\"de_DE\" \/>\n<meta property=\"og:type\" content=\"article\" \/>\n<meta property=\"og:title\" content=\"Kosmetikstudios - S\u00e1rv\u00e1r\" \/>\n<meta property=\"og:description\" content=\"Mirage-beauty Das Schaffen des entsprechenden Gleichgewichts ist sehr wichtig. Jedoch ben\u00f6tigt sowohl das Aussere, als auch das Innere die Entspannung und die Freiheit nach der harten Arbeit. Dienstleistungen: Indigo Univerz\u00e1lis Quantum BiofeedbackEternale RevitalisierungssystemHaarpflege (Schwarzkopf)Hand und fusspflegeMassageCaffeeKosmetikSolarium (Black Care) Mirage Beauty 9600 S\u00e1rv\u00e1r, Markusovszky Str. 2. Tel.: 06\/20 -623-66-77 Email:&nbsp;miragebeautysarvar@gmail.com Web: www.miragebeauty.hu\/de\/ \u00d6ffnungszeit: 8:00 \u2013 21:00\" \/>\n<meta property=\"og:url\" content=\"https:\/\/sarvar.conedevel.com\/de\/aktivitas\/szepsegszalonok\/\" \/>\n<meta property=\"og:site_name\" content=\"S\u00e1rv\u00e1r\" \/>\n<meta property=\"article:publisher\" content=\"https:\/\/www.facebook.com\/tdmsarvar\" \/>\n<meta property=\"article:modified_time\" content=\"2021-02-24T11:12:59+00:00\" \/>\n<meta property=\"og:image\" content=\"http:\/\/sarvar.conedevel.com\/wp-content\/uploads\/2019\/11\/sz\u00e9ps\u00e9g\u00e1pol\u00e1s-wellness-S\u00e1rv\u00e1r.jpg\" \/>\n<meta name=\"twitter:card\" content=\"summary_large_image\" \/>\n<meta name=\"twitter:label1\" content=\"Gesch\u00e4tzte Lesezeit\" \/>\n\t<meta name=\"twitter:data1\" content=\"1\u00a0Minute\" \/>\n<script type=\"application\/ld+json\" class=\"yoast-schema-graph\">{\"@context\":\"https:\/\/schema.org\",\"@graph\":[{\"@type\":\"WebPage\",\"@id\":\"https:\/\/sarvar.conedevel.com\/de\/aktivitas\/szepsegszalonok\/\",\"url\":\"https:\/\/sarvar.conedevel.com\/de\/aktivitas\/szepsegszalonok\/\",\"name\":\"Kosmetikstudios - S\u00e1rv\u00e1r\",\"isPartOf\":{\"@id\":\"https:\/\/sarvar.conedevel.com\/#website\"},\"datePublished\":\"2019-10-29T14:15:40+00:00\",\"dateModified\":\"2021-02-24T11:12:59+00:00\",\"breadcrumb\":{\"@id\":\"https:\/\/sarvar.conedevel.com\/de\/aktivitas\/szepsegszalonok\/#breadcrumb\"},\"inLanguage\":\"de\",\"potentialAction\":[{\"@type\":\"ReadAction\",\"target\":[\"https:\/\/sarvar.conedevel.com\/de\/aktivitas\/szepsegszalonok\/\"]}]},{\"@type\":\"BreadcrumbList\",\"@id\":\"https:\/\/sarvar.conedevel.com\/de\/aktivitas\/szepsegszalonok\/#breadcrumb\",\"itemListElement\":[{\"@type\":\"ListItem\",\"position\":1,\"name\":\"Kezd\u0151lap\",\"item\":\"https:\/\/sarvar.conedevel.com\/de\/\"},{\"@type\":\"ListItem\",\"position\":2,\"name\":\"FREIZEIT\",\"item\":\"https:\/\/sarvar.conedevel.com\/de\/aktivitas\/\"},{\"@type\":\"ListItem\",\"position\":3,\"name\":\"Kosmetikstudios\"}]},{\"@type\":\"WebSite\",\"@id\":\"https:\/\/sarvar.conedevel.com\/#website\",\"url\":\"https:\/\/sarvar.conedevel.com\/\",\"name\":\"S\u00e1rv\u00e1r\",\"description\":\"S\u00e1rv\u00e1ri sz\u00e1ll\u00e1shelyek, \u00e9ttermek, programok, l\u00e1tnival\u00f3k \u00e9s inform\u00e1ci\u00f3k - mind egy helyen S\u00e1rv\u00e1rr\u00f3l\",\"potentialAction\":[{\"@type\":\"SearchAction\",\"target\":{\"@type\":\"EntryPoint\",\"urlTemplate\":\"https:\/\/sarvar.conedevel.com\/?s={search_term_string}\"},\"query-input\":{\"@type\":\"PropertyValueSpecification\",\"valueRequired\":true,\"valueName\":\"search_term_string\"}}],\"inLanguage\":\"de\"}]}<\/script>\n<!-- \/ Yoast SEO plugin. -->","yoast_head_json":{"title":"Kosmetikstudios - S\u00e1rv\u00e1r","robots":{"index":"noindex","follow":"follow","max-snippet":"max-snippet:-1","max-image-preview":"max-image-preview:large","max-video-preview":"max-video-preview:-1"},"og_locale":"de_DE","og_type":"article","og_title":"Kosmetikstudios - S\u00e1rv\u00e1r","og_description":"Mirage-beauty Das Schaffen des entsprechenden Gleichgewichts ist sehr wichtig. Jedoch ben\u00f6tigt sowohl das Aussere, als auch das Innere die Entspannung und die Freiheit nach der harten Arbeit. Dienstleistungen: Indigo Univerz\u00e1lis Quantum BiofeedbackEternale RevitalisierungssystemHaarpflege (Schwarzkopf)Hand und fusspflegeMassageCaffeeKosmetikSolarium (Black Care) Mirage Beauty 9600 S\u00e1rv\u00e1r, Markusovszky Str. 2. Tel.: 06\/20 -623-66-77 Email:&nbsp;miragebeautysarvar@gmail.com Web: www.miragebeauty.hu\/de\/ \u00d6ffnungszeit: 8:00 \u2013 21:00","og_url":"https:\/\/sarvar.conedevel.com\/de\/aktivitas\/szepsegszalonok\/","og_site_name":"S\u00e1rv\u00e1r","article_publisher":"https:\/\/www.facebook.com\/tdmsarvar","article_modified_time":"2021-02-24T11:12:59+00:00","og_image":[{"url":"http:\/\/sarvar.conedevel.com\/wp-content\/uploads\/2019\/11\/sz\u00e9ps\u00e9g\u00e1pol\u00e1s-wellness-S\u00e1rv\u00e1r.jpg","type":"","width":"","height":""}],"twitter_card":"summary_large_image","twitter_misc":{"Gesch\u00e4tzte Lesezeit":"1\u00a0Minute"},"schema":{"@context":"https:\/\/schema.org","@graph":[{"@type":"WebPage","@id":"https:\/\/sarvar.conedevel.com\/de\/aktivitas\/szepsegszalonok\/","url":"https:\/\/sarvar.conedevel.com\/de\/aktivitas\/szepsegszalonok\/","name":"Kosmetikstudios - S\u00e1rv\u00e1r","isPartOf":{"@id":"https:\/\/sarvar.conedevel.com\/#website"},"datePublished":"2019-10-29T14:15:40+00:00","dateModified":"2021-02-24T11:12:59+00:00","breadcrumb":{"@id":"https:\/\/sarvar.conedevel.com\/de\/aktivitas\/szepsegszalonok\/#breadcrumb"},"inLanguage":"de","potentialAction":[{"@type":"ReadAction","target":["https:\/\/sarvar.conedevel.com\/de\/aktivitas\/szepsegszalonok\/"]}]},{"@type":"BreadcrumbList","@id":"https:\/\/sarvar.conedevel.com\/de\/aktivitas\/szepsegszalonok\/#breadcrumb","itemListElement":[{"@type":"ListItem","position":1,"name":"Kezd\u0151lap","item":"https:\/\/sarvar.conedevel.com\/de\/"},{"@type":"ListItem","position":2,"name":"FREIZEIT","item":"https:\/\/sarvar.conedevel.com\/de\/aktivitas\/"},{"@type":"ListItem","position":3,"name":"Kosmetikstudios"}]},{"@type":"WebSite","@id":"https:\/\/sarvar.conedevel.com\/#website","url":"https:\/\/sarvar.conedevel.com\/","name":"S\u00e1rv\u00e1r","description":"S\u00e1rv\u00e1ri sz\u00e1ll\u00e1shelyek, \u00e9ttermek, programok, l\u00e1tnival\u00f3k \u00e9s inform\u00e1ci\u00f3k - mind egy helyen S\u00e1rv\u00e1rr\u00f3l","potentialAction":[{"@type":"SearchAction","target":{"@type":"EntryPoint","urlTemplate":"https:\/\/sarvar.conedevel.com\/?s={search_term_string}"},"query-input":{"@type":"PropertyValueSpecification","valueRequired":true,"valueName":"search_term_string"}}],"inLanguage":"de"}]}},"_links":{"self":[{"href":"https:\/\/sarvar.conedevel.com\/de\/wp-json\/wp\/v2\/pages\/6230","targetHints":{"allow":["GET"]}}],"collection":[{"href":"https:\/\/sarvar.conedevel.com\/de\/wp-json\/wp\/v2\/pages"}],"about":[{"href":"https:\/\/sarvar.conedevel.com\/de\/wp-json\/wp\/v2\/types\/page"}],"author":[{"embeddable":true,"href":"https:\/\/sarvar.conedevel.com\/de\/wp-json\/wp\/v2\/users\/1"}],"replies":[{"embeddable":true,"href":"https:\/\/sarvar.conedevel.com\/de\/wp-json\/wp\/v2\/comments?post=6230"}],"version-history":[{"count":0,"href":"https:\/\/sarvar.conedevel.com\/de\/wp-json\/wp\/v2\/pages\/6230\/revisions"}],"up":[{"embeddable":true,"href":"https:\/\/sarvar.conedevel.com\/de\/wp-json\/wp\/v2\/pages\/6151"}],"wp:attachment":[{"href":"https:\/\/sarvar.conedevel.com\/de\/wp-json\/wp\/v2\/media?parent=6230"}],"curies":[{"name":"wp","href":"https:\/\/api.w.org\/{rel}","templated":true}]}}