{"id":6224,"date":"2019-10-29T14:14:43","date_gmt":"2019-10-29T14:14:43","guid":{"rendered":"http:\/\/sarvar.conedevel.com\/wellness-szolgaltatasok\/"},"modified":"2020-01-25T14:05:51","modified_gmt":"2020-01-25T14:05:51","slug":"wellness-szolgaltatasok","status":"publish","type":"page","link":"https:\/\/sarvar.conedevel.com\/de\/aktivitas\/wellness-szolgaltatasok\/","title":{"rendered":"Wellness-Dienstleistungen"},"content":{"rendered":"\n<h1 class=\"wp-block-heading\" id=\"Ensana\">Thermal S\u00e1rv\u00e1r\u00a0Health Spa Hotel<\/h1>\n\n\n\n<p>Wellness Behandlungen &#8211; Spa &amp; Wellness<\/p>\n\n\n\n<p><strong>Wasserwelt<\/strong><\/p>\n\n\n\n<p>\u2022 Entspannendes Thermalbad (ca. 104 m2, 30-34\u00b0 C) mit Jacuzzi, Massage-Brause, Sofa und Unterwasserd\u00fcsen<br>\u2022 Thermalhallenbad (12.5 x 8 m, 36\u00b0 C) und Au\u00dfen-Thermalbad (13.5 x 8 m, 28-32\u00b0 C)<br>\u2022 Sauna-Welt mit traditioneller Finnischer Sauna, Infrarot-Kammer, Aromatherapie-Raum, Dampfbad&nbsp;<br>\u2022 Entspannungsr\u00e4ume mit Ruheb\u00e4nken von Zsolnay, Trinkbrunnen und direktem Zugang zum botanischen Garten<br>\u2022 Sonnenterrasse, Solarium<\/p>\n\n\n\n<p><strong>Wellnessbehandlungen und -Services<\/strong><\/p>\n\n\n\n<p>Wir bieten vitalisierende und entspannende Wellnessbehandlungen und -Services sowie Sch\u00f6nheits- und Fitnessprogramme, die alle auf die entspannende Wirkung des Thermalwassers zur\u00fcckgreifen.<\/p>\n\n\n\n<p><strong>Entspannung<\/strong><\/p>\n\n\n\n<p>\u2022 Verschiedene Wellnessmassagen<br>\u2022 NEU! Dolce Vitae Massage&nbsp;<br>\u2022 Entspannende B\u00e4der<br>\u2022 NEU! Relax Salzh\u00f6hle. Das Salz enth\u00e4lt f\u00fcr die Funktion des K\u00f6rpers unerl\u00e4ssliche chemischen Verbindungen und f\u00f6rdert die Linderung und die Heilung mancher mit Medikamenten nur schwer behandelbaren Krankheiten, die Effektivit\u00e4t der \u00e4rztlichen Therapie, sowie den Schutz der Gesundheit<\/p>\n\n\n\n<p><strong>Sch\u00f6nheit<\/strong><\/p>\n\n\n\n<p>\u2022 Sch\u00f6nheits- und Frisiersalon<br>\u2022 Manik\u00fcre, Pedik\u00fcre<br>\u2022 Fastenkur<\/p>\n\n\n\n<p><strong>Freizeit- und Sporteinrichtungen<\/strong><\/p>\n\n\n\n<p>\u2022 T\u00e4gliche Gruppengymnastik-\u00dcbungen<br>\u2022 Jogging und Nordic Walking im wundervollen Hofpark<br>\u2022 Petanque, Tischtennis, Basketball-Brett, Badminton-Feld, Kegeln, Schach im Freien, Fahrradvermietung<br>\u2022 Nahe gelegene Reitschule, Kutschenfahrten, Jagen, Angeln und Golf (25 km entfernt), Radfahren und Tennis<\/p>\n\n\n\n<h1 class=\"wp-block-heading\" id=\"Sarvarfurdo\">Heil- und Wellnessbad S\u00e1rv\u00e1r<\/h1>\n\n\n\n<p>Wellness Behandlungen<\/p>\n\n\n\n<p><strong>Wellness massagen:<\/strong><\/p>\n\n\n\n<p>Migr\u00e4ne Massage&nbsp;<br>Manager massage&nbsp;<br>Blumenzauber Massage&nbsp;<br>Vitalisierende Massage&nbsp;<br>Schwung Massage&nbsp;<br>Spa Relax Massage&nbsp;<br>Massage mit Honig<br>Sport Massage&nbsp;<br>Massage f\u00fcr Schwangere&nbsp;<br>Massage f\u00fcr Kinder&nbsp;<br>Lavastein-Massage&nbsp;<br>Schokoladenmassage&nbsp;<br>After Eight Massage&nbsp;<\/p>\n\n\n\n<p><strong>Ayurveda Behandlungen:<\/strong><\/p>\n\n\n\n<p>Sarvanga abhyanga&nbsp;<br>Shirodara&nbsp;<br>Padabhyanga&nbsp;<br>Prustaabhyanga&nbsp;<br>Shiroabhyanga&nbsp;<br>Synchron Massage&nbsp;<\/p>\n\n\n\n<p><strong>Thai Massage:<\/strong><\/p>\n\n\n\n<p>Thai Massage 30&#8242;&nbsp;<br>Thai Massage 60&#8242;&nbsp;<br>Thai Fu\u00dfmassage&nbsp;<br>Thai Massage mit \u00d6l&nbsp;<br>Thai Herbal Massage&nbsp;<\/p>\n\n\n\n<p><strong>Wannenb\u00e4der:<\/strong><\/p>\n\n\n\n<p>Hidroxeur&nbsp;<br>Vitalisierendes Wannenbad&nbsp;<br>Blumenzauber Wannenbad&nbsp;<br>Energetisierendes Wannenbad&nbsp;<br>Spa Relax Wannenbad&nbsp;<br>Wannenbad in Kr\u00e4utertee&nbsp;<br>Kleopatrabad&nbsp;<\/p>\n\n\n\n<p><strong>K\u00f6rperpackungen:<\/strong><\/p>\n\n\n\n<p>Schokoladenpackung&nbsp;<br>Lulur-Packung&nbsp;<br>Oliven\u00f6lpackung&nbsp;<br>Honigpackung&nbsp;<br>S\u00e1rv\u00e1rer Salzpackung&nbsp;<br>Minze Fusspackung&nbsp;<\/p>\n\n\n\n<h1 class=\"wp-block-heading\" id=\"Spirit\">Spirit Hotel Thermal Spa*****superior<\/h1>\n\n\n\n<p>Wellness Behandlungen<\/p>\n\n\n\n<p><strong>Beruhigung<\/strong><\/p>\n\n\n\n<p>Abhianga-ayurvedische Massage<br>Aromabad&nbsp;<br>Aromabad f\u00fcr Paare&nbsp;<br>Aromamassage&nbsp;<br>Ayurvedischer Gesundheitscheck, Typusbestimmung&nbsp;<br>Caracalla Sensationbad&nbsp;<br>Floating&nbsp;<br>Pharmos Natur \u201eK\u00f6nigsbehandlung\u201d&nbsp;<br>Thali&#8217;sens Asia&nbsp;<br>Thali&#8217;sens Polynesia&nbsp;<br>Wirbels\u00e4ulenmassage in einem Bett mit Jadestein&nbsp;<\/p>\n\n\n\n<p><strong>Entspannung<\/strong><\/p>\n\n\n\n<p>Padabhianga \u2013 ayurvedische Fu\u00dfmassage&nbsp;<br>Sirodhara \u2013 die Kunst des Stirngusses mit warmem \u00d6l&nbsp;<br>Thai Massage mit \u00d6len&nbsp;<br>Thai Massage mit Heilpflanzen&nbsp;<br>Thali&#8217;Sens Amazon&nbsp;<br>Thali&#8217;Sens Atlantic&nbsp;<br>Traditionelle Thai Massage<\/p>\n\n\n\n<p><strong>Verw\u00f6hnung<\/strong><\/p>\n\n\n\n<p>Hamam&nbsp;<br>Kneipp Therapie&nbsp;<br>Pharmos Natur VEDA ME&nbsp;<br>Rasul&nbsp;<br>Thali&#8217;sens Orient<\/p>\n","protected":false},"excerpt":{"rendered":"<p>Thermal S\u00e1rv\u00e1r\u00a0Health Spa Hotel Wellness Behandlungen &#8211; Spa &amp; Wellness Wasserwelt \u2022 Entspannendes Thermalbad (ca. 104 m2, 30-34\u00b0 C) mit Jacuzzi, Massage-Brause, Sofa und Unterwasserd\u00fcsen\u2022 Thermalhallenbad (12.5 x 8 m, 36\u00b0 C) und Au\u00dfen-Thermalbad (13.5 x 8 m, 28-32\u00b0 C)\u2022 Sauna-Welt mit traditioneller Finnischer Sauna, Infrarot-Kammer, Aromatherapie-Raum, Dampfbad&nbsp;\u2022 Entspannungsr\u00e4ume mit Ruheb\u00e4nken von Zsolnay, Trinkbrunnen und [&hellip;]<\/p>\n","protected":false},"author":1,"featured_media":0,"parent":6151,"menu_order":0,"comment_status":"closed","ping_status":"closed","template":"","meta":{"_acf_changed":false,"footnotes":""},"class_list":["post-6224","page","type-page","status-publish","hentry"],"acf":[],"yoast_head":"<!-- This site is optimized with the Yoast SEO plugin v25.4 - https:\/\/yoast.com\/wordpress\/plugins\/seo\/ -->\n<title>Wellness-Dienstleistungen - S\u00e1rv\u00e1r<\/title>\n<meta name=\"robots\" content=\"noindex, follow, max-snippet:-1, max-image-preview:large, max-video-preview:-1\" \/>\n<meta property=\"og:locale\" content=\"de_DE\" \/>\n<meta property=\"og:type\" content=\"article\" \/>\n<meta property=\"og:title\" content=\"Wellness-Dienstleistungen - S\u00e1rv\u00e1r\" \/>\n<meta property=\"og:description\" content=\"Thermal S\u00e1rv\u00e1r\u00a0Health Spa Hotel Wellness Behandlungen &#8211; Spa &amp; Wellness Wasserwelt \u2022 Entspannendes Thermalbad (ca. 104 m2, 30-34\u00b0 C) mit Jacuzzi, Massage-Brause, Sofa und Unterwasserd\u00fcsen\u2022 Thermalhallenbad (12.5 x 8 m, 36\u00b0 C) und Au\u00dfen-Thermalbad (13.5 x 8 m, 28-32\u00b0 C)\u2022 Sauna-Welt mit traditioneller Finnischer Sauna, Infrarot-Kammer, Aromatherapie-Raum, Dampfbad&nbsp;\u2022 Entspannungsr\u00e4ume mit Ruheb\u00e4nken von Zsolnay, Trinkbrunnen und [&hellip;]\" \/>\n<meta property=\"og:url\" content=\"https:\/\/sarvar.conedevel.com\/de\/aktivitas\/wellness-szolgaltatasok\/\" \/>\n<meta property=\"og:site_name\" content=\"S\u00e1rv\u00e1r\" \/>\n<meta property=\"article:publisher\" content=\"https:\/\/www.facebook.com\/tdmsarvar\" \/>\n<meta property=\"article:modified_time\" content=\"2020-01-25T14:05:51+00:00\" \/>\n<meta name=\"twitter:card\" content=\"summary_large_image\" \/>\n<meta name=\"twitter:label1\" content=\"Gesch\u00e4tzte Lesezeit\" \/>\n\t<meta name=\"twitter:data1\" content=\"2\u00a0Minuten\" \/>\n<script type=\"application\/ld+json\" class=\"yoast-schema-graph\">{\"@context\":\"https:\/\/schema.org\",\"@graph\":[{\"@type\":\"WebPage\",\"@id\":\"https:\/\/sarvar.conedevel.com\/de\/aktivitas\/wellness-szolgaltatasok\/\",\"url\":\"https:\/\/sarvar.conedevel.com\/de\/aktivitas\/wellness-szolgaltatasok\/\",\"name\":\"Wellness-Dienstleistungen - S\u00e1rv\u00e1r\",\"isPartOf\":{\"@id\":\"https:\/\/sarvar.conedevel.com\/#website\"},\"datePublished\":\"2019-10-29T14:14:43+00:00\",\"dateModified\":\"2020-01-25T14:05:51+00:00\",\"breadcrumb\":{\"@id\":\"https:\/\/sarvar.conedevel.com\/de\/aktivitas\/wellness-szolgaltatasok\/#breadcrumb\"},\"inLanguage\":\"de\",\"potentialAction\":[{\"@type\":\"ReadAction\",\"target\":[\"https:\/\/sarvar.conedevel.com\/de\/aktivitas\/wellness-szolgaltatasok\/\"]}]},{\"@type\":\"BreadcrumbList\",\"@id\":\"https:\/\/sarvar.conedevel.com\/de\/aktivitas\/wellness-szolgaltatasok\/#breadcrumb\",\"itemListElement\":[{\"@type\":\"ListItem\",\"position\":1,\"name\":\"Kezd\u0151lap\",\"item\":\"https:\/\/sarvar.conedevel.com\/de\/\"},{\"@type\":\"ListItem\",\"position\":2,\"name\":\"FREIZEIT\",\"item\":\"https:\/\/sarvar.conedevel.com\/de\/aktivitas\/\"},{\"@type\":\"ListItem\",\"position\":3,\"name\":\"Wellness-Dienstleistungen\"}]},{\"@type\":\"WebSite\",\"@id\":\"https:\/\/sarvar.conedevel.com\/#website\",\"url\":\"https:\/\/sarvar.conedevel.com\/\",\"name\":\"S\u00e1rv\u00e1r\",\"description\":\"S\u00e1rv\u00e1ri sz\u00e1ll\u00e1shelyek, \u00e9ttermek, programok, l\u00e1tnival\u00f3k \u00e9s inform\u00e1ci\u00f3k - mind egy helyen S\u00e1rv\u00e1rr\u00f3l\",\"potentialAction\":[{\"@type\":\"SearchAction\",\"target\":{\"@type\":\"EntryPoint\",\"urlTemplate\":\"https:\/\/sarvar.conedevel.com\/?s={search_term_string}\"},\"query-input\":{\"@type\":\"PropertyValueSpecification\",\"valueRequired\":true,\"valueName\":\"search_term_string\"}}],\"inLanguage\":\"de\"}]}<\/script>\n<!-- \/ Yoast SEO plugin. -->","yoast_head_json":{"title":"Wellness-Dienstleistungen - S\u00e1rv\u00e1r","robots":{"index":"noindex","follow":"follow","max-snippet":"max-snippet:-1","max-image-preview":"max-image-preview:large","max-video-preview":"max-video-preview:-1"},"og_locale":"de_DE","og_type":"article","og_title":"Wellness-Dienstleistungen - S\u00e1rv\u00e1r","og_description":"Thermal S\u00e1rv\u00e1r\u00a0Health Spa Hotel Wellness Behandlungen &#8211; Spa &amp; Wellness Wasserwelt \u2022 Entspannendes Thermalbad (ca. 104 m2, 30-34\u00b0 C) mit Jacuzzi, Massage-Brause, Sofa und Unterwasserd\u00fcsen\u2022 Thermalhallenbad (12.5 x 8 m, 36\u00b0 C) und Au\u00dfen-Thermalbad (13.5 x 8 m, 28-32\u00b0 C)\u2022 Sauna-Welt mit traditioneller Finnischer Sauna, Infrarot-Kammer, Aromatherapie-Raum, Dampfbad&nbsp;\u2022 Entspannungsr\u00e4ume mit Ruheb\u00e4nken von Zsolnay, Trinkbrunnen und [&hellip;]","og_url":"https:\/\/sarvar.conedevel.com\/de\/aktivitas\/wellness-szolgaltatasok\/","og_site_name":"S\u00e1rv\u00e1r","article_publisher":"https:\/\/www.facebook.com\/tdmsarvar","article_modified_time":"2020-01-25T14:05:51+00:00","twitter_card":"summary_large_image","twitter_misc":{"Gesch\u00e4tzte Lesezeit":"2\u00a0Minuten"},"schema":{"@context":"https:\/\/schema.org","@graph":[{"@type":"WebPage","@id":"https:\/\/sarvar.conedevel.com\/de\/aktivitas\/wellness-szolgaltatasok\/","url":"https:\/\/sarvar.conedevel.com\/de\/aktivitas\/wellness-szolgaltatasok\/","name":"Wellness-Dienstleistungen - S\u00e1rv\u00e1r","isPartOf":{"@id":"https:\/\/sarvar.conedevel.com\/#website"},"datePublished":"2019-10-29T14:14:43+00:00","dateModified":"2020-01-25T14:05:51+00:00","breadcrumb":{"@id":"https:\/\/sarvar.conedevel.com\/de\/aktivitas\/wellness-szolgaltatasok\/#breadcrumb"},"inLanguage":"de","potentialAction":[{"@type":"ReadAction","target":["https:\/\/sarvar.conedevel.com\/de\/aktivitas\/wellness-szolgaltatasok\/"]}]},{"@type":"BreadcrumbList","@id":"https:\/\/sarvar.conedevel.com\/de\/aktivitas\/wellness-szolgaltatasok\/#breadcrumb","itemListElement":[{"@type":"ListItem","position":1,"name":"Kezd\u0151lap","item":"https:\/\/sarvar.conedevel.com\/de\/"},{"@type":"ListItem","position":2,"name":"FREIZEIT","item":"https:\/\/sarvar.conedevel.com\/de\/aktivitas\/"},{"@type":"ListItem","position":3,"name":"Wellness-Dienstleistungen"}]},{"@type":"WebSite","@id":"https:\/\/sarvar.conedevel.com\/#website","url":"https:\/\/sarvar.conedevel.com\/","name":"S\u00e1rv\u00e1r","description":"S\u00e1rv\u00e1ri sz\u00e1ll\u00e1shelyek, \u00e9ttermek, programok, l\u00e1tnival\u00f3k \u00e9s inform\u00e1ci\u00f3k - mind egy helyen S\u00e1rv\u00e1rr\u00f3l","potentialAction":[{"@type":"SearchAction","target":{"@type":"EntryPoint","urlTemplate":"https:\/\/sarvar.conedevel.com\/?s={search_term_string}"},"query-input":{"@type":"PropertyValueSpecification","valueRequired":true,"valueName":"search_term_string"}}],"inLanguage":"de"}]}},"_links":{"self":[{"href":"https:\/\/sarvar.conedevel.com\/de\/wp-json\/wp\/v2\/pages\/6224","targetHints":{"allow":["GET"]}}],"collection":[{"href":"https:\/\/sarvar.conedevel.com\/de\/wp-json\/wp\/v2\/pages"}],"about":[{"href":"https:\/\/sarvar.conedevel.com\/de\/wp-json\/wp\/v2\/types\/page"}],"author":[{"embeddable":true,"href":"https:\/\/sarvar.conedevel.com\/de\/wp-json\/wp\/v2\/users\/1"}],"replies":[{"embeddable":true,"href":"https:\/\/sarvar.conedevel.com\/de\/wp-json\/wp\/v2\/comments?post=6224"}],"version-history":[{"count":0,"href":"https:\/\/sarvar.conedevel.com\/de\/wp-json\/wp\/v2\/pages\/6224\/revisions"}],"up":[{"embeddable":true,"href":"https:\/\/sarvar.conedevel.com\/de\/wp-json\/wp\/v2\/pages\/6151"}],"wp:attachment":[{"href":"https:\/\/sarvar.conedevel.com\/de\/wp-json\/wp\/v2\/media?parent=6224"}],"curies":[{"name":"wp","href":"https:\/\/api.w.org\/{rel}","templated":true}]}}