{"id":6212,"date":"2019-10-29T14:16:35","date_gmt":"2019-10-29T14:16:35","guid":{"rendered":"http:\/\/sarvar.conedevel.com\/aktivitas\/kerekparkolcsonzes\/"},"modified":"2022-07-01T06:58:29","modified_gmt":"2022-07-01T06:58:29","slug":"kerekparkolcsonzes","status":"publish","type":"page","link":"https:\/\/sarvar.conedevel.com\/de\/aktivitas\/kerekparkolcsonzes\/","title":{"rendered":"Fahrradverleihung"},"content":{"rendered":"\n<pre class=\"wp-block-preformatted\"><strong>Tourinform B\u00fcro:\n<\/strong>\n<strong>Fahrradverleih:<\/strong>\n\n1 Stunde: 1800 Ft\nGanzen Tag: 5700 Ft (08:00 - 15:30)\n24 UHR: 7500 Ft\n<strong>\nE-bike verleih:<\/strong>\n\n1 Stunde: 2400 Ft\nGanzen Tag: 7500 Ft (08:00 - 15:30)\n24 UHR: 9900 Ft\n\nAdresse: Tourinform B\u00fcro, H-9600 S\u00e1rv\u00e1r, Kossuth t\u00e9r 8.\u00a0\n\u00d6ffnungszeinten: Montag - Freitag 08:00 - 16:00<\/pre>\n\n\n\n<div class=\"wp-block-button aligncenter\"><a class=\"wp-block-button__link\" href=\"http:\/\/sarvar.conedevel.com\/aktivitas\/kerekparturak\/?lang=de\">Fahrradtouren<\/a><\/div>\n","protected":false},"excerpt":{"rendered":"<p>Tourinform B\u00fcro: Fahrradverleih: 1 Stunde: 1800 Ft Ganzen Tag: 5700 Ft (08:00 &#8211; 15:30) 24 UHR: 7500 Ft E-bike verleih: 1 Stunde: 2400 Ft Ganzen Tag: 7500 Ft (08:00 &#8211; 15:30) 24 UHR: 9900 Ft Adresse: Tourinform B\u00fcro, H-9600 S\u00e1rv\u00e1r, Kossuth t\u00e9r 8.\u00a0 \u00d6ffnungszeinten: Montag &#8211; Freitag 08:00 &#8211; 16:00<\/p>\n","protected":false},"author":1,"featured_media":5106,"parent":6151,"menu_order":0,"comment_status":"closed","ping_status":"closed","template":"","meta":{"_acf_changed":false,"footnotes":""},"class_list":["post-6212","page","type-page","status-publish","has-post-thumbnail","hentry"],"acf":[],"yoast_head":"<!-- This site is optimized with the Yoast SEO plugin v25.4 - https:\/\/yoast.com\/wordpress\/plugins\/seo\/ -->\n<title>Fahrradverleihung - S\u00e1rv\u00e1r<\/title>\n<meta name=\"robots\" content=\"noindex, follow, max-snippet:-1, max-image-preview:large, max-video-preview:-1\" \/>\n<meta property=\"og:locale\" content=\"de_DE\" \/>\n<meta property=\"og:type\" content=\"article\" \/>\n<meta property=\"og:title\" content=\"Fahrradverleihung - S\u00e1rv\u00e1r\" \/>\n<meta property=\"og:description\" content=\"Tourinform B\u00fcro: Fahrradverleih: 1 Stunde: 1800 Ft Ganzen Tag: 5700 Ft (08:00 - 15:30) 24 UHR: 7500 Ft E-bike verleih: 1 Stunde: 2400 Ft Ganzen Tag: 7500 Ft (08:00 - 15:30) 24 UHR: 9900 Ft Adresse: Tourinform B\u00fcro, H-9600 S\u00e1rv\u00e1r, Kossuth t\u00e9r 8.\u00a0 \u00d6ffnungszeinten: Montag - Freitag 08:00 - 16:00\" \/>\n<meta property=\"og:url\" content=\"https:\/\/sarvar.conedevel.com\/de\/aktivitas\/kerekparkolcsonzes\/\" \/>\n<meta property=\"og:site_name\" content=\"S\u00e1rv\u00e1r\" \/>\n<meta property=\"article:publisher\" content=\"https:\/\/www.facebook.com\/tdmsarvar\" \/>\n<meta property=\"article:modified_time\" content=\"2022-07-01T06:58:29+00:00\" \/>\n<meta property=\"og:image\" content=\"https:\/\/sarvar.conedevel.com\/wp-content\/uploads\/2019\/10\/Ker\u00e9kp\u00e1r\u00f6lcs\u00f6nz\u00e9s-S\u00e1rv\u00e1r-wellness-1024x682.jpg\" \/>\n\t<meta property=\"og:image:width\" content=\"1024\" \/>\n\t<meta property=\"og:image:height\" content=\"682\" \/>\n\t<meta property=\"og:image:type\" content=\"image\/jpeg\" \/>\n<meta name=\"twitter:card\" content=\"summary_large_image\" \/>\n<meta name=\"twitter:label1\" content=\"Gesch\u00e4tzte Lesezeit\" \/>\n\t<meta name=\"twitter:data1\" content=\"1\u00a0Minute\" \/>\n<script type=\"application\/ld+json\" class=\"yoast-schema-graph\">{\"@context\":\"https:\/\/schema.org\",\"@graph\":[{\"@type\":\"WebPage\",\"@id\":\"https:\/\/sarvar.conedevel.com\/de\/aktivitas\/kerekparkolcsonzes\/\",\"url\":\"https:\/\/sarvar.conedevel.com\/de\/aktivitas\/kerekparkolcsonzes\/\",\"name\":\"Fahrradverleihung - S\u00e1rv\u00e1r\",\"isPartOf\":{\"@id\":\"https:\/\/sarvar.conedevel.com\/#website\"},\"primaryImageOfPage\":{\"@id\":\"https:\/\/sarvar.conedevel.com\/de\/aktivitas\/kerekparkolcsonzes\/#primaryimage\"},\"image\":{\"@id\":\"https:\/\/sarvar.conedevel.com\/de\/aktivitas\/kerekparkolcsonzes\/#primaryimage\"},\"thumbnailUrl\":\"https:\/\/sarvar.conedevel.com\/wp-content\/uploads\/2019\/10\/Ker\u00e9kp\u00e1r\u00f6lcs\u00f6nz\u00e9s-S\u00e1rv\u00e1r-wellness.jpg\",\"datePublished\":\"2019-10-29T14:16:35+00:00\",\"dateModified\":\"2022-07-01T06:58:29+00:00\",\"breadcrumb\":{\"@id\":\"https:\/\/sarvar.conedevel.com\/de\/aktivitas\/kerekparkolcsonzes\/#breadcrumb\"},\"inLanguage\":\"de\",\"potentialAction\":[{\"@type\":\"ReadAction\",\"target\":[\"https:\/\/sarvar.conedevel.com\/de\/aktivitas\/kerekparkolcsonzes\/\"]}]},{\"@type\":\"ImageObject\",\"inLanguage\":\"de\",\"@id\":\"https:\/\/sarvar.conedevel.com\/de\/aktivitas\/kerekparkolcsonzes\/#primaryimage\",\"url\":\"https:\/\/sarvar.conedevel.com\/wp-content\/uploads\/2019\/10\/Ker\u00e9kp\u00e1r\u00f6lcs\u00f6nz\u00e9s-S\u00e1rv\u00e1r-wellness.jpg\",\"contentUrl\":\"https:\/\/sarvar.conedevel.com\/wp-content\/uploads\/2019\/10\/Ker\u00e9kp\u00e1r\u00f6lcs\u00f6nz\u00e9s-S\u00e1rv\u00e1r-wellness.jpg\",\"width\":2000,\"height\":1333},{\"@type\":\"BreadcrumbList\",\"@id\":\"https:\/\/sarvar.conedevel.com\/de\/aktivitas\/kerekparkolcsonzes\/#breadcrumb\",\"itemListElement\":[{\"@type\":\"ListItem\",\"position\":1,\"name\":\"Kezd\u0151lap\",\"item\":\"https:\/\/sarvar.conedevel.com\/de\/\"},{\"@type\":\"ListItem\",\"position\":2,\"name\":\"FREIZEIT\",\"item\":\"https:\/\/sarvar.conedevel.com\/de\/aktivitas\/\"},{\"@type\":\"ListItem\",\"position\":3,\"name\":\"Fahrradverleihung\"}]},{\"@type\":\"WebSite\",\"@id\":\"https:\/\/sarvar.conedevel.com\/#website\",\"url\":\"https:\/\/sarvar.conedevel.com\/\",\"name\":\"S\u00e1rv\u00e1r\",\"description\":\"S\u00e1rv\u00e1ri sz\u00e1ll\u00e1shelyek, \u00e9ttermek, programok, l\u00e1tnival\u00f3k \u00e9s inform\u00e1ci\u00f3k - mind egy helyen S\u00e1rv\u00e1rr\u00f3l\",\"potentialAction\":[{\"@type\":\"SearchAction\",\"target\":{\"@type\":\"EntryPoint\",\"urlTemplate\":\"https:\/\/sarvar.conedevel.com\/?s={search_term_string}\"},\"query-input\":{\"@type\":\"PropertyValueSpecification\",\"valueRequired\":true,\"valueName\":\"search_term_string\"}}],\"inLanguage\":\"de\"}]}<\/script>\n<!-- \/ Yoast SEO plugin. -->","yoast_head_json":{"title":"Fahrradverleihung - S\u00e1rv\u00e1r","robots":{"index":"noindex","follow":"follow","max-snippet":"max-snippet:-1","max-image-preview":"max-image-preview:large","max-video-preview":"max-video-preview:-1"},"og_locale":"de_DE","og_type":"article","og_title":"Fahrradverleihung - S\u00e1rv\u00e1r","og_description":"Tourinform B\u00fcro: Fahrradverleih: 1 Stunde: 1800 Ft Ganzen Tag: 5700 Ft (08:00 - 15:30) 24 UHR: 7500 Ft E-bike verleih: 1 Stunde: 2400 Ft Ganzen Tag: 7500 Ft (08:00 - 15:30) 24 UHR: 9900 Ft Adresse: Tourinform B\u00fcro, H-9600 S\u00e1rv\u00e1r, Kossuth t\u00e9r 8.\u00a0 \u00d6ffnungszeinten: Montag - Freitag 08:00 - 16:00","og_url":"https:\/\/sarvar.conedevel.com\/de\/aktivitas\/kerekparkolcsonzes\/","og_site_name":"S\u00e1rv\u00e1r","article_publisher":"https:\/\/www.facebook.com\/tdmsarvar","article_modified_time":"2022-07-01T06:58:29+00:00","og_image":[{"width":1024,"height":682,"url":"https:\/\/sarvar.conedevel.com\/wp-content\/uploads\/2019\/10\/Ker\u00e9kp\u00e1r\u00f6lcs\u00f6nz\u00e9s-S\u00e1rv\u00e1r-wellness-1024x682.jpg","type":"image\/jpeg"}],"twitter_card":"summary_large_image","twitter_misc":{"Gesch\u00e4tzte Lesezeit":"1\u00a0Minute"},"schema":{"@context":"https:\/\/schema.org","@graph":[{"@type":"WebPage","@id":"https:\/\/sarvar.conedevel.com\/de\/aktivitas\/kerekparkolcsonzes\/","url":"https:\/\/sarvar.conedevel.com\/de\/aktivitas\/kerekparkolcsonzes\/","name":"Fahrradverleihung - S\u00e1rv\u00e1r","isPartOf":{"@id":"https:\/\/sarvar.conedevel.com\/#website"},"primaryImageOfPage":{"@id":"https:\/\/sarvar.conedevel.com\/de\/aktivitas\/kerekparkolcsonzes\/#primaryimage"},"image":{"@id":"https:\/\/sarvar.conedevel.com\/de\/aktivitas\/kerekparkolcsonzes\/#primaryimage"},"thumbnailUrl":"https:\/\/sarvar.conedevel.com\/wp-content\/uploads\/2019\/10\/Ker\u00e9kp\u00e1r\u00f6lcs\u00f6nz\u00e9s-S\u00e1rv\u00e1r-wellness.jpg","datePublished":"2019-10-29T14:16:35+00:00","dateModified":"2022-07-01T06:58:29+00:00","breadcrumb":{"@id":"https:\/\/sarvar.conedevel.com\/de\/aktivitas\/kerekparkolcsonzes\/#breadcrumb"},"inLanguage":"de","potentialAction":[{"@type":"ReadAction","target":["https:\/\/sarvar.conedevel.com\/de\/aktivitas\/kerekparkolcsonzes\/"]}]},{"@type":"ImageObject","inLanguage":"de","@id":"https:\/\/sarvar.conedevel.com\/de\/aktivitas\/kerekparkolcsonzes\/#primaryimage","url":"https:\/\/sarvar.conedevel.com\/wp-content\/uploads\/2019\/10\/Ker\u00e9kp\u00e1r\u00f6lcs\u00f6nz\u00e9s-S\u00e1rv\u00e1r-wellness.jpg","contentUrl":"https:\/\/sarvar.conedevel.com\/wp-content\/uploads\/2019\/10\/Ker\u00e9kp\u00e1r\u00f6lcs\u00f6nz\u00e9s-S\u00e1rv\u00e1r-wellness.jpg","width":2000,"height":1333},{"@type":"BreadcrumbList","@id":"https:\/\/sarvar.conedevel.com\/de\/aktivitas\/kerekparkolcsonzes\/#breadcrumb","itemListElement":[{"@type":"ListItem","position":1,"name":"Kezd\u0151lap","item":"https:\/\/sarvar.conedevel.com\/de\/"},{"@type":"ListItem","position":2,"name":"FREIZEIT","item":"https:\/\/sarvar.conedevel.com\/de\/aktivitas\/"},{"@type":"ListItem","position":3,"name":"Fahrradverleihung"}]},{"@type":"WebSite","@id":"https:\/\/sarvar.conedevel.com\/#website","url":"https:\/\/sarvar.conedevel.com\/","name":"S\u00e1rv\u00e1r","description":"S\u00e1rv\u00e1ri sz\u00e1ll\u00e1shelyek, \u00e9ttermek, programok, l\u00e1tnival\u00f3k \u00e9s inform\u00e1ci\u00f3k - mind egy helyen S\u00e1rv\u00e1rr\u00f3l","potentialAction":[{"@type":"SearchAction","target":{"@type":"EntryPoint","urlTemplate":"https:\/\/sarvar.conedevel.com\/?s={search_term_string}"},"query-input":{"@type":"PropertyValueSpecification","valueRequired":true,"valueName":"search_term_string"}}],"inLanguage":"de"}]}},"_links":{"self":[{"href":"https:\/\/sarvar.conedevel.com\/de\/wp-json\/wp\/v2\/pages\/6212","targetHints":{"allow":["GET"]}}],"collection":[{"href":"https:\/\/sarvar.conedevel.com\/de\/wp-json\/wp\/v2\/pages"}],"about":[{"href":"https:\/\/sarvar.conedevel.com\/de\/wp-json\/wp\/v2\/types\/page"}],"author":[{"embeddable":true,"href":"https:\/\/sarvar.conedevel.com\/de\/wp-json\/wp\/v2\/users\/1"}],"replies":[{"embeddable":true,"href":"https:\/\/sarvar.conedevel.com\/de\/wp-json\/wp\/v2\/comments?post=6212"}],"version-history":[{"count":0,"href":"https:\/\/sarvar.conedevel.com\/de\/wp-json\/wp\/v2\/pages\/6212\/revisions"}],"up":[{"embeddable":true,"href":"https:\/\/sarvar.conedevel.com\/de\/wp-json\/wp\/v2\/pages\/6151"}],"wp:featuredmedia":[{"embeddable":true,"href":"https:\/\/sarvar.conedevel.com\/de\/wp-json\/wp\/v2\/media\/5106"}],"wp:attachment":[{"href":"https:\/\/sarvar.conedevel.com\/de\/wp-json\/wp\/v2\/media?parent=6212"}],"curies":[{"name":"wp","href":"https:\/\/api.w.org\/{rel}","templated":true}]}}