{"id":6188,"date":"2019-10-29T14:11:55","date_gmt":"2019-10-29T14:11:55","guid":{"rendered":"http:\/\/sarvar.conedevel.com\/aktivitas\/sport\/"},"modified":"2022-07-12T08:19:25","modified_gmt":"2022-07-12T08:19:25","slug":"sport","status":"publish","type":"page","link":"https:\/\/sarvar.conedevel.com\/de\/aktivitas\/sport\/","title":{"rendered":"Sport"},"content":{"rendered":"\n<h2 class=\"wp-block-heading\">Sportm\u00f6glichkeiten in S\u00e1rv\u00e1r<\/h2>\n\n\n\n<figure class=\"wp-block-image size-large is-resized\"><img loading=\"lazy\" decoding=\"async\" src=\"https:\/\/sarvar.conedevel.com\/wp-content\/uploads\/2022\/07\/2.-3-1024x728.jpg\" alt=\"\" class=\"wp-image-13548\" width=\"740\" height=\"526\" srcset=\"https:\/\/sarvar.conedevel.com\/wp-content\/uploads\/2022\/07\/2.-3-1024x728.jpg 1024w, https:\/\/sarvar.conedevel.com\/wp-content\/uploads\/2022\/07\/2.-3-300x213.jpg 300w, https:\/\/sarvar.conedevel.com\/wp-content\/uploads\/2022\/07\/2.-3-768x546.jpg 768w, https:\/\/sarvar.conedevel.com\/wp-content\/uploads\/2022\/07\/2.-3-1536x1092.jpg 1536w, https:\/\/sarvar.conedevel.com\/wp-content\/uploads\/2022\/07\/2.-3-2048x1456.jpg 2048w, https:\/\/sarvar.conedevel.com\/wp-content\/uploads\/2022\/07\/2.-3-1400x995.jpg 1400w\" sizes=\"auto, (max-width: 740px) 100vw, 740px\" \/><figcaption><strong>Boot fahren<\/strong><\/figcaption><\/figure>\n\n\n\n<h2 class=\"wp-block-heading\" id=\"nyitvatartas\">\u00d6ffnungszeiten\/preise<\/h2>\n\n\n\n<pre class=\"wp-block-preformatted\"><strong>Bowling:<\/strong>\n\nHeil- und Wellnessbad S\u00e1rv\u00e1r\n\n\u00d6ffnungszeiten: 11:00 - 22:00\n\n<a href=\"https:\/\/sarvarfurdo.hu\/\">https:\/\/sarvarfurdo.hu\/<\/a>\n\n<strong>Ruderteich:\u00a0\n<\/strong>\n<strong>Basketballplatz und Tischtennis<\/strong>\n\n<strong>Tenisplatz:<\/strong>\n\nTennisverein von S\u00e1rv\u00e1r\nPlatzreservierung: +36-30\/648-9107\n\nGeb\u00fchren f\u00fcr die Nutzung der Tennispl\u00e4tze:\n \n<strong>Schlittschuhlaufen<\/strong>\n\n\n<strong>Fitness:<\/strong>\n\nHeil- und Wellnesbad S\u00e1rv\u00e1r\n\n\u00d6ffnungszeit: 10:00 - 21:30\n\n<a href=\"https:\/\/sarvarfurdo.hu\/\">https:\/\/sarvarfurdo.hu\/<\/a>\n\n<strong>Nordic Walking<\/strong>\u00a0- 600 Ft\/ Uhr\n\n<strong>Angeln:<\/strong>\n\nSportangeln Verein \u201eKinizsi\u201c von S\u00e1rv\u00e1r\nTelefon: +36 30\/957-6932\n\nAngelnkarte erreichbar:\u00a0\n\nShell k\u00fat, S\u00e1rv\u00e1r 0 - 24h\nGoldfish Angelgesch\u00e4ft - Cs\u00f3ka Alex S\u00e1rv\u00e1r, Batthy\u00e1ny u. 47.\nFische: Karpfen, Graskarpfen, Hecht, Zander, Welse, Brassen, Karausche, Brachsen\n <strong>\nKegelbahn:<\/strong>\n\n<strong>F\u00fcl\u00f6p Boroz\u00f3 \u00e9s Tek\u00e9z\u0151<\/strong>\n\n9600 S\u00e1rv\u00e1r, S\u00e1rsziget strasse 14. \nTelefon: +36 30\/ 939-6031\n\n<strong>K\u00e9kgoly\u00f3 Tek\u00e9z\u0151<\/strong>\n\n9600 S\u00e1rv\u00e1r, Berzsenyi strasse 24.\n\n<strong>Schwimmhalle:<\/strong>\n\nHeil- und Wellnesbad S\u00e1rv\u00e1r\n\u00d6ffnungszeit: 7:00 - 21:30\n<a href=\"https:\/\/sarvarfurdo.hu\/\">https:\/\/sarvarfurdo.hu\/<\/a><\/pre>\n\n\n\n<p><\/p>\n","protected":false},"excerpt":{"rendered":"<p>Sportm\u00f6glichkeiten in S\u00e1rv\u00e1r \u00d6ffnungszeiten\/preise Bowling: Heil- und Wellnessbad S\u00e1rv\u00e1r \u00d6ffnungszeiten: 11:00 &#8211; 22:00 https:\/\/sarvarfurdo.hu\/ Ruderteich:\u00a0 Basketballplatz und Tischtennis Tenisplatz: Tennisverein von S\u00e1rv\u00e1r Platzreservierung: +36-30\/648-9107 Geb\u00fchren f\u00fcr die Nutzung der Tennispl\u00e4tze: Schlittschuhlaufen Fitness: Heil- und Wellnesbad S\u00e1rv\u00e1r \u00d6ffnungszeit: 10:00 &#8211; 21:30 https:\/\/sarvarfurdo.hu\/ Nordic Walking\u00a0&#8211; 600 Ft\/ Uhr Angeln: Sportangeln Verein \u201eKinizsi\u201c von S\u00e1rv\u00e1r Telefon: +36 30\/957-6932 [&hellip;]<\/p>\n","protected":false},"author":1,"featured_media":5114,"parent":6151,"menu_order":0,"comment_status":"closed","ping_status":"closed","template":"","meta":{"_acf_changed":false,"footnotes":""},"class_list":["post-6188","page","type-page","status-publish","has-post-thumbnail","hentry"],"acf":[],"yoast_head":"<!-- This site is optimized with the Yoast SEO plugin v25.4 - https:\/\/yoast.com\/wordpress\/plugins\/seo\/ -->\n<title>Sport - S\u00e1rv\u00e1r<\/title>\n<meta name=\"robots\" content=\"noindex, follow, max-snippet:-1, max-image-preview:large, max-video-preview:-1\" \/>\n<meta property=\"og:locale\" content=\"de_DE\" \/>\n<meta property=\"og:type\" content=\"article\" \/>\n<meta property=\"og:title\" content=\"Sport - S\u00e1rv\u00e1r\" \/>\n<meta property=\"og:description\" content=\"Sportm\u00f6glichkeiten in S\u00e1rv\u00e1r \u00d6ffnungszeiten\/preise Bowling: Heil- und Wellnessbad S\u00e1rv\u00e1r \u00d6ffnungszeiten: 11:00 - 22:00 https:\/\/sarvarfurdo.hu\/ Ruderteich:\u00a0 Basketballplatz und Tischtennis Tenisplatz: Tennisverein von S\u00e1rv\u00e1r Platzreservierung: +36-30\/648-9107 Geb\u00fchren f\u00fcr die Nutzung der Tennispl\u00e4tze: Schlittschuhlaufen Fitness: Heil- und Wellnesbad S\u00e1rv\u00e1r \u00d6ffnungszeit: 10:00 - 21:30 https:\/\/sarvarfurdo.hu\/ Nordic Walking\u00a0- 600 Ft\/ Uhr Angeln: Sportangeln Verein \u201eKinizsi\u201c von S\u00e1rv\u00e1r Telefon: +36 30\/957-6932 [&hellip;]\" \/>\n<meta property=\"og:url\" content=\"https:\/\/sarvar.conedevel.com\/de\/aktivitas\/sport\/\" \/>\n<meta property=\"og:site_name\" content=\"S\u00e1rv\u00e1r\" \/>\n<meta property=\"article:publisher\" content=\"https:\/\/www.facebook.com\/tdmsarvar\" \/>\n<meta property=\"article:modified_time\" content=\"2022-07-12T08:19:25+00:00\" \/>\n<meta property=\"og:image\" content=\"https:\/\/sarvar.conedevel.com\/wp-content\/uploads\/2019\/10\/S\u00e1rv\u00e1r-wellness-sport-1024x682.jpg\" \/>\n\t<meta property=\"og:image:width\" content=\"1024\" \/>\n\t<meta property=\"og:image:height\" content=\"682\" \/>\n\t<meta property=\"og:image:type\" content=\"image\/jpeg\" \/>\n<meta name=\"twitter:card\" content=\"summary_large_image\" \/>\n<meta name=\"twitter:label1\" content=\"Gesch\u00e4tzte Lesezeit\" \/>\n\t<meta name=\"twitter:data1\" content=\"1\u00a0Minute\" \/>\n<script type=\"application\/ld+json\" class=\"yoast-schema-graph\">{\"@context\":\"https:\/\/schema.org\",\"@graph\":[{\"@type\":\"WebPage\",\"@id\":\"https:\/\/sarvar.conedevel.com\/de\/aktivitas\/sport\/\",\"url\":\"https:\/\/sarvar.conedevel.com\/de\/aktivitas\/sport\/\",\"name\":\"Sport - S\u00e1rv\u00e1r\",\"isPartOf\":{\"@id\":\"https:\/\/sarvar.conedevel.com\/#website\"},\"primaryImageOfPage\":{\"@id\":\"https:\/\/sarvar.conedevel.com\/de\/aktivitas\/sport\/#primaryimage\"},\"image\":{\"@id\":\"https:\/\/sarvar.conedevel.com\/de\/aktivitas\/sport\/#primaryimage\"},\"thumbnailUrl\":\"https:\/\/sarvar.conedevel.com\/wp-content\/uploads\/2019\/10\/S\u00e1rv\u00e1r-wellness-sport.jpg\",\"datePublished\":\"2019-10-29T14:11:55+00:00\",\"dateModified\":\"2022-07-12T08:19:25+00:00\",\"breadcrumb\":{\"@id\":\"https:\/\/sarvar.conedevel.com\/de\/aktivitas\/sport\/#breadcrumb\"},\"inLanguage\":\"de\",\"potentialAction\":[{\"@type\":\"ReadAction\",\"target\":[\"https:\/\/sarvar.conedevel.com\/de\/aktivitas\/sport\/\"]}]},{\"@type\":\"ImageObject\",\"inLanguage\":\"de\",\"@id\":\"https:\/\/sarvar.conedevel.com\/de\/aktivitas\/sport\/#primaryimage\",\"url\":\"https:\/\/sarvar.conedevel.com\/wp-content\/uploads\/2019\/10\/S\u00e1rv\u00e1r-wellness-sport.jpg\",\"contentUrl\":\"https:\/\/sarvar.conedevel.com\/wp-content\/uploads\/2019\/10\/S\u00e1rv\u00e1r-wellness-sport.jpg\",\"width\":2000,\"height\":1333},{\"@type\":\"BreadcrumbList\",\"@id\":\"https:\/\/sarvar.conedevel.com\/de\/aktivitas\/sport\/#breadcrumb\",\"itemListElement\":[{\"@type\":\"ListItem\",\"position\":1,\"name\":\"Kezd\u0151lap\",\"item\":\"https:\/\/sarvar.conedevel.com\/de\/\"},{\"@type\":\"ListItem\",\"position\":2,\"name\":\"FREIZEIT\",\"item\":\"https:\/\/sarvar.conedevel.com\/de\/aktivitas\/\"},{\"@type\":\"ListItem\",\"position\":3,\"name\":\"Sport\"}]},{\"@type\":\"WebSite\",\"@id\":\"https:\/\/sarvar.conedevel.com\/#website\",\"url\":\"https:\/\/sarvar.conedevel.com\/\",\"name\":\"S\u00e1rv\u00e1r\",\"description\":\"S\u00e1rv\u00e1ri sz\u00e1ll\u00e1shelyek, \u00e9ttermek, programok, l\u00e1tnival\u00f3k \u00e9s inform\u00e1ci\u00f3k - mind egy helyen S\u00e1rv\u00e1rr\u00f3l\",\"potentialAction\":[{\"@type\":\"SearchAction\",\"target\":{\"@type\":\"EntryPoint\",\"urlTemplate\":\"https:\/\/sarvar.conedevel.com\/?s={search_term_string}\"},\"query-input\":{\"@type\":\"PropertyValueSpecification\",\"valueRequired\":true,\"valueName\":\"search_term_string\"}}],\"inLanguage\":\"de\"}]}<\/script>\n<!-- \/ Yoast SEO plugin. -->","yoast_head_json":{"title":"Sport - S\u00e1rv\u00e1r","robots":{"index":"noindex","follow":"follow","max-snippet":"max-snippet:-1","max-image-preview":"max-image-preview:large","max-video-preview":"max-video-preview:-1"},"og_locale":"de_DE","og_type":"article","og_title":"Sport - S\u00e1rv\u00e1r","og_description":"Sportm\u00f6glichkeiten in S\u00e1rv\u00e1r \u00d6ffnungszeiten\/preise Bowling: Heil- und Wellnessbad S\u00e1rv\u00e1r \u00d6ffnungszeiten: 11:00 - 22:00 https:\/\/sarvarfurdo.hu\/ Ruderteich:\u00a0 Basketballplatz und Tischtennis Tenisplatz: Tennisverein von S\u00e1rv\u00e1r Platzreservierung: +36-30\/648-9107 Geb\u00fchren f\u00fcr die Nutzung der Tennispl\u00e4tze: Schlittschuhlaufen Fitness: Heil- und Wellnesbad S\u00e1rv\u00e1r \u00d6ffnungszeit: 10:00 - 21:30 https:\/\/sarvarfurdo.hu\/ Nordic Walking\u00a0- 600 Ft\/ Uhr Angeln: Sportangeln Verein \u201eKinizsi\u201c von S\u00e1rv\u00e1r Telefon: +36 30\/957-6932 [&hellip;]","og_url":"https:\/\/sarvar.conedevel.com\/de\/aktivitas\/sport\/","og_site_name":"S\u00e1rv\u00e1r","article_publisher":"https:\/\/www.facebook.com\/tdmsarvar","article_modified_time":"2022-07-12T08:19:25+00:00","og_image":[{"width":1024,"height":682,"url":"https:\/\/sarvar.conedevel.com\/wp-content\/uploads\/2019\/10\/S\u00e1rv\u00e1r-wellness-sport-1024x682.jpg","type":"image\/jpeg"}],"twitter_card":"summary_large_image","twitter_misc":{"Gesch\u00e4tzte Lesezeit":"1\u00a0Minute"},"schema":{"@context":"https:\/\/schema.org","@graph":[{"@type":"WebPage","@id":"https:\/\/sarvar.conedevel.com\/de\/aktivitas\/sport\/","url":"https:\/\/sarvar.conedevel.com\/de\/aktivitas\/sport\/","name":"Sport - S\u00e1rv\u00e1r","isPartOf":{"@id":"https:\/\/sarvar.conedevel.com\/#website"},"primaryImageOfPage":{"@id":"https:\/\/sarvar.conedevel.com\/de\/aktivitas\/sport\/#primaryimage"},"image":{"@id":"https:\/\/sarvar.conedevel.com\/de\/aktivitas\/sport\/#primaryimage"},"thumbnailUrl":"https:\/\/sarvar.conedevel.com\/wp-content\/uploads\/2019\/10\/S\u00e1rv\u00e1r-wellness-sport.jpg","datePublished":"2019-10-29T14:11:55+00:00","dateModified":"2022-07-12T08:19:25+00:00","breadcrumb":{"@id":"https:\/\/sarvar.conedevel.com\/de\/aktivitas\/sport\/#breadcrumb"},"inLanguage":"de","potentialAction":[{"@type":"ReadAction","target":["https:\/\/sarvar.conedevel.com\/de\/aktivitas\/sport\/"]}]},{"@type":"ImageObject","inLanguage":"de","@id":"https:\/\/sarvar.conedevel.com\/de\/aktivitas\/sport\/#primaryimage","url":"https:\/\/sarvar.conedevel.com\/wp-content\/uploads\/2019\/10\/S\u00e1rv\u00e1r-wellness-sport.jpg","contentUrl":"https:\/\/sarvar.conedevel.com\/wp-content\/uploads\/2019\/10\/S\u00e1rv\u00e1r-wellness-sport.jpg","width":2000,"height":1333},{"@type":"BreadcrumbList","@id":"https:\/\/sarvar.conedevel.com\/de\/aktivitas\/sport\/#breadcrumb","itemListElement":[{"@type":"ListItem","position":1,"name":"Kezd\u0151lap","item":"https:\/\/sarvar.conedevel.com\/de\/"},{"@type":"ListItem","position":2,"name":"FREIZEIT","item":"https:\/\/sarvar.conedevel.com\/de\/aktivitas\/"},{"@type":"ListItem","position":3,"name":"Sport"}]},{"@type":"WebSite","@id":"https:\/\/sarvar.conedevel.com\/#website","url":"https:\/\/sarvar.conedevel.com\/","name":"S\u00e1rv\u00e1r","description":"S\u00e1rv\u00e1ri sz\u00e1ll\u00e1shelyek, \u00e9ttermek, programok, l\u00e1tnival\u00f3k \u00e9s inform\u00e1ci\u00f3k - mind egy helyen S\u00e1rv\u00e1rr\u00f3l","potentialAction":[{"@type":"SearchAction","target":{"@type":"EntryPoint","urlTemplate":"https:\/\/sarvar.conedevel.com\/?s={search_term_string}"},"query-input":{"@type":"PropertyValueSpecification","valueRequired":true,"valueName":"search_term_string"}}],"inLanguage":"de"}]}},"_links":{"self":[{"href":"https:\/\/sarvar.conedevel.com\/de\/wp-json\/wp\/v2\/pages\/6188","targetHints":{"allow":["GET"]}}],"collection":[{"href":"https:\/\/sarvar.conedevel.com\/de\/wp-json\/wp\/v2\/pages"}],"about":[{"href":"https:\/\/sarvar.conedevel.com\/de\/wp-json\/wp\/v2\/types\/page"}],"author":[{"embeddable":true,"href":"https:\/\/sarvar.conedevel.com\/de\/wp-json\/wp\/v2\/users\/1"}],"replies":[{"embeddable":true,"href":"https:\/\/sarvar.conedevel.com\/de\/wp-json\/wp\/v2\/comments?post=6188"}],"version-history":[{"count":0,"href":"https:\/\/sarvar.conedevel.com\/de\/wp-json\/wp\/v2\/pages\/6188\/revisions"}],"up":[{"embeddable":true,"href":"https:\/\/sarvar.conedevel.com\/de\/wp-json\/wp\/v2\/pages\/6151"}],"wp:featuredmedia":[{"embeddable":true,"href":"https:\/\/sarvar.conedevel.com\/de\/wp-json\/wp\/v2\/media\/5114"}],"wp:attachment":[{"href":"https:\/\/sarvar.conedevel.com\/de\/wp-json\/wp\/v2\/media?parent=6188"}],"curies":[{"name":"wp","href":"https:\/\/api.w.org\/{rel}","templated":true}]}}