{"id":6181,"date":"2019-10-29T14:11:04","date_gmt":"2019-10-29T14:11:04","guid":{"rendered":"http:\/\/sarvar.conedevel.com\/aktivitas\/tedd-probara-a-batorsagodat-a-sarvari-kalandparkban\/"},"modified":"2019-11-21T14:55:22","modified_gmt":"2019-11-21T14:55:22","slug":"tedd-probara-a-batorsagodat-a-sarvari-kalandparkban","status":"publish","type":"page","link":"https:\/\/sarvar.conedevel.com\/de\/aktivitas\/tedd-probara-a-batorsagodat-a-sarvari-kalandparkban\/","title":{"rendered":"Erlebnispark"},"content":{"rendered":"\n<h2 class=\"wp-block-heading\">Wir begr\u00fc\u00dfen Sie in dem Erlebnispark S\u00e1rv\u00e1r, wo zahlreiche Abenteuer nur auf Sie warten.<\/h2>\n\n\n\n<p>Stellen Sie Ihren Mut auf die Probe, w\u00e4hlen Sie auf Wunsch aus den Seilbahnen verschiedener Schwierigkeiten! Wir laden Sie zu einem echten Abenteuer ein!<\/p>\n\n\n\n<ul class=\"wp-block-gallery alignwide columns-2 is-cropped wp-block-gallery-1 is-layout-flex wp-block-gallery-is-layout-flex\"><li class=\"blocks-gallery-item\"><figure><a href=\"http:\/\/sarvar.conedevel.com\/wp-content\/uploads\/2019\/11\/S\u00e1rv\u00e1r-kalandpark-wellness-nyaral\u00e1s-682x1024.jpg\"><img loading=\"lazy\" decoding=\"async\" width=\"682\" height=\"1024\" src=\"http:\/\/sarvar.conedevel.com\/wp-content\/uploads\/2019\/11\/S\u00e1rv\u00e1r-kalandpark-wellness-nyaral\u00e1s-682x1024.jpg\" alt=\"\" data-id=\"5554\" data-link=\"http:\/\/sarvar.conedevel.com\/tedd-probara-a-batorsagodat-a-sarvari-kalandparkban\/sarvar-kalandpark-wellness-nyaralas\/\" class=\"wp-image-5554\" srcset=\"https:\/\/sarvar.conedevel.com\/wp-content\/uploads\/2019\/11\/S\u00e1rv\u00e1r-kalandpark-wellness-nyaral\u00e1s-682x1024.jpg 682w, https:\/\/sarvar.conedevel.com\/wp-content\/uploads\/2019\/11\/S\u00e1rv\u00e1r-kalandpark-wellness-nyaral\u00e1s-200x300.jpg 200w, https:\/\/sarvar.conedevel.com\/wp-content\/uploads\/2019\/11\/S\u00e1rv\u00e1r-kalandpark-wellness-nyaral\u00e1s-768x1152.jpg 768w, https:\/\/sarvar.conedevel.com\/wp-content\/uploads\/2019\/11\/S\u00e1rv\u00e1r-kalandpark-wellness-nyaral\u00e1s-1024x1536.jpg 1024w, https:\/\/sarvar.conedevel.com\/wp-content\/uploads\/2019\/11\/S\u00e1rv\u00e1r-kalandpark-wellness-nyaral\u00e1s.jpg 1333w\" sizes=\"auto, (max-width: 682px) 100vw, 682px\" \/><\/a><\/figure><\/li><li class=\"blocks-gallery-item\"><figure><a href=\"http:\/\/sarvar.conedevel.com\/wp-content\/uploads\/2019\/11\/kalandpark-s\u00e1rv\u00e1r-wellness-682x1024.jpg\"><img loading=\"lazy\" decoding=\"async\" width=\"682\" height=\"1024\" src=\"http:\/\/sarvar.conedevel.com\/wp-content\/uploads\/2019\/11\/kalandpark-s\u00e1rv\u00e1r-wellness-682x1024.jpg\" alt=\"\" data-id=\"5563\" data-link=\"http:\/\/sarvar.conedevel.com\/tedd-probara-a-batorsagodat-a-sarvari-kalandparkban\/kalandpark-sarvar-wellness\/\" class=\"wp-image-5563\" srcset=\"https:\/\/sarvar.conedevel.com\/wp-content\/uploads\/2019\/11\/kalandpark-s\u00e1rv\u00e1r-wellness-682x1024.jpg 682w, https:\/\/sarvar.conedevel.com\/wp-content\/uploads\/2019\/11\/kalandpark-s\u00e1rv\u00e1r-wellness-200x300.jpg 200w, https:\/\/sarvar.conedevel.com\/wp-content\/uploads\/2019\/11\/kalandpark-s\u00e1rv\u00e1r-wellness-768x1152.jpg 768w, https:\/\/sarvar.conedevel.com\/wp-content\/uploads\/2019\/11\/kalandpark-s\u00e1rv\u00e1r-wellness-1024x1536.jpg 1024w, https:\/\/sarvar.conedevel.com\/wp-content\/uploads\/2019\/11\/kalandpark-s\u00e1rv\u00e1r-wellness.jpg 1333w\" sizes=\"auto, (max-width: 682px) 100vw, 682px\" \/><\/a><\/figure><\/li><\/ul>\n\n\n\n<p>Der Erlebnispark bei dem Heil- und Wellnessbad wartet auf die Spannung- und Herausforderungssuchenden mit 120stelligen Seilbahnen, einer 10 Meter hohen Kletterwand und einem Bogenplatz. Das Rutschen \u00fcber den See, die 8 Meter hohen Hindernisse mit Kraftprobe stellen auch die Tapfersten auf die Probe.<\/p>\n\n\n\n<figure class=\"wp-block-image alignwide\"><img loading=\"lazy\" decoding=\"async\" width=\"1024\" height=\"682\" src=\"http:\/\/sarvar.conedevel.com\/wp-content\/uploads\/2019\/11\/S\u00e1rv\u00e1r-kalandpark-k\u00f6t\u00e9lp\u00e1lya-wellness-program-1024x682.jpg\" alt=\"\" class=\"wp-image-5546\" srcset=\"https:\/\/sarvar.conedevel.com\/wp-content\/uploads\/2019\/11\/S\u00e1rv\u00e1r-kalandpark-k\u00f6t\u00e9lp\u00e1lya-wellness-program-1024x682.jpg 1024w, https:\/\/sarvar.conedevel.com\/wp-content\/uploads\/2019\/11\/S\u00e1rv\u00e1r-kalandpark-k\u00f6t\u00e9lp\u00e1lya-wellness-program-300x200.jpg 300w, https:\/\/sarvar.conedevel.com\/wp-content\/uploads\/2019\/11\/S\u00e1rv\u00e1r-kalandpark-k\u00f6t\u00e9lp\u00e1lya-wellness-program-768x512.jpg 768w, https:\/\/sarvar.conedevel.com\/wp-content\/uploads\/2019\/11\/S\u00e1rv\u00e1r-kalandpark-k\u00f6t\u00e9lp\u00e1lya-wellness-program-1536x1024.jpg 1536w, https:\/\/sarvar.conedevel.com\/wp-content\/uploads\/2019\/11\/S\u00e1rv\u00e1r-kalandpark-k\u00f6t\u00e9lp\u00e1lya-wellness-program-1400x933.jpg 1400w, https:\/\/sarvar.conedevel.com\/wp-content\/uploads\/2019\/11\/S\u00e1rv\u00e1r-kalandpark-k\u00f6t\u00e9lp\u00e1lya-wellness-program-700x465.jpg 700w, https:\/\/sarvar.conedevel.com\/wp-content\/uploads\/2019\/11\/S\u00e1rv\u00e1r-kalandpark-k\u00f6t\u00e9lp\u00e1lya-wellness-program.jpg 2000w\" sizes=\"auto, (max-width: 1024px) 100vw, 1024px\" \/><\/figure>\n\n\n\n<p>Der Park bietet nat\u00fcrlich nicht nur extremen Spa\u00df. 2 von der sich im Laub des Waldes versteckenden 8 Seilbahnen am\u00fcsieren die 3-6j\u00e4hrigen Kinder, 3 weitere die Schulm\u00e4\u00dfigen, sowie der Spielplatz oder die Lernspur um den Teich.<\/p>\n\n\n\n<p>Es gibt leichtere und auch schwerere Seilbahnen f\u00fcr Erwachsene, so jeder findet den sich selbst attraktiven Spa\u00df voll von Erlebnis.<\/p>\n\n\n\n<pre class=\"wp-block-preformatted\"><strong>WEB:<\/strong> <a href=\"http:\/\/www.sarvarikalandpark.hu\/\">www.sarvarikalandpark.hu<\/a>\n<strong>E-mail:<\/strong> <a href=\"mailto:info@sarvarikalandpark.hu\">info@sarvarikalandpark.hu<\/a><\/pre>\n","protected":false},"excerpt":{"rendered":"<p>Wir begr\u00fc\u00dfen Sie in dem Erlebnispark S\u00e1rv\u00e1r, wo zahlreiche Abenteuer nur auf Sie warten. Stellen Sie Ihren Mut auf die Probe, w\u00e4hlen Sie auf Wunsch aus den Seilbahnen verschiedener Schwierigkeiten! Wir laden Sie zu einem echten Abenteuer ein! Der Erlebnispark bei dem Heil- und Wellnessbad wartet auf die Spannung- und Herausforderungssuchenden mit 120stelligen Seilbahnen, einer [&hellip;]<\/p>\n","protected":false},"author":1,"featured_media":5553,"parent":6151,"menu_order":0,"comment_status":"closed","ping_status":"closed","template":"","meta":{"_acf_changed":false,"footnotes":""},"class_list":["post-6181","page","type-page","status-publish","has-post-thumbnail","hentry"],"acf":[],"yoast_head":"<!-- This site is optimized with the Yoast SEO plugin v25.4 - https:\/\/yoast.com\/wordpress\/plugins\/seo\/ -->\n<title>Erlebnispark - S\u00e1rv\u00e1r<\/title>\n<meta name=\"robots\" content=\"noindex, follow, max-snippet:-1, max-image-preview:large, max-video-preview:-1\" \/>\n<meta property=\"og:locale\" content=\"de_DE\" \/>\n<meta property=\"og:type\" content=\"article\" \/>\n<meta property=\"og:title\" content=\"Erlebnispark - S\u00e1rv\u00e1r\" \/>\n<meta property=\"og:description\" content=\"Wir begr\u00fc\u00dfen Sie in dem Erlebnispark S\u00e1rv\u00e1r, wo zahlreiche Abenteuer nur auf Sie warten. Stellen Sie Ihren Mut auf die Probe, w\u00e4hlen Sie auf Wunsch aus den Seilbahnen verschiedener Schwierigkeiten! Wir laden Sie zu einem echten Abenteuer ein! Der Erlebnispark bei dem Heil- und Wellnessbad wartet auf die Spannung- und Herausforderungssuchenden mit 120stelligen Seilbahnen, einer [&hellip;]\" \/>\n<meta property=\"og:url\" content=\"https:\/\/sarvar.conedevel.com\/de\/aktivitas\/tedd-probara-a-batorsagodat-a-sarvari-kalandparkban\/\" \/>\n<meta property=\"og:site_name\" content=\"S\u00e1rv\u00e1r\" \/>\n<meta property=\"article:publisher\" content=\"https:\/\/www.facebook.com\/tdmsarvar\" \/>\n<meta property=\"article:modified_time\" content=\"2019-11-21T14:55:22+00:00\" \/>\n<meta property=\"og:image\" content=\"https:\/\/sarvar.conedevel.com\/wp-content\/uploads\/2019\/11\/S\u00e1rv\u00e1ri-kalandpark-wellness-pihen\u00e9s-1024x682.jpg\" \/>\n\t<meta property=\"og:image:width\" content=\"1024\" \/>\n\t<meta property=\"og:image:height\" content=\"682\" \/>\n\t<meta property=\"og:image:type\" content=\"image\/jpeg\" \/>\n<meta name=\"twitter:card\" content=\"summary_large_image\" \/>\n<meta name=\"twitter:label1\" content=\"Gesch\u00e4tzte Lesezeit\" \/>\n\t<meta name=\"twitter:data1\" content=\"1\u00a0Minute\" \/>\n<script type=\"application\/ld+json\" class=\"yoast-schema-graph\">{\"@context\":\"https:\/\/schema.org\",\"@graph\":[{\"@type\":\"WebPage\",\"@id\":\"https:\/\/sarvar.conedevel.com\/de\/aktivitas\/tedd-probara-a-batorsagodat-a-sarvari-kalandparkban\/\",\"url\":\"https:\/\/sarvar.conedevel.com\/de\/aktivitas\/tedd-probara-a-batorsagodat-a-sarvari-kalandparkban\/\",\"name\":\"Erlebnispark - S\u00e1rv\u00e1r\",\"isPartOf\":{\"@id\":\"https:\/\/sarvar.conedevel.com\/#website\"},\"primaryImageOfPage\":{\"@id\":\"https:\/\/sarvar.conedevel.com\/de\/aktivitas\/tedd-probara-a-batorsagodat-a-sarvari-kalandparkban\/#primaryimage\"},\"image\":{\"@id\":\"https:\/\/sarvar.conedevel.com\/de\/aktivitas\/tedd-probara-a-batorsagodat-a-sarvari-kalandparkban\/#primaryimage\"},\"thumbnailUrl\":\"https:\/\/sarvar.conedevel.com\/wp-content\/uploads\/2019\/11\/Sarvar-kalandpark-wellness-nyaralas.jpg\",\"datePublished\":\"2019-10-29T14:11:04+00:00\",\"dateModified\":\"2019-11-21T14:55:22+00:00\",\"breadcrumb\":{\"@id\":\"https:\/\/sarvar.conedevel.com\/de\/aktivitas\/tedd-probara-a-batorsagodat-a-sarvari-kalandparkban\/#breadcrumb\"},\"inLanguage\":\"de\",\"potentialAction\":[{\"@type\":\"ReadAction\",\"target\":[\"https:\/\/sarvar.conedevel.com\/de\/aktivitas\/tedd-probara-a-batorsagodat-a-sarvari-kalandparkban\/\"]}]},{\"@type\":\"ImageObject\",\"inLanguage\":\"de\",\"@id\":\"https:\/\/sarvar.conedevel.com\/de\/aktivitas\/tedd-probara-a-batorsagodat-a-sarvari-kalandparkban\/#primaryimage\",\"url\":\"https:\/\/sarvar.conedevel.com\/wp-content\/uploads\/2019\/11\/Sarvar-kalandpark-wellness-nyaralas.jpg\",\"contentUrl\":\"https:\/\/sarvar.conedevel.com\/wp-content\/uploads\/2019\/11\/Sarvar-kalandpark-wellness-nyaralas.jpg\",\"width\":2000,\"height\":1333},{\"@type\":\"BreadcrumbList\",\"@id\":\"https:\/\/sarvar.conedevel.com\/de\/aktivitas\/tedd-probara-a-batorsagodat-a-sarvari-kalandparkban\/#breadcrumb\",\"itemListElement\":[{\"@type\":\"ListItem\",\"position\":1,\"name\":\"Kezd\u0151lap\",\"item\":\"https:\/\/sarvar.conedevel.com\/de\/\"},{\"@type\":\"ListItem\",\"position\":2,\"name\":\"FREIZEIT\",\"item\":\"https:\/\/sarvar.conedevel.com\/de\/aktivitas\/\"},{\"@type\":\"ListItem\",\"position\":3,\"name\":\"Erlebnispark\"}]},{\"@type\":\"WebSite\",\"@id\":\"https:\/\/sarvar.conedevel.com\/#website\",\"url\":\"https:\/\/sarvar.conedevel.com\/\",\"name\":\"S\u00e1rv\u00e1r\",\"description\":\"S\u00e1rv\u00e1ri sz\u00e1ll\u00e1shelyek, \u00e9ttermek, programok, l\u00e1tnival\u00f3k \u00e9s inform\u00e1ci\u00f3k - mind egy helyen S\u00e1rv\u00e1rr\u00f3l\",\"potentialAction\":[{\"@type\":\"SearchAction\",\"target\":{\"@type\":\"EntryPoint\",\"urlTemplate\":\"https:\/\/sarvar.conedevel.com\/?s={search_term_string}\"},\"query-input\":{\"@type\":\"PropertyValueSpecification\",\"valueRequired\":true,\"valueName\":\"search_term_string\"}}],\"inLanguage\":\"de\"}]}<\/script>\n<!-- \/ Yoast SEO plugin. -->","yoast_head_json":{"title":"Erlebnispark - S\u00e1rv\u00e1r","robots":{"index":"noindex","follow":"follow","max-snippet":"max-snippet:-1","max-image-preview":"max-image-preview:large","max-video-preview":"max-video-preview:-1"},"og_locale":"de_DE","og_type":"article","og_title":"Erlebnispark - S\u00e1rv\u00e1r","og_description":"Wir begr\u00fc\u00dfen Sie in dem Erlebnispark S\u00e1rv\u00e1r, wo zahlreiche Abenteuer nur auf Sie warten. Stellen Sie Ihren Mut auf die Probe, w\u00e4hlen Sie auf Wunsch aus den Seilbahnen verschiedener Schwierigkeiten! Wir laden Sie zu einem echten Abenteuer ein! Der Erlebnispark bei dem Heil- und Wellnessbad wartet auf die Spannung- und Herausforderungssuchenden mit 120stelligen Seilbahnen, einer [&hellip;]","og_url":"https:\/\/sarvar.conedevel.com\/de\/aktivitas\/tedd-probara-a-batorsagodat-a-sarvari-kalandparkban\/","og_site_name":"S\u00e1rv\u00e1r","article_publisher":"https:\/\/www.facebook.com\/tdmsarvar","article_modified_time":"2019-11-21T14:55:22+00:00","og_image":[{"width":1024,"height":682,"url":"https:\/\/sarvar.conedevel.com\/wp-content\/uploads\/2019\/11\/S\u00e1rv\u00e1ri-kalandpark-wellness-pihen\u00e9s-1024x682.jpg","type":"image\/jpeg"}],"twitter_card":"summary_large_image","twitter_misc":{"Gesch\u00e4tzte Lesezeit":"1\u00a0Minute"},"schema":{"@context":"https:\/\/schema.org","@graph":[{"@type":"WebPage","@id":"https:\/\/sarvar.conedevel.com\/de\/aktivitas\/tedd-probara-a-batorsagodat-a-sarvari-kalandparkban\/","url":"https:\/\/sarvar.conedevel.com\/de\/aktivitas\/tedd-probara-a-batorsagodat-a-sarvari-kalandparkban\/","name":"Erlebnispark - S\u00e1rv\u00e1r","isPartOf":{"@id":"https:\/\/sarvar.conedevel.com\/#website"},"primaryImageOfPage":{"@id":"https:\/\/sarvar.conedevel.com\/de\/aktivitas\/tedd-probara-a-batorsagodat-a-sarvari-kalandparkban\/#primaryimage"},"image":{"@id":"https:\/\/sarvar.conedevel.com\/de\/aktivitas\/tedd-probara-a-batorsagodat-a-sarvari-kalandparkban\/#primaryimage"},"thumbnailUrl":"https:\/\/sarvar.conedevel.com\/wp-content\/uploads\/2019\/11\/Sarvar-kalandpark-wellness-nyaralas.jpg","datePublished":"2019-10-29T14:11:04+00:00","dateModified":"2019-11-21T14:55:22+00:00","breadcrumb":{"@id":"https:\/\/sarvar.conedevel.com\/de\/aktivitas\/tedd-probara-a-batorsagodat-a-sarvari-kalandparkban\/#breadcrumb"},"inLanguage":"de","potentialAction":[{"@type":"ReadAction","target":["https:\/\/sarvar.conedevel.com\/de\/aktivitas\/tedd-probara-a-batorsagodat-a-sarvari-kalandparkban\/"]}]},{"@type":"ImageObject","inLanguage":"de","@id":"https:\/\/sarvar.conedevel.com\/de\/aktivitas\/tedd-probara-a-batorsagodat-a-sarvari-kalandparkban\/#primaryimage","url":"https:\/\/sarvar.conedevel.com\/wp-content\/uploads\/2019\/11\/Sarvar-kalandpark-wellness-nyaralas.jpg","contentUrl":"https:\/\/sarvar.conedevel.com\/wp-content\/uploads\/2019\/11\/Sarvar-kalandpark-wellness-nyaralas.jpg","width":2000,"height":1333},{"@type":"BreadcrumbList","@id":"https:\/\/sarvar.conedevel.com\/de\/aktivitas\/tedd-probara-a-batorsagodat-a-sarvari-kalandparkban\/#breadcrumb","itemListElement":[{"@type":"ListItem","position":1,"name":"Kezd\u0151lap","item":"https:\/\/sarvar.conedevel.com\/de\/"},{"@type":"ListItem","position":2,"name":"FREIZEIT","item":"https:\/\/sarvar.conedevel.com\/de\/aktivitas\/"},{"@type":"ListItem","position":3,"name":"Erlebnispark"}]},{"@type":"WebSite","@id":"https:\/\/sarvar.conedevel.com\/#website","url":"https:\/\/sarvar.conedevel.com\/","name":"S\u00e1rv\u00e1r","description":"S\u00e1rv\u00e1ri sz\u00e1ll\u00e1shelyek, \u00e9ttermek, programok, l\u00e1tnival\u00f3k \u00e9s inform\u00e1ci\u00f3k - mind egy helyen S\u00e1rv\u00e1rr\u00f3l","potentialAction":[{"@type":"SearchAction","target":{"@type":"EntryPoint","urlTemplate":"https:\/\/sarvar.conedevel.com\/?s={search_term_string}"},"query-input":{"@type":"PropertyValueSpecification","valueRequired":true,"valueName":"search_term_string"}}],"inLanguage":"de"}]}},"_links":{"self":[{"href":"https:\/\/sarvar.conedevel.com\/de\/wp-json\/wp\/v2\/pages\/6181","targetHints":{"allow":["GET"]}}],"collection":[{"href":"https:\/\/sarvar.conedevel.com\/de\/wp-json\/wp\/v2\/pages"}],"about":[{"href":"https:\/\/sarvar.conedevel.com\/de\/wp-json\/wp\/v2\/types\/page"}],"author":[{"embeddable":true,"href":"https:\/\/sarvar.conedevel.com\/de\/wp-json\/wp\/v2\/users\/1"}],"replies":[{"embeddable":true,"href":"https:\/\/sarvar.conedevel.com\/de\/wp-json\/wp\/v2\/comments?post=6181"}],"version-history":[{"count":0,"href":"https:\/\/sarvar.conedevel.com\/de\/wp-json\/wp\/v2\/pages\/6181\/revisions"}],"up":[{"embeddable":true,"href":"https:\/\/sarvar.conedevel.com\/de\/wp-json\/wp\/v2\/pages\/6151"}],"wp:featuredmedia":[{"embeddable":true,"href":"https:\/\/sarvar.conedevel.com\/de\/wp-json\/wp\/v2\/media\/5553"}],"wp:attachment":[{"href":"https:\/\/sarvar.conedevel.com\/de\/wp-json\/wp\/v2\/media?parent=6181"}],"curies":[{"name":"wp","href":"https:\/\/api.w.org\/{rel}","templated":true}]}}