{"id":6151,"date":"2019-10-28T14:03:28","date_gmt":"2019-10-28T14:03:28","guid":{"rendered":"http:\/\/sarvar.conedevel.com\/aktivitas\/"},"modified":"2022-11-30T12:37:37","modified_gmt":"2022-11-30T12:37:37","slug":"aktivitas","status":"publish","type":"page","link":"https:\/\/sarvar.conedevel.com\/de\/aktivitas\/","title":{"rendered":"FREIZEIT"},"content":{"rendered":"\n<h2 class=\"wp-block-heading\" id=\"aktivitas\">Sei aktiv, sammle Erlebnisse!<\/h2>\n\n\n\n<p>Wellness wird nicht nur durch Baden den ganzen Tag komplett. Zum Entspannen braucht man Programme und Erlebnisse. Gl\u00fccklicherweise gibt es viele M\u00f6glichkeiten die Zeit in S\u00e1rv\u00e1r zu verbringen. F\u00fcgen Sie ein aktives Programm zwischen zwei baden ein! Wir haben bereits einige Ideen f\u00fcr Sie zusammengestellt.<\/p>\n\n\n\n<div style=\"height:20px\" aria-hidden=\"true\" class=\"wp-block-spacer\"><\/div>\n\n\n\r\n<section id=\"tiles-block_5db84073c89b9\" class=\"row testimonial-content-section alignwide\">\r\n\t\t    \t\t    \t\t<div class=\"col-12 col-sm-6 col-md-6 col-lg-3\">\r\n\t    \t\t\t\t\t<a href=\"http:\/\/sarvar.conedevel.com\/de\/aktivitas\/nadasdy-ferenc-muzeum\/\" class=\"testimonial-item\" style=\"background-image: url(https:\/\/sarvar.conedevel.com\/wp-content\/uploads\/2022\/11\/web_MA2_3702-800x800.jpg);\">\r\n\t\t\t\t\t\t\t\t\t\t\t<h3 class=\"testimonial-item__title\">Ferenc N\u00e1dasdy Museum<\/h3>\r\n\t\t\t\t\t\t\t\t\t<\/a>\r\n\t\t\t<\/div>\r\n\t    \t    \t\t    \t\t<div class=\"col-12 col-sm-6 col-md-6 col-lg-3\">\r\n\t    \t\t\t\t\t<a href=\"http:\/\/sarvar.conedevel.com\/de\/aktivitas\/zold-elmenyek\/\" class=\"testimonial-item\" style=\"background-image: url(https:\/\/sarvar.conedevel.com\/wp-content\/uploads\/2022\/11\/web_MA2_1339-800x800.jpg);\">\r\n\t\t\t\t\t\t\t\t\t\t\t<h3 class=\"testimonial-item__title\">Gr\u00fcne Erlebnisse<\/h3>\r\n\t\t\t\t\t\t\t\t\t<\/a>\r\n\t\t\t<\/div>\r\n\t    \t    \t\t    \t\t<div class=\"col-12 col-sm-6 col-md-6 col-lg-3\">\r\n\t    \t\t\t\t\t<a href=\"http:\/\/sarvar.conedevel.com\/de\/aktivitas\/tedd-probara-a-batorsagodat-a-sarvari-kalandparkban\/\" class=\"testimonial-item\" style=\"background-image: url(https:\/\/sarvar.conedevel.com\/wp-content\/uploads\/2022\/11\/web_MA2_3475-800x800.jpg);\">\r\n\t\t\t\t\t\t\t\t\t\t\t<h3 class=\"testimonial-item__title\">Erlebnispark<\/h3>\r\n\t\t\t\t\t\t\t\t\t<\/a>\r\n\t\t\t<\/div>\r\n\t    \t    \t\t    \t\t<div class=\"col-12 col-sm-6 col-md-6 col-lg-3\">\r\n\t    \t\t\t\t\t<a href=\"http:\/\/sarvar.conedevel.com\/de\/aktivitas\/sport\/\" class=\"testimonial-item\" style=\"background-image: url(https:\/\/sarvar.conedevel.com\/wp-content\/uploads\/2022\/11\/web_MA2_1223-800x800.jpg);\">\r\n\t\t\t\t\t\t\t\t\t\t\t<h3 class=\"testimonial-item__title\">Sport<\/h3>\r\n\t\t\t\t\t\t\t\t\t<\/a>\r\n\t\t\t<\/div>\r\n\t    \t    \t\t    \t\t<div class=\"col-12 col-sm-6 col-md-6 col-lg-3\">\r\n\t    \t\t\t\t\t<a href=\"http:\/\/sarvar.conedevel.com\/de\/aktivitas\/lovas-lehetosegek\/\" class=\"testimonial-item\" style=\"background-image: url(https:\/\/sarvar.conedevel.com\/wp-content\/uploads\/2022\/11\/web_MA2_0670-800x800.jpg);\">\r\n\t\t\t\t\t\t\t\t\t\t\t<h3 class=\"testimonial-item__title\">M\u00f6glichkeiten des Ritterhofs<\/h3>\r\n\t\t\t\t\t\t\t\t\t<\/a>\r\n\t\t\t<\/div>\r\n\t    \t    \t\t    \t\t<div class=\"col-12 col-sm-6 col-md-6 col-lg-3\">\r\n\t    \t\t\t\t\t<a href=\"http:\/\/sarvar.conedevel.com\/de\/aktivitas\/kerekparkolcsonzes\/\" class=\"testimonial-item\" style=\"background-image: url(https:\/\/sarvar.conedevel.com\/wp-content\/uploads\/2022\/11\/web_MA2_0447-800x800.jpg);\">\r\n\t\t\t\t\t\t\t\t\t\t\t<h3 class=\"testimonial-item__title\">Fahrradverleihung<\/h3>\r\n\t\t\t\t\t\t\t\t\t<\/a>\r\n\t\t\t<\/div>\r\n\t    \t    \t\t    \t\t<div class=\"col-12 col-sm-6 col-md-6 col-lg-3\">\r\n\t    \t\t\t\t\t<a href=\"http:\/\/sarvar.conedevel.com\/de\/aktivitas\/wellness-szolgaltatasok\/\" class=\"testimonial-item\" style=\"background-image: url(https:\/\/sarvar.conedevel.com\/wp-content\/uploads\/2022\/11\/web_MA2_3307-800x800.jpg);\">\r\n\t\t\t\t\t\t\t\t\t\t\t<h3 class=\"testimonial-item__title\">Wellness-Dienstleistungen<\/h3>\r\n\t\t\t\t\t\t\t\t\t<\/a>\r\n\t\t\t<\/div>\r\n\t    \t    \t\t    \t\t<div class=\"col-12 col-sm-6 col-md-6 col-lg-3\">\r\n\t    \t\t\t\t\t<a href=\"https:\/\/sarvar.conedevel.com\/de\/aktivitas\/szepsegszalonok\/\" class=\"testimonial-item\" style=\"background-image: url(https:\/\/sarvar.conedevel.com\/wp-content\/uploads\/2022\/11\/young-woman-relaxing-spa-salon-800x800.jpg);\">\r\n\t\t\t\t\t\t\t\t\t\t\t<h3 class=\"testimonial-item__title\">Kosmetikstudios<\/h3>\r\n\t\t\t\t\t\t\t\t\t<\/a>\r\n\t\t\t<\/div>\r\n\t    <\/section>\n\n\n<h2 class=\"wp-block-heading\" id=\"okos-elmenyek\">&#8222;Smart\u201d Erlebnisse<\/h2>\n\n\n\n<p>Die Entspannung wird durch echte Erlebnisse vervollst\u00e4ndigt. Deshalb empfehlen wir Ihnen nicht einmal, Ihr Handy w\u00e4hrend des Wohlbefindens immer bei sich zu haben. Es sei denn, Sie m\u00f6chten Ihre Erlebnisse von S\u00e1rv\u00e1r damit verewigen und verwenden ein digitales Ger\u00e4t, um sich zu entspannen. Wenn Sie offen f\u00fcr Neues sind und m\u00f6chten die Stadt spielerisch erkundet, verwenden Sie unsere Alternavigo-App oder lesen Sie die QR-Codes mit Ihrem Telefon an jeder Station bei Themenwanderungen. Sie k\u00f6nnen auch eine Karte f\u00fcr die Routen im <a href=\"http:\/\/sarvar.conedevel.com\/de\/informationen\/tourinform-iroda\/\">Tourinform B\u00fcro<\/a> anf\u00f6rdern.<\/p>\n\n\n\n<figure class=\"wp-block-gallery columns-2 is-cropped wp-block-gallery-1 is-layout-flex wp-block-gallery-is-layout-flex\"><ul class=\"blocks-gallery-grid\"><li class=\"blocks-gallery-item\"><figure><img loading=\"lazy\" decoding=\"async\" width=\"682\" height=\"1024\" src=\"http:\/\/sarvar.conedevel.com\/wp-content\/uploads\/2019\/11\/wellness-S\u00e1rv\u00e1r-tematikus-tura-682x1024.jpg\" alt=\"\" data-id=\"6675\" data-full-url=\"http:\/\/sarvar.conedevel.com\/wp-content\/uploads\/2019\/11\/wellness-S\u00e1rv\u00e1r-tematikus-tura.jpg\" data-link=\"http:\/\/sarvar.conedevel.com\/de\/aktivitas\/wellness-sarvar-tematikus-tura-2\/\" class=\"wp-image-6675\" srcset=\"https:\/\/sarvar.conedevel.com\/wp-content\/uploads\/2019\/11\/wellness-S\u00e1rv\u00e1r-tematikus-tura-682x1024.jpg 682w, https:\/\/sarvar.conedevel.com\/wp-content\/uploads\/2019\/11\/wellness-S\u00e1rv\u00e1r-tematikus-tura-200x300.jpg 200w, https:\/\/sarvar.conedevel.com\/wp-content\/uploads\/2019\/11\/wellness-S\u00e1rv\u00e1r-tematikus-tura-768x1152.jpg 768w, https:\/\/sarvar.conedevel.com\/wp-content\/uploads\/2019\/11\/wellness-S\u00e1rv\u00e1r-tematikus-tura-1024x1536.jpg 1024w, https:\/\/sarvar.conedevel.com\/wp-content\/uploads\/2019\/11\/wellness-S\u00e1rv\u00e1r-tematikus-tura.jpg 1333w\" sizes=\"auto, (max-width: 682px) 100vw, 682px\" \/><\/figure><\/li><li class=\"blocks-gallery-item\"><figure><img loading=\"lazy\" decoding=\"async\" width=\"682\" height=\"1024\" src=\"http:\/\/sarvar.conedevel.com\/wp-content\/uploads\/2019\/11\/S\u00e1rv\u00e1r-wellness-N\u00e1dasdy-v\u00e1r-682x1024.jpg\" alt=\"\" data-id=\"6679\" data-full-url=\"http:\/\/sarvar.conedevel.com\/wp-content\/uploads\/2019\/11\/S\u00e1rv\u00e1r-wellness-N\u00e1dasdy-v\u00e1r.jpg\" data-link=\"http:\/\/sarvar.conedevel.com\/de\/aktivitas\/sarvar-wellness-nadasdy-var-2\/\" class=\"wp-image-6679\" srcset=\"https:\/\/sarvar.conedevel.com\/wp-content\/uploads\/2019\/11\/S\u00e1rv\u00e1r-wellness-N\u00e1dasdy-v\u00e1r-682x1024.jpg 682w, https:\/\/sarvar.conedevel.com\/wp-content\/uploads\/2019\/11\/S\u00e1rv\u00e1r-wellness-N\u00e1dasdy-v\u00e1r-200x300.jpg 200w, https:\/\/sarvar.conedevel.com\/wp-content\/uploads\/2019\/11\/S\u00e1rv\u00e1r-wellness-N\u00e1dasdy-v\u00e1r-768x1152.jpg 768w, https:\/\/sarvar.conedevel.com\/wp-content\/uploads\/2019\/11\/S\u00e1rv\u00e1r-wellness-N\u00e1dasdy-v\u00e1r-1024x1536.jpg 1024w, https:\/\/sarvar.conedevel.com\/wp-content\/uploads\/2019\/11\/S\u00e1rv\u00e1r-wellness-N\u00e1dasdy-v\u00e1r.jpg 1333w\" sizes=\"auto, (max-width: 682px) 100vw, 682px\" \/><\/figure><\/li><\/ul><\/figure>\n\n\n\n<h2 class=\"wp-block-heading\" id=\"kerekparberles\">Sihu und Fahrradverleih<\/h2>\n\n\n\n<p>Spazieren Sie durch die Stadt und nutzen Sie den Sihu, den Sightseeing-Zug, als \u00f6ffentliche Verkehrsmittel in S\u00e1rv\u00e1r. Oder mieten Sie ein Fahrrad, ein Elektrofahrrad, einen E-Roller oder einen E-Segway im <a href=\"http:\/\/sarvar.conedevel.com\/de\/informationen\/tourinform-iroda\/\">Tourinform-B\u00fcro<\/a> und fahren Sie durch die Stadt.<\/p>\n\n\n\n<div class=\"wp-block-button aligncenter\"><a class=\"wp-block-button__link has-green-background-color has-background\" href=\"https:\/\/sarvar.conedevel.com\/de\/aktivitas\/kornyek\/\">SEHENSW\u00dcRDIGKEITEN im Gebiet<\/a><\/div>\n\n\n\n<p>Wenn Sie Hilfe bei der Planung Ihrer Tour ben\u00f6tigen, k\u00f6nnen Sie einige Wanderwege anzeigen, indem Sie auf die Schaltfl\u00e4che unten klicken. Wenn Sie zur aktiven Erholung da sind, k\u00f6nnen Sie die Angebote durchsuchen.<\/p>\n\n\n\n<div class=\"wp-block-button aligncenter\"><a class=\"wp-block-button__link\" href=\"https:\/\/sarvar.conedevel.com\/de\/aktivitas\/kerekparturak\/\">FAHRRADTOUREN<\/a><\/div>\n\n\n\n<p>Und wenn Sie nicht gefunden haben, wonach Sie gesucht haben, oder wenn Sie Fragen zu den Sehensw\u00fcrdigkeiten und Dienstleistungen in S\u00e1rv\u00e1r haben, <a href=\"http:\/\/sarvar.conedevel.com\/de\/informationen\/tourinform-iroda\/\">schreiben Sie uns oder rufen Sie uns an<\/a>.<\/p>\n","protected":false},"excerpt":{"rendered":"<p>Sei aktiv, sammle Erlebnisse! Wellness wird nicht nur durch Baden den ganzen Tag komplett. Zum Entspannen braucht man Programme und Erlebnisse. Gl\u00fccklicherweise gibt es viele M\u00f6glichkeiten die Zeit in S\u00e1rv\u00e1r zu verbringen. F\u00fcgen Sie ein aktives Programm zwischen zwei baden ein! Wir haben bereits einige Ideen f\u00fcr Sie zusammengestellt. &#8222;Smart\u201d Erlebnisse Die Entspannung wird durch [&hellip;]<\/p>\n","protected":false},"author":1,"featured_media":5106,"parent":0,"menu_order":0,"comment_status":"closed","ping_status":"closed","template":"","meta":{"_acf_changed":false,"footnotes":""},"class_list":["post-6151","page","type-page","status-publish","has-post-thumbnail","hentry"],"acf":[],"yoast_head":"<!-- This site is optimized with the Yoast SEO plugin v25.4 - https:\/\/yoast.com\/wordpress\/plugins\/seo\/ -->\n<title>FREIZEIT - S\u00e1rv\u00e1r<\/title>\n<meta name=\"robots\" content=\"noindex, follow, max-snippet:-1, max-image-preview:large, max-video-preview:-1\" \/>\n<meta property=\"og:locale\" content=\"de_DE\" \/>\n<meta property=\"og:type\" content=\"article\" \/>\n<meta property=\"og:title\" content=\"FREIZEIT - S\u00e1rv\u00e1r\" \/>\n<meta property=\"og:description\" content=\"Sei aktiv, sammle Erlebnisse! Wellness wird nicht nur durch Baden den ganzen Tag komplett. Zum Entspannen braucht man Programme und Erlebnisse. Gl\u00fccklicherweise gibt es viele M\u00f6glichkeiten die Zeit in S\u00e1rv\u00e1r zu verbringen. F\u00fcgen Sie ein aktives Programm zwischen zwei baden ein! Wir haben bereits einige Ideen f\u00fcr Sie zusammengestellt. &#8222;Smart\u201d Erlebnisse Die Entspannung wird durch [&hellip;]\" \/>\n<meta property=\"og:url\" content=\"https:\/\/sarvar.conedevel.com\/de\/aktivitas\/\" \/>\n<meta property=\"og:site_name\" content=\"S\u00e1rv\u00e1r\" \/>\n<meta property=\"article:publisher\" content=\"https:\/\/www.facebook.com\/tdmsarvar\" \/>\n<meta property=\"article:modified_time\" content=\"2022-11-30T12:37:37+00:00\" \/>\n<meta property=\"og:image\" content=\"https:\/\/sarvar.conedevel.com\/wp-content\/uploads\/2019\/10\/Ker\u00e9kp\u00e1r\u00f6lcs\u00f6nz\u00e9s-S\u00e1rv\u00e1r-wellness-1024x682.jpg\" \/>\n\t<meta property=\"og:image:width\" content=\"1024\" \/>\n\t<meta property=\"og:image:height\" content=\"682\" \/>\n\t<meta property=\"og:image:type\" content=\"image\/jpeg\" \/>\n<meta name=\"twitter:card\" content=\"summary_large_image\" \/>\n<meta name=\"twitter:label1\" content=\"Gesch\u00e4tzte Lesezeit\" \/>\n\t<meta name=\"twitter:data1\" content=\"2\u00a0Minuten\" \/>\n<script type=\"application\/ld+json\" class=\"yoast-schema-graph\">{\"@context\":\"https:\/\/schema.org\",\"@graph\":[{\"@type\":\"WebPage\",\"@id\":\"https:\/\/sarvar.conedevel.com\/de\/aktivitas\/\",\"url\":\"https:\/\/sarvar.conedevel.com\/de\/aktivitas\/\",\"name\":\"FREIZEIT - S\u00e1rv\u00e1r\",\"isPartOf\":{\"@id\":\"https:\/\/sarvar.conedevel.com\/#website\"},\"primaryImageOfPage\":{\"@id\":\"https:\/\/sarvar.conedevel.com\/de\/aktivitas\/#primaryimage\"},\"image\":{\"@id\":\"https:\/\/sarvar.conedevel.com\/de\/aktivitas\/#primaryimage\"},\"thumbnailUrl\":\"https:\/\/sarvar.conedevel.com\/wp-content\/uploads\/2019\/10\/Ker\u00e9kp\u00e1r\u00f6lcs\u00f6nz\u00e9s-S\u00e1rv\u00e1r-wellness.jpg\",\"datePublished\":\"2019-10-28T14:03:28+00:00\",\"dateModified\":\"2022-11-30T12:37:37+00:00\",\"breadcrumb\":{\"@id\":\"https:\/\/sarvar.conedevel.com\/de\/aktivitas\/#breadcrumb\"},\"inLanguage\":\"de\",\"potentialAction\":[{\"@type\":\"ReadAction\",\"target\":[\"https:\/\/sarvar.conedevel.com\/de\/aktivitas\/\"]}]},{\"@type\":\"ImageObject\",\"inLanguage\":\"de\",\"@id\":\"https:\/\/sarvar.conedevel.com\/de\/aktivitas\/#primaryimage\",\"url\":\"https:\/\/sarvar.conedevel.com\/wp-content\/uploads\/2019\/10\/Ker\u00e9kp\u00e1r\u00f6lcs\u00f6nz\u00e9s-S\u00e1rv\u00e1r-wellness.jpg\",\"contentUrl\":\"https:\/\/sarvar.conedevel.com\/wp-content\/uploads\/2019\/10\/Ker\u00e9kp\u00e1r\u00f6lcs\u00f6nz\u00e9s-S\u00e1rv\u00e1r-wellness.jpg\",\"width\":2000,\"height\":1333},{\"@type\":\"BreadcrumbList\",\"@id\":\"https:\/\/sarvar.conedevel.com\/de\/aktivitas\/#breadcrumb\",\"itemListElement\":[{\"@type\":\"ListItem\",\"position\":1,\"name\":\"Kezd\u0151lap\",\"item\":\"https:\/\/sarvar.conedevel.com\/de\/\"},{\"@type\":\"ListItem\",\"position\":2,\"name\":\"FREIZEIT\"}]},{\"@type\":\"WebSite\",\"@id\":\"https:\/\/sarvar.conedevel.com\/#website\",\"url\":\"https:\/\/sarvar.conedevel.com\/\",\"name\":\"S\u00e1rv\u00e1r\",\"description\":\"S\u00e1rv\u00e1ri sz\u00e1ll\u00e1shelyek, \u00e9ttermek, programok, l\u00e1tnival\u00f3k \u00e9s inform\u00e1ci\u00f3k - mind egy helyen S\u00e1rv\u00e1rr\u00f3l\",\"potentialAction\":[{\"@type\":\"SearchAction\",\"target\":{\"@type\":\"EntryPoint\",\"urlTemplate\":\"https:\/\/sarvar.conedevel.com\/?s={search_term_string}\"},\"query-input\":{\"@type\":\"PropertyValueSpecification\",\"valueRequired\":true,\"valueName\":\"search_term_string\"}}],\"inLanguage\":\"de\"}]}<\/script>\n<!-- \/ Yoast SEO plugin. -->","yoast_head_json":{"title":"FREIZEIT - S\u00e1rv\u00e1r","robots":{"index":"noindex","follow":"follow","max-snippet":"max-snippet:-1","max-image-preview":"max-image-preview:large","max-video-preview":"max-video-preview:-1"},"og_locale":"de_DE","og_type":"article","og_title":"FREIZEIT - S\u00e1rv\u00e1r","og_description":"Sei aktiv, sammle Erlebnisse! Wellness wird nicht nur durch Baden den ganzen Tag komplett. Zum Entspannen braucht man Programme und Erlebnisse. Gl\u00fccklicherweise gibt es viele M\u00f6glichkeiten die Zeit in S\u00e1rv\u00e1r zu verbringen. F\u00fcgen Sie ein aktives Programm zwischen zwei baden ein! Wir haben bereits einige Ideen f\u00fcr Sie zusammengestellt. &#8222;Smart\u201d Erlebnisse Die Entspannung wird durch [&hellip;]","og_url":"https:\/\/sarvar.conedevel.com\/de\/aktivitas\/","og_site_name":"S\u00e1rv\u00e1r","article_publisher":"https:\/\/www.facebook.com\/tdmsarvar","article_modified_time":"2022-11-30T12:37:37+00:00","og_image":[{"width":1024,"height":682,"url":"https:\/\/sarvar.conedevel.com\/wp-content\/uploads\/2019\/10\/Ker\u00e9kp\u00e1r\u00f6lcs\u00f6nz\u00e9s-S\u00e1rv\u00e1r-wellness-1024x682.jpg","type":"image\/jpeg"}],"twitter_card":"summary_large_image","twitter_misc":{"Gesch\u00e4tzte Lesezeit":"2\u00a0Minuten"},"schema":{"@context":"https:\/\/schema.org","@graph":[{"@type":"WebPage","@id":"https:\/\/sarvar.conedevel.com\/de\/aktivitas\/","url":"https:\/\/sarvar.conedevel.com\/de\/aktivitas\/","name":"FREIZEIT - S\u00e1rv\u00e1r","isPartOf":{"@id":"https:\/\/sarvar.conedevel.com\/#website"},"primaryImageOfPage":{"@id":"https:\/\/sarvar.conedevel.com\/de\/aktivitas\/#primaryimage"},"image":{"@id":"https:\/\/sarvar.conedevel.com\/de\/aktivitas\/#primaryimage"},"thumbnailUrl":"https:\/\/sarvar.conedevel.com\/wp-content\/uploads\/2019\/10\/Ker\u00e9kp\u00e1r\u00f6lcs\u00f6nz\u00e9s-S\u00e1rv\u00e1r-wellness.jpg","datePublished":"2019-10-28T14:03:28+00:00","dateModified":"2022-11-30T12:37:37+00:00","breadcrumb":{"@id":"https:\/\/sarvar.conedevel.com\/de\/aktivitas\/#breadcrumb"},"inLanguage":"de","potentialAction":[{"@type":"ReadAction","target":["https:\/\/sarvar.conedevel.com\/de\/aktivitas\/"]}]},{"@type":"ImageObject","inLanguage":"de","@id":"https:\/\/sarvar.conedevel.com\/de\/aktivitas\/#primaryimage","url":"https:\/\/sarvar.conedevel.com\/wp-content\/uploads\/2019\/10\/Ker\u00e9kp\u00e1r\u00f6lcs\u00f6nz\u00e9s-S\u00e1rv\u00e1r-wellness.jpg","contentUrl":"https:\/\/sarvar.conedevel.com\/wp-content\/uploads\/2019\/10\/Ker\u00e9kp\u00e1r\u00f6lcs\u00f6nz\u00e9s-S\u00e1rv\u00e1r-wellness.jpg","width":2000,"height":1333},{"@type":"BreadcrumbList","@id":"https:\/\/sarvar.conedevel.com\/de\/aktivitas\/#breadcrumb","itemListElement":[{"@type":"ListItem","position":1,"name":"Kezd\u0151lap","item":"https:\/\/sarvar.conedevel.com\/de\/"},{"@type":"ListItem","position":2,"name":"FREIZEIT"}]},{"@type":"WebSite","@id":"https:\/\/sarvar.conedevel.com\/#website","url":"https:\/\/sarvar.conedevel.com\/","name":"S\u00e1rv\u00e1r","description":"S\u00e1rv\u00e1ri sz\u00e1ll\u00e1shelyek, \u00e9ttermek, programok, l\u00e1tnival\u00f3k \u00e9s inform\u00e1ci\u00f3k - mind egy helyen S\u00e1rv\u00e1rr\u00f3l","potentialAction":[{"@type":"SearchAction","target":{"@type":"EntryPoint","urlTemplate":"https:\/\/sarvar.conedevel.com\/?s={search_term_string}"},"query-input":{"@type":"PropertyValueSpecification","valueRequired":true,"valueName":"search_term_string"}}],"inLanguage":"de"}]}},"_links":{"self":[{"href":"https:\/\/sarvar.conedevel.com\/de\/wp-json\/wp\/v2\/pages\/6151","targetHints":{"allow":["GET"]}}],"collection":[{"href":"https:\/\/sarvar.conedevel.com\/de\/wp-json\/wp\/v2\/pages"}],"about":[{"href":"https:\/\/sarvar.conedevel.com\/de\/wp-json\/wp\/v2\/types\/page"}],"author":[{"embeddable":true,"href":"https:\/\/sarvar.conedevel.com\/de\/wp-json\/wp\/v2\/users\/1"}],"replies":[{"embeddable":true,"href":"https:\/\/sarvar.conedevel.com\/de\/wp-json\/wp\/v2\/comments?post=6151"}],"version-history":[{"count":0,"href":"https:\/\/sarvar.conedevel.com\/de\/wp-json\/wp\/v2\/pages\/6151\/revisions"}],"wp:featuredmedia":[{"embeddable":true,"href":"https:\/\/sarvar.conedevel.com\/de\/wp-json\/wp\/v2\/media\/5106"}],"wp:attachment":[{"href":"https:\/\/sarvar.conedevel.com\/de\/wp-json\/wp\/v2\/media?parent=6151"}],"curies":[{"name":"wp","href":"https:\/\/api.w.org\/{rel}","templated":true}]}}