{"id":6256,"date":"2019-10-30T17:19:16","date_gmt":"2019-10-30T17:19:16","guid":{"rendered":"http:\/\/sarvar.conedevel.com\/aktivitas\/celldomolk\/"},"modified":"2019-11-24T12:18:27","modified_gmt":"2019-11-24T12:18:27","slug":"celldomolk","status":"publish","type":"page","link":"https:\/\/sarvar.conedevel.com\/cs\/aktivitas\/kornyek\/celldomolk\/","title":{"rendered":"Celld\u00f6m\u00f6lk"},"content":{"rendered":"\n<h2 class=\"wp-block-heading\">Historie tohoto p\u0159\u00edjemn\u00e9ho m\u011bste\u010dka je \u00fazce spojena se so\u0161kou Panny Marie Celsk\u00e9, je\u017e je nejv\u011bt\u0161\u00ed vz\u00e1cnost\u00ed \u0159\u00edmskokatolick\u00e9ho farn\u00edho kostela Panny Marie v m\u011bstsk\u00e9 \u010d\u00e1sti Kiscell.<\/h2>\n\n\n\n<p>Chr\u00e1m byl postaven na popud opata Od\u00f3 Koptika v polovin\u011b 18. stolet\u00ed v tehdy p\u0159evl\u00e1daj\u00edc\u00edm barokn\u00edm slohu. Stavba \u00factyhodn\u00fdch rozm\u011br\u016f m\u00e1 p\u016fdorys latinsk\u00e9ho k\u0159\u00ed\u017ee o d\u00e9lce 50 a \u0161\u00ed\u0159ce 11 metr\u016f. V lunet\u011b nad vchodem v z\u00e1padn\u00edm pr\u016f\u010del\u00ed stavby mezi 40 metr\u016f vysok\u00fdmi v\u011b\u017eemi se nach\u00e1z\u00ed d\u0159ev\u011bn\u00e1 socha Panny Marie, nad hlavn\u00ed \u0159\u00edmsou sklen\u011bn\u00e1 mozaika z roku 1948, kter\u00e1 je d\u00edlem J\u00f3zsefa Falky, a nad n\u00ed monogram Panny Marie, vedle n\u011bj\u017e m\u016f\u017eeme vid\u011bt malby na skle zobrazuj\u00edc\u00ed v\u00fdjevy ze \u017eivota svat\u00e9ho Benedikta.&nbsp;<\/p>\n\n\n\n<p>Ozdobou barokn\u00edho kostela je bohat\u011b zdoben\u00fd hlavn\u00ed olt\u00e1\u0159, um\u00edst\u011bn\u00fd v prostoru p\u0159ipom\u00ednaj\u00edc\u00edm kapli, nad kter\u00fdm je vystavena z\u00e1zra\u010dn\u00e1 so\u0161ka orodovnice Panny Marie ve slavnostn\u00edm rouchu s mal\u00fdm Jezul\u00e1tkem. Za kapl\u00ed se nach\u00e1z\u00ed olt\u00e1\u0159 svat\u00e9ho \u0160t\u011bp\u00e1na a v zadn\u00ed \u010d\u00e1sti chr\u00e1mu sakristie sest\u00e1vaj\u00edc\u00ed ze dvou m\u00edstnost\u00ed (druh\u00e1 pln\u00ed rovn\u011b\u017e funkci zpov\u011bdnice), nad kter\u00fdmi je pokladnice (m\u00edstnost, v n\u00ed\u017e jsou uschov\u00e1ny devocion\u00e1lie). Sou\u010dasn\u00e9 varhany ze salcbursk\u00e9 d\u00edlny Mauracher, je\u017e byly do kostela instalov\u00e1ny v roce 1914, poch\u00e1zej\u00ed ji\u017e z roku 1876 a p\u016fvodn\u011b byly ur\u010deny pro baziliku v Pannonhalm\u011b.&nbsp;<\/p>\n\n\n\n<p>Z\u00e1kladn\u00ed k\u00e1men kl\u00e1\u0161tera, nach\u00e1zej\u00edc\u00edho se ji\u017en\u011b od kostela, byl polo\u017een v roce 1760. P\u016fvodn\u011b m\u011bla m\u00edt stavba ve tvaru p\u00edsmene U p\u016fdorys \u010dty\u0159\u00faheln\u00edku. Na podzim roku 1763 byl na jej\u00ed pr\u016f\u010del\u00ed slavnostn\u011b um\u00edst\u011bn pozlacen\u00fd dvojramenn\u00fd k\u0159\u00ed\u017e. Na ji\u017en\u00ed fas\u00e1d\u011b m\u016f\u017eeme vid\u011bt slune\u010dn\u00ed hodiny. V roce 2010 byl n\u011bkdej\u0161\u00ed kl\u00e1\u0161ter navr\u00e1cen benediktinsk\u00e9mu \u0159\u00e1du. Spolu s barokn\u00ed Kalv\u00e1ri\u00ed, nach\u00e1zej\u00edc\u00ed se za kostelem, tvo\u0159\u00ed sakr\u00e1ln\u00ed centrum cel\u00e9 obce. Za sv\u016fj vznik vd\u011b\u010d\u00ed plukovn\u00edkovi J\u00e1nosi Liptaymu, kter\u00fd se zde usadil po sv\u00e9m odchodu do v\u00fdslu\u017eby.&nbsp;<\/p>\n\n\n\n<p>Spojitost s kl\u00e1\u0161terem a chr\u00e1mem m\u00e1 tak\u00e9 souso\u0161\u00ed nejsv\u011bt\u011bj\u0161\u00ed Trojice, stoj\u00edc\u00ed uprost\u0159ed n\u00e1m\u011bst\u00ed. Podle n\u00e1pisu, kter\u00fd na n\u011bm m\u016f\u017eeme \u010d\u00edst, bylo vzty\u010deno d\u00edky m\u011bstsk\u00fdm rycht\u00e1\u0159\u016fm J\u00f3zsefu Joachimovi a Ferdin\u00e1ndu Niederreiterovi. Na postamentu pod souso\u0161\u00edm nejsv\u011bt\u011bj\u0161\u00ed Trojice vid\u00edme postavy svat\u00e9ho Pavla, svat\u00e9ho \u0160t\u011bp\u00e1na, svat\u00e9ho Jana a svat\u00e9ho Flori\u00e1na.&nbsp;<\/p>\n\n\n\n<p>Vedle benediktinsk\u00e9ho kl\u00e1\u0161tera a naproti chr\u00e1mu Panny Marie na Holl\u00f3syho n\u00e1m\u011bst\u00ed se nach\u00e1z\u00ed ka\u0161na Panny Marie. Celld\u00f6m\u00f6lk je d\u016fle\u017eitou zast\u00e1vkou na poutn\u00ed cest\u011b Panny Marie, kter\u00e1 prot\u00edn\u00e1 celou v\u00fdchodn\u00ed Evropu.&nbsp;<\/p>\n\n\n\n<p>Skanzen lokomotiv \u2013 na n\u00e1dra\u017e\u00ed v Celld\u00f6m\u00f6lku mohou n\u00e1v\u0161t\u011bvn\u00edci obdivovat t\u0159i kompletn\u011b zrenovovan\u00e9 star\u00e9 parn\u00ed lokomotivy. Lokomotivy a vag\u00f3ny vystaven\u00e9 v p\u011bkn\u011b upraven\u00e9m parku pobl\u00ed\u017e n\u00e1dra\u017e\u00ed lze bezplatn\u011b zhl\u00e9dnout b\u011bhem cel\u00e9ho roku.<\/p>\n\n\n\n<ul class=\"wp-block-list\"><li><a href=\"http:\/\/vulkansag.hu\/\">vulkansag.hu<\/a><\/li><li><a href=\"http:\/\/vulkanfurdo.hu\/\">vulkanfurdo.hu<\/a><\/li><li><a href=\"http:\/\/celldomolk.hu\/\">celldomolk.hu<\/a><\/li><li><a href=\"http:\/\/kemenesvulkanpark.hu\/\">kemenesvulkanpark.hu<\/a><\/li><\/ul>\n","protected":false},"excerpt":{"rendered":"<p>Historie tohoto p\u0159\u00edjemn\u00e9ho m\u011bste\u010dka je \u00fazce spojena se so\u0161kou Panny Marie Celsk\u00e9, je\u017e je nejv\u011bt\u0161\u00ed vz\u00e1cnost\u00ed \u0159\u00edmskokatolick\u00e9ho farn\u00edho kostela Panny Marie v m\u011bstsk\u00e9 \u010d\u00e1sti Kiscell. Chr\u00e1m byl postaven na popud opata Od\u00f3 Koptika v polovin\u011b 18. stolet\u00ed v tehdy p\u0159evl\u00e1daj\u00edc\u00edm barokn\u00edm slohu. Stavba \u00factyhodn\u00fdch rozm\u011br\u016f m\u00e1 p\u016fdorys latinsk\u00e9ho k\u0159\u00ed\u017ee o d\u00e9lce 50 a \u0161\u00ed\u0159ce 11 [&hellip;]<\/p>\n","protected":false},"author":1,"featured_media":0,"parent":6247,"menu_order":0,"comment_status":"closed","ping_status":"closed","template":"","meta":{"_acf_changed":false,"footnotes":""},"class_list":["post-6256","page","type-page","status-publish","hentry"],"acf":[],"yoast_head":"<!-- This site is optimized with the Yoast SEO plugin v25.4 - https:\/\/yoast.com\/wordpress\/plugins\/seo\/ -->\n<title>Celld\u00f6m\u00f6lk - S\u00e1rv\u00e1r<\/title>\n<meta name=\"robots\" content=\"noindex, follow, max-snippet:-1, max-image-preview:large, max-video-preview:-1\" \/>\n<meta property=\"og:locale\" content=\"cs_CZ\" \/>\n<meta property=\"og:type\" content=\"article\" \/>\n<meta property=\"og:title\" content=\"Celld\u00f6m\u00f6lk - S\u00e1rv\u00e1r\" \/>\n<meta property=\"og:description\" content=\"Historie tohoto p\u0159\u00edjemn\u00e9ho m\u011bste\u010dka je \u00fazce spojena se so\u0161kou Panny Marie Celsk\u00e9, je\u017e je nejv\u011bt\u0161\u00ed vz\u00e1cnost\u00ed \u0159\u00edmskokatolick\u00e9ho farn\u00edho kostela Panny Marie v m\u011bstsk\u00e9 \u010d\u00e1sti Kiscell. Chr\u00e1m byl postaven na popud opata Od\u00f3 Koptika v polovin\u011b 18. stolet\u00ed v tehdy p\u0159evl\u00e1daj\u00edc\u00edm barokn\u00edm slohu. Stavba \u00factyhodn\u00fdch rozm\u011br\u016f m\u00e1 p\u016fdorys latinsk\u00e9ho k\u0159\u00ed\u017ee o d\u00e9lce 50 a \u0161\u00ed\u0159ce 11 [&hellip;]\" \/>\n<meta property=\"og:url\" content=\"https:\/\/sarvar.conedevel.com\/cs\/aktivitas\/kornyek\/celldomolk\/\" \/>\n<meta property=\"og:site_name\" content=\"S\u00e1rv\u00e1r\" \/>\n<meta property=\"article:publisher\" content=\"https:\/\/www.facebook.com\/tdmsarvar\" \/>\n<meta property=\"article:modified_time\" content=\"2019-11-24T12:18:27+00:00\" \/>\n<meta name=\"twitter:card\" content=\"summary_large_image\" \/>\n<meta name=\"twitter:label1\" content=\"Odhadovan\u00e1 doba \u010dten\u00ed\" \/>\n\t<meta name=\"twitter:data1\" content=\"3 minuty\" \/>\n<script type=\"application\/ld+json\" class=\"yoast-schema-graph\">{\"@context\":\"https:\/\/schema.org\",\"@graph\":[{\"@type\":\"WebPage\",\"@id\":\"https:\/\/sarvar.conedevel.com\/cs\/aktivitas\/kornyek\/celldomolk\/\",\"url\":\"https:\/\/sarvar.conedevel.com\/cs\/aktivitas\/kornyek\/celldomolk\/\",\"name\":\"Celld\u00f6m\u00f6lk - S\u00e1rv\u00e1r\",\"isPartOf\":{\"@id\":\"https:\/\/sarvar.conedevel.com\/#website\"},\"datePublished\":\"2019-10-30T17:19:16+00:00\",\"dateModified\":\"2019-11-24T12:18:27+00:00\",\"breadcrumb\":{\"@id\":\"https:\/\/sarvar.conedevel.com\/cs\/aktivitas\/kornyek\/celldomolk\/#breadcrumb\"},\"inLanguage\":\"cs\",\"potentialAction\":[{\"@type\":\"ReadAction\",\"target\":[\"https:\/\/sarvar.conedevel.com\/cs\/aktivitas\/kornyek\/celldomolk\/\"]}]},{\"@type\":\"BreadcrumbList\",\"@id\":\"https:\/\/sarvar.conedevel.com\/cs\/aktivitas\/kornyek\/celldomolk\/#breadcrumb\",\"itemListElement\":[{\"@type\":\"ListItem\",\"position\":1,\"name\":\"Kezd\u0151lap\",\"item\":\"https:\/\/sarvar.conedevel.com\/cs\/\"},{\"@type\":\"ListItem\",\"position\":2,\"name\":\"VOLN\u00dd \u010cAS\",\"item\":\"https:\/\/sarvar.conedevel.com\/cs\/aktivitas\/\"},{\"@type\":\"ListItem\",\"position\":3,\"name\":\"Okol\u00ed\",\"item\":\"https:\/\/sarvar.conedevel.com\/cs\/aktivitas\/kornyek\/\"},{\"@type\":\"ListItem\",\"position\":4,\"name\":\"Celld\u00f6m\u00f6lk\"}]},{\"@type\":\"WebSite\",\"@id\":\"https:\/\/sarvar.conedevel.com\/#website\",\"url\":\"https:\/\/sarvar.conedevel.com\/\",\"name\":\"S\u00e1rv\u00e1r\",\"description\":\"S\u00e1rv\u00e1ri sz\u00e1ll\u00e1shelyek, \u00e9ttermek, programok, l\u00e1tnival\u00f3k \u00e9s inform\u00e1ci\u00f3k - mind egy helyen S\u00e1rv\u00e1rr\u00f3l\",\"potentialAction\":[{\"@type\":\"SearchAction\",\"target\":{\"@type\":\"EntryPoint\",\"urlTemplate\":\"https:\/\/sarvar.conedevel.com\/?s={search_term_string}\"},\"query-input\":{\"@type\":\"PropertyValueSpecification\",\"valueRequired\":true,\"valueName\":\"search_term_string\"}}],\"inLanguage\":\"cs\"}]}<\/script>\n<!-- \/ Yoast SEO plugin. -->","yoast_head_json":{"title":"Celld\u00f6m\u00f6lk - S\u00e1rv\u00e1r","robots":{"index":"noindex","follow":"follow","max-snippet":"max-snippet:-1","max-image-preview":"max-image-preview:large","max-video-preview":"max-video-preview:-1"},"og_locale":"cs_CZ","og_type":"article","og_title":"Celld\u00f6m\u00f6lk - S\u00e1rv\u00e1r","og_description":"Historie tohoto p\u0159\u00edjemn\u00e9ho m\u011bste\u010dka je \u00fazce spojena se so\u0161kou Panny Marie Celsk\u00e9, je\u017e je nejv\u011bt\u0161\u00ed vz\u00e1cnost\u00ed \u0159\u00edmskokatolick\u00e9ho farn\u00edho kostela Panny Marie v m\u011bstsk\u00e9 \u010d\u00e1sti Kiscell. Chr\u00e1m byl postaven na popud opata Od\u00f3 Koptika v polovin\u011b 18. stolet\u00ed v tehdy p\u0159evl\u00e1daj\u00edc\u00edm barokn\u00edm slohu. Stavba \u00factyhodn\u00fdch rozm\u011br\u016f m\u00e1 p\u016fdorys latinsk\u00e9ho k\u0159\u00ed\u017ee o d\u00e9lce 50 a \u0161\u00ed\u0159ce 11 [&hellip;]","og_url":"https:\/\/sarvar.conedevel.com\/cs\/aktivitas\/kornyek\/celldomolk\/","og_site_name":"S\u00e1rv\u00e1r","article_publisher":"https:\/\/www.facebook.com\/tdmsarvar","article_modified_time":"2019-11-24T12:18:27+00:00","twitter_card":"summary_large_image","twitter_misc":{"Odhadovan\u00e1 doba \u010dten\u00ed":"3 minuty"},"schema":{"@context":"https:\/\/schema.org","@graph":[{"@type":"WebPage","@id":"https:\/\/sarvar.conedevel.com\/cs\/aktivitas\/kornyek\/celldomolk\/","url":"https:\/\/sarvar.conedevel.com\/cs\/aktivitas\/kornyek\/celldomolk\/","name":"Celld\u00f6m\u00f6lk - S\u00e1rv\u00e1r","isPartOf":{"@id":"https:\/\/sarvar.conedevel.com\/#website"},"datePublished":"2019-10-30T17:19:16+00:00","dateModified":"2019-11-24T12:18:27+00:00","breadcrumb":{"@id":"https:\/\/sarvar.conedevel.com\/cs\/aktivitas\/kornyek\/celldomolk\/#breadcrumb"},"inLanguage":"cs","potentialAction":[{"@type":"ReadAction","target":["https:\/\/sarvar.conedevel.com\/cs\/aktivitas\/kornyek\/celldomolk\/"]}]},{"@type":"BreadcrumbList","@id":"https:\/\/sarvar.conedevel.com\/cs\/aktivitas\/kornyek\/celldomolk\/#breadcrumb","itemListElement":[{"@type":"ListItem","position":1,"name":"Kezd\u0151lap","item":"https:\/\/sarvar.conedevel.com\/cs\/"},{"@type":"ListItem","position":2,"name":"VOLN\u00dd \u010cAS","item":"https:\/\/sarvar.conedevel.com\/cs\/aktivitas\/"},{"@type":"ListItem","position":3,"name":"Okol\u00ed","item":"https:\/\/sarvar.conedevel.com\/cs\/aktivitas\/kornyek\/"},{"@type":"ListItem","position":4,"name":"Celld\u00f6m\u00f6lk"}]},{"@type":"WebSite","@id":"https:\/\/sarvar.conedevel.com\/#website","url":"https:\/\/sarvar.conedevel.com\/","name":"S\u00e1rv\u00e1r","description":"S\u00e1rv\u00e1ri sz\u00e1ll\u00e1shelyek, \u00e9ttermek, programok, l\u00e1tnival\u00f3k \u00e9s inform\u00e1ci\u00f3k - mind egy helyen S\u00e1rv\u00e1rr\u00f3l","potentialAction":[{"@type":"SearchAction","target":{"@type":"EntryPoint","urlTemplate":"https:\/\/sarvar.conedevel.com\/?s={search_term_string}"},"query-input":{"@type":"PropertyValueSpecification","valueRequired":true,"valueName":"search_term_string"}}],"inLanguage":"cs"}]}},"_links":{"self":[{"href":"https:\/\/sarvar.conedevel.com\/cs\/wp-json\/wp\/v2\/pages\/6256","targetHints":{"allow":["GET"]}}],"collection":[{"href":"https:\/\/sarvar.conedevel.com\/cs\/wp-json\/wp\/v2\/pages"}],"about":[{"href":"https:\/\/sarvar.conedevel.com\/cs\/wp-json\/wp\/v2\/types\/page"}],"author":[{"embeddable":true,"href":"https:\/\/sarvar.conedevel.com\/cs\/wp-json\/wp\/v2\/users\/1"}],"replies":[{"embeddable":true,"href":"https:\/\/sarvar.conedevel.com\/cs\/wp-json\/wp\/v2\/comments?post=6256"}],"version-history":[{"count":0,"href":"https:\/\/sarvar.conedevel.com\/cs\/wp-json\/wp\/v2\/pages\/6256\/revisions"}],"up":[{"embeddable":true,"href":"https:\/\/sarvar.conedevel.com\/cs\/wp-json\/wp\/v2\/pages\/6247"}],"wp:attachment":[{"href":"https:\/\/sarvar.conedevel.com\/cs\/wp-json\/wp\/v2\/media?parent=6256"}],"curies":[{"name":"wp","href":"https:\/\/api.w.org\/{rel}","templated":true}]}}