{"id":6222,"date":"2019-10-29T14:14:43","date_gmt":"2019-10-29T14:14:43","guid":{"rendered":"http:\/\/sarvar.conedevel.com\/wellness-szolgaltatasok\/"},"modified":"2020-01-25T14:11:19","modified_gmt":"2020-01-25T14:11:19","slug":"wellness-szolgaltatasok","status":"publish","type":"page","link":"https:\/\/sarvar.conedevel.com\/cs\/aktivitas\/wellness-szolgaltatasok\/","title":{"rendered":"Wellness slu\u017eby"},"content":{"rendered":"\n<h1 class=\"wp-block-heading\" id=\"Ensana\">Thermal S\u00e1rv\u00e1r\u00a0Health Spa Hotel<\/h1>\n\n\n\n<p>Wellness Procedury &#8211; Wellness, fitness<\/p>\n\n\n\n<p><strong>Vodn\u00ed sv\u011bt<\/strong><\/p>\n\n\n\n<p>Z \u010d\u00e1sti kryt\u00fd rekrea\u010dn\u00ed baz\u00e9n s term\u00e1ln\u00ed vodou (cca.104 m2, 30-34 \u00b0C), s perli\u010dkovou koupel\u00ed, mas\u00e1\u017en\u00edmi d\u00fdzami a podvodn\u00ed mas\u00e1\u017e\u00ed<br>Kryt\u00fd term\u00e1ln\u00ed baz\u00e9n (12,5 x 8 m, 36 \u00b0C)<br>Zahradn\u00ed baz\u00e9n (13,5 x 8 m, 28-32 \u00b0C)<br>Saunov\u00fd sv\u011bt na 140m2 (finsk\u00e1 sauna, infrasauna, aromatick\u00e1 kabina, parn\u00ed koupel) oddechov\u00e1 \u010d\u00e1st s lavicemi a studn\u00ed Zsolnai, bezprost\u0159edn\u00ed vchod do arboreta<br>Terasa na slun\u011bn\u00ed s leh\u00e1tky, sol\u00e1rium.<\/p>\n\n\n\n<p><strong>Wellness a fitness slu\u017eby<\/strong><\/p>\n\n\n\n<p>Na\u0161e regenera\u010dn\u00ed k\u00fary, vyu\u017e\u00edvaj\u00edc\u00ed relaxa\u010dn\u00ed \u00fa\u010dinky p\u0159\u00edrodn\u00edch zdroj\u016f, poskytuj\u00ed osv\u011b\u017een\u00ed, regeneraci, kosmetickou a preven\u010dn\u00ed starostlivost.<\/p>\n\n\n\n<p><strong>Relaxa\u010dn\u00ed o\u0161et\u0159en\u00ed<\/strong><\/p>\n\n\n\n<p>Wellness mas\u00e1\u017ee: mas\u00e1\u017e reflexn\u00edch z\u00f3n chodidla, thaisk\u00e1 mas\u00e1\u017e, lymfatick\u00e1 mas\u00e1\u017e, mas\u00e1\u017e such\u00fdm kart\u00e1\u010dem, osv\u011b\u017euj\u00edc\u00ed a relaxa\u010dn\u00ed olejov\u00e1 mas\u00e1\u017e, mana\u017e\u00e9rsk\u00e1 mas\u00e1\u017e, relaxa\u010dn\u00ed mas\u00e1\u017e hlavy a krku<br>Mas\u00e1\u017e dolce vita<br>Relaxa\u010dn\u00ed koupele: Kleopat\u0159ina koupel, aromatick\u00e1 koupel<br>Relaxa\u010dn\u00ed soln\u00e1 jeskyn\u011b: soln\u00e1 terapie napom\u00e1h\u00e1 l\u00e9\u010db\u011b nemoc\u00ed d\u00fdchac\u00edho \u00fastrojenstv\u00ed, kter\u00e9 jsou pomoc\u00ed l\u00e9k\u016f t\u011b\u017eko l\u00e9\u010diteln\u00e9, jako\u017e i upevn\u011bn\u00ed zdrav\u00ed&#8230;<\/p>\n\n\n\n<p><strong>Kosmetika<\/strong><\/p>\n\n\n\n<p>Kade\u0159nictv\u00ed a sal\u00f3n kr\u00e1sy<br>Pedik\u00fara, manik\u00fara<br>Postn\u00ed k\u00fara<\/p>\n\n\n\n<p><strong>Sportovn\u00ed mo\u017enosti<\/strong><\/p>\n\n\n\n<p>Denn\u011b skupinov\u00e9 sportovn\u00ed programy<br>Jogging, nordic walking v p\u0159ekr\u00e1sn\u00e9m Kr\u00e1lovsk\u00e9m parku<br>Pentaque dr\u00e1ha, stoln\u00ed tenis, basketbalov\u00fd ko\u0161, badmintonov\u00e9 kurty, rusk\u00e9 ku\u017eelky, zahradn\u00ed \u0161achy v hotelov\u00e9 zahrad\u011b, p\u016fj\u010dovna kol, tenis.<br>Nabl\u00edzku v\u00fduka j\u00edzdy na koni, vyhl\u00eddkov\u00e1 j\u00edzda na ko\u010d\u00e1ru, mo\u017enost lovu zv\u011b\u0159e, rybolovu a golfu (25 km)<\/p>\n\n\n\n<p>V ned\u011bli a ve dnech st\u00e1tn\u00edch sv\u00e1tk\u016f vy\u0161et\u0159en\u00ed a o\u0161et\u0159en\u00ed neposkytujeme.Wellness, fitness<\/p>\n\n\n\n<h1 class=\"wp-block-heading\" id=\"Sarvarfurdo\">L\u00e9cebn\u00e9 a Wellness l\u00e1zn\u00e9 S\u00e1rv\u00e1r<\/h1>\n\n\n\n<p>Wellnes Procedury<\/p>\n\n\n\n<p><strong>Wellness Mas\u00e1\u017ee:<\/strong><\/p>\n\n\n\n<p>Mas\u00e1\u017e proti migr\u00e9n\u011b&nbsp;<br>Mas\u00e1\u017e \u201eManager\u201c&nbsp;<br>Mas\u00e1\u017e \u201eKouzlo kv\u011bt\u016f\u201c<br>Vitalizuj\u00edc\u00ed mas\u00e1\u017e&nbsp;<br>Mas\u00e1\u017e dod\u00e1vaj\u00edc\u00ed el\u00e1n<br>Mas\u00e1\u017e Spa Relax&nbsp;<br>Medov\u00e1 mas\u00e1\u017e&nbsp;<br>Sportovn\u00ed mas\u00e1\u017e&nbsp;<br>Mas\u00e1\u017e pro budouc\u00ed maminky&nbsp;<br>D\u011btsk\u00e1 mas\u00e1\u017e&nbsp;<br>Mas\u00e1\u017e l\u00e1vov\u00fdmi kameny<\/p>\n\n\n\n<p><strong>Ayurv\u00e9dsk\u00e9 terapie:<\/strong><\/p>\n\n\n\n<p>Sarvanga abhyanga&nbsp;<br>Shirodara&nbsp;<br>Padabhyanga&nbsp;<br>Prustaabhyanga&nbsp;<br>Shiroabhyanga&nbsp;<br>Synchronn\u00ed mas\u00e1\u017e&nbsp;<\/p>\n\n\n\n<p><strong>Thajsk\u00e9 mas\u00e1ze:<\/strong><\/p>\n\n\n\n<p>Thajsk\u00e9 mas\u00e1ze 30&#8242;&nbsp;<br>Thajsk\u00e9 mas\u00e1ze 60&#8242;<br>Thajsk\u00e9 mas\u00e1ze chodidel&nbsp;<br>Thajsk\u00e9 mas\u00e1ze s olejem&nbsp;<br>Thajsk\u00e9 mas\u00e1ze herbal&nbsp;<\/p>\n\n\n\n<p><strong>Wellness Koupele:<\/strong><\/p>\n\n\n\n<p>Perli\u010dkov\u00e1 l\u00e1ze\u0148&nbsp;<br>Vitalizuj\u00edc\u00ed l\u00e1ze\u0148&nbsp;<br>L\u00e1ze\u0148 \u201eKouzlo kv\u011bt\u016f\u201c<br>Energetick\u00e1 aromatick\u00e1 l\u00e1ze\u0148<br>L\u00e1ze\u0148 Spa Relax&nbsp;<br>Bylinkov\u00e1 \u010dajov\u00e1 l\u00e1ze\u0148&nbsp;<br>L\u00e1ze\u0148 Kleopatra&nbsp;<\/p>\n\n\n\n<p><strong>Wellness Z\u00e1baly:<\/strong><\/p>\n\n\n\n<p>\u010cokol\u00e1dov\u00fd z\u00e1bal&nbsp;<br>Z\u00e1bal lulur&nbsp;<br>Z\u00e1bal z olivov\u00e9ho oleje<\/p>\n\n\n\n<h1 class=\"wp-block-heading\" id=\"Spirit\">Spirit Hotel Thermal Spa*****superior<\/h1>\n\n\n\n<p>Wellness Procedury<\/p>\n\n\n\n<p><strong>Pro\u010di\u0161t\u011bn\u00ed<\/strong><\/p>\n\n\n\n<p>Ajurveda Abhyanga&nbsp;<br>Aromamas\u00e1\u017e&nbsp;<br>Aromatick\u00e1 l\u00e1ze\u0148&nbsp;<br>Ayurv\u00e9da&nbsp;<br>Floating&nbsp;<br>Koupel Caracalla Sensation&nbsp;<br>Kr\u00e1lovsk\u00e9 o\u0161et\u0159en\u00ed Pharmos Natur&nbsp;<br>Perli\u010dkov\u00e1 koupel pro dva&nbsp;<br>Thali\u00b4sens Asia&nbsp;<br>Thali\u00b4sens Polynesia<\/p>\n\n\n\n<p><strong>Zklidn\u011bn\u00ed<\/strong><\/p>\n\n\n\n<p>Ajurveda Sirodhara&nbsp;<br>Ayurveda Padabhianga&nbsp;<br>Thajsk\u00e1 bylinn\u00e1 mas\u00e1\u017e&nbsp;<br>Thajsk\u00e1 olejov\u00e1 mas\u00e1\u017e&nbsp;<br>Thali&#8217;Sens Amazon&nbsp;<br>Thali&#8217;Sens Atlantic&nbsp;<br>Tradi\u010dn\u00ed thajsk\u00e1 mas\u00e1\u017e&nbsp;<\/p>\n\n\n\n<p><strong>Uvoln\u011bn\u00ed<\/strong><\/p>\n\n\n\n<p>Hamam&nbsp;<br>Kneippova terapie&nbsp;<br>Pharmos Natur Veda me<br>Razul&nbsp;<br>Thali\u2019sens Orient&nbsp;<\/p>\n","protected":false},"excerpt":{"rendered":"<p>Thermal S\u00e1rv\u00e1r\u00a0Health Spa Hotel Wellness Procedury &#8211; Wellness, fitness Vodn\u00ed sv\u011bt Z \u010d\u00e1sti kryt\u00fd rekrea\u010dn\u00ed baz\u00e9n s term\u00e1ln\u00ed vodou (cca.104 m2, 30-34 \u00b0C), s perli\u010dkovou koupel\u00ed, mas\u00e1\u017en\u00edmi d\u00fdzami a podvodn\u00ed mas\u00e1\u017e\u00edKryt\u00fd term\u00e1ln\u00ed baz\u00e9n (12,5 x 8 m, 36 \u00b0C)Zahradn\u00ed baz\u00e9n (13,5 x 8 m, 28-32 \u00b0C)Saunov\u00fd sv\u011bt na 140m2 (finsk\u00e1 sauna, infrasauna, aromatick\u00e1 kabina, parn\u00ed [&hellip;]<\/p>\n","protected":false},"author":1,"featured_media":0,"parent":6149,"menu_order":0,"comment_status":"closed","ping_status":"closed","template":"","meta":{"_acf_changed":false,"footnotes":""},"class_list":["post-6222","page","type-page","status-publish","hentry"],"acf":[],"yoast_head":"<!-- This site is optimized with the Yoast SEO plugin v25.4 - https:\/\/yoast.com\/wordpress\/plugins\/seo\/ -->\n<title>Wellness slu\u017eby - S\u00e1rv\u00e1r<\/title>\n<meta name=\"robots\" content=\"noindex, follow, max-snippet:-1, max-image-preview:large, max-video-preview:-1\" \/>\n<meta property=\"og:locale\" content=\"cs_CZ\" \/>\n<meta property=\"og:type\" content=\"article\" \/>\n<meta property=\"og:title\" content=\"Wellness slu\u017eby - S\u00e1rv\u00e1r\" \/>\n<meta property=\"og:description\" content=\"Thermal S\u00e1rv\u00e1r\u00a0Health Spa Hotel Wellness Procedury &#8211; Wellness, fitness Vodn\u00ed sv\u011bt Z \u010d\u00e1sti kryt\u00fd rekrea\u010dn\u00ed baz\u00e9n s term\u00e1ln\u00ed vodou (cca.104 m2, 30-34 \u00b0C), s perli\u010dkovou koupel\u00ed, mas\u00e1\u017en\u00edmi d\u00fdzami a podvodn\u00ed mas\u00e1\u017e\u00edKryt\u00fd term\u00e1ln\u00ed baz\u00e9n (12,5 x 8 m, 36 \u00b0C)Zahradn\u00ed baz\u00e9n (13,5 x 8 m, 28-32 \u00b0C)Saunov\u00fd sv\u011bt na 140m2 (finsk\u00e1 sauna, infrasauna, aromatick\u00e1 kabina, parn\u00ed [&hellip;]\" \/>\n<meta property=\"og:url\" content=\"https:\/\/sarvar.conedevel.com\/cs\/aktivitas\/wellness-szolgaltatasok\/\" \/>\n<meta property=\"og:site_name\" content=\"S\u00e1rv\u00e1r\" \/>\n<meta property=\"article:publisher\" content=\"https:\/\/www.facebook.com\/tdmsarvar\" \/>\n<meta property=\"article:modified_time\" content=\"2020-01-25T14:11:19+00:00\" \/>\n<meta name=\"twitter:card\" content=\"summary_large_image\" \/>\n<meta name=\"twitter:label1\" content=\"Odhadovan\u00e1 doba \u010dten\u00ed\" \/>\n\t<meta name=\"twitter:data1\" content=\"3 minuty\" \/>\n<script type=\"application\/ld+json\" class=\"yoast-schema-graph\">{\"@context\":\"https:\/\/schema.org\",\"@graph\":[{\"@type\":\"WebPage\",\"@id\":\"https:\/\/sarvar.conedevel.com\/cs\/aktivitas\/wellness-szolgaltatasok\/\",\"url\":\"https:\/\/sarvar.conedevel.com\/cs\/aktivitas\/wellness-szolgaltatasok\/\",\"name\":\"Wellness slu\u017eby - S\u00e1rv\u00e1r\",\"isPartOf\":{\"@id\":\"https:\/\/sarvar.conedevel.com\/#website\"},\"datePublished\":\"2019-10-29T14:14:43+00:00\",\"dateModified\":\"2020-01-25T14:11:19+00:00\",\"breadcrumb\":{\"@id\":\"https:\/\/sarvar.conedevel.com\/cs\/aktivitas\/wellness-szolgaltatasok\/#breadcrumb\"},\"inLanguage\":\"cs\",\"potentialAction\":[{\"@type\":\"ReadAction\",\"target\":[\"https:\/\/sarvar.conedevel.com\/cs\/aktivitas\/wellness-szolgaltatasok\/\"]}]},{\"@type\":\"BreadcrumbList\",\"@id\":\"https:\/\/sarvar.conedevel.com\/cs\/aktivitas\/wellness-szolgaltatasok\/#breadcrumb\",\"itemListElement\":[{\"@type\":\"ListItem\",\"position\":1,\"name\":\"Kezd\u0151lap\",\"item\":\"https:\/\/sarvar.conedevel.com\/cs\/\"},{\"@type\":\"ListItem\",\"position\":2,\"name\":\"VOLN\u00dd \u010cAS\",\"item\":\"https:\/\/sarvar.conedevel.com\/cs\/aktivitas\/\"},{\"@type\":\"ListItem\",\"position\":3,\"name\":\"Wellness slu\u017eby\"}]},{\"@type\":\"WebSite\",\"@id\":\"https:\/\/sarvar.conedevel.com\/#website\",\"url\":\"https:\/\/sarvar.conedevel.com\/\",\"name\":\"S\u00e1rv\u00e1r\",\"description\":\"S\u00e1rv\u00e1ri sz\u00e1ll\u00e1shelyek, \u00e9ttermek, programok, l\u00e1tnival\u00f3k \u00e9s inform\u00e1ci\u00f3k - mind egy helyen S\u00e1rv\u00e1rr\u00f3l\",\"potentialAction\":[{\"@type\":\"SearchAction\",\"target\":{\"@type\":\"EntryPoint\",\"urlTemplate\":\"https:\/\/sarvar.conedevel.com\/?s={search_term_string}\"},\"query-input\":{\"@type\":\"PropertyValueSpecification\",\"valueRequired\":true,\"valueName\":\"search_term_string\"}}],\"inLanguage\":\"cs\"}]}<\/script>\n<!-- \/ Yoast SEO plugin. -->","yoast_head_json":{"title":"Wellness slu\u017eby - S\u00e1rv\u00e1r","robots":{"index":"noindex","follow":"follow","max-snippet":"max-snippet:-1","max-image-preview":"max-image-preview:large","max-video-preview":"max-video-preview:-1"},"og_locale":"cs_CZ","og_type":"article","og_title":"Wellness slu\u017eby - S\u00e1rv\u00e1r","og_description":"Thermal S\u00e1rv\u00e1r\u00a0Health Spa Hotel Wellness Procedury &#8211; Wellness, fitness Vodn\u00ed sv\u011bt Z \u010d\u00e1sti kryt\u00fd rekrea\u010dn\u00ed baz\u00e9n s term\u00e1ln\u00ed vodou (cca.104 m2, 30-34 \u00b0C), s perli\u010dkovou koupel\u00ed, mas\u00e1\u017en\u00edmi d\u00fdzami a podvodn\u00ed mas\u00e1\u017e\u00edKryt\u00fd term\u00e1ln\u00ed baz\u00e9n (12,5 x 8 m, 36 \u00b0C)Zahradn\u00ed baz\u00e9n (13,5 x 8 m, 28-32 \u00b0C)Saunov\u00fd sv\u011bt na 140m2 (finsk\u00e1 sauna, infrasauna, aromatick\u00e1 kabina, parn\u00ed [&hellip;]","og_url":"https:\/\/sarvar.conedevel.com\/cs\/aktivitas\/wellness-szolgaltatasok\/","og_site_name":"S\u00e1rv\u00e1r","article_publisher":"https:\/\/www.facebook.com\/tdmsarvar","article_modified_time":"2020-01-25T14:11:19+00:00","twitter_card":"summary_large_image","twitter_misc":{"Odhadovan\u00e1 doba \u010dten\u00ed":"3 minuty"},"schema":{"@context":"https:\/\/schema.org","@graph":[{"@type":"WebPage","@id":"https:\/\/sarvar.conedevel.com\/cs\/aktivitas\/wellness-szolgaltatasok\/","url":"https:\/\/sarvar.conedevel.com\/cs\/aktivitas\/wellness-szolgaltatasok\/","name":"Wellness slu\u017eby - S\u00e1rv\u00e1r","isPartOf":{"@id":"https:\/\/sarvar.conedevel.com\/#website"},"datePublished":"2019-10-29T14:14:43+00:00","dateModified":"2020-01-25T14:11:19+00:00","breadcrumb":{"@id":"https:\/\/sarvar.conedevel.com\/cs\/aktivitas\/wellness-szolgaltatasok\/#breadcrumb"},"inLanguage":"cs","potentialAction":[{"@type":"ReadAction","target":["https:\/\/sarvar.conedevel.com\/cs\/aktivitas\/wellness-szolgaltatasok\/"]}]},{"@type":"BreadcrumbList","@id":"https:\/\/sarvar.conedevel.com\/cs\/aktivitas\/wellness-szolgaltatasok\/#breadcrumb","itemListElement":[{"@type":"ListItem","position":1,"name":"Kezd\u0151lap","item":"https:\/\/sarvar.conedevel.com\/cs\/"},{"@type":"ListItem","position":2,"name":"VOLN\u00dd \u010cAS","item":"https:\/\/sarvar.conedevel.com\/cs\/aktivitas\/"},{"@type":"ListItem","position":3,"name":"Wellness slu\u017eby"}]},{"@type":"WebSite","@id":"https:\/\/sarvar.conedevel.com\/#website","url":"https:\/\/sarvar.conedevel.com\/","name":"S\u00e1rv\u00e1r","description":"S\u00e1rv\u00e1ri sz\u00e1ll\u00e1shelyek, \u00e9ttermek, programok, l\u00e1tnival\u00f3k \u00e9s inform\u00e1ci\u00f3k - mind egy helyen S\u00e1rv\u00e1rr\u00f3l","potentialAction":[{"@type":"SearchAction","target":{"@type":"EntryPoint","urlTemplate":"https:\/\/sarvar.conedevel.com\/?s={search_term_string}"},"query-input":{"@type":"PropertyValueSpecification","valueRequired":true,"valueName":"search_term_string"}}],"inLanguage":"cs"}]}},"_links":{"self":[{"href":"https:\/\/sarvar.conedevel.com\/cs\/wp-json\/wp\/v2\/pages\/6222","targetHints":{"allow":["GET"]}}],"collection":[{"href":"https:\/\/sarvar.conedevel.com\/cs\/wp-json\/wp\/v2\/pages"}],"about":[{"href":"https:\/\/sarvar.conedevel.com\/cs\/wp-json\/wp\/v2\/types\/page"}],"author":[{"embeddable":true,"href":"https:\/\/sarvar.conedevel.com\/cs\/wp-json\/wp\/v2\/users\/1"}],"replies":[{"embeddable":true,"href":"https:\/\/sarvar.conedevel.com\/cs\/wp-json\/wp\/v2\/comments?post=6222"}],"version-history":[{"count":0,"href":"https:\/\/sarvar.conedevel.com\/cs\/wp-json\/wp\/v2\/pages\/6222\/revisions"}],"up":[{"embeddable":true,"href":"https:\/\/sarvar.conedevel.com\/cs\/wp-json\/wp\/v2\/pages\/6149"}],"wp:attachment":[{"href":"https:\/\/sarvar.conedevel.com\/cs\/wp-json\/wp\/v2\/media?parent=6222"}],"curies":[{"name":"wp","href":"https:\/\/api.w.org\/{rel}","templated":true}]}}