{"id":6186,"date":"2019-10-29T14:11:55","date_gmt":"2019-10-29T14:11:55","guid":{"rendered":"http:\/\/sarvar.conedevel.com\/aktivitas\/sport\/"},"modified":"2022-07-12T08:17:13","modified_gmt":"2022-07-12T08:17:13","slug":"sport","status":"publish","type":"page","link":"https:\/\/sarvar.conedevel.com\/cs\/aktivitas\/sport\/","title":{"rendered":"Sport"},"content":{"rendered":"\n<h2 class=\"wp-block-heading\">Sportovn\u00ed mo\u017enosti v S\u00e1rv\u00e1ru<\/h2>\n\n\n\n<h2 class=\"wp-block-heading\" id=\"nyitvatartas\">Otev\u00edrac\u00ed doba\/ceny<\/h2>\n\n\n\n<figure class=\"wp-block-gallery columns-1 is-cropped wp-block-gallery-1 is-layout-flex wp-block-gallery-is-layout-flex\"><ul class=\"blocks-gallery-grid\"><li class=\"blocks-gallery-item\"><figure><img loading=\"lazy\" decoding=\"async\" width=\"1024\" height=\"728\" src=\"https:\/\/sarvar.conedevel.com\/wp-content\/uploads\/2022\/07\/2.-1-1024x728.jpg\" alt=\"\" data-id=\"13536\" data-full-url=\"https:\/\/sarvar.conedevel.com\/wp-content\/uploads\/2022\/07\/2.-1-scaled.jpg\" data-link=\"https:\/\/sarvar.conedevel.com\/aktivitas\/sport\/2-1\/\" class=\"wp-image-13536\" srcset=\"https:\/\/sarvar.conedevel.com\/wp-content\/uploads\/2022\/07\/2.-1-1024x728.jpg 1024w, https:\/\/sarvar.conedevel.com\/wp-content\/uploads\/2022\/07\/2.-1-300x213.jpg 300w, https:\/\/sarvar.conedevel.com\/wp-content\/uploads\/2022\/07\/2.-1-768x546.jpg 768w, https:\/\/sarvar.conedevel.com\/wp-content\/uploads\/2022\/07\/2.-1-1536x1092.jpg 1536w, https:\/\/sarvar.conedevel.com\/wp-content\/uploads\/2022\/07\/2.-1-2048x1456.jpg 2048w, https:\/\/sarvar.conedevel.com\/wp-content\/uploads\/2022\/07\/2.-1-1400x995.jpg 1400w\" sizes=\"auto, (max-width: 1024px) 100vw, 1024px\" \/><\/figure><\/li><\/ul><figcaption class=\"blocks-gallery-caption\"><strong>Proj\u00ed\u017e\u010fky na lo\u010fk\u00e1ch<\/strong><\/figcaption><\/figure>\n\n\n\n<pre class=\"wp-block-preformatted\"><strong>Bowling:<\/strong>\n\nL\u00e1zn\u011b S\u00e1rv\u00e1r\n\nProvozn\u00ed doba:\n11:00 - 22:00\n\n<a href=\"https:\/\/sarvarfurdo.hu\/\">https:\/\/sarvarfurdo.hu\/<\/a>\n\n<strong>Jezero:\u00a0\n<\/strong>\n<strong>H\u0159i\u0161t\u011b na ko\u0161\u00edkovou a stoln\u00ed tenis<\/strong>\n\n<strong>Tenis:<\/strong>\n\nSvaz tenisu S\u00e1rv\u00e1r\nObjedn\u00e1n\u00ed kurtu: +36-30\/648-9107\n\nCeny pronajmut\u00ed kurt\u016f:\n\n\n<strong>V zim\u011b bruslen\u00ed<\/strong>\n\n<strong>Fitness centrum:\n<\/strong>\n<strong>L\u00e1zn\u011b S\u00e1rv\u00e1r<\/strong>\n\nProvozn\u00ed doba: 10:00 - 21:30\n\n<a href=\"https:\/\/sarvarfurdo.hu\/\">https:\/\/sarvarfurdo.hu\/<\/a>\n\n<strong>Nordic Walking<\/strong>\u00a0- 600 Ft \/ hour\n\n\n<strong>Ryba\u0159en\u00ed:<\/strong>\n\nSvaz sportovn\u00edho ryba\u0159en\u00ed v S\u00e1rv\u00e1ru\u00a0\n\nTelefon: +36 30\/957-6932\n\nRyb\u00e1\u0159sk\u00e9 l\u00edstky:\u00a0\nBenz\u00ednov\u00e1 stanice Shell, S\u00e1rv\u00e1r 0 - 24h\nObchod pro ryb\u00e1\u0159e Goldfish Horg\u00e1szbolt - Alex Cs\u00f3ka, S\u00e1rv\u00e1r, Batthy\u00e1ny u. 47.\n\nRyby: kapr, amur, \u0161tika, cand\u00e1t, sumec, cejn, karas, cejnek\n\n\n\n<strong>Ku\u017eelky:\n<\/strong>\n<strong>Ku\u017eelk\u00e1rny<\/strong>\n\n<strong>F\u00fcl\u00f6p Boroz\u00f3 \u00e9s Tek\u00e9z\u0151<\/strong>\n\nS9600 S\u00e1rv\u00e1r, S\u00e1rsziget utca 14.\nTelefon: +36 30\/ 939-6031\n\n<strong>K\u00e9kgoly\u00f3 Tek\u00e9z\u0151<\/strong>\n\n9600 S\u00e1rv\u00e1r, Berzsenyi u. 24.\n\n\n<strong>Plov\u00e1rna:\n<\/strong>\n<strong>L\u00e1zn\u011b S\u00e1rv\u00e1r<\/strong>\n\nProvozn\u00ed doba: 7:00 - 21:30\n<a href=\"https:\/\/sarvarfurdo.hu\/\">https:\/\/sarvarfurdo.hu\/<\/a><\/pre>\n","protected":false},"excerpt":{"rendered":"<p>Sportovn\u00ed mo\u017enosti v S\u00e1rv\u00e1ru Otev\u00edrac\u00ed doba\/ceny Bowling: L\u00e1zn\u011b S\u00e1rv\u00e1r Provozn\u00ed doba: 11:00 &#8211; 22:00 https:\/\/sarvarfurdo.hu\/ Jezero:\u00a0 H\u0159i\u0161t\u011b na ko\u0161\u00edkovou a stoln\u00ed tenis Tenis: Svaz tenisu S\u00e1rv\u00e1r Objedn\u00e1n\u00ed kurtu: +36-30\/648-9107 Ceny pronajmut\u00ed kurt\u016f: V zim\u011b bruslen\u00ed Fitness centrum: L\u00e1zn\u011b S\u00e1rv\u00e1r Provozn\u00ed doba: 10:00 &#8211; 21:30 https:\/\/sarvarfurdo.hu\/ Nordic Walking\u00a0&#8211; 600 Ft \/ hour Ryba\u0159en\u00ed: Svaz sportovn\u00edho ryba\u0159en\u00ed [&hellip;]<\/p>\n","protected":false},"author":1,"featured_media":5112,"parent":6149,"menu_order":0,"comment_status":"closed","ping_status":"closed","template":"","meta":{"_acf_changed":false,"footnotes":""},"class_list":["post-6186","page","type-page","status-publish","has-post-thumbnail","hentry"],"acf":[],"yoast_head":"<!-- This site is optimized with the Yoast SEO plugin v25.4 - https:\/\/yoast.com\/wordpress\/plugins\/seo\/ -->\n<title>Sport - S\u00e1rv\u00e1r<\/title>\n<meta name=\"robots\" content=\"noindex, follow, max-snippet:-1, max-image-preview:large, max-video-preview:-1\" \/>\n<meta property=\"og:locale\" content=\"cs_CZ\" \/>\n<meta property=\"og:type\" content=\"article\" \/>\n<meta property=\"og:title\" content=\"Sport - S\u00e1rv\u00e1r\" \/>\n<meta property=\"og:description\" content=\"Sportovn\u00ed mo\u017enosti v S\u00e1rv\u00e1ru Otev\u00edrac\u00ed doba\/ceny Bowling: L\u00e1zn\u011b S\u00e1rv\u00e1r Provozn\u00ed doba: 11:00 - 22:00 https:\/\/sarvarfurdo.hu\/ Jezero:\u00a0 H\u0159i\u0161t\u011b na ko\u0161\u00edkovou a stoln\u00ed tenis Tenis: Svaz tenisu S\u00e1rv\u00e1r Objedn\u00e1n\u00ed kurtu: +36-30\/648-9107 Ceny pronajmut\u00ed kurt\u016f: V zim\u011b bruslen\u00ed Fitness centrum: L\u00e1zn\u011b S\u00e1rv\u00e1r Provozn\u00ed doba: 10:00 - 21:30 https:\/\/sarvarfurdo.hu\/ Nordic Walking\u00a0- 600 Ft \/ hour Ryba\u0159en\u00ed: Svaz sportovn\u00edho ryba\u0159en\u00ed [&hellip;]\" \/>\n<meta property=\"og:url\" content=\"https:\/\/sarvar.conedevel.com\/cs\/aktivitas\/sport\/\" \/>\n<meta property=\"og:site_name\" content=\"S\u00e1rv\u00e1r\" \/>\n<meta property=\"article:publisher\" content=\"https:\/\/www.facebook.com\/tdmsarvar\" \/>\n<meta property=\"article:modified_time\" content=\"2022-07-12T08:17:13+00:00\" \/>\n<meta property=\"og:image\" content=\"https:\/\/sarvar.conedevel.com\/wp-content\/uploads\/2019\/10\/S\u00e1rv\u00e1r-wellness-sport-1024x682.jpg\" \/>\n\t<meta property=\"og:image:width\" content=\"1024\" \/>\n\t<meta property=\"og:image:height\" content=\"682\" \/>\n\t<meta property=\"og:image:type\" content=\"image\/jpeg\" \/>\n<meta name=\"twitter:card\" content=\"summary_large_image\" \/>\n<meta name=\"twitter:label1\" content=\"Odhadovan\u00e1 doba \u010dten\u00ed\" \/>\n\t<meta name=\"twitter:data1\" content=\"1 minuta\" \/>\n<script type=\"application\/ld+json\" class=\"yoast-schema-graph\">{\"@context\":\"https:\/\/schema.org\",\"@graph\":[{\"@type\":\"WebPage\",\"@id\":\"https:\/\/sarvar.conedevel.com\/cs\/aktivitas\/sport\/\",\"url\":\"https:\/\/sarvar.conedevel.com\/cs\/aktivitas\/sport\/\",\"name\":\"Sport - S\u00e1rv\u00e1r\",\"isPartOf\":{\"@id\":\"https:\/\/sarvar.conedevel.com\/#website\"},\"primaryImageOfPage\":{\"@id\":\"https:\/\/sarvar.conedevel.com\/cs\/aktivitas\/sport\/#primaryimage\"},\"image\":{\"@id\":\"https:\/\/sarvar.conedevel.com\/cs\/aktivitas\/sport\/#primaryimage\"},\"thumbnailUrl\":\"https:\/\/sarvar.conedevel.com\/wp-content\/uploads\/2019\/10\/S\u00e1rv\u00e1r-wellness-sport.jpg\",\"datePublished\":\"2019-10-29T14:11:55+00:00\",\"dateModified\":\"2022-07-12T08:17:13+00:00\",\"breadcrumb\":{\"@id\":\"https:\/\/sarvar.conedevel.com\/cs\/aktivitas\/sport\/#breadcrumb\"},\"inLanguage\":\"cs\",\"potentialAction\":[{\"@type\":\"ReadAction\",\"target\":[\"https:\/\/sarvar.conedevel.com\/cs\/aktivitas\/sport\/\"]}]},{\"@type\":\"ImageObject\",\"inLanguage\":\"cs\",\"@id\":\"https:\/\/sarvar.conedevel.com\/cs\/aktivitas\/sport\/#primaryimage\",\"url\":\"https:\/\/sarvar.conedevel.com\/wp-content\/uploads\/2019\/10\/S\u00e1rv\u00e1r-wellness-sport.jpg\",\"contentUrl\":\"https:\/\/sarvar.conedevel.com\/wp-content\/uploads\/2019\/10\/S\u00e1rv\u00e1r-wellness-sport.jpg\",\"width\":2000,\"height\":1333},{\"@type\":\"BreadcrumbList\",\"@id\":\"https:\/\/sarvar.conedevel.com\/cs\/aktivitas\/sport\/#breadcrumb\",\"itemListElement\":[{\"@type\":\"ListItem\",\"position\":1,\"name\":\"Kezd\u0151lap\",\"item\":\"https:\/\/sarvar.conedevel.com\/cs\/\"},{\"@type\":\"ListItem\",\"position\":2,\"name\":\"VOLN\u00dd \u010cAS\",\"item\":\"https:\/\/sarvar.conedevel.com\/cs\/aktivitas\/\"},{\"@type\":\"ListItem\",\"position\":3,\"name\":\"Sport\"}]},{\"@type\":\"WebSite\",\"@id\":\"https:\/\/sarvar.conedevel.com\/#website\",\"url\":\"https:\/\/sarvar.conedevel.com\/\",\"name\":\"S\u00e1rv\u00e1r\",\"description\":\"S\u00e1rv\u00e1ri sz\u00e1ll\u00e1shelyek, \u00e9ttermek, programok, l\u00e1tnival\u00f3k \u00e9s inform\u00e1ci\u00f3k - mind egy helyen S\u00e1rv\u00e1rr\u00f3l\",\"potentialAction\":[{\"@type\":\"SearchAction\",\"target\":{\"@type\":\"EntryPoint\",\"urlTemplate\":\"https:\/\/sarvar.conedevel.com\/?s={search_term_string}\"},\"query-input\":{\"@type\":\"PropertyValueSpecification\",\"valueRequired\":true,\"valueName\":\"search_term_string\"}}],\"inLanguage\":\"cs\"}]}<\/script>\n<!-- \/ Yoast SEO plugin. -->","yoast_head_json":{"title":"Sport - S\u00e1rv\u00e1r","robots":{"index":"noindex","follow":"follow","max-snippet":"max-snippet:-1","max-image-preview":"max-image-preview:large","max-video-preview":"max-video-preview:-1"},"og_locale":"cs_CZ","og_type":"article","og_title":"Sport - S\u00e1rv\u00e1r","og_description":"Sportovn\u00ed mo\u017enosti v S\u00e1rv\u00e1ru Otev\u00edrac\u00ed doba\/ceny Bowling: L\u00e1zn\u011b S\u00e1rv\u00e1r Provozn\u00ed doba: 11:00 - 22:00 https:\/\/sarvarfurdo.hu\/ Jezero:\u00a0 H\u0159i\u0161t\u011b na ko\u0161\u00edkovou a stoln\u00ed tenis Tenis: Svaz tenisu S\u00e1rv\u00e1r Objedn\u00e1n\u00ed kurtu: +36-30\/648-9107 Ceny pronajmut\u00ed kurt\u016f: V zim\u011b bruslen\u00ed Fitness centrum: L\u00e1zn\u011b S\u00e1rv\u00e1r Provozn\u00ed doba: 10:00 - 21:30 https:\/\/sarvarfurdo.hu\/ Nordic Walking\u00a0- 600 Ft \/ hour Ryba\u0159en\u00ed: Svaz sportovn\u00edho ryba\u0159en\u00ed [&hellip;]","og_url":"https:\/\/sarvar.conedevel.com\/cs\/aktivitas\/sport\/","og_site_name":"S\u00e1rv\u00e1r","article_publisher":"https:\/\/www.facebook.com\/tdmsarvar","article_modified_time":"2022-07-12T08:17:13+00:00","og_image":[{"width":1024,"height":682,"url":"https:\/\/sarvar.conedevel.com\/wp-content\/uploads\/2019\/10\/S\u00e1rv\u00e1r-wellness-sport-1024x682.jpg","type":"image\/jpeg"}],"twitter_card":"summary_large_image","twitter_misc":{"Odhadovan\u00e1 doba \u010dten\u00ed":"1 minuta"},"schema":{"@context":"https:\/\/schema.org","@graph":[{"@type":"WebPage","@id":"https:\/\/sarvar.conedevel.com\/cs\/aktivitas\/sport\/","url":"https:\/\/sarvar.conedevel.com\/cs\/aktivitas\/sport\/","name":"Sport - S\u00e1rv\u00e1r","isPartOf":{"@id":"https:\/\/sarvar.conedevel.com\/#website"},"primaryImageOfPage":{"@id":"https:\/\/sarvar.conedevel.com\/cs\/aktivitas\/sport\/#primaryimage"},"image":{"@id":"https:\/\/sarvar.conedevel.com\/cs\/aktivitas\/sport\/#primaryimage"},"thumbnailUrl":"https:\/\/sarvar.conedevel.com\/wp-content\/uploads\/2019\/10\/S\u00e1rv\u00e1r-wellness-sport.jpg","datePublished":"2019-10-29T14:11:55+00:00","dateModified":"2022-07-12T08:17:13+00:00","breadcrumb":{"@id":"https:\/\/sarvar.conedevel.com\/cs\/aktivitas\/sport\/#breadcrumb"},"inLanguage":"cs","potentialAction":[{"@type":"ReadAction","target":["https:\/\/sarvar.conedevel.com\/cs\/aktivitas\/sport\/"]}]},{"@type":"ImageObject","inLanguage":"cs","@id":"https:\/\/sarvar.conedevel.com\/cs\/aktivitas\/sport\/#primaryimage","url":"https:\/\/sarvar.conedevel.com\/wp-content\/uploads\/2019\/10\/S\u00e1rv\u00e1r-wellness-sport.jpg","contentUrl":"https:\/\/sarvar.conedevel.com\/wp-content\/uploads\/2019\/10\/S\u00e1rv\u00e1r-wellness-sport.jpg","width":2000,"height":1333},{"@type":"BreadcrumbList","@id":"https:\/\/sarvar.conedevel.com\/cs\/aktivitas\/sport\/#breadcrumb","itemListElement":[{"@type":"ListItem","position":1,"name":"Kezd\u0151lap","item":"https:\/\/sarvar.conedevel.com\/cs\/"},{"@type":"ListItem","position":2,"name":"VOLN\u00dd \u010cAS","item":"https:\/\/sarvar.conedevel.com\/cs\/aktivitas\/"},{"@type":"ListItem","position":3,"name":"Sport"}]},{"@type":"WebSite","@id":"https:\/\/sarvar.conedevel.com\/#website","url":"https:\/\/sarvar.conedevel.com\/","name":"S\u00e1rv\u00e1r","description":"S\u00e1rv\u00e1ri sz\u00e1ll\u00e1shelyek, \u00e9ttermek, programok, l\u00e1tnival\u00f3k \u00e9s inform\u00e1ci\u00f3k - mind egy helyen S\u00e1rv\u00e1rr\u00f3l","potentialAction":[{"@type":"SearchAction","target":{"@type":"EntryPoint","urlTemplate":"https:\/\/sarvar.conedevel.com\/?s={search_term_string}"},"query-input":{"@type":"PropertyValueSpecification","valueRequired":true,"valueName":"search_term_string"}}],"inLanguage":"cs"}]}},"_links":{"self":[{"href":"https:\/\/sarvar.conedevel.com\/cs\/wp-json\/wp\/v2\/pages\/6186","targetHints":{"allow":["GET"]}}],"collection":[{"href":"https:\/\/sarvar.conedevel.com\/cs\/wp-json\/wp\/v2\/pages"}],"about":[{"href":"https:\/\/sarvar.conedevel.com\/cs\/wp-json\/wp\/v2\/types\/page"}],"author":[{"embeddable":true,"href":"https:\/\/sarvar.conedevel.com\/cs\/wp-json\/wp\/v2\/users\/1"}],"replies":[{"embeddable":true,"href":"https:\/\/sarvar.conedevel.com\/cs\/wp-json\/wp\/v2\/comments?post=6186"}],"version-history":[{"count":0,"href":"https:\/\/sarvar.conedevel.com\/cs\/wp-json\/wp\/v2\/pages\/6186\/revisions"}],"up":[{"embeddable":true,"href":"https:\/\/sarvar.conedevel.com\/cs\/wp-json\/wp\/v2\/pages\/6149"}],"wp:featuredmedia":[{"embeddable":true,"href":"https:\/\/sarvar.conedevel.com\/cs\/wp-json\/wp\/v2\/media\/5112"}],"wp:attachment":[{"href":"https:\/\/sarvar.conedevel.com\/cs\/wp-json\/wp\/v2\/media?parent=6186"}],"curies":[{"name":"wp","href":"https:\/\/api.w.org\/{rel}","templated":true}]}}