{"id":6179,"date":"2019-10-29T14:11:04","date_gmt":"2019-10-29T14:11:04","guid":{"rendered":"http:\/\/sarvar.conedevel.com\/aktivitas\/tedd-probara-a-batorsagodat-a-sarvari-kalandparkban\/"},"modified":"2019-11-21T14:57:51","modified_gmt":"2019-11-21T14:57:51","slug":"tedd-probara-a-batorsagodat-a-sarvari-kalandparkban","status":"publish","type":"page","link":"https:\/\/sarvar.conedevel.com\/cs\/aktivitas\/tedd-probara-a-batorsagodat-a-sarvari-kalandparkban\/","title":{"rendered":"Adventure Park"},"content":{"rendered":"\n<h2 class=\"wp-block-heading\">V\u00edt\u00e1me V\u00e1s v s\u00e1rv\u00e1rsk\u00e9m lesn\u00edm lanov\u00e9m parku pln\u00e9m v\u00fdzev a slibuj\u00edc\u00edm spoustu z\u00e1\u017eitk\u016f!<\/h2>\n\n\n\n<p>Otestujte svou odvahu, vyberte si dle libosti lanov\u00e9 stezky r\u016fzn\u00e9 obt\u00ed\u017enosti! Zveme V\u00e1s na skute\u010dn\u00e9 dobrodru\u017estv\u00ed, nenechte si uj\u00edt tuto mo\u017enost!<\/p>\n\n\n\n<ul class=\"wp-block-gallery alignwide columns-2 is-cropped wp-block-gallery-1 is-layout-flex wp-block-gallery-is-layout-flex\"><li class=\"blocks-gallery-item\"><figure><a href=\"http:\/\/sarvar.conedevel.com\/wp-content\/uploads\/2019\/11\/S\u00e1rv\u00e1r-kalandpark-wellness-nyaral\u00e1s-682x1024.jpg\"><img loading=\"lazy\" decoding=\"async\" width=\"682\" height=\"1024\" src=\"http:\/\/sarvar.conedevel.com\/wp-content\/uploads\/2019\/11\/S\u00e1rv\u00e1r-kalandpark-wellness-nyaral\u00e1s-682x1024.jpg\" alt=\"\" data-id=\"5554\" data-link=\"http:\/\/sarvar.conedevel.com\/tedd-probara-a-batorsagodat-a-sarvari-kalandparkban\/sarvar-kalandpark-wellness-nyaralas\/\" class=\"wp-image-5554\" srcset=\"https:\/\/sarvar.conedevel.com\/wp-content\/uploads\/2019\/11\/S\u00e1rv\u00e1r-kalandpark-wellness-nyaral\u00e1s-682x1024.jpg 682w, https:\/\/sarvar.conedevel.com\/wp-content\/uploads\/2019\/11\/S\u00e1rv\u00e1r-kalandpark-wellness-nyaral\u00e1s-200x300.jpg 200w, https:\/\/sarvar.conedevel.com\/wp-content\/uploads\/2019\/11\/S\u00e1rv\u00e1r-kalandpark-wellness-nyaral\u00e1s-768x1152.jpg 768w, https:\/\/sarvar.conedevel.com\/wp-content\/uploads\/2019\/11\/S\u00e1rv\u00e1r-kalandpark-wellness-nyaral\u00e1s-1024x1536.jpg 1024w, https:\/\/sarvar.conedevel.com\/wp-content\/uploads\/2019\/11\/S\u00e1rv\u00e1r-kalandpark-wellness-nyaral\u00e1s.jpg 1333w\" sizes=\"auto, (max-width: 682px) 100vw, 682px\" \/><\/a><\/figure><\/li><li class=\"blocks-gallery-item\"><figure><a href=\"http:\/\/sarvar.conedevel.com\/wp-content\/uploads\/2019\/11\/kalandpark-s\u00e1rv\u00e1r-wellness-682x1024.jpg\"><img loading=\"lazy\" decoding=\"async\" width=\"682\" height=\"1024\" src=\"http:\/\/sarvar.conedevel.com\/wp-content\/uploads\/2019\/11\/kalandpark-s\u00e1rv\u00e1r-wellness-682x1024.jpg\" alt=\"\" data-id=\"5563\" data-link=\"http:\/\/sarvar.conedevel.com\/tedd-probara-a-batorsagodat-a-sarvari-kalandparkban\/kalandpark-sarvar-wellness\/\" class=\"wp-image-5563\" srcset=\"https:\/\/sarvar.conedevel.com\/wp-content\/uploads\/2019\/11\/kalandpark-s\u00e1rv\u00e1r-wellness-682x1024.jpg 682w, https:\/\/sarvar.conedevel.com\/wp-content\/uploads\/2019\/11\/kalandpark-s\u00e1rv\u00e1r-wellness-200x300.jpg 200w, https:\/\/sarvar.conedevel.com\/wp-content\/uploads\/2019\/11\/kalandpark-s\u00e1rv\u00e1r-wellness-768x1152.jpg 768w, https:\/\/sarvar.conedevel.com\/wp-content\/uploads\/2019\/11\/kalandpark-s\u00e1rv\u00e1r-wellness-1024x1536.jpg 1024w, https:\/\/sarvar.conedevel.com\/wp-content\/uploads\/2019\/11\/kalandpark-s\u00e1rv\u00e1r-wellness.jpg 1333w\" sizes=\"auto, (max-width: 682px) 100vw, 682px\" \/><\/a><\/figure><\/li><\/ul>\n\n\n\n<p>Na hosty tou\u017e\u00edc\u00ed po vzru\u0161en\u00ed a hledaj\u00edc\u00ed v\u00fdzvy \u010dek\u00e1 nov\u00fd lesn\u00ed lanov\u00fd park se 120 p\u0159ek\u00e1\u017ekami, 10 metr\u016f vysok\u00e1 lezeck\u00e1 st\u011bna a lukost\u0159elnice \u2013 a to v\u0161echno hned v sousedstv\u00ed L\u00e9\u010debn\u00fdch a wellness l\u00e1zn\u00ed S\u00e1rv\u00e1r. Odvahu i t\u011bch nejzdatn\u011bj\u0161\u00edch prov\u011b\u0159\u00ed p\u0159ejezdy nad jez\u00edrkem a skute\u010dn\u011b obt\u00ed\u017en\u00e9 p\u0159ek\u00e1\u017eky ve v\u00fd\u0161ce 8 metr\u016f. Samoz\u0159ejm\u011b lanov\u00fd park nenab\u00edz\u00ed pouze adrenalinovou z\u00e1bavu! Z osmi lanov\u00fdch stezek nach\u00e1zej\u00edc\u00edch se v korun\u00e1ch strom\u016f jsou dv\u011b ur\u010deny pro d\u011bti ve v\u011bku od 3 do 6 let, t\u0159i jsou vytvo\u0159eny pro \u0161kol\u00e1ky, stejn\u011b jako d\u011btsk\u00e9 h\u0159i\u0161t\u011b a nau\u010dn\u00e1 stezka v lesoparku.<\/p>\n\n\n\n<figure class=\"wp-block-image alignwide\"><img loading=\"lazy\" decoding=\"async\" width=\"1024\" height=\"682\" src=\"http:\/\/sarvar.conedevel.com\/wp-content\/uploads\/2019\/11\/S\u00e1rv\u00e1r-kalandpark-k\u00f6t\u00e9lp\u00e1lya-wellness-program-1024x682.jpg\" alt=\"\" class=\"wp-image-5546\" srcset=\"https:\/\/sarvar.conedevel.com\/wp-content\/uploads\/2019\/11\/S\u00e1rv\u00e1r-kalandpark-k\u00f6t\u00e9lp\u00e1lya-wellness-program-1024x682.jpg 1024w, https:\/\/sarvar.conedevel.com\/wp-content\/uploads\/2019\/11\/S\u00e1rv\u00e1r-kalandpark-k\u00f6t\u00e9lp\u00e1lya-wellness-program-300x200.jpg 300w, https:\/\/sarvar.conedevel.com\/wp-content\/uploads\/2019\/11\/S\u00e1rv\u00e1r-kalandpark-k\u00f6t\u00e9lp\u00e1lya-wellness-program-768x512.jpg 768w, https:\/\/sarvar.conedevel.com\/wp-content\/uploads\/2019\/11\/S\u00e1rv\u00e1r-kalandpark-k\u00f6t\u00e9lp\u00e1lya-wellness-program-1536x1024.jpg 1536w, https:\/\/sarvar.conedevel.com\/wp-content\/uploads\/2019\/11\/S\u00e1rv\u00e1r-kalandpark-k\u00f6t\u00e9lp\u00e1lya-wellness-program-1400x933.jpg 1400w, https:\/\/sarvar.conedevel.com\/wp-content\/uploads\/2019\/11\/S\u00e1rv\u00e1r-kalandpark-k\u00f6t\u00e9lp\u00e1lya-wellness-program-700x465.jpg 700w, https:\/\/sarvar.conedevel.com\/wp-content\/uploads\/2019\/11\/S\u00e1rv\u00e1r-kalandpark-k\u00f6t\u00e9lp\u00e1lya-wellness-program.jpg 2000w\" sizes=\"auto, (max-width: 1024px) 100vw, 1024px\" \/><\/figure>\n\n\n\n<p>Rovn\u011b\u017e lanov\u00e9 stezky pro dosp\u011bl\u00e9 maj\u00ed r\u016fzn\u00e9 stupn\u011b obt\u00ed\u017enosti, a proto si ka\u017ed\u00e1 v\u011bkov\u00e1 skupina m\u016f\u017ee naj\u00edt z\u00e1bavu a z\u00e1\u017eitky dle vlastn\u00edch p\u0159edstav.\u00a0<br>Lanov\u00fd park nenab\u00edz\u00ed mo\u017enot aktivn\u00edho odpo\u010dinku pouze pro jednotlivce \u2013 je zde vytvo\u0159ena jedna speci\u00e1ln\u00ed stezka ve v\u00fd\u0161ce a jedna na ni\u017e\u0161\u00ed \u00farovni, kter\u00e1 je vhodn\u00e1 pro firemn\u00ed teambuilding nebo pro \u0161koln\u00ed z\u00e1jezdy.<\/p>\n\n\n\n<pre class=\"wp-block-preformatted\"><strong>WEB:<\/strong> <a href=\"http:\/\/www.sarvarikalandpark.hu\/\">www.sarvarikalandpark.hu<\/a>\n<strong>E-mail:<\/strong> <a href=\"mailto:info@sarvarikalandpark.hu\">info@sarvarikalandpark.hu<\/a><\/pre>\n","protected":false},"excerpt":{"rendered":"<p>V\u00edt\u00e1me V\u00e1s v s\u00e1rv\u00e1rsk\u00e9m lesn\u00edm lanov\u00e9m parku pln\u00e9m v\u00fdzev a slibuj\u00edc\u00edm spoustu z\u00e1\u017eitk\u016f! Otestujte svou odvahu, vyberte si dle libosti lanov\u00e9 stezky r\u016fzn\u00e9 obt\u00ed\u017enosti! Zveme V\u00e1s na skute\u010dn\u00e9 dobrodru\u017estv\u00ed, nenechte si uj\u00edt tuto mo\u017enost! Na hosty tou\u017e\u00edc\u00ed po vzru\u0161en\u00ed a hledaj\u00edc\u00ed v\u00fdzvy \u010dek\u00e1 nov\u00fd lesn\u00ed lanov\u00fd park se 120 p\u0159ek\u00e1\u017ekami, 10 metr\u016f vysok\u00e1 lezeck\u00e1 st\u011bna [&hellip;]<\/p>\n","protected":false},"author":1,"featured_media":5551,"parent":6149,"menu_order":0,"comment_status":"closed","ping_status":"closed","template":"","meta":{"_acf_changed":false,"footnotes":""},"class_list":["post-6179","page","type-page","status-publish","has-post-thumbnail","hentry"],"acf":[],"yoast_head":"<!-- This site is optimized with the Yoast SEO plugin v25.4 - https:\/\/yoast.com\/wordpress\/plugins\/seo\/ -->\n<title>Adventure Park - S\u00e1rv\u00e1r<\/title>\n<meta name=\"robots\" content=\"noindex, follow, max-snippet:-1, max-image-preview:large, max-video-preview:-1\" \/>\n<meta property=\"og:locale\" content=\"cs_CZ\" \/>\n<meta property=\"og:type\" content=\"article\" \/>\n<meta property=\"og:title\" content=\"Adventure Park - S\u00e1rv\u00e1r\" \/>\n<meta property=\"og:description\" content=\"V\u00edt\u00e1me V\u00e1s v s\u00e1rv\u00e1rsk\u00e9m lesn\u00edm lanov\u00e9m parku pln\u00e9m v\u00fdzev a slibuj\u00edc\u00edm spoustu z\u00e1\u017eitk\u016f! Otestujte svou odvahu, vyberte si dle libosti lanov\u00e9 stezky r\u016fzn\u00e9 obt\u00ed\u017enosti! Zveme V\u00e1s na skute\u010dn\u00e9 dobrodru\u017estv\u00ed, nenechte si uj\u00edt tuto mo\u017enost! Na hosty tou\u017e\u00edc\u00ed po vzru\u0161en\u00ed a hledaj\u00edc\u00ed v\u00fdzvy \u010dek\u00e1 nov\u00fd lesn\u00ed lanov\u00fd park se 120 p\u0159ek\u00e1\u017ekami, 10 metr\u016f vysok\u00e1 lezeck\u00e1 st\u011bna [&hellip;]\" \/>\n<meta property=\"og:url\" content=\"https:\/\/sarvar.conedevel.com\/cs\/aktivitas\/tedd-probara-a-batorsagodat-a-sarvari-kalandparkban\/\" \/>\n<meta property=\"og:site_name\" content=\"S\u00e1rv\u00e1r\" \/>\n<meta property=\"article:publisher\" content=\"https:\/\/www.facebook.com\/tdmsarvar\" \/>\n<meta property=\"article:modified_time\" content=\"2019-11-21T14:57:51+00:00\" \/>\n<meta property=\"og:image\" content=\"https:\/\/sarvar.conedevel.com\/wp-content\/uploads\/2019\/11\/S\u00e1rv\u00e1ri-kalandpark-wellness-pihen\u00e9s-1024x682.jpg\" \/>\n\t<meta property=\"og:image:width\" content=\"1024\" \/>\n\t<meta property=\"og:image:height\" content=\"682\" \/>\n\t<meta property=\"og:image:type\" content=\"image\/jpeg\" \/>\n<meta name=\"twitter:card\" content=\"summary_large_image\" \/>\n<meta name=\"twitter:label1\" content=\"Odhadovan\u00e1 doba \u010dten\u00ed\" \/>\n\t<meta name=\"twitter:data1\" content=\"1 minuta\" \/>\n<script type=\"application\/ld+json\" class=\"yoast-schema-graph\">{\"@context\":\"https:\/\/schema.org\",\"@graph\":[{\"@type\":\"WebPage\",\"@id\":\"https:\/\/sarvar.conedevel.com\/cs\/aktivitas\/tedd-probara-a-batorsagodat-a-sarvari-kalandparkban\/\",\"url\":\"https:\/\/sarvar.conedevel.com\/cs\/aktivitas\/tedd-probara-a-batorsagodat-a-sarvari-kalandparkban\/\",\"name\":\"Adventure Park - S\u00e1rv\u00e1r\",\"isPartOf\":{\"@id\":\"https:\/\/sarvar.conedevel.com\/#website\"},\"primaryImageOfPage\":{\"@id\":\"https:\/\/sarvar.conedevel.com\/cs\/aktivitas\/tedd-probara-a-batorsagodat-a-sarvari-kalandparkban\/#primaryimage\"},\"image\":{\"@id\":\"https:\/\/sarvar.conedevel.com\/cs\/aktivitas\/tedd-probara-a-batorsagodat-a-sarvari-kalandparkban\/#primaryimage\"},\"thumbnailUrl\":\"https:\/\/sarvar.conedevel.com\/wp-content\/uploads\/2019\/11\/Sarvar-kalandpark-wellness-nyaralas.jpg\",\"datePublished\":\"2019-10-29T14:11:04+00:00\",\"dateModified\":\"2019-11-21T14:57:51+00:00\",\"breadcrumb\":{\"@id\":\"https:\/\/sarvar.conedevel.com\/cs\/aktivitas\/tedd-probara-a-batorsagodat-a-sarvari-kalandparkban\/#breadcrumb\"},\"inLanguage\":\"cs\",\"potentialAction\":[{\"@type\":\"ReadAction\",\"target\":[\"https:\/\/sarvar.conedevel.com\/cs\/aktivitas\/tedd-probara-a-batorsagodat-a-sarvari-kalandparkban\/\"]}]},{\"@type\":\"ImageObject\",\"inLanguage\":\"cs\",\"@id\":\"https:\/\/sarvar.conedevel.com\/cs\/aktivitas\/tedd-probara-a-batorsagodat-a-sarvari-kalandparkban\/#primaryimage\",\"url\":\"https:\/\/sarvar.conedevel.com\/wp-content\/uploads\/2019\/11\/Sarvar-kalandpark-wellness-nyaralas.jpg\",\"contentUrl\":\"https:\/\/sarvar.conedevel.com\/wp-content\/uploads\/2019\/11\/Sarvar-kalandpark-wellness-nyaralas.jpg\",\"width\":2000,\"height\":1333},{\"@type\":\"BreadcrumbList\",\"@id\":\"https:\/\/sarvar.conedevel.com\/cs\/aktivitas\/tedd-probara-a-batorsagodat-a-sarvari-kalandparkban\/#breadcrumb\",\"itemListElement\":[{\"@type\":\"ListItem\",\"position\":1,\"name\":\"Kezd\u0151lap\",\"item\":\"https:\/\/sarvar.conedevel.com\/cs\/\"},{\"@type\":\"ListItem\",\"position\":2,\"name\":\"VOLN\u00dd \u010cAS\",\"item\":\"https:\/\/sarvar.conedevel.com\/cs\/aktivitas\/\"},{\"@type\":\"ListItem\",\"position\":3,\"name\":\"Adventure Park\"}]},{\"@type\":\"WebSite\",\"@id\":\"https:\/\/sarvar.conedevel.com\/#website\",\"url\":\"https:\/\/sarvar.conedevel.com\/\",\"name\":\"S\u00e1rv\u00e1r\",\"description\":\"S\u00e1rv\u00e1ri sz\u00e1ll\u00e1shelyek, \u00e9ttermek, programok, l\u00e1tnival\u00f3k \u00e9s inform\u00e1ci\u00f3k - mind egy helyen S\u00e1rv\u00e1rr\u00f3l\",\"potentialAction\":[{\"@type\":\"SearchAction\",\"target\":{\"@type\":\"EntryPoint\",\"urlTemplate\":\"https:\/\/sarvar.conedevel.com\/?s={search_term_string}\"},\"query-input\":{\"@type\":\"PropertyValueSpecification\",\"valueRequired\":true,\"valueName\":\"search_term_string\"}}],\"inLanguage\":\"cs\"}]}<\/script>\n<!-- \/ Yoast SEO plugin. -->","yoast_head_json":{"title":"Adventure Park - S\u00e1rv\u00e1r","robots":{"index":"noindex","follow":"follow","max-snippet":"max-snippet:-1","max-image-preview":"max-image-preview:large","max-video-preview":"max-video-preview:-1"},"og_locale":"cs_CZ","og_type":"article","og_title":"Adventure Park - S\u00e1rv\u00e1r","og_description":"V\u00edt\u00e1me V\u00e1s v s\u00e1rv\u00e1rsk\u00e9m lesn\u00edm lanov\u00e9m parku pln\u00e9m v\u00fdzev a slibuj\u00edc\u00edm spoustu z\u00e1\u017eitk\u016f! Otestujte svou odvahu, vyberte si dle libosti lanov\u00e9 stezky r\u016fzn\u00e9 obt\u00ed\u017enosti! Zveme V\u00e1s na skute\u010dn\u00e9 dobrodru\u017estv\u00ed, nenechte si uj\u00edt tuto mo\u017enost! Na hosty tou\u017e\u00edc\u00ed po vzru\u0161en\u00ed a hledaj\u00edc\u00ed v\u00fdzvy \u010dek\u00e1 nov\u00fd lesn\u00ed lanov\u00fd park se 120 p\u0159ek\u00e1\u017ekami, 10 metr\u016f vysok\u00e1 lezeck\u00e1 st\u011bna [&hellip;]","og_url":"https:\/\/sarvar.conedevel.com\/cs\/aktivitas\/tedd-probara-a-batorsagodat-a-sarvari-kalandparkban\/","og_site_name":"S\u00e1rv\u00e1r","article_publisher":"https:\/\/www.facebook.com\/tdmsarvar","article_modified_time":"2019-11-21T14:57:51+00:00","og_image":[{"width":1024,"height":682,"url":"https:\/\/sarvar.conedevel.com\/wp-content\/uploads\/2019\/11\/S\u00e1rv\u00e1ri-kalandpark-wellness-pihen\u00e9s-1024x682.jpg","type":"image\/jpeg"}],"twitter_card":"summary_large_image","twitter_misc":{"Odhadovan\u00e1 doba \u010dten\u00ed":"1 minuta"},"schema":{"@context":"https:\/\/schema.org","@graph":[{"@type":"WebPage","@id":"https:\/\/sarvar.conedevel.com\/cs\/aktivitas\/tedd-probara-a-batorsagodat-a-sarvari-kalandparkban\/","url":"https:\/\/sarvar.conedevel.com\/cs\/aktivitas\/tedd-probara-a-batorsagodat-a-sarvari-kalandparkban\/","name":"Adventure Park - S\u00e1rv\u00e1r","isPartOf":{"@id":"https:\/\/sarvar.conedevel.com\/#website"},"primaryImageOfPage":{"@id":"https:\/\/sarvar.conedevel.com\/cs\/aktivitas\/tedd-probara-a-batorsagodat-a-sarvari-kalandparkban\/#primaryimage"},"image":{"@id":"https:\/\/sarvar.conedevel.com\/cs\/aktivitas\/tedd-probara-a-batorsagodat-a-sarvari-kalandparkban\/#primaryimage"},"thumbnailUrl":"https:\/\/sarvar.conedevel.com\/wp-content\/uploads\/2019\/11\/Sarvar-kalandpark-wellness-nyaralas.jpg","datePublished":"2019-10-29T14:11:04+00:00","dateModified":"2019-11-21T14:57:51+00:00","breadcrumb":{"@id":"https:\/\/sarvar.conedevel.com\/cs\/aktivitas\/tedd-probara-a-batorsagodat-a-sarvari-kalandparkban\/#breadcrumb"},"inLanguage":"cs","potentialAction":[{"@type":"ReadAction","target":["https:\/\/sarvar.conedevel.com\/cs\/aktivitas\/tedd-probara-a-batorsagodat-a-sarvari-kalandparkban\/"]}]},{"@type":"ImageObject","inLanguage":"cs","@id":"https:\/\/sarvar.conedevel.com\/cs\/aktivitas\/tedd-probara-a-batorsagodat-a-sarvari-kalandparkban\/#primaryimage","url":"https:\/\/sarvar.conedevel.com\/wp-content\/uploads\/2019\/11\/Sarvar-kalandpark-wellness-nyaralas.jpg","contentUrl":"https:\/\/sarvar.conedevel.com\/wp-content\/uploads\/2019\/11\/Sarvar-kalandpark-wellness-nyaralas.jpg","width":2000,"height":1333},{"@type":"BreadcrumbList","@id":"https:\/\/sarvar.conedevel.com\/cs\/aktivitas\/tedd-probara-a-batorsagodat-a-sarvari-kalandparkban\/#breadcrumb","itemListElement":[{"@type":"ListItem","position":1,"name":"Kezd\u0151lap","item":"https:\/\/sarvar.conedevel.com\/cs\/"},{"@type":"ListItem","position":2,"name":"VOLN\u00dd \u010cAS","item":"https:\/\/sarvar.conedevel.com\/cs\/aktivitas\/"},{"@type":"ListItem","position":3,"name":"Adventure Park"}]},{"@type":"WebSite","@id":"https:\/\/sarvar.conedevel.com\/#website","url":"https:\/\/sarvar.conedevel.com\/","name":"S\u00e1rv\u00e1r","description":"S\u00e1rv\u00e1ri sz\u00e1ll\u00e1shelyek, \u00e9ttermek, programok, l\u00e1tnival\u00f3k \u00e9s inform\u00e1ci\u00f3k - mind egy helyen S\u00e1rv\u00e1rr\u00f3l","potentialAction":[{"@type":"SearchAction","target":{"@type":"EntryPoint","urlTemplate":"https:\/\/sarvar.conedevel.com\/?s={search_term_string}"},"query-input":{"@type":"PropertyValueSpecification","valueRequired":true,"valueName":"search_term_string"}}],"inLanguage":"cs"}]}},"_links":{"self":[{"href":"https:\/\/sarvar.conedevel.com\/cs\/wp-json\/wp\/v2\/pages\/6179","targetHints":{"allow":["GET"]}}],"collection":[{"href":"https:\/\/sarvar.conedevel.com\/cs\/wp-json\/wp\/v2\/pages"}],"about":[{"href":"https:\/\/sarvar.conedevel.com\/cs\/wp-json\/wp\/v2\/types\/page"}],"author":[{"embeddable":true,"href":"https:\/\/sarvar.conedevel.com\/cs\/wp-json\/wp\/v2\/users\/1"}],"replies":[{"embeddable":true,"href":"https:\/\/sarvar.conedevel.com\/cs\/wp-json\/wp\/v2\/comments?post=6179"}],"version-history":[{"count":0,"href":"https:\/\/sarvar.conedevel.com\/cs\/wp-json\/wp\/v2\/pages\/6179\/revisions"}],"up":[{"embeddable":true,"href":"https:\/\/sarvar.conedevel.com\/cs\/wp-json\/wp\/v2\/pages\/6149"}],"wp:featuredmedia":[{"embeddable":true,"href":"https:\/\/sarvar.conedevel.com\/cs\/wp-json\/wp\/v2\/media\/5551"}],"wp:attachment":[{"href":"https:\/\/sarvar.conedevel.com\/cs\/wp-json\/wp\/v2\/media?parent=6179"}],"curies":[{"name":"wp","href":"https:\/\/api.w.org\/{rel}","templated":true}]}}