{"id":6149,"date":"2019-10-28T14:03:28","date_gmt":"2019-10-28T14:03:28","guid":{"rendered":"http:\/\/sarvar.conedevel.com\/aktivitas\/"},"modified":"2022-11-30T12:41:20","modified_gmt":"2022-11-30T12:41:20","slug":"aktivitas","status":"publish","type":"page","link":"https:\/\/sarvar.conedevel.com\/cs\/aktivitas\/","title":{"rendered":"VOLN\u00dd \u010cAS"},"content":{"rendered":"\n<h2 class=\"wp-block-heading\" id=\"aktivitas\">Bu\u010fte aktivn\u00ed, z\u00edskejte z\u00e1\u017eitky!<\/h2>\n\n\n\n<p>Wellness nebude kompletn\u00ed pouze celodenn\u00edm koup\u00e1n\u00edm. K relaxaci pot\u0159ebujete programy a zku\u0161enosti. Na\u0161t\u011bst\u00ed existuje spousta p\u0159\u00edle\u017eitost\u00ed tr\u00e1vit \u010das v S\u00e1rv\u00e1ru. Vlo\u017ete aktivn\u00ed program mezi dv\u011b l\u00e1zn\u011b! U\u017e jsme pro v\u00e1s shrom\u00e1\u017edili n\u011bkolik n\u00e1pad\u016f.<\/p>\n\n\n\n<div style=\"height:20px\" aria-hidden=\"true\" class=\"wp-block-spacer\"><\/div>\n\n\n\r\n<section id=\"tiles-block_5db84073c89b9\" class=\"row testimonial-content-section alignwide\">\r\n\t\t    \t\t    \t\t<div class=\"col-12 col-sm-6 col-md-6 col-lg-3\">\r\n\t    \t\t\t\t\t<a href=\"http:\/\/sarvar.conedevel.com\/cs\/aktivitas\/nadasdy-ferenc-muzeum\/\" class=\"testimonial-item\" style=\"background-image: url(https:\/\/sarvar.conedevel.com\/wp-content\/uploads\/2022\/11\/web_MA2_3702-800x800.jpg);\">\r\n\t\t\t\t\t\t\t\t\t\t\t<h3 class=\"testimonial-item__title\">Muzeum Ference N\u00e1dasdyho v S\u00e1rv\u00e1ru<\/h3>\r\n\t\t\t\t\t\t\t\t\t<\/a>\r\n\t\t\t<\/div>\r\n\t    \t    \t\t    \t\t<div class=\"col-12 col-sm-6 col-md-6 col-lg-3\">\r\n\t    \t\t\t\t\t<a href=\"http:\/\/sarvar.conedevel.com\/cs\/aktivitas\/zold-elmenyek\/\" class=\"testimonial-item\" style=\"background-image: url(https:\/\/sarvar.conedevel.com\/wp-content\/uploads\/2022\/11\/web_MA2_1339-800x800.jpg);\">\r\n\t\t\t\t\t\t\t\t\t\t\t<h3 class=\"testimonial-item__title\">Zelen\u00e9 z\u00e1\u017eitky<\/h3>\r\n\t\t\t\t\t\t\t\t\t<\/a>\r\n\t\t\t<\/div>\r\n\t    \t    \t\t    \t\t<div class=\"col-12 col-sm-6 col-md-6 col-lg-3\">\r\n\t    \t\t\t\t\t<a href=\"http:\/\/sarvar.conedevel.com\/cs\/aktivitas\/tedd-probara-a-batorsagodat-a-sarvari-kalandparkban\/\" class=\"testimonial-item\" style=\"background-image: url(https:\/\/sarvar.conedevel.com\/wp-content\/uploads\/2022\/11\/web_MA2_3475-800x800.jpg);\">\r\n\t\t\t\t\t\t\t\t\t\t\t<h3 class=\"testimonial-item__title\">Z\u00e1bavni Park<\/h3>\r\n\t\t\t\t\t\t\t\t\t<\/a>\r\n\t\t\t<\/div>\r\n\t    \t    \t\t    \t\t<div class=\"col-12 col-sm-6 col-md-6 col-lg-3\">\r\n\t    \t\t\t\t\t<a href=\"http:\/\/sarvar.conedevel.com\/cs\/aktivitas\/sport\/\" class=\"testimonial-item\" style=\"background-image: url(https:\/\/sarvar.conedevel.com\/wp-content\/uploads\/2022\/11\/web_MA2_1223-800x800.jpg);\">\r\n\t\t\t\t\t\t\t\t\t\t\t<h3 class=\"testimonial-item__title\">Sport<\/h3>\r\n\t\t\t\t\t\t\t\t\t<\/a>\r\n\t\t\t<\/div>\r\n\t    \t    \t\t    \t\t<div class=\"col-12 col-sm-6 col-md-6 col-lg-3\">\r\n\t    \t\t\t\t\t<a href=\"http:\/\/sarvar.conedevel.com\/cs\/aktivitas\/lovas-lehetosegek\/\" class=\"testimonial-item\" style=\"background-image: url(https:\/\/sarvar.conedevel.com\/wp-content\/uploads\/2022\/11\/web_MA2_0670-800x800.jpg);\">\r\n\t\t\t\t\t\t\t\t\t\t\t<h3 class=\"testimonial-item__title\">Opportunities involving horses<\/h3>\r\n\t\t\t\t\t\t\t\t\t<\/a>\r\n\t\t\t<\/div>\r\n\t    \t    \t\t    \t\t<div class=\"col-12 col-sm-6 col-md-6 col-lg-3\">\r\n\t    \t\t\t\t\t<a href=\"http:\/\/sarvar.conedevel.com\/cs\/aktivitas\/kerekparkolcsonzes\/\" class=\"testimonial-item\" style=\"background-image: url(https:\/\/sarvar.conedevel.com\/wp-content\/uploads\/2022\/11\/web_MA2_0447-800x800.jpg);\">\r\n\t\t\t\t\t\t\t\t\t\t\t<h3 class=\"testimonial-item__title\">P\u016fj\u010dovna j\u00edzdn\u00edch kol<\/h3>\r\n\t\t\t\t\t\t\t\t\t<\/a>\r\n\t\t\t<\/div>\r\n\t    \t    \t\t    \t\t<div class=\"col-12 col-sm-6 col-md-6 col-lg-3\">\r\n\t    \t\t\t\t\t<a href=\"http:\/\/sarvar.conedevel.com\/cs\/aktivitas\/wellness-szolgaltatasok\/\" class=\"testimonial-item\" style=\"background-image: url(https:\/\/sarvar.conedevel.com\/wp-content\/uploads\/2022\/11\/web_MA2_3307-800x800.jpg);\">\r\n\t\t\t\t\t\t\t\t\t\t\t<h3 class=\"testimonial-item__title\">Wellness slu\u017eby<\/h3>\r\n\t\t\t\t\t\t\t\t\t<\/a>\r\n\t\t\t<\/div>\r\n\t    \t    \t\t    \t\t<div class=\"col-12 col-sm-6 col-md-6 col-lg-3\">\r\n\t    \t\t\t\t\t<a href=\"https:\/\/sarvar.conedevel.com\/cs\/aktivitas\/szepsegszalonok\/\" class=\"testimonial-item\" style=\"background-image: url(https:\/\/sarvar.conedevel.com\/wp-content\/uploads\/2022\/11\/young-woman-relaxing-spa-salon-800x800.jpg);\">\r\n\t\t\t\t\t\t\t\t\t\t\t<h3 class=\"testimonial-item__title\">Kosmetick\u00e9 salony<\/h3>\r\n\t\t\t\t\t\t\t\t\t<\/a>\r\n\t\t\t<\/div>\r\n\t    <\/section>\n\n\n<h2 class=\"wp-block-heading\" id=\"okos-elmenyek\">\u201eChytr\u00e9\u201c z\u00e1\u017eitky<\/h2>\n\n\n\n<p>Relaxaci dopl\u0148uj\u00ed z\u00e1\u017eitky z re\u00e1ln\u00e9ho \u017eivota. Proto v\u00e1s ani nepodporujeme, abyste b\u011bhem wellness m\u011bli mobiln\u00ed telefon st\u00e1le u sebe. Pokud s n\u00edm nezachyt\u00e1v\u00e1te z\u00e1\u017eitky ze S\u00e1rv\u00e1ru a nepou\u017e\u00edv\u00e1te digit\u00e1ln\u00ed za\u0159\u00edzen\u00ed, abyste si odpo\u010dinuli\u2026 Pokud jste otev\u0159eni nov\u00fdm v\u011bcem a chcete m\u011bsto hrav\u011b prozkoumat, pou\u017eijte na\u0161i aplikaci Alternavigo nebo si u ka\u017ed\u00e9ho p\u0159e\u010dt\u011bte QR k\u00f3dy stanice na tematick\u00e9 t\u00fary. M\u016f\u017eete tak\u00e9 po\u017e\u00e1dat o mapu tras v kancel\u00e1\u0159i <a href=\"http:\/\/sarvar.conedevel.com\/cs\/informace\/tourinform-iroda\/\">Tourinform<\/a>.<\/p>\n\n\n\n<figure class=\"wp-block-gallery columns-2 is-cropped wp-block-gallery-1 is-layout-flex wp-block-gallery-is-layout-flex\"><ul class=\"blocks-gallery-grid\"><li class=\"blocks-gallery-item\"><figure><img loading=\"lazy\" decoding=\"async\" width=\"682\" height=\"1024\" src=\"http:\/\/sarvar.conedevel.com\/wp-content\/uploads\/2019\/11\/S\u00e1rv\u00e1r-wellness-N\u00e1dasdy-v\u00e1r-682x1024.jpg\" alt=\"\" data-id=\"6677\" data-full-url=\"http:\/\/sarvar.conedevel.com\/wp-content\/uploads\/2019\/11\/S\u00e1rv\u00e1r-wellness-N\u00e1dasdy-v\u00e1r.jpg\" data-link=\"http:\/\/sarvar.conedevel.com\/cs\/aktivitas\/sarvar-wellness-nadasdy-var-2\/\" class=\"wp-image-6677\" srcset=\"https:\/\/sarvar.conedevel.com\/wp-content\/uploads\/2019\/11\/S\u00e1rv\u00e1r-wellness-N\u00e1dasdy-v\u00e1r-682x1024.jpg 682w, https:\/\/sarvar.conedevel.com\/wp-content\/uploads\/2019\/11\/S\u00e1rv\u00e1r-wellness-N\u00e1dasdy-v\u00e1r-200x300.jpg 200w, https:\/\/sarvar.conedevel.com\/wp-content\/uploads\/2019\/11\/S\u00e1rv\u00e1r-wellness-N\u00e1dasdy-v\u00e1r-768x1152.jpg 768w, https:\/\/sarvar.conedevel.com\/wp-content\/uploads\/2019\/11\/S\u00e1rv\u00e1r-wellness-N\u00e1dasdy-v\u00e1r-1024x1536.jpg 1024w, https:\/\/sarvar.conedevel.com\/wp-content\/uploads\/2019\/11\/S\u00e1rv\u00e1r-wellness-N\u00e1dasdy-v\u00e1r.jpg 1333w\" sizes=\"auto, (max-width: 682px) 100vw, 682px\" \/><\/figure><\/li><li class=\"blocks-gallery-item\"><figure><img loading=\"lazy\" decoding=\"async\" width=\"682\" height=\"1024\" src=\"http:\/\/sarvar.conedevel.com\/wp-content\/uploads\/2019\/11\/wellness-S\u00e1rv\u00e1r-tematikus-tura-682x1024.jpg\" alt=\"\" data-id=\"6673\" data-full-url=\"http:\/\/sarvar.conedevel.com\/wp-content\/uploads\/2019\/11\/wellness-S\u00e1rv\u00e1r-tematikus-tura.jpg\" data-link=\"http:\/\/sarvar.conedevel.com\/cs\/aktivitas\/wellness-sarvar-tematikus-tura-2\/\" class=\"wp-image-6673\" srcset=\"https:\/\/sarvar.conedevel.com\/wp-content\/uploads\/2019\/11\/wellness-S\u00e1rv\u00e1r-tematikus-tura-682x1024.jpg 682w, https:\/\/sarvar.conedevel.com\/wp-content\/uploads\/2019\/11\/wellness-S\u00e1rv\u00e1r-tematikus-tura-200x300.jpg 200w, https:\/\/sarvar.conedevel.com\/wp-content\/uploads\/2019\/11\/wellness-S\u00e1rv\u00e1r-tematikus-tura-768x1152.jpg 768w, https:\/\/sarvar.conedevel.com\/wp-content\/uploads\/2019\/11\/wellness-S\u00e1rv\u00e1r-tematikus-tura-1024x1536.jpg 1024w, https:\/\/sarvar.conedevel.com\/wp-content\/uploads\/2019\/11\/wellness-S\u00e1rv\u00e1r-tematikus-tura.jpg 1333w\" sizes=\"auto, (max-width: 682px) 100vw, 682px\" \/><\/figure><\/li><\/ul><\/figure>\n\n\n\n<h2 class=\"wp-block-heading\" id=\"kerekparberles\">PAM\u00c1TKY V OBLASTI<\/h2>\n\n\n\n<p>Pokud pot\u0159ebujete trochu pomoci s pl\u00e1nov\u00e1n\u00edm va\u0161\u00ed cesty, m\u016f\u017eete si prohl\u00e9dnout n\u011bkolik turistick\u00fdch stezek kliknut\u00edm na tla\u010d\u00edtko n\u00ed\u017ee. Pokud jste tam pro aktivn\u00ed odpo\u010dinek, mo\u017en\u00e1 budete cht\u00edt proch\u00e1zet nab\u00eddky.<\/p>\n\n\n\n<div class=\"wp-block-button aligncenter\"><a class=\"wp-block-button__link has-green-background-color has-background\" href=\"https:\/\/sarvar.conedevel.com\/cs\/aktivitas\/kornyek\/\">PROHL\u00cdDKY KOL<\/a><\/div>\n\n\n\n<p>Projd\u011bte se po m\u011bst\u011b a pou\u017eijte vyhl\u00eddkov\u00fd vlak Sihu jako ve\u0159ejnou dopravu v S\u00e1rv\u00e1ru. Nebo si v kancel\u00e1\u0159i Tourinform pronajm\u011bte kolo, elektrokolo, elektrick\u00fd segway nebo elektrick\u00fd sk\u00fatr a proje\u010fte se po m\u011bst\u011b.<\/p>\n\n\n\n<div class=\"wp-block-button aligncenter\"><a class=\"wp-block-button__link\" href=\"https:\/\/sarvar.conedevel.com\/cs\/aktivitas\/kerekparturak\/\">V\u00fdlet na kole<\/a><\/div>\n\n\n\n<p>Pokud pot\u0159ebujete trochu pomoci s pl\u00e1nov\u00e1n\u00edm va\u0161\u00ed cesty, m\u016f\u017eete si prohl\u00e9dnout n\u011bkolik turistick\u00fdch stezek kliknut\u00edm na tla\u010d\u00edtko n\u00ed\u017ee. Pokud jste tam pro aktivn\u00ed odpo\u010dinek, mo\u017en\u00e1 budete cht\u00edt proch\u00e1zet nab\u00eddky.<\/p>\n\n\n\n<p>A pokud jste nena\u0161li to, co jste hledali, m\u00e1te-li jak\u00e9koli dotazy ohledn\u011b n\u011bkter\u00e9 z pam\u00e1tek a slu\u017eeb v S\u00e1rv\u00e1ru, napi\u0161te n\u00e1m nebo n\u00e1m zavolejte.<\/p>\n","protected":false},"excerpt":{"rendered":"<p>Bu\u010fte aktivn\u00ed, z\u00edskejte z\u00e1\u017eitky! Wellness nebude kompletn\u00ed pouze celodenn\u00edm koup\u00e1n\u00edm. K relaxaci pot\u0159ebujete programy a zku\u0161enosti. Na\u0161t\u011bst\u00ed existuje spousta p\u0159\u00edle\u017eitost\u00ed tr\u00e1vit \u010das v S\u00e1rv\u00e1ru. Vlo\u017ete aktivn\u00ed program mezi dv\u011b l\u00e1zn\u011b! U\u017e jsme pro v\u00e1s shrom\u00e1\u017edili n\u011bkolik n\u00e1pad\u016f. \u201eChytr\u00e9\u201c z\u00e1\u017eitky Relaxaci dopl\u0148uj\u00ed z\u00e1\u017eitky z re\u00e1ln\u00e9ho \u017eivota. Proto v\u00e1s ani nepodporujeme, abyste b\u011bhem wellness m\u011bli mobiln\u00ed telefon [&hellip;]<\/p>\n","protected":false},"author":1,"featured_media":5104,"parent":0,"menu_order":0,"comment_status":"closed","ping_status":"closed","template":"","meta":{"_acf_changed":false,"footnotes":""},"class_list":["post-6149","page","type-page","status-publish","has-post-thumbnail","hentry"],"acf":[],"yoast_head":"<!-- This site is optimized with the Yoast SEO plugin v25.4 - https:\/\/yoast.com\/wordpress\/plugins\/seo\/ -->\n<title>VOLN\u00dd \u010cAS - S\u00e1rv\u00e1r<\/title>\n<meta name=\"robots\" content=\"noindex, follow, max-snippet:-1, max-image-preview:large, max-video-preview:-1\" \/>\n<meta property=\"og:locale\" content=\"cs_CZ\" \/>\n<meta property=\"og:type\" content=\"article\" \/>\n<meta property=\"og:title\" content=\"VOLN\u00dd \u010cAS - S\u00e1rv\u00e1r\" \/>\n<meta property=\"og:description\" content=\"Bu\u010fte aktivn\u00ed, z\u00edskejte z\u00e1\u017eitky! Wellness nebude kompletn\u00ed pouze celodenn\u00edm koup\u00e1n\u00edm. K relaxaci pot\u0159ebujete programy a zku\u0161enosti. Na\u0161t\u011bst\u00ed existuje spousta p\u0159\u00edle\u017eitost\u00ed tr\u00e1vit \u010das v S\u00e1rv\u00e1ru. Vlo\u017ete aktivn\u00ed program mezi dv\u011b l\u00e1zn\u011b! U\u017e jsme pro v\u00e1s shrom\u00e1\u017edili n\u011bkolik n\u00e1pad\u016f. \u201eChytr\u00e9\u201c z\u00e1\u017eitky Relaxaci dopl\u0148uj\u00ed z\u00e1\u017eitky z re\u00e1ln\u00e9ho \u017eivota. Proto v\u00e1s ani nepodporujeme, abyste b\u011bhem wellness m\u011bli mobiln\u00ed telefon [&hellip;]\" \/>\n<meta property=\"og:url\" content=\"https:\/\/sarvar.conedevel.com\/cs\/aktivitas\/\" \/>\n<meta property=\"og:site_name\" content=\"S\u00e1rv\u00e1r\" \/>\n<meta property=\"article:publisher\" content=\"https:\/\/www.facebook.com\/tdmsarvar\" \/>\n<meta property=\"article:modified_time\" content=\"2022-11-30T12:41:20+00:00\" \/>\n<meta property=\"og:image\" content=\"https:\/\/sarvar.conedevel.com\/wp-content\/uploads\/2019\/10\/Ker\u00e9kp\u00e1r\u00f6lcs\u00f6nz\u00e9s-S\u00e1rv\u00e1r-wellness-1024x682.jpg\" \/>\n\t<meta property=\"og:image:width\" content=\"1024\" \/>\n\t<meta property=\"og:image:height\" content=\"682\" \/>\n\t<meta property=\"og:image:type\" content=\"image\/jpeg\" \/>\n<meta name=\"twitter:card\" content=\"summary_large_image\" \/>\n<meta name=\"twitter:label1\" content=\"Odhadovan\u00e1 doba \u010dten\u00ed\" \/>\n\t<meta name=\"twitter:data1\" content=\"2 minuty\" \/>\n<script type=\"application\/ld+json\" class=\"yoast-schema-graph\">{\"@context\":\"https:\/\/schema.org\",\"@graph\":[{\"@type\":\"WebPage\",\"@id\":\"https:\/\/sarvar.conedevel.com\/cs\/aktivitas\/\",\"url\":\"https:\/\/sarvar.conedevel.com\/cs\/aktivitas\/\",\"name\":\"VOLN\u00dd \u010cAS - S\u00e1rv\u00e1r\",\"isPartOf\":{\"@id\":\"https:\/\/sarvar.conedevel.com\/#website\"},\"primaryImageOfPage\":{\"@id\":\"https:\/\/sarvar.conedevel.com\/cs\/aktivitas\/#primaryimage\"},\"image\":{\"@id\":\"https:\/\/sarvar.conedevel.com\/cs\/aktivitas\/#primaryimage\"},\"thumbnailUrl\":\"https:\/\/sarvar.conedevel.com\/wp-content\/uploads\/2019\/10\/Ker\u00e9kp\u00e1r\u00f6lcs\u00f6nz\u00e9s-S\u00e1rv\u00e1r-wellness.jpg\",\"datePublished\":\"2019-10-28T14:03:28+00:00\",\"dateModified\":\"2022-11-30T12:41:20+00:00\",\"breadcrumb\":{\"@id\":\"https:\/\/sarvar.conedevel.com\/cs\/aktivitas\/#breadcrumb\"},\"inLanguage\":\"cs\",\"potentialAction\":[{\"@type\":\"ReadAction\",\"target\":[\"https:\/\/sarvar.conedevel.com\/cs\/aktivitas\/\"]}]},{\"@type\":\"ImageObject\",\"inLanguage\":\"cs\",\"@id\":\"https:\/\/sarvar.conedevel.com\/cs\/aktivitas\/#primaryimage\",\"url\":\"https:\/\/sarvar.conedevel.com\/wp-content\/uploads\/2019\/10\/Ker\u00e9kp\u00e1r\u00f6lcs\u00f6nz\u00e9s-S\u00e1rv\u00e1r-wellness.jpg\",\"contentUrl\":\"https:\/\/sarvar.conedevel.com\/wp-content\/uploads\/2019\/10\/Ker\u00e9kp\u00e1r\u00f6lcs\u00f6nz\u00e9s-S\u00e1rv\u00e1r-wellness.jpg\",\"width\":2000,\"height\":1333},{\"@type\":\"BreadcrumbList\",\"@id\":\"https:\/\/sarvar.conedevel.com\/cs\/aktivitas\/#breadcrumb\",\"itemListElement\":[{\"@type\":\"ListItem\",\"position\":1,\"name\":\"Kezd\u0151lap\",\"item\":\"https:\/\/sarvar.conedevel.com\/cs\/\"},{\"@type\":\"ListItem\",\"position\":2,\"name\":\"VOLN\u00dd \u010cAS\"}]},{\"@type\":\"WebSite\",\"@id\":\"https:\/\/sarvar.conedevel.com\/#website\",\"url\":\"https:\/\/sarvar.conedevel.com\/\",\"name\":\"S\u00e1rv\u00e1r\",\"description\":\"S\u00e1rv\u00e1ri sz\u00e1ll\u00e1shelyek, \u00e9ttermek, programok, l\u00e1tnival\u00f3k \u00e9s inform\u00e1ci\u00f3k - mind egy helyen S\u00e1rv\u00e1rr\u00f3l\",\"potentialAction\":[{\"@type\":\"SearchAction\",\"target\":{\"@type\":\"EntryPoint\",\"urlTemplate\":\"https:\/\/sarvar.conedevel.com\/?s={search_term_string}\"},\"query-input\":{\"@type\":\"PropertyValueSpecification\",\"valueRequired\":true,\"valueName\":\"search_term_string\"}}],\"inLanguage\":\"cs\"}]}<\/script>\n<!-- \/ Yoast SEO plugin. -->","yoast_head_json":{"title":"VOLN\u00dd \u010cAS - S\u00e1rv\u00e1r","robots":{"index":"noindex","follow":"follow","max-snippet":"max-snippet:-1","max-image-preview":"max-image-preview:large","max-video-preview":"max-video-preview:-1"},"og_locale":"cs_CZ","og_type":"article","og_title":"VOLN\u00dd \u010cAS - S\u00e1rv\u00e1r","og_description":"Bu\u010fte aktivn\u00ed, z\u00edskejte z\u00e1\u017eitky! Wellness nebude kompletn\u00ed pouze celodenn\u00edm koup\u00e1n\u00edm. K relaxaci pot\u0159ebujete programy a zku\u0161enosti. Na\u0161t\u011bst\u00ed existuje spousta p\u0159\u00edle\u017eitost\u00ed tr\u00e1vit \u010das v S\u00e1rv\u00e1ru. Vlo\u017ete aktivn\u00ed program mezi dv\u011b l\u00e1zn\u011b! U\u017e jsme pro v\u00e1s shrom\u00e1\u017edili n\u011bkolik n\u00e1pad\u016f. \u201eChytr\u00e9\u201c z\u00e1\u017eitky Relaxaci dopl\u0148uj\u00ed z\u00e1\u017eitky z re\u00e1ln\u00e9ho \u017eivota. Proto v\u00e1s ani nepodporujeme, abyste b\u011bhem wellness m\u011bli mobiln\u00ed telefon [&hellip;]","og_url":"https:\/\/sarvar.conedevel.com\/cs\/aktivitas\/","og_site_name":"S\u00e1rv\u00e1r","article_publisher":"https:\/\/www.facebook.com\/tdmsarvar","article_modified_time":"2022-11-30T12:41:20+00:00","og_image":[{"width":1024,"height":682,"url":"https:\/\/sarvar.conedevel.com\/wp-content\/uploads\/2019\/10\/Ker\u00e9kp\u00e1r\u00f6lcs\u00f6nz\u00e9s-S\u00e1rv\u00e1r-wellness-1024x682.jpg","type":"image\/jpeg"}],"twitter_card":"summary_large_image","twitter_misc":{"Odhadovan\u00e1 doba \u010dten\u00ed":"2 minuty"},"schema":{"@context":"https:\/\/schema.org","@graph":[{"@type":"WebPage","@id":"https:\/\/sarvar.conedevel.com\/cs\/aktivitas\/","url":"https:\/\/sarvar.conedevel.com\/cs\/aktivitas\/","name":"VOLN\u00dd \u010cAS - S\u00e1rv\u00e1r","isPartOf":{"@id":"https:\/\/sarvar.conedevel.com\/#website"},"primaryImageOfPage":{"@id":"https:\/\/sarvar.conedevel.com\/cs\/aktivitas\/#primaryimage"},"image":{"@id":"https:\/\/sarvar.conedevel.com\/cs\/aktivitas\/#primaryimage"},"thumbnailUrl":"https:\/\/sarvar.conedevel.com\/wp-content\/uploads\/2019\/10\/Ker\u00e9kp\u00e1r\u00f6lcs\u00f6nz\u00e9s-S\u00e1rv\u00e1r-wellness.jpg","datePublished":"2019-10-28T14:03:28+00:00","dateModified":"2022-11-30T12:41:20+00:00","breadcrumb":{"@id":"https:\/\/sarvar.conedevel.com\/cs\/aktivitas\/#breadcrumb"},"inLanguage":"cs","potentialAction":[{"@type":"ReadAction","target":["https:\/\/sarvar.conedevel.com\/cs\/aktivitas\/"]}]},{"@type":"ImageObject","inLanguage":"cs","@id":"https:\/\/sarvar.conedevel.com\/cs\/aktivitas\/#primaryimage","url":"https:\/\/sarvar.conedevel.com\/wp-content\/uploads\/2019\/10\/Ker\u00e9kp\u00e1r\u00f6lcs\u00f6nz\u00e9s-S\u00e1rv\u00e1r-wellness.jpg","contentUrl":"https:\/\/sarvar.conedevel.com\/wp-content\/uploads\/2019\/10\/Ker\u00e9kp\u00e1r\u00f6lcs\u00f6nz\u00e9s-S\u00e1rv\u00e1r-wellness.jpg","width":2000,"height":1333},{"@type":"BreadcrumbList","@id":"https:\/\/sarvar.conedevel.com\/cs\/aktivitas\/#breadcrumb","itemListElement":[{"@type":"ListItem","position":1,"name":"Kezd\u0151lap","item":"https:\/\/sarvar.conedevel.com\/cs\/"},{"@type":"ListItem","position":2,"name":"VOLN\u00dd \u010cAS"}]},{"@type":"WebSite","@id":"https:\/\/sarvar.conedevel.com\/#website","url":"https:\/\/sarvar.conedevel.com\/","name":"S\u00e1rv\u00e1r","description":"S\u00e1rv\u00e1ri sz\u00e1ll\u00e1shelyek, \u00e9ttermek, programok, l\u00e1tnival\u00f3k \u00e9s inform\u00e1ci\u00f3k - mind egy helyen S\u00e1rv\u00e1rr\u00f3l","potentialAction":[{"@type":"SearchAction","target":{"@type":"EntryPoint","urlTemplate":"https:\/\/sarvar.conedevel.com\/?s={search_term_string}"},"query-input":{"@type":"PropertyValueSpecification","valueRequired":true,"valueName":"search_term_string"}}],"inLanguage":"cs"}]}},"_links":{"self":[{"href":"https:\/\/sarvar.conedevel.com\/cs\/wp-json\/wp\/v2\/pages\/6149","targetHints":{"allow":["GET"]}}],"collection":[{"href":"https:\/\/sarvar.conedevel.com\/cs\/wp-json\/wp\/v2\/pages"}],"about":[{"href":"https:\/\/sarvar.conedevel.com\/cs\/wp-json\/wp\/v2\/types\/page"}],"author":[{"embeddable":true,"href":"https:\/\/sarvar.conedevel.com\/cs\/wp-json\/wp\/v2\/users\/1"}],"replies":[{"embeddable":true,"href":"https:\/\/sarvar.conedevel.com\/cs\/wp-json\/wp\/v2\/comments?post=6149"}],"version-history":[{"count":0,"href":"https:\/\/sarvar.conedevel.com\/cs\/wp-json\/wp\/v2\/pages\/6149\/revisions"}],"wp:featuredmedia":[{"embeddable":true,"href":"https:\/\/sarvar.conedevel.com\/cs\/wp-json\/wp\/v2\/media\/5104"}],"wp:attachment":[{"href":"https:\/\/sarvar.conedevel.com\/cs\/wp-json\/wp\/v2\/media?parent=6149"}],"curies":[{"name":"wp","href":"https:\/\/api.w.org\/{rel}","templated":true}]}}